{"id":1139,"date":"2016-05-24T16:03:59","date_gmt":"2016-05-24T14:03:59","guid":{"rendered":"https:\/\/bavarian-bondage.mysupr.de\/ueber-mich\/"},"modified":"2023-02-02T13:46:18","modified_gmt":"2023-02-02T12:46:18","slug":"su-di-me","status":"publish","type":"page","link":"https:\/\/bavarian-bondage.de\/it\/ueber-mich\/","title":{"rendered":"Su di me"},"content":{"rendered":"<div data-elementor-type=\"wp-post\" data-elementor-id=\"1139\" class=\"elementor elementor-1139\" data-elementor-post-type=\"page\">\n\t\t\t\t\t\t<section class=\"elementor-section elementor-top-section elementor-element elementor-element-c0abc2b elementor-section-boxed elementor-section-height-default elementor-section-height-default\" data-id=\"c0abc2b\" data-element_type=\"section\" data-e-type=\"section\">\n\t\t\t\t\t\t<div class=\"elementor-container elementor-column-gap-default\">\n\t\t\t\t\t<div class=\"elementor-column elementor-col-100 elementor-top-column elementor-element elementor-element-a395192\" data-id=\"a395192\" data-element_type=\"column\" data-e-type=\"column\">\n\t\t\t<div class=\"elementor-widget-wrap elementor-element-populated\">\n\t\t\t\t\t\t<div class=\"elementor-element elementor-element-923671e elementor-widget elementor-widget-heading\" data-id=\"923671e\" data-element_type=\"widget\" data-e-type=\"widget\" data-widget_type=\"heading.default\">\n\t\t\t\t\t<h2 class=\"elementor-heading-title elementor-size-default\">\u00c8 tempo di momenti accattivanti<\/h2>\t\t\t\t<\/div>\n\t\t\t\t<div class=\"elementor-element elementor-element-0865faa elementor-widget elementor-widget-text-editor\" data-id=\"0865faa\" data-element_type=\"widget\" data-e-type=\"widget\" data-widget_type=\"text-editor.default\">\n\t\t\t\t\t\t\t\t\t<p style=\"text-align: center\">Nelle righe che seguono scoprirai qualcosa su di me, sul sito e sul negozio<br \/>e perch\u00e9 sei nel posto giusto!<\/p><p style=\"text-align: center\">Per rendere la lettura meno noiosa, scrivo solo i dettagli pi\u00f9 importanti e non un romanzo.<\/p><p style=\"text-align: center\">Inizier\u00f2 da me stesso in modo che tu sappia chi \u00e8 responsabile della home page, dei workshop, dei prodotti e, naturalmente, degli errori di battitura occasionali ^^<\/p><p style=\"text-align: center\">Mi chiamo Andreas, ho 37 anni e lavoro a lungo nel settore della ristorazione. Per pi\u00f9 di 17 anni mi sono occupato di bondage e shibari, a volte pi\u00f9 e a volte meno intensamente. Negli ultimi anni quasi tutto per me ruota attorno a questo argomento. ^^<\/p><p style=\"text-align: center\"><span style=\"color: #000000\"><strong>Cadere nelle corde!<\/strong><\/span><\/p><p style=\"text-align: center\">\u00c8 proprio questa passione che vorrei portarvi sulla mia homepage! Bondage \u00e8 molto pi\u00f9 che semplicemente legare qualcuno, pi\u00f9 che giocare, pi\u00f9 di quanto il nome bondage possa dire!<\/p><p style=\"text-align: center\"><span style=\"color: #0000ff\"><strong>\u00c8 tempo di momenti accattivanti<\/strong><\/span><\/p><p style=\"text-align: center\">per me \u00e8 pi\u00f9 di un semplice slogan!<\/p><p style=\"text-align: center\">\u2665<\/p><h3 style=\"text-align: center\"><strong>L&#039;idea<\/strong><\/h3><p style=\"text-align: center\">L&#039;idea di bavarian-bondage.de \u00e8 nata nell&#039;estate del 2015 dopo un seminario privato di bondage. Pochi mesi dopo, \u00e8 iniziata davvero la progettazione del sito, con un blog, istruzioni, workshop e l&#039;obiettivo di diffondere bondage e shibari e trasmettere la gioia del bondage alle persone.<\/p><p style=\"text-align: center\">Nel bel mezzo della pianificazione e dopo un acquisto deludente della corda, \u00e8 venuta un&#039;altra idea.\u00a0<\/p><p style=\"text-align: center\">\u2665<\/p><h3 style=\"text-align: center\"><strong>Un negozio online!<\/strong><\/h3><p style=\"text-align: center\">Un negozio che convince i suoi clienti con individualit\u00e0, creativit\u00e0 e qualit\u00e0 ragionevole. Il negozio che si distingue dalla massa con un design memorabile e autenticit\u00e0. Fedeli al motto \u201cQualit\u00e0 anzich\u00e9 quantit\u00e0\u201d, i miei prodotti sono per lo pi\u00f9 fatti a mano e personalizzabili individualmente.<\/p><p style=\"text-align: center\">\u2665<\/p><h3 style=\"text-align: center\"><strong>Workshop:<\/strong>\u00a0<\/h3><p style=\"text-align: center\">Spesso leggi quali referenze hanno i fornitori; quanto sono validi i workshop offerti; il fornitore pu\u00f2 fare qualsiasi cosa; e ne vale la pena partecipare?<\/p><p style=\"text-align: center\">NO. Non ho ricevuto alcuna formazione in Giappone, non sono un autore e non sono conosciuto nemmeno tramite reportage televisivi o video su Internet. I miei riferimenti risiedono negli anni di esperienza che ho maturato attraverso la partecipazione a numerosi corsi e di mia iniziativa.<\/p><p style=\"text-align: center\">Non mi considero un artista del bondage, un maestro di shibari o un insegnante. No, sono solo io, mi piace trasmettere le mie conoscenze e mostrarti come usare le corde.<\/p><p style=\"text-align: center\">Devi decidere tu stesso se vale la pena partecipare ai miei workshop. In ogni caso, cerco sempre di fare del mio meglio e di rispondere al meglio a te e ai tuoi desideri di apprendimento.<\/p><p style=\"text-align: center\">\u2665<\/p><h3 style=\"text-align: center\"><strong>Il nome<\/strong><\/h3><p style=\"text-align: center\">Il nome del mio sito o del mio negozio \u00e8 molto regionale perch\u00e9 l&#039;obiettivo era chiaramente definito fin dall&#039;inizio. Offro workshop per persone della mia zona.<\/p><p style=\"text-align: center\">Resta da vedere se il Bondage bavarese sia adatto per un negozio online. Penso che il nome sia buono e rimarr\u00e0 tale anche in futuro^^\u00a0<\/p><p style=\"text-align: center\">\u2665<\/p><h3 style=\"text-align: center\"><strong>Il futuro del bondage bavarese<\/strong><\/h3><p style=\"text-align: center\">Chiss\u00e0 cosa porter\u00e0 il futuro. I miei obiettivi sono sicuramente continuare ad espandere il sito, offrire sempre nuovi prodotti, scrivere post sul blog, magari creare qualche istruzione di bondage e cos\u00ec via. Ovviamente non da un giorno all&#039;altro, ma il viaggio \u00e8 l&#039;obiettivo e lo mantengo!<\/p><p style=\"text-align: center\">Ho iniziato a proporre regolarmente i miei prodotti in occasione di fiere ed eventi vari per dare l&#039;opportunit\u00e0 ai miei clienti di vedere le offerte e, naturalmente, a chiunque volesse conoscermi sul posto. Quando e dove avr\u00f2 uno stand verr\u00e0 regolarmente aggiornato sulla homepage.<\/p><p style=\"text-align: center\">\u2665<\/p><h3 style=\"text-align: center\"><strong>La cosa pi\u00f9 importante arriva alla fine<\/strong><\/h3><p style=\"text-align: center\">A cosa servono le idee migliori, il design pi\u00f9 bello e la buona volont\u00e0!? Alla fine niente, un sito o un negozio vive solo della fiducia dei suoi visitatori, dei suoi clienti. La cosa pi\u00f9 importante dell&#039;intero sito sei tu!<\/p><p style=\"text-align: center\">Spero che tu sia riuscito a farti un&#039;idea di me, del mio sito e degli obiettivi che perseguo.<\/p><p style=\"text-align: center\">Naturalmente sono sempre disponibile a rispondere alle vostre domande e suggerimenti.<\/p><p style=\"text-align: center\"><strong>Un saluto Andrea<\/strong><\/p>\t\t\t\t\t\t\t\t<\/div>\n\t\t\t\t\t<\/div>\n\t\t<\/div>\n\t\t\t\t\t<\/div>\n\t\t<\/section>\n\t\t\t\t<\/div>","protected":false},"excerpt":{"rendered":"<p>Zeit f\u00fcr fesselnde Momente In den folgenden Zeilen erf\u00e4hrst Du das ein oder andere \u00fcber mich, die Seite, den Shopund warum Du hier genau richtig bist! Damit das lesen nicht ganz so langweilig wird, schreibe ich nur die wichtigsten Details und keinen Roman. Ich beginne jetzt einfach mal bei mir, damit du wei\u00dft wer f\u00fcr [&hellip;]<\/p>\n","protected":false},"author":3,"featured_media":0,"parent":0,"menu_order":0,"comment_status":"closed","ping_status":"closed","template":"elementor_header_footer","meta":{"footnotes":""},"class_list":["post-1139","page","type-page","status-publish","hentry"],"_links":{"self":[{"href":"https:\/\/bavarian-bondage.de\/it\/wp-json\/wp\/v2\/pages\/1139","targetHints":{"allow":["GET"]}}],"collection":[{"href":"https:\/\/bavarian-bondage.de\/it\/wp-json\/wp\/v2\/pages"}],"about":[{"href":"https:\/\/bavarian-bondage.de\/it\/wp-json\/wp\/v2\/types\/page"}],"author":[{"embeddable":true,"href":"https:\/\/bavarian-bondage.de\/it\/wp-json\/wp\/v2\/users\/3"}],"replies":[{"embeddable":true,"href":"https:\/\/bavarian-bondage.de\/it\/wp-json\/wp\/v2\/comments?post=1139"}],"version-history":[{"count":8,"href":"https:\/\/bavarian-bondage.de\/it\/wp-json\/wp\/v2\/pages\/1139\/revisions"}],"predecessor-version":[{"id":9546,"href":"https:\/\/bavarian-bondage.de\/it\/wp-json\/wp\/v2\/pages\/1139\/revisions\/9546"}],"wp:attachment":[{"href":"https:\/\/bavarian-bondage.de\/it\/wp-json\/wp\/v2\/media?parent=1139"}],"curies":[{"name":"parola chiave","href":"https:\/\/api.w.org\/{rel}","templated":true}]}}