{"id":1145,"date":"2016-06-01T10:24:58","date_gmt":"2016-06-01T08:24:58","guid":{"rendered":"https:\/\/bavarian-bondage.mysupr.de\/widerrufsrecht-fuer-waren\/"},"modified":"2025-07-20T08:32:20","modified_gmt":"2025-07-20T06:32:20","slug":"diritto-di-recesso-per-la-merce","status":"publish","type":"page","link":"https:\/\/bavarian-bondage.de\/it\/widerrufsrecht-fuer-waren\/","title":{"rendered":"Diritto di recesso per la merce"},"content":{"rendered":"<div data-elementor-type=\"wp-post\" data-elementor-id=\"1145\" class=\"elementor elementor-1145\" data-elementor-post-type=\"page\">\n\t\t\t\t<div class=\"elementor-element elementor-element-eb1d6f5 e-flex e-con-boxed e-con e-parent\" data-id=\"eb1d6f5\" data-element_type=\"container\" data-e-type=\"container\">\n\t\t\t\t\t<div class=\"e-con-inner\">\n\t\t\t\t<div class=\"elementor-element elementor-element-7a6ac82 elementor-widget elementor-widget-text-editor\" data-id=\"7a6ac82\" data-element_type=\"widget\" data-e-type=\"widget\" data-widget_type=\"text-editor.default\">\n\t\t\t\t\t\t\t\t\t<p><strong>Diritto di recesso per i consumatori\u00a0<\/strong><br \/>(Un consumatore \u00e8 qualsiasi persona fisica che conclude un negozio giuridico per scopi che non possono essere attribuiti principalmente alla sua attivit\u00e0 commerciale o professionale indipendente.)<br \/><br \/><strong>Politica di cancellazione<\/strong><br \/><br \/><strong>Diritto di recesso<\/strong><br \/>Hai il diritto di recedere dal presente contratto entro 14 giorni senza indicarne i motivi.<br \/>Il periodo di cancellazione \u00e8 di 14 giorni dal giorno<br \/><br \/>\u2013 in cui tu o un terzo da te nominato che non \u00e8 il corriere ha preso possesso della merce, a condizione che tu abbia ordinato una o pi\u00f9 merci come parte di un ordine uniforme e queste siano o siano consegnate in modo uniforme;<br \/><br \/>\u2013 in cui tu o un terzo da te nominato che non \u00e8 il corriere ha preso possesso degli ultimi beni, a condizione che tu abbia ordinato pi\u00f9 beni come parte di un unico ordine e questi vengano consegnati separatamente;<br \/><br \/>Per esercitare il diritto di recesso \u00e8 necessario contattarci\u00a0<strong>(Andreas Venus, Haidberg 2, 94379 Sankt Englmar, numero di telefono: 016091594448, indirizzo e-mail: info@bavarian-bondage.de)<\/strong>\u00a0informarti della tua decisione di recedere dal presente contratto mediante una dichiarazione chiara (ad esempio una lettera inviata per posta o un&#039;e-mail). \u00c8 possibile utilizzare il modello di modulo di cancellazione allegato, sebbene non sia obbligatorio.<br \/><br \/>Per rispettare il termine di recesso \u00e8 sufficiente che invii la notifica dell&#039;esercizio del diritto di recesso prima della scadenza del periodo di recesso.<br \/><br \/><strong>Conseguenze della revoca<\/strong><br \/><br \/>Se annulli il presente contratto, ti rimborseremo tutti i pagamenti ricevuti da te, compresi i costi di consegna (ad eccezione di eventuali costi aggiuntivi derivanti dalla scelta di un metodo di consegna diverso dalla consegna standard pi\u00f9 economica da noi offerta, da rimborsare immediatamente e al al pi\u00f9 tardi entro 14 giorni dal giorno in cui abbiamo ricevuto la notifica della cancellazione del presente contratto. Per questo rimborso utilizziamo lo stesso metodo di pagamento da te utilizzato per la transazione originaria, a meno che non sia stato espressamente concordato con te qualcosa di diverso; in nessun caso ti verr\u00e0 addebitato alcun costo quale conseguenza di tale rimborso.<br \/><br \/>Potremo rifiutare il rimborso finch\u00e9 non avremo ricevuto la merce o finch\u00e9 non avrai fornito la prova di aver rispedito la merce, a seconda di quale evento si verifichi per primo.<br \/><br \/>\u00c8 necessario restituirci o consegnarci la merce immediatamente e comunque entro e non oltre 14 giorni dal giorno in cui ci informate della risoluzione del presente contratto. Il termine \u00e8 rispettato se spedisci la merce prima della scadenza del termine di 14 giorni.<br \/><br \/>Sostieni i costi diretti della restituzione della merce.<br \/><br \/>Sei responsabile dell&#039;eventuale perdita di valore dei beni solo se tale perdita di valore \u00e8 dovuta a una manipolazione diversa da quella necessaria per stabilire la natura, le caratteristiche e la funzionalit\u00e0 dei beni.<br \/><br \/><strong>Motivi di esclusione o di decadenza<\/strong><br \/><br \/>Il diritto di recesso non si applica ai contratti<br \/><br \/>\u2013 per la fornitura di beni che non sono prefabbricati e per la cui produzione \u00e8 decisiva una selezione o determinazione individuale da parte del consumatore o che sono chiaramente adattati alle esigenze personali del consumatore;<br \/>\u2013 per la consegna di beni che possono deteriorarsi rapidamente o la cui data di scadenza verrebbe rapidamente superata;<br \/>\u2013 per la consegna di bevande alcoliche, il cui prezzo \u00e8 stato concordato al momento della conclusione del contratto, ma che pu\u00f2 essere consegnato non prima di 30 giorni dopo la conclusione del contratto e il cui valore attuale dipende dalle fluttuazioni del mercato su cui l&#039;imprenditore ha nessuna influenza;<br \/>\u2013 per la consegna di giornali, riviste o periodici ad eccezione dei contratti di abbonamento.<br \/><br \/>Per i contratti il diritto di recesso scade anticipatamente<br \/><br \/>\u2013 per la consegna di beni sigillati che non si prestano ad essere restituiti per motivi di tutela della salute o di igiene se il loro sigillo \u00e8 stato rimosso dopo la consegna;<br \/>\u2013 per la consegna di beni se, per la loro natura, sono stati mescolati inseparabilmente con altri beni dopo la consegna;<br \/>\u2013 consegnare registrazioni audio o video o software informatici in una confezione sigillata se il sigillo \u00e8 stato rimosso dopo la consegna.<br \/><br \/><\/p><hr \/><p><br \/><strong>Esempio di modulo di cancellazione<\/strong><br \/><br \/>(Se desideri recedere dal contratto, compila questo modulo e rispediscilo.)<br \/><br \/>\u2013 Ad Andreas Venus, Haidberg 2, 94379 Sankt Englmar, indirizzo e-mail: info@bavarian-bondage.de:<br \/><br \/>\u2013 Io\/noi (*) revoco il contratto da me\/noi (*) concluso per l&#039;acquisto dei seguenti beni (*)\/<br \/>\u00a0 la fornitura del seguente servizio (*)<br \/><br \/>\u2013 Ordinato il (*)\/ricevuto il (*)<br \/><br \/>\u2013 Nome del(i) consumatore(i)<br \/>\u2013 Indirizzo del(i) consumatore(i)<br \/>\u2013 Firma del\/i consumatore\/i (solo per notifica cartacea)<br \/>- Data<br \/><br \/>(*) Cancellare quanto non pertinente.<br \/><br \/><\/p>\t\t\t\t\t\t\t\t<\/div>\n\t\t\t\t\t<\/div>\n\t\t\t\t<\/div>\n\t\t\t\t<\/div>","protected":false},"excerpt":{"rendered":"<p>Widerrufsrecht f\u00fcr Verbraucher\u00a0(Verbraucher ist jede nat\u00fcrliche Person, die ein Rechtsgesch\u00e4ft zu Zwecken abschlie\u00dft, die \u00fcberwiegend weder ihrer gewerblichen noch ihrer selbstst\u00e4ndigen beruflichen T\u00e4tigkeit zugerechnet werden k\u00f6nnen.) Widerrufsbelehrung WiderrufsrechtSie haben das Recht, binnen 14 Tagen ohne Angabe von Gr\u00fcnden diesen Vertrag zu widerrufen.Die Widerrufsfrist betr\u00e4gt 14 Tage ab dem Tag, &#8211; an dem Sie oder ein [&hellip;]<\/p>\n","protected":false},"author":3,"featured_media":0,"parent":0,"menu_order":0,"comment_status":"closed","ping_status":"closed","template":"","meta":{"footnotes":""},"class_list":["post-1145","page","type-page","status-publish","hentry"],"_links":{"self":[{"href":"https:\/\/bavarian-bondage.de\/it\/wp-json\/wp\/v2\/pages\/1145","targetHints":{"allow":["GET"]}}],"collection":[{"href":"https:\/\/bavarian-bondage.de\/it\/wp-json\/wp\/v2\/pages"}],"about":[{"href":"https:\/\/bavarian-bondage.de\/it\/wp-json\/wp\/v2\/types\/page"}],"author":[{"embeddable":true,"href":"https:\/\/bavarian-bondage.de\/it\/wp-json\/wp\/v2\/users\/3"}],"replies":[{"embeddable":true,"href":"https:\/\/bavarian-bondage.de\/it\/wp-json\/wp\/v2\/comments?post=1145"}],"version-history":[{"count":5,"href":"https:\/\/bavarian-bondage.de\/it\/wp-json\/wp\/v2\/pages\/1145\/revisions"}],"predecessor-version":[{"id":15405,"href":"https:\/\/bavarian-bondage.de\/it\/wp-json\/wp\/v2\/pages\/1145\/revisions\/15405"}],"wp:attachment":[{"href":"https:\/\/bavarian-bondage.de\/it\/wp-json\/wp\/v2\/media?parent=1145"}],"curies":[{"name":"parola chiave","href":"https:\/\/api.w.org\/{rel}","templated":true}]}}