{"id":1146,"date":"2016-06-01T17:42:08","date_gmt":"2016-06-01T15:42:08","guid":{"rendered":"https:\/\/bavarian-bondage.mysupr.de\/widerrufsrecht-fuer-kurse\/"},"modified":"2025-07-20T08:33:24","modified_gmt":"2025-07-20T06:33:24","slug":"diritto-di-recesso-per-i-corsi","status":"publish","type":"page","link":"https:\/\/bavarian-bondage.de\/it\/widerrufsrecht-fuer-kurse\/","title":{"rendered":"Diritto di recesso per i corsi"},"content":{"rendered":"<div data-elementor-type=\"wp-post\" data-elementor-id=\"1146\" class=\"elementor elementor-1146\" data-elementor-post-type=\"page\">\n\t\t\t\t<div class=\"elementor-element elementor-element-e1f9e83 e-flex e-con-boxed e-con e-parent\" data-id=\"e1f9e83\" data-element_type=\"container\" data-e-type=\"container\">\n\t\t\t\t\t<div class=\"e-con-inner\">\n\t\t\t\t<div class=\"elementor-element elementor-element-f81c21d elementor-widget elementor-widget-text-editor\" data-id=\"f81c21d\" data-element_type=\"widget\" data-e-type=\"widget\" data-widget_type=\"text-editor.default\">\n\t\t\t\t\t\t\t\t\t<p><strong>Diritto di recesso per i consumatori<\/strong><br \/>(Un consumatore \u00e8 qualsiasi persona fisica che conclude un negozio giuridico per scopi che non possono essere attribuiti principalmente alla sua attivit\u00e0 commerciale o professionale indipendente.)<br \/><br \/><strong>Politica di cancellazione<\/strong><br \/><br \/><strong>Diritto di recesso<\/strong><br \/>Hai il diritto di recedere dal presente contratto entro quattordici giorni senza fornire alcuna motivazione.<br \/>Il periodo di recesso \u00e8 di quattordici giorni dal giorno della conclusione del contratto.<br \/><br \/>Per esercitare il diritto di recesso \u00e8 necessario contattarci (<strong>Andreas Venus, Haidberg 2, 94379 Sankt Englmar, numero di telefono: 016091594448, indirizzo e-mail: info@bavarian-bondage.de<\/strong>) informarti della tua decisione di recedere dal presente contratto mediante una dichiarazione chiara (ad esempio una lettera inviata per posta o un&#039;e-mail). \u00c8 possibile utilizzare il modello di modulo di cancellazione allegato, sebbene non sia obbligatorio.<br \/><br \/>Per rispettare il termine di recesso \u00e8 sufficiente che invii la notifica dell&#039;esercizio del diritto di recesso prima della scadenza del periodo di recesso.<br \/><br \/><strong>Conseguenze della revoca<\/strong><br \/>\u00a0<br \/>Se annulli il presente contratto, ti rimborseremo tutti i pagamenti ricevuti da te, compresi i costi di consegna (ad eccezione di eventuali costi aggiuntivi derivanti dalla scelta di un metodo di consegna diverso dalla consegna standard pi\u00f9 economica da noi offerta, da rimborsare immediatamente e al al pi\u00f9 tardi entro quattordici giorni dal giorno in cui abbiamo ricevuto la notifica del recesso dal presente contratto. Per questo rimborso utilizziamo lo stesso metodo di pagamento da te utilizzato per la transazione originaria, a meno che non sia stato espressamente concordato con te qualcosa di diverso; in nessun caso ti verr\u00e0 addebitato alcun costo quale conseguenza di tale rimborso.<br \/><br \/>Se hai richiesto che i servizi per i quali il contratto prevede il pagamento di un prezzo inizino durante il periodo di disdetta, dovrai pagarci un importo ragionevole corrispondente alla proporzione dei servizi fino al momento in cui ci informi della esercizio del diritto di recesso in relazione al presente contratto, i servizi gi\u00e0 forniti corrispondono alla portata totale dei servizi previsti dal contratto.<br \/><br \/><strong>Motivi di esclusione o di decadenza<\/strong><br \/><br \/>Il diritto di recesso non si applica ai contratti per la fornitura di servizi relativi alle attivit\u00e0 del tempo libero se il contratto prevede una data o un periodo specifici per la prestazione.<br \/><br \/>Nel caso di un contratto per la fornitura di servizi che obbliga il consumatore a pagare un prezzo, il diritto di recesso scade con la fornitura completa del servizio, se il consumatore ha espressamente concordato prima dell&#039;inizio della prestazione che l&#039;imprenditore inizier\u00e0 fornendo il servizio prima della scadenza del periodo di revoca e ha confermato di essere a conoscenza che il suo diritto di revoca decade con il completo adempimento del contratto da parte dell&#039;imprenditore.<\/p><div>\u00a0<\/div><p>\u00a0<\/p><hr \/><p><br \/><strong>Esempio di modulo di cancellazione<\/strong><br \/><br \/>(Se desideri recedere dal contratto, compila questo modulo e rispediscilo.)<br \/><br \/>\u2013 Ad Andreas Venus, Haidberg 2, 94379 Sankt Englmar, indirizzo e-mail: info@bavarian-bondage.de:<br \/><br \/>\u2013 Io\/noi (*) revoco il contratto da me\/noi (*) concluso per l&#039;acquisto dei seguenti beni (*)\/<br \/>\u00a0 la fornitura del seguente servizio (*)<br \/><br \/>\u2013 Ordinato il (*)\/ricevuto il (*)<br \/><br \/>\u2013 Nome del(i) consumatore(i)<br \/>\u2013 Indirizzo del(i) consumatore(i)<br \/>\u2013 Firma del\/i consumatore\/i (solo per notifica cartacea)<br \/>- Data<br \/><br \/>(*) Cancellare quanto non pertinente.<br \/><br \/><\/p>\t\t\t\t\t\t\t\t<\/div>\n\t\t\t\t\t<\/div>\n\t\t\t\t<\/div>\n\t\t\t\t<\/div>","protected":false},"excerpt":{"rendered":"<p>Widerrufsrecht f\u00fcr Verbraucher(Verbraucher ist jede nat\u00fcrliche Person, die ein Rechtsgesch\u00e4ft zu Zwecken abschlie\u00dft, die \u00fcberwiegend weder ihrer gewerblichen noch ihrer selbstst\u00e4ndigen beruflichen T\u00e4tigkeit zugerechnet werden k\u00f6nnen.) Widerrufsbelehrung WiderrufsrechtSie haben das Recht, binnen vierzehn Tagen ohne Angabe von Gr\u00fcnden diesen Vertrag zu widerrufen.Die Widerrufsfrist betr\u00e4gt vierzehn Tage ab dem Tag des Vertragsabschlusses. Um Ihr Widerrufsrecht auszu\u00fcben, [&hellip;]<\/p>\n","protected":false},"author":3,"featured_media":0,"parent":0,"menu_order":0,"comment_status":"closed","ping_status":"closed","template":"","meta":{"footnotes":""},"class_list":["post-1146","page","type-page","status-publish","hentry"],"_links":{"self":[{"href":"https:\/\/bavarian-bondage.de\/it\/wp-json\/wp\/v2\/pages\/1146","targetHints":{"allow":["GET"]}}],"collection":[{"href":"https:\/\/bavarian-bondage.de\/it\/wp-json\/wp\/v2\/pages"}],"about":[{"href":"https:\/\/bavarian-bondage.de\/it\/wp-json\/wp\/v2\/types\/page"}],"author":[{"embeddable":true,"href":"https:\/\/bavarian-bondage.de\/it\/wp-json\/wp\/v2\/users\/3"}],"replies":[{"embeddable":true,"href":"https:\/\/bavarian-bondage.de\/it\/wp-json\/wp\/v2\/comments?post=1146"}],"version-history":[{"count":5,"href":"https:\/\/bavarian-bondage.de\/it\/wp-json\/wp\/v2\/pages\/1146\/revisions"}],"predecessor-version":[{"id":15408,"href":"https:\/\/bavarian-bondage.de\/it\/wp-json\/wp\/v2\/pages\/1146\/revisions\/15408"}],"wp:attachment":[{"href":"https:\/\/bavarian-bondage.de\/it\/wp-json\/wp\/v2\/media?parent=1146"}],"curies":[{"name":"parola chiave","href":"https:\/\/api.w.org\/{rel}","templated":true}]}}