{"id":12,"date":"2018-09-04T13:47:19","date_gmt":"2018-09-04T11:47:19","guid":{"rendered":"http:\/\/bavarian-bondage.mysupr.de\/versandarten\/"},"modified":"2018-09-04T13:47:19","modified_gmt":"2018-09-04T11:47:19","slug":"metodi-di-spedizione","status":"publish","type":"page","link":"https:\/\/bavarian-bondage.de\/it\/versandarten\/","title":{"rendered":"Versandarten"},"content":{"rendered":"<div data-elementor-type=\"wp-post\" data-elementor-id=\"12\" class=\"elementor elementor-12\" data-elementor-post-type=\"page\">\n\t\t\t\t\t\t<section class=\"elementor-section elementor-top-section elementor-element elementor-element-07d64f3 elementor-section-boxed elementor-section-height-default elementor-section-height-default\" data-id=\"07d64f3\" data-element_type=\"section\" data-e-type=\"section\">\n\t\t\t\t\t\t<div class=\"elementor-container elementor-column-gap-default\">\n\t\t\t\t\t<div class=\"elementor-column elementor-col-100 elementor-top-column elementor-element elementor-element-6935983\" data-id=\"6935983\" data-element_type=\"column\" data-e-type=\"column\">\n\t\t\t<div class=\"elementor-widget-wrap elementor-element-populated\">\n\t\t\t\t\t\t<div class=\"elementor-element elementor-element-4538605 elementor-widget elementor-widget-text-editor\" data-id=\"4538605\" data-element_type=\"widget\" data-e-type=\"widget\" data-widget_type=\"text-editor.default\">\n\t\t\t\t\t\t\t\t\t<h3><strong>Pagamento e spedizione<\/strong><\/h3><p>Si applicano le seguenti condizioni:<\/p><p><strong>condizioni di spedizione<\/strong><\/p><p>La consegna avviene a livello nazionale (Germania) e nei seguenti paesi: Belgio, Danimarca, Francia, Italia, Lussemburgo, Paesi Bassi, Svezia, Spagna, Austria.<\/p><p>Non si effettuano spedizioni nelle seguenti isole straniere: El Hierro, Fuerteventura, Gran Canaria, La Gomera, La Palma, Lanzarote, Tenerife<\/p><p><strong>Costi di spedizione<\/strong>\u00a0(inclusa IVA legale)<\/p><p><strong>Consegne nazionali (Germania):\u00a0<\/strong><\/p><p>Addebitiamo una tariffa fissa di spedizione di 4,90 \u20ac per ordine.<\/p><p>Per ordini superiori a 120,00 \u20ac offriamo la spedizione gratuita.<\/p><p><strong>Consegne all&#039;estero:<\/strong><\/p><p>Calcoliamo le spese di spedizione all&#039;estero come segue:<\/p><p>Belgio: 13,99 \u20ac<br \/>Danimarca: 13,99 \u20ac<br \/>Francia: 13,99 \u20ac<br \/>Italia: 13,99 \u20ac<br \/>Lussemburgo: 13,99 \u20ac<br \/>Paesi Bassi: 13,99 \u20ac<br \/>Svezia 13,99 \u20ac<br \/>Spagna: 13,99 \u20ac<br \/>Austria: 13,99 \u20ac<br \/><strong>Tempi di consegna<\/strong><\/p><p>Se non specificato diversamente nella rispettiva offerta, la merce verr\u00e0 consegnata a livello nazionale (Germania) entro 5 - 7 giorni, mentre per le consegne all&#039;estero entro 5 - 7 giorni dalla conclusione del contratto (se \u00e8 stato concordato il pagamento anticipato, dopo l&#039;invio dell&#039;istruzione di pagamento).<br \/>Si prega di notare che la domenica e i giorni festivi non \u00e8 prevista la consegna.<br \/>Se hai ordinato articoli con tempi di consegna diversi, ti invieremo la merce in un&#039;unica spedizione, a meno che non siano stati presi accordi diversi con te. In questo caso, il tempo di consegna \u00e8 determinato dall&#039;articolo con il tempo di consegna pi\u00f9 lungo che hai ordinato.<\/p><p><strong>Opzioni di pagamento accettate<\/strong><\/p><p><strong>\u2013\u00a0\u00a0<\/strong>Pagamento anticipato tramite bonifico bancario<br \/><strong>\u2013\u00a0\u00a0<\/strong>Pagamento con carta di credito<br \/><strong>\u2013<\/strong>\u00a0 pagamento tramite PayPal\u00a0<br \/><strong>\u2013<\/strong><strong>\u00a0\u00a0<\/strong>pagamento tramite bonifico immediato<\/p><p><strong>Ulteriori dettagli sul pagamento<\/strong><\/p><p>In caso di pagamento tramite carta di credito, l&#039;addebito sul conto della carta di credito avverr\u00e0 al momento della conclusione del contratto.<\/p><p>In caso di domande, \u00e8 possibile trovare i nostri dettagli di contatto nelle note legali.<\/p>\t\t\t\t\t\t\t\t<\/div>\n\t\t\t\t\t<\/div>\n\t\t<\/div>\n\t\t\t\t\t<\/div>\n\t\t<\/section>\n\t\t\t\t<\/div>","protected":false},"excerpt":{"rendered":"<p>Zahlung und Versand Es gelten folgende Bedingungen: Versandbedingungen Die Lieferung erfolgt im Inland (Deutschland)\u00a0und in die nachstehenden L\u00e4nder:\u00a0Belgien, D\u00e4nemark, Frankreich, Italien, Luxemburg, Niederlande, Schweden, Spanien, \u00d6sterreich. Keine Versendung erfolgt auf die nachstehenden ausl\u00e4ndischen Inseln: El Hierro, Fuerteventura, Gran Canaria, La Gomera, La Palma, Lanzarote,Teneriffa Versandkosten\u00a0(inklusive gesetzliche Mehrwertsteuer) Lieferungen im Inland (Deutschland):\u00a0 Wir berechnen die Versandkosten [&hellip;]<\/p>\n","protected":false},"author":3,"featured_media":0,"parent":0,"menu_order":0,"comment_status":"closed","ping_status":"closed","template":"","meta":{"footnotes":""},"class_list":["post-12","page","type-page","status-publish","hentry"],"_links":{"self":[{"href":"https:\/\/bavarian-bondage.de\/it\/wp-json\/wp\/v2\/pages\/12","targetHints":{"allow":["GET"]}}],"collection":[{"href":"https:\/\/bavarian-bondage.de\/it\/wp-json\/wp\/v2\/pages"}],"about":[{"href":"https:\/\/bavarian-bondage.de\/it\/wp-json\/wp\/v2\/types\/page"}],"author":[{"embeddable":true,"href":"https:\/\/bavarian-bondage.de\/it\/wp-json\/wp\/v2\/users\/3"}],"replies":[{"embeddable":true,"href":"https:\/\/bavarian-bondage.de\/it\/wp-json\/wp\/v2\/comments?post=12"}],"version-history":[{"count":0,"href":"https:\/\/bavarian-bondage.de\/it\/wp-json\/wp\/v2\/pages\/12\/revisions"}],"wp:attachment":[{"href":"https:\/\/bavarian-bondage.de\/it\/wp-json\/wp\/v2\/media?parent=12"}],"curies":[{"name":"parola chiave","href":"https:\/\/api.w.org\/{rel}","templated":true}]}}