{"id":13,"date":"2018-09-04T13:47:19","date_gmt":"2018-09-04T11:47:19","guid":{"rendered":"http:\/\/bavarian-bondage.mysupr.de\/bezahlmoeglichkeiten\/"},"modified":"2025-07-20T08:35:49","modified_gmt":"2025-07-20T06:35:49","slug":"pagamento-e-spedizione","status":"publish","type":"page","link":"https:\/\/bavarian-bondage.de\/it\/zahlung-und-versand\/","title":{"rendered":"Pagamento e spedizione"},"content":{"rendered":"<div data-elementor-type=\"wp-post\" data-elementor-id=\"13\" class=\"elementor elementor-13\" data-elementor-post-type=\"page\">\n\t\t\t\t<div class=\"elementor-element elementor-element-5ac5788 e-flex e-con-boxed e-con e-parent\" data-id=\"5ac5788\" data-element_type=\"container\" data-e-type=\"container\">\n\t\t\t\t\t<div class=\"e-con-inner\">\n\t\t\t\t<div class=\"elementor-element elementor-element-197797c elementor-widget elementor-widget-text-editor\" data-id=\"197797c\" data-element_type=\"widget\" data-e-type=\"widget\" data-widget_type=\"text-editor.default\">\n\t\t\t\t\t\t\t\t\t<p><strong>Pagamento e spedizione<\/strong><br \/><br \/>Si applicano le seguenti condizioni:<br \/><br \/>La consegna avviene a livello nazionale (Germania) e nei seguenti paesi: Belgio, Danimarca, Francia, Italia, Lussemburgo, Paesi Bassi, Portogallo, Svezia, Spagna, Austria.<br \/><br \/>Sono escluse le spedizioni verso le isole tedesche e straniere.<br \/><br \/><strong>Costi di spedizione<\/strong>\u00a0(inclusa IVA legale)<br \/><br \/><strong>Consegne nazionali (Germania):\u00a0<\/strong><br \/><br \/>Addebitiamo una tariffa forfettaria di \u20ac 5,90 per ordine per le spese di spedizione.<br \/><br \/>Consegniamo la spedizione gratuita per ordini superiori a \u20ac 130,00.<br \/><br \/><strong>Consegne all&#039;estero:<\/strong><br \/><br \/>Calcoliamo le spese di spedizione all&#039;estero come segue:<br \/><br \/>Portogallo: \u20ac 15,99 Belgio: \u20ac 15,99<br \/>Danimarca: 15,99 \u20ac<br \/>Francia: \u20ac 15,99<br \/>Italia: 15,99\u20ac<br \/>Lussemburgo: 15,99 \u20ac<br \/>Paesi Bassi: \u20ac 15,99<br \/>Svezia \u20ac 15,99<br \/>Spagna: \u20ac 15,99<br \/>Austria: 15,99 \u20ac<br \/><br \/><br \/><br \/><br \/><br \/><br \/><br \/><br \/><br \/><br \/><br \/><br \/><strong>Tempi di consegna<\/strong><br \/><br \/>A meno che non sia specificato un termine diverso nella rispettiva offerta, la merce verr\u00e0 consegnata sul territorio nazionale (Germania) entro 5 - 7 giorni, per le consegne all&#039;estero entro 10-12 giorni dalla conclusione del contratto (se \u00e8 stato concordato il pagamento anticipato, dopo il termine delle istruzioni di pagamento).<br \/>Si prega di notare che la domenica e i giorni festivi non \u00e8 prevista la consegna.<br \/>Se hai ordinato articoli con tempi di consegna diversi, la merce verr\u00e0 spedita in un&#039;unica spedizione, salvo diverso accordo. In questo caso, il tempo di consegna sar\u00e0 determinato dall&#039;articolo ordinato con i tempi di consegna pi\u00f9 lunghi.<br \/><br \/><strong>Opzioni di pagamento accettate<\/strong><br \/><br \/><strong>\u2013\u00a0\u00a0<\/strong>Pagamento anticipato tramite bonifico bancario<br \/>\u2013 Pagamento tramite bonifico bancario immediato (tramite Klarna)<br \/>\u2013 Pagamento tramite addebito diretto (tramite Klarna)<br \/>\u2013 Pagamento con carta di credito (tramite Klarna)<br \/><br \/><strong>Tramite PayPal Checkout:<\/strong><br \/>\u2013 Pagamento tramite PayPal Express<br \/>\u2013 Pagamento con carta di credito<br \/><br \/><strong>Tramite PayPal:<\/strong><br \/>\u2013 Pagamento tramite PayPal<br \/>\u2013 Pagamento con carta di credito<br \/>\u2013 Pagamento tramite addebito diretto SEPA<br \/>\u2013 Pagamento tramite \u201cPaga dopo\u201d<br \/><br \/>In caso di domande, \u00e8 possibile trovare i nostri dettagli di contatto nelle note legali.<\/p><p>\u00a0<\/p>\t\t\t\t\t\t\t\t<\/div>\n\t\t\t\t\t<\/div>\n\t\t\t\t<\/div>\n\t\t\t\t<\/div>","protected":false},"excerpt":{"rendered":"<p>Zahlung und Versand Es gelten folgende Bedingungen: Die Lieferung erfolgt im Inland (Deutschland)\u00a0und in die nachstehenden L\u00e4nder:\u00a0Belgien, D\u00e4nemark, Frankreich, Italien, Luxemburg, Niederlande, Portugal, Schweden, Spanien, \u00d6sterreich. Der Versand auf deutsche und ausl\u00e4ndische Inseln ist ausgeschlossen. Versandkosten\u00a0(inklusive gesetzliche Mehrwertsteuer) Lieferungen im Inland (Deutschland):\u00a0 Wir berechnen die Versandkosten pauschal mit 5,90 \u20ac pro Bestellung. Ab einem Bestellwert [&hellip;]<\/p>\n","protected":false},"author":3,"featured_media":0,"parent":0,"menu_order":0,"comment_status":"closed","ping_status":"closed","template":"","meta":{"footnotes":""},"class_list":["post-13","page","type-page","status-publish","hentry"],"_links":{"self":[{"href":"https:\/\/bavarian-bondage.de\/it\/wp-json\/wp\/v2\/pages\/13","targetHints":{"allow":["GET"]}}],"collection":[{"href":"https:\/\/bavarian-bondage.de\/it\/wp-json\/wp\/v2\/pages"}],"about":[{"href":"https:\/\/bavarian-bondage.de\/it\/wp-json\/wp\/v2\/types\/page"}],"author":[{"embeddable":true,"href":"https:\/\/bavarian-bondage.de\/it\/wp-json\/wp\/v2\/users\/3"}],"replies":[{"embeddable":true,"href":"https:\/\/bavarian-bondage.de\/it\/wp-json\/wp\/v2\/comments?post=13"}],"version-history":[{"count":5,"href":"https:\/\/bavarian-bondage.de\/it\/wp-json\/wp\/v2\/pages\/13\/revisions"}],"predecessor-version":[{"id":15414,"href":"https:\/\/bavarian-bondage.de\/it\/wp-json\/wp\/v2\/pages\/13\/revisions\/15414"}],"wp:attachment":[{"href":"https:\/\/bavarian-bondage.de\/it\/wp-json\/wp\/v2\/media?parent=13"}],"curies":[{"name":"parola chiave","href":"https:\/\/api.w.org\/{rel}","templated":true}]}}