{"id":1739,"date":"2020-01-16T11:15:25","date_gmt":"2020-01-16T10:15:25","guid":{"rendered":"https:\/\/bavarian-bondage.mysupr.de\/?page_id=1739"},"modified":"2024-11-29T10:41:25","modified_gmt":"2024-11-29T09:41:25","slug":"corde-di-canapa-di-lino-bicolore","status":"publish","type":"page","link":"https:\/\/bavarian-bondage.de\/it\/leinenhanfseile-zweifarbig\/","title":{"rendered":"Corde di canapa di lino bicolore"},"content":{"rendered":"<div data-elementor-type=\"wp-post\" data-elementor-id=\"1739\" class=\"elementor elementor-1739\" data-elementor-post-type=\"page\">\n\t\t\t\t<div class=\"elementor-element elementor-element-7a22539 e-flex e-con-boxed e-con e-parent\" data-id=\"7a22539\" data-element_type=\"container\" data-e-type=\"container\">\n\t\t\t\t\t<div class=\"e-con-inner\">\n\t\t<div class=\"elementor-element elementor-element-f815282 e-con-full e-flex e-con e-child\" data-id=\"f815282\" data-element_type=\"container\" data-e-type=\"container\">\n\t\t\t\t<div class=\"elementor-element elementor-element-165a812 elementor-widget elementor-widget-heading\" data-id=\"165a812\" data-element_type=\"widget\" data-e-type=\"widget\" data-widget_type=\"heading.default\">\n\t\t\t\t\t<h2 class=\"elementor-heading-title elementor-size-default\">Corde di canapa di lino bicolore<\/h2>\t\t\t\t<\/div>\n\t\t\t\t<div class=\"elementor-element elementor-element-6fa6af0 elementor-widget elementor-widget-text-editor\" data-id=\"6fa6af0\" data-element_type=\"widget\" data-e-type=\"widget\" data-widget_type=\"text-editor.default\">\n\t\t\t\t\t\t\t\t\t<p style=\"text-align: center\">Tutte le corde di canapa di lino bicolore in offerta sono attualmente disponibili solo nella versione esclusiva con i piccoli nodi trisk.\u00a0<\/p><p style=\"text-align: center\">Le corde sono tinte nel loro insieme compreso il nodo e sono colorate in modo relativamente intenso, anche se non completamente. Questo funziona solo se il filo (i singoli fili) viene tinto prima che la corda venga effettivamente realizzata. Per la colorazione stessa viene utilizzato un colorante tessile di alta qualit\u00e0 per evitare successive emorragie. Il colore \u00e8 ben fissato, il che rende facile lavare le corde. In genere sconsiglio il lavaggio in lavatrice, in quanto la struttura della corda ne risentirebbe molto. Se necessario, invece, \u00e8 opportuno lavare e asciugare a mano le corde in tensione. Tuttavia, un panno umido \u00e8 ancora pi\u00f9 adatto. Dopo il lavaggio le corde vanno assolutamente trattate nuovamente con olio o cera.<\/p><p style=\"text-align: center\">Ulteriori suggerimenti sulla cura sono disponibili nella sezione &quot;Cosa devi sapere&quot;.<\/p>\t\t\t\t\t\t\t\t<\/div>\n\t\t\t\t<div class=\"elementor-element elementor-element-7fd9fe0 elementor-widget elementor-widget-spacer\" data-id=\"7fd9fe0\" data-element_type=\"widget\" data-e-type=\"widget\" data-widget_type=\"spacer.default\">\n\t\t\t\t\t\t\t<div class=\"elementor-spacer\">\n\t\t\t<div class=\"elementor-spacer-inner\"><\/div>\n\t\t<\/div>\n\t\t\t\t\t\t<\/div>\n\t\t\t\t<\/div>\n\t\t\t\t\t<\/div>\n\t\t\t\t<\/div>\n\t\t<div class=\"elementor-element elementor-element-036b973 e-flex e-con-boxed e-con e-parent\" data-id=\"036b973\" data-element_type=\"container\" data-e-type=\"container\" data-settings=\"{&quot;background_background&quot;:&quot;classic&quot;}\">\n\t\t\t\t\t<div class=\"e-con-inner\">\n\t\t<div class=\"elementor-element elementor-element-99e2afe e-con-full e-flex e-con e-child\" data-id=\"99e2afe\" data-element_type=\"container\" data-e-type=\"container\" data-settings=\"{&quot;background_background&quot;:&quot;classic&quot;}\">\n\t\t\t\t<div class=\"elementor-element elementor-element-5021aa5 elementor-widget elementor-widget-heading\" data-id=\"5021aa5\" data-element_type=\"widget\" data-e-type=\"widget\" data-widget_type=\"heading.default\">\n\t\t\t\t\t<h2 class=\"elementor-heading-title elementor-size-default\">Esclusivamente 5 mm<\/h2>\t\t\t\t<\/div>\n\t\t\t\t<div class=\"elementor-element elementor-element-bcb7122 wl-columns-mobile_extra-2 wl-columns-mobile-2 wl-columns-3 elementor-widget elementor-widget-woolentor-custom-product-archive\" data-id=\"bcb7122\" data-element_type=\"widget\" data-e-type=\"widget\" data-widget_type=\"woolentor-custom-product-archive.default\">\n\t\t\t\t<div class=\"elementor-widget-container\">\n\t\t\t\t\t            <div class=\"ht-products woolentor-product-same-height\">\r\n                <div id=\"wl-shop-tab-area-bcb7122\" class=\"wl-shop-tab-area grid_view\">\r\n                    <div class=\"products-not-found\"><p class=\"woocommerce-info\">Non \u00e8 stato trovato alcun prodotto corrispondente alla tua selezione.<\/p><\/div>                <\/div>\r\n            <\/div>\r\n\r\n            <script type=\"text\/javascript\">\r\n                ;jQuery(document).ready(function($) {\r\n                    var uniqid = 'bcb7122';\r\n                    function woolentor_tabs_pro( $tabmenus, $tabpane ){\r\n                        $tabmenus.on('click', 'a', function(e){\r\n                            e.preventDefault();\r\n                            var $this = $(this),\r\n                                $target = $this.attr('href'),\r\n                                $data = $this.data('tabvalue');\r\n                            $this.addClass('htactive').parent().siblings().children('a').removeClass('htactive');\r\n                            $( $tabpane ).removeClass('grid_view list_view');\r\n                            $( $tabpane ).addClass( $data );\r\n\r\n                            \/\/ refresh slick\r\n                            $id = $this.attr('href');\r\n                            $('.wl-shop-tab-area').find('.slick-slider').slick('refresh');\r\n                        });\r\n                    }\r\n                    woolentor_tabs_pro( $( \"#wl-shop-tab-links-\"+uniqid ), '#wl-shop-tab-area-'+uniqid );\r\n                });\r\n            <\/script>\r\n\r\n            \r\n            \t\t\t\t<\/div>\n\t\t\t\t<\/div>\n\t\t\t\t<\/div>\n\t\t\t\t\t<\/div>\n\t\t\t\t<\/div>\n\t\t<div class=\"elementor-element elementor-element-aebeef2 e-flex e-con-boxed e-con e-parent\" data-id=\"aebeef2\" data-element_type=\"container\" data-e-type=\"container\">\n\t\t\t\t\t<div class=\"e-con-inner\">\n\t\t<div class=\"elementor-element elementor-element-2dc1df0 e-con-full e-flex e-con e-child\" data-id=\"2dc1df0\" data-element_type=\"container\" data-e-type=\"container\">\n\t\t\t\t<div class=\"elementor-element elementor-element-a574764 elementor-widget elementor-widget-spacer\" data-id=\"a574764\" data-element_type=\"widget\" data-e-type=\"widget\" data-widget_type=\"spacer.default\">\n\t\t\t\t\t\t\t<div class=\"elementor-spacer\">\n\t\t\t<div class=\"elementor-spacer-inner\"><\/div>\n\t\t<\/div>\n\t\t\t\t\t\t<\/div>\n\t\t\t\t<div class=\"elementor-element elementor-element-ba39426 elementor-widget-divider--view-line elementor-widget elementor-widget-divider\" data-id=\"ba39426\" data-element_type=\"widget\" data-e-type=\"widget\" data-widget_type=\"divider.default\">\n\t\t\t\t\t\t\t<div class=\"elementor-divider\">\n\t\t\t<span class=\"elementor-divider-separator\">\n\t\t\t\t\t\t<\/span>\n\t\t<\/div>\n\t\t\t\t\t\t<\/div>\n\t\t\t\t<div class=\"elementor-element elementor-element-8a46d32 elementor-widget elementor-widget-spacer\" data-id=\"8a46d32\" data-element_type=\"widget\" data-e-type=\"widget\" data-widget_type=\"spacer.default\">\n\t\t\t\t\t\t\t<div class=\"elementor-spacer\">\n\t\t\t<div class=\"elementor-spacer-inner\"><\/div>\n\t\t<\/div>\n\t\t\t\t\t\t<\/div>\n\t\t\t\t<div class=\"elementor-element elementor-element-0824807 elementor-widget elementor-widget-heading\" data-id=\"0824807\" data-element_type=\"widget\" data-e-type=\"widget\" data-widget_type=\"heading.default\">\n\t\t\t\t\t<h2 class=\"elementor-heading-title elementor-size-default\">Le corde sono troppo lunghe, troppo corte o il set non si adatta?<\/h2>\t\t\t\t<\/div>\n\t\t\t\t<div class=\"elementor-element elementor-element-dbf7833 elementor-widget elementor-widget-text-editor\" data-id=\"dbf7833\" data-element_type=\"widget\" data-e-type=\"widget\" data-widget_type=\"text-editor.default\">\n\t\t\t\t\t\t\t\t\t<p>Saremo lieti di mettere insieme per voi un set di vostra scelta individualmente. Se hai bisogno di lunghezze diverse o desideri combinare diametri diversi, contattami e ti far\u00f2 un&#039;offerta individuale.<\/p>\t\t\t\t\t\t\t\t<\/div>\n\t\t\t\t<div class=\"elementor-element elementor-element-cd91420 premium-lq__none elementor-widget elementor-widget-premium-addon-button\" data-id=\"cd91420\" data-element_type=\"widget\" data-e-type=\"widget\" data-widget_type=\"premium-addon-button.default\">\n\t\t\t\t\t\n\n\t\t<a class=\"premium-button premium-button-none premium-btn-sm premium-button-none\" href=\"https:\/\/bavarian-bondage.de\/it\/kontaktformular\/\">\n\t\t\t<div class=\"premium-button-text-icon-wrapper\">\n\t\t\t\t\n\t\t\t\t\t\t\t\t\t<span >\n\t\t\t\t\t\tModulo di contatto\t\t\t\t\t<\/span>\n\t\t\t\t\t\t\t<\/div>\n\n\t\t\t\n\t\t\t\n\t\t\t\n\t\t<\/a>\n\n\n\t\t\t\t\t\t<\/div>\n\t\t\t\t<\/div>\n\t\t\t\t\t<\/div>\n\t\t\t\t<\/div>\n\t\t\t\t<\/div>","protected":false},"excerpt":{"rendered":"<p>Leinenhanf-Seile Zweifarbig Alle angebotenen zweifarbigen Leinenhanfseile werden aktuell nur in der Exklusiv-Variante mit den kleinen Triskenknoten angeboten.\u00a0 Die Seile werden inklusive dem Knoten im ganzen gef\u00e4rbt und sind relativ stark durchgef\u00e4rbt, wenn auch nicht komplett. Das klappt nur dann, wenn das Garn (die einzelnen Str\u00e4nge) schon vor der eigentlichen Seilherstellung gef\u00e4rbt werden w\u00fcrde. Zur F\u00e4rbung [&hellip;]<\/p>\n","protected":false},"author":3,"featured_media":0,"parent":0,"menu_order":0,"comment_status":"closed","ping_status":"closed","template":"elementor_header_footer","meta":{"footnotes":""},"class_list":["post-1739","page","type-page","status-publish","hentry"],"_links":{"self":[{"href":"https:\/\/bavarian-bondage.de\/it\/wp-json\/wp\/v2\/pages\/1739","targetHints":{"allow":["GET"]}}],"collection":[{"href":"https:\/\/bavarian-bondage.de\/it\/wp-json\/wp\/v2\/pages"}],"about":[{"href":"https:\/\/bavarian-bondage.de\/it\/wp-json\/wp\/v2\/types\/page"}],"author":[{"embeddable":true,"href":"https:\/\/bavarian-bondage.de\/it\/wp-json\/wp\/v2\/users\/3"}],"replies":[{"embeddable":true,"href":"https:\/\/bavarian-bondage.de\/it\/wp-json\/wp\/v2\/comments?post=1739"}],"version-history":[{"count":36,"href":"https:\/\/bavarian-bondage.de\/it\/wp-json\/wp\/v2\/pages\/1739\/revisions"}],"predecessor-version":[{"id":13774,"href":"https:\/\/bavarian-bondage.de\/it\/wp-json\/wp\/v2\/pages\/1739\/revisions\/13774"}],"wp:attachment":[{"href":"https:\/\/bavarian-bondage.de\/it\/wp-json\/wp\/v2\/media?parent=1739"}],"curies":[{"name":"parola chiave","href":"https:\/\/api.w.org\/{rel}","templated":true}]}}