{"id":2918,"date":"2020-10-17T12:58:20","date_gmt":"2020-10-17T10:58:20","guid":{"rendered":"https:\/\/bavarian-bondage.tivendo.com\/produkt\/import-placeholder-for-313\/"},"modified":"2026-03-02T18:24:32","modified_gmt":"2026-03-02T17:24:32","slug":"bavaglio-rosso","status":"publish","type":"product","link":"https:\/\/bavarian-bondage.de\/it\/produkt\/beissknebel-rot\/","title":{"rendered":"Morso bavaglio rosso"},"content":{"rendered":"<h3 style=\"text-align: center\">Morso bavaglio rosso<\/h3>\n<p style=\"text-align: center\">Probabilmente il modo pi\u00f9 comodo per essere imbavagliati. Il robusto cuscino in pelle rossa \u00e8 imbottito di schiuma e, come suggerisce il nome, \u00e8 progettato per essere masticato. Il bavaglio stesso \u00e8 realizzato interamente in morbida nappa e pu\u00f2 essere adattato con precisione alla circonferenza della testa grazie ai numerosi occhielli.<\/p>\n<p>&nbsp;<\/p>\n<p><strong>Dettagli:<\/strong><\/p>\n<p>Materiale: pelle nappa, metallo, schiuma<br \/>\nColore: nero, rosso<br \/>\nLunghezza: 62 cm<br \/>\nLunghezza cuscino: 10 cm<\/p>\n<p>&nbsp;<\/p>\n<p><strong>Fornitura:<\/strong> 1 bavaglio rosso<\/p>\n<p>&nbsp;<\/p>\n<hr \/>\n<blockquote>\n<p style=\"text-align: center\"><span style=\"color: #333399\">Le informazioni sui prodotti sono fornite al meglio delle nostre conoscenze e convinzioni. Tutte le dimensioni sono approssimative. L&#039;uso dei prodotti offerti qui nel negozio \u00e8 a tuo rischio e pericolo. Ogni persona reagisce in modo diverso agli influssi esterni, al piacere o al dolore, ecc. Pertanto non si assume alcuna responsabilit\u00e0 per un uso improprio.  Ogni utente \u00e8 pienamente responsabile dell&#039;uso o del corretto utilizzo dei prodotti e delle sue imprevedibili conseguenze.<\/span><\/p>\n<\/blockquote>","protected":false},"excerpt":{"rendered":"<p>Tempi di consegna: 5-7 giorni*<\/p>","protected":false},"featured_media":8601,"template":"","meta":[],"product_brand":[],"product_cat":[229],"product_tag":[],"class_list":{"0":"post-2918","1":"product","2":"type-product","3":"status-publish","4":"has-post-thumbnail","6":"product_cat-knebel","8":"first","9":"instock","10":"taxable","11":"shipping-taxable","12":"purchasable","13":"product-type-simple"},"_links":{"self":[{"href":"https:\/\/bavarian-bondage.de\/it\/wp-json\/wp\/v2\/product\/2918","targetHints":{"allow":["GET"]}}],"collection":[{"href":"https:\/\/bavarian-bondage.de\/it\/wp-json\/wp\/v2\/product"}],"about":[{"href":"https:\/\/bavarian-bondage.de\/it\/wp-json\/wp\/v2\/types\/product"}],"version-history":[{"count":4,"href":"https:\/\/bavarian-bondage.de\/it\/wp-json\/wp\/v2\/product\/2918\/revisions"}],"predecessor-version":[{"id":16513,"href":"https:\/\/bavarian-bondage.de\/it\/wp-json\/wp\/v2\/product\/2918\/revisions\/16513"}],"wp:featuredmedia":[{"embeddable":true,"href":"https:\/\/bavarian-bondage.de\/it\/wp-json\/wp\/v2\/media\/8601"}],"wp:attachment":[{"href":"https:\/\/bavarian-bondage.de\/it\/wp-json\/wp\/v2\/media?parent=2918"}],"wp:term":[{"taxonomy":"product_brand","embeddable":true,"href":"https:\/\/bavarian-bondage.de\/it\/wp-json\/wp\/v2\/product_brand?post=2918"},{"taxonomy":"product_cat","embeddable":true,"href":"https:\/\/bavarian-bondage.de\/it\/wp-json\/wp\/v2\/product_cat?post=2918"},{"taxonomy":"product_tag","embeddable":true,"href":"https:\/\/bavarian-bondage.de\/it\/wp-json\/wp\/v2\/product_tag?post=2918"}],"curies":[{"name":"parola chiave","href":"https:\/\/api.w.org\/{rel}","templated":true}]}}