{"id":2931,"date":"2020-10-17T12:56:21","date_gmt":"2020-10-17T10:56:21","guid":{"rendered":"https:\/\/bavarian-bondage.tivendo.com\/produkt\/import-placeholder-for-373\/"},"modified":"2026-04-16T10:38:34","modified_gmt":"2026-04-16T08:38:34","slug":"doppia-pagaia","status":"publish","type":"product","link":"https:\/\/bavarian-bondage.de\/it\/produkt\/doppelpaddel\/","title":{"rendered":"Doppia pagaia"},"content":{"rendered":"<h3 style=\"text-align: center\">Doppia pagaia<\/h3>\n<p style=\"text-align: center\">Una pagaia molto robusta realizzata in pelle di vacchetta composta da due lati. Un lato \u00e8 classico, l&#039;altro \u00e8 tagliato pi\u00f9 volte per creare un po&#039; di variet\u00e0. La doppia pagaia \u00e8 realizzata interamente in pelle, \u00e8 stata rinforzata sul manico e dispone di una tracolla.<\/p>\n<p style=\"text-align: center\">Una pagaia in vera pelle molto ben fatta e mobile che promette variet\u00e0.<\/p>\n<p>&nbsp;<\/p>\n<p><strong>Dettagli:<\/strong><\/p>\n<p>Materiale: pelle di vacchetta<br \/>\nColore: nero<br \/>\nLunghezza totale: 45 cm<br \/>\nLarghezza: 14 cm<\/p>\n<p>&nbsp;<\/p>\n<p><strong>Fornitura:<\/strong> 1 pagaia doppia<\/p>\n<p>&nbsp;<\/p>\n<hr \/>\n<blockquote>\n<p style=\"text-align: center\"><span style=\"color: #333399\">Le informazioni sui prodotti sono fornite al meglio delle nostre conoscenze e convinzioni. Tutte le dimensioni sono approssimative. L&#039;uso dei prodotti offerti qui nel negozio \u00e8 a tuo rischio e pericolo. Ogni persona reagisce in modo diverso agli influssi esterni, al piacere o al dolore, ecc. Pertanto non si assume alcuna responsabilit\u00e0 per un uso improprio.  Ogni utente \u00e8 pienamente responsabile dell&#039;uso o del corretto utilizzo dei prodotti e delle sue imprevedibili conseguenze.<\/span><\/p>\n<\/blockquote>","protected":false},"excerpt":{"rendered":"<p>Tempi di consegna: 5-7 giorni*<\/p>","protected":false},"featured_media":8638,"template":"","meta":[],"product_brand":[],"product_cat":[224,252],"product_tag":[253,254,255],"class_list":{"0":"post-2931","1":"product","2":"type-product","3":"status-publish","4":"has-post-thumbnail","6":"product_cat-lustschmerz","7":"product_cat-peitschen-gerten","8":"product_tag-doppelpaddel","9":"product_tag-echtleder","10":"product_tag-paddel","12":"first","13":"instock","14":"taxable","15":"shipping-taxable","16":"purchasable","17":"product-type-simple"},"_links":{"self":[{"href":"https:\/\/bavarian-bondage.de\/it\/wp-json\/wp\/v2\/product\/2931","targetHints":{"allow":["GET"]}}],"collection":[{"href":"https:\/\/bavarian-bondage.de\/it\/wp-json\/wp\/v2\/product"}],"about":[{"href":"https:\/\/bavarian-bondage.de\/it\/wp-json\/wp\/v2\/types\/product"}],"version-history":[{"count":3,"href":"https:\/\/bavarian-bondage.de\/it\/wp-json\/wp\/v2\/product\/2931\/revisions"}],"predecessor-version":[{"id":13978,"href":"https:\/\/bavarian-bondage.de\/it\/wp-json\/wp\/v2\/product\/2931\/revisions\/13978"}],"wp:featuredmedia":[{"embeddable":true,"href":"https:\/\/bavarian-bondage.de\/it\/wp-json\/wp\/v2\/media\/8638"}],"wp:attachment":[{"href":"https:\/\/bavarian-bondage.de\/it\/wp-json\/wp\/v2\/media?parent=2931"}],"wp:term":[{"taxonomy":"product_brand","embeddable":true,"href":"https:\/\/bavarian-bondage.de\/it\/wp-json\/wp\/v2\/product_brand?post=2931"},{"taxonomy":"product_cat","embeddable":true,"href":"https:\/\/bavarian-bondage.de\/it\/wp-json\/wp\/v2\/product_cat?post=2931"},{"taxonomy":"product_tag","embeddable":true,"href":"https:\/\/bavarian-bondage.de\/it\/wp-json\/wp\/v2\/product_tag?post=2931"}],"curies":[{"name":"parola chiave","href":"https:\/\/api.w.org\/{rel}","templated":true}]}}