{"id":2945,"date":"2020-10-17T12:56:29","date_gmt":"2020-10-17T10:56:29","guid":{"rendered":"https:\/\/bavarian-bondage.tivendo.com\/produkt\/import-placeholder-for-409\/"},"modified":"2026-01-28T17:22:51","modified_gmt":"2026-01-28T16:22:51","slug":"corda-di-canapa-lino-petrolio-5mm-corda-singola-esclusiva-8m","status":"publish","type":"product","link":"https:\/\/bavarian-bondage.de\/it\/produkt\/leinenhanfseil-petrol-5mm-exklusiv-einzelseil-8m\/","title":{"rendered":"Corda di canapa lino petrolio 5mm esclusivo; Corda singola 8m"},"content":{"rendered":"<h3 style=\"text-align: center\">Corda di canapa di lino 5mm petrolio ESCLUSIVO<\/h3>\n<p style=\"text-align: center\">La corda di canapa di lino 5mm EXCLUSIVE ha un forte colore verde scuro ed \u00e8 molto morbida ed elastica! \u00c8 stato trattato pi\u00f9 volte per mantenere la migliore qualit\u00e0. La corda colpisce per la sua struttura rotonda, uniforme e senza nodi su tutta la sua lunghezza. Inoltre le estremit\u00e0 sono legate con piccoli nodi. Poich\u00e9 le corde sono state tinte nel loro insieme, non sono completamente colorate. Le corde sottili da 5mm sono ideali per bondage artistico e abbinamenti con pi\u00f9 colori.<\/p>\n<p>&nbsp;<\/p>\n<p><strong>Dettagli:<\/strong><\/p>\n<p>Corda di canapa di lino 5mm petrolio ESCLUSIVO<br \/>\n3 alberi torniti<br \/>\nColore: petrolio<br \/>\nNodo traballante<br \/>\nLunghezza: 1x8 m<br \/>\n(La lunghezza della fune pu\u00f2 discostarsi dalla lunghezza specificata fino a 3%)<\/p>\n<p>&nbsp;<\/p>\n<p><span style=\"color: #ff0000\"><strong>Un avviso:<\/strong><\/span><\/p>\n<p>Controllare regolarmente che le corde non siano usurate o danneggiate! Se le corde vengono battute o attorcigliate, potrebbero allentarsi durante l&#039;uso!<br \/>\nLe corde sono state tinte nel loro insieme e non sono dello stesso colore fino al centro.<\/p>\n<p>&nbsp;<\/p>\n<p><strong>Fornitura:<\/strong> Corda di canapa di lino 1x8m 5mm petrolio ESCLUSIVO<\/p>\n<p>&nbsp;<\/p>\n<hr \/>\n<blockquote>\n<p style=\"text-align: center\"><span style=\"color: #333399\">Le informazioni sui prodotti sono fornite al meglio delle nostre conoscenze e convinzioni. Tutte le dimensioni sono approssimative. L&#039;uso dei prodotti offerti qui nel negozio \u00e8 a tuo rischio e pericolo. Ogni persona reagisce in modo diverso agli influssi esterni, al piacere o al dolore, ecc. Pertanto non si assume alcuna responsabilit\u00e0 per un uso improprio.  Ogni utente \u00e8 pienamente responsabile dell&#039;uso o del corretto utilizzo dei prodotti e delle sue imprevedibili conseguenze.<\/span><\/p>\n<\/blockquote>","protected":false},"excerpt":{"rendered":"<p>Prezzo base: 2,81 \u20ac\/mt<\/p>\n<p>Tempi di consegna: 5-7 giorni*<\/p>","protected":false},"featured_media":9108,"template":"","meta":[],"product_brand":[],"product_cat":[266,216,217,262],"product_tag":[268,528,261],"class_list":{"0":"post-2945","1":"product","2":"type-product","3":"status-publish","4":"has-post-thumbnail","6":"product_cat-petrol-edition","7":"product_cat-bondageseile","8":"product_cat-leinenhanfseil","9":"product_cat-leinenhanfseil-farbig","10":"product_tag-hanfseil-5mm","11":"product_tag-leinenhanfseil","12":"product_tag-bondageseil","14":"first","15":"instock","16":"taxable","17":"shipping-taxable","18":"purchasable","19":"product-type-simple"},"_links":{"self":[{"href":"https:\/\/bavarian-bondage.de\/it\/wp-json\/wp\/v2\/product\/2945","targetHints":{"allow":["GET"]}}],"collection":[{"href":"https:\/\/bavarian-bondage.de\/it\/wp-json\/wp\/v2\/product"}],"about":[{"href":"https:\/\/bavarian-bondage.de\/it\/wp-json\/wp\/v2\/types\/product"}],"version-history":[{"count":4,"href":"https:\/\/bavarian-bondage.de\/it\/wp-json\/wp\/v2\/product\/2945\/revisions"}],"predecessor-version":[{"id":13692,"href":"https:\/\/bavarian-bondage.de\/it\/wp-json\/wp\/v2\/product\/2945\/revisions\/13692"}],"wp:featuredmedia":[{"embeddable":true,"href":"https:\/\/bavarian-bondage.de\/it\/wp-json\/wp\/v2\/media\/9108"}],"wp:attachment":[{"href":"https:\/\/bavarian-bondage.de\/it\/wp-json\/wp\/v2\/media?parent=2945"}],"wp:term":[{"taxonomy":"product_brand","embeddable":true,"href":"https:\/\/bavarian-bondage.de\/it\/wp-json\/wp\/v2\/product_brand?post=2945"},{"taxonomy":"product_cat","embeddable":true,"href":"https:\/\/bavarian-bondage.de\/it\/wp-json\/wp\/v2\/product_cat?post=2945"},{"taxonomy":"product_tag","embeddable":true,"href":"https:\/\/bavarian-bondage.de\/it\/wp-json\/wp\/v2\/product_tag?post=2945"}],"curies":[{"name":"parola chiave","href":"https:\/\/api.w.org\/{rel}","templated":true}]}}