{"id":2948,"date":"2020-10-17T12:56:29","date_gmt":"2020-10-17T10:56:29","guid":{"rendered":"https:\/\/bavarian-bondage.tivendo.com\/produkt\/import-placeholder-for-418\/"},"modified":"2025-07-11T12:26:19","modified_gmt":"2025-07-11T10:26:19","slug":"corda-di-canapa-di-lino-verde-5mm-corda-singola-esclusiva-8m","status":"publish","type":"product","link":"https:\/\/bavarian-bondage.de\/it\/produkt\/leinenhanfseil-gruen-5mm-exklusiv-einzelseil-8m\/","title":{"rendered":"Corda di canapa di lino verde 5mm esclusiva; Corda singola 8m"},"content":{"rendered":"<h3 style=\"text-align: center\">Corda di canapa di lino 5mm verde ESCLUSIVO<\/h3>\n<p style=\"text-align: center\">Ampliare il set, sostituire le corde o verificarne la qualit\u00e0.<\/p>\n<p style=\"text-align: center\">La corda di canapa e lino 5mm EXCLUSIVE \u00e8 molto morbida ed elastica! \u00c8 stato trattato pi\u00f9 volte per mantenere la migliore qualit\u00e0. La corda colpisce per la sua struttura rotonda, uniforme e senza nodi su tutta la sua lunghezza. Inoltre le estremit\u00e0 sono decorate con piccoli nodini. Le corde sottili da 5 mm sono ideali per bondage artistico e abbinamenti con pi\u00f9 colori.<\/p>\n<p>&nbsp;<\/p>\n<p><strong>Dettagli:<\/strong><\/p>\n<p>Corda di canapa di lino 5mm verde ESCLUSIVO<br \/>\n3 alberi torniti<br \/>\nColore: verde<br \/>\nNodo traballante<br \/>\nLunghezza: 1x8 m<br \/>\n(La lunghezza della fune pu\u00f2 discostarsi dalla lunghezza specificata fino a 3%)<\/p>\n<p>&nbsp;<\/p>\n<p><span style=\"color: #ff0000\"><strong>Un avviso:<\/strong><\/span><\/p>\n<p>Controllare regolarmente che le corde non siano usurate o danneggiate! Se le corde vengono battute o attorcigliate, potrebbero allentarsi durante l&#039;uso!<br \/>\nLe corde sono state tinte nel loro insieme e non sono dello stesso colore fino al centro.<\/p>\n<p>&nbsp;<\/p>\n<p><strong>Fornitura:<\/strong> Corda di canapa di lino 1x8m 5mm verde ESCLUSIVO<\/p>\n<p>&nbsp;<\/p>\n<hr \/>\n<blockquote>\n<p style=\"text-align: center\"><span style=\"color: #333399\">Le informazioni sui prodotti sono fornite al meglio delle nostre conoscenze e convinzioni. Tutte le dimensioni sono approssimative. L&#039;uso dei prodotti offerti qui nel negozio \u00e8 a tuo rischio e pericolo. Ogni persona reagisce in modo diverso agli influssi esterni, al piacere o al dolore, ecc. Pertanto non si assume alcuna responsabilit\u00e0 per un uso improprio.  Ogni utente \u00e8 pienamente responsabile dell&#039;uso o del corretto utilizzo dei prodotti e delle sue imprevedibili conseguenze.<\/span><\/p>\n<\/blockquote>","protected":false},"excerpt":{"rendered":"<p>Prezzo base: 2,81 \u20ac\/mt<\/p>\n<p>Tempi di consegna: 5-7 giorni*<\/p>","protected":false},"featured_media":10273,"template":"","meta":[],"product_brand":[],"product_cat":[271,216,217,262],"product_tag":[268,528,261,267],"class_list":{"0":"post-2948","1":"product","2":"type-product","3":"status-publish","4":"has-post-thumbnail","6":"product_cat-green-edition","7":"product_cat-bondageseile","8":"product_cat-leinenhanfseil","9":"product_cat-leinenhanfseil-farbig","10":"product_tag-hanfseil-5mm","11":"product_tag-leinenhanfseil","12":"product_tag-bondageseil","13":"product_tag-gruen","15":"first","16":"instock","17":"taxable","18":"shipping-taxable","19":"purchasable","20":"product-type-simple"},"_links":{"self":[{"href":"https:\/\/bavarian-bondage.de\/it\/wp-json\/wp\/v2\/product\/2948","targetHints":{"allow":["GET"]}}],"collection":[{"href":"https:\/\/bavarian-bondage.de\/it\/wp-json\/wp\/v2\/product"}],"about":[{"href":"https:\/\/bavarian-bondage.de\/it\/wp-json\/wp\/v2\/types\/product"}],"version-history":[{"count":4,"href":"https:\/\/bavarian-bondage.de\/it\/wp-json\/wp\/v2\/product\/2948\/revisions"}],"predecessor-version":[{"id":13686,"href":"https:\/\/bavarian-bondage.de\/it\/wp-json\/wp\/v2\/product\/2948\/revisions\/13686"}],"wp:featuredmedia":[{"embeddable":true,"href":"https:\/\/bavarian-bondage.de\/it\/wp-json\/wp\/v2\/media\/10273"}],"wp:attachment":[{"href":"https:\/\/bavarian-bondage.de\/it\/wp-json\/wp\/v2\/media?parent=2948"}],"wp:term":[{"taxonomy":"product_brand","embeddable":true,"href":"https:\/\/bavarian-bondage.de\/it\/wp-json\/wp\/v2\/product_brand?post=2948"},{"taxonomy":"product_cat","embeddable":true,"href":"https:\/\/bavarian-bondage.de\/it\/wp-json\/wp\/v2\/product_cat?post=2948"},{"taxonomy":"product_tag","embeddable":true,"href":"https:\/\/bavarian-bondage.de\/it\/wp-json\/wp\/v2\/product_tag?post=2948"}],"curies":[{"name":"parola chiave","href":"https:\/\/api.w.org\/{rel}","templated":true}]}}