{"id":2982,"date":"2020-10-17T12:56:40","date_gmt":"2020-10-17T10:56:40","guid":{"rendered":"https:\/\/bavarian-bondage.tivendo.com\/produkt\/import-placeholder-for-501\/"},"modified":"2025-12-29T00:10:02","modified_gmt":"2025-12-28T23:10:02","slug":"corda-di-canapa-di-lino-blu-6mm-corda-singola-esclusiva-4m","status":"publish","type":"product","link":"https:\/\/bavarian-bondage.de\/it\/produkt\/leinenhanfseil-blau-6mm-exklusiv-einzelseil-4m\/","title":{"rendered":"Corda di canapa di lino blu 6mm esclusiva; Corda singola 4m"},"content":{"rendered":"<h3 style=\"text-align: center\">Corda di canapa di lino 6mm blu ESCLUSIVO<\/h3>\n<p style=\"text-align: center\">Ampliare il set, sostituire le corde o verificarne la qualit\u00e0.<\/p>\n<p style=\"text-align: center\">La corda di canapa e lino 6mm EXCLUSIVE \u00e8 molto morbida ed elastica! \u00c8 stato trattato pi\u00f9 volte per mantenere la migliore qualit\u00e0. La corda colpisce per la sua struttura rotonda, uniforme e senza nodi su tutta la sua lunghezza. Inoltre le estremit\u00e0 sono legate con piccoli nodi. Poich\u00e9 le corde sono state tinte nel loro insieme, non sono completamente colorate. Ci\u00f2 conferisce ai nodi un carattere speciale.<\/p>\n<p>&nbsp;<\/p>\n<p><strong>Dettagli:<\/strong><\/p>\n<p>Corda di canapa di lino 6mm blu ESCLUSIVO<br \/>\n3 alberi torniti<br \/>\nColore: blu<br \/>\nNodo traballante<br \/>\nLunghezza: 1x4m<br \/>\n(La lunghezza della fune pu\u00f2 discostarsi dalla lunghezza specificata fino a 3%)<\/p>\n<p>&nbsp;<\/p>\n<p><span style=\"color: #ff0000\"><strong>Un avviso:<\/strong><\/span><\/p>\n<p>Controllare regolarmente che le corde non siano usurate o danneggiate! Se le corde vengono battute o attorcigliate, potrebbero allentarsi durante l&#039;uso!<br \/>\nLe corde sono state tinte nel loro insieme e non sono dello stesso colore fino al centro.<\/p>\n<p>&nbsp;<\/p>\n<p><strong>Fornitura:<\/strong> Corda di canapa di lino 1x4m 6mm blu ESCLUSIVO<\/p>\n<p>&nbsp;<\/p>\n<hr \/>\n<blockquote>\n<p style=\"text-align: center\"><span style=\"color: #333399\">Le informazioni sui prodotti sono fornite al meglio delle nostre conoscenze e convinzioni. Tutte le dimensioni sono approssimative. L&#039;uso dei prodotti offerti qui nel negozio \u00e8 a tuo rischio e pericolo. Ogni persona reagisce in modo diverso agli influssi esterni, al piacere o al dolore, ecc. Pertanto non si assume alcuna responsabilit\u00e0 per un uso improprio.  Ogni utente \u00e8 pienamente responsabile dell&#039;uso o del corretto utilizzo dei prodotti e delle sue imprevedibili conseguenze.<\/span><\/p>\n<\/blockquote>","protected":false},"excerpt":{"rendered":"<p>Prezzo base: 3,13 \u20ac\/mt<\/p>\n<p>Tempi di consegna: 5-7 giorni*<\/p>","protected":false},"featured_media":9267,"template":"","meta":[],"product_brand":[],"product_cat":[216,217,262,263],"product_tag":[281,282,283,302,528],"class_list":{"0":"post-2982","1":"product","2":"type-product","3":"status-publish","4":"has-post-thumbnail","6":"product_cat-bondageseile","7":"product_cat-leinenhanfseil","8":"product_cat-leinenhanfseil-farbig","9":"product_cat-blue-edition","10":"product_tag-hanfseil-6mm","11":"product_tag-hanfseil-blau","12":"product_tag-rope","13":"product_tag-blau","14":"product_tag-leinenhanfseil","16":"first","17":"instock","18":"taxable","19":"shipping-taxable","20":"purchasable","21":"product-type-simple"},"_links":{"self":[{"href":"https:\/\/bavarian-bondage.de\/it\/wp-json\/wp\/v2\/product\/2982","targetHints":{"allow":["GET"]}}],"collection":[{"href":"https:\/\/bavarian-bondage.de\/it\/wp-json\/wp\/v2\/product"}],"about":[{"href":"https:\/\/bavarian-bondage.de\/it\/wp-json\/wp\/v2\/types\/product"}],"version-history":[{"count":4,"href":"https:\/\/bavarian-bondage.de\/it\/wp-json\/wp\/v2\/product\/2982\/revisions"}],"predecessor-version":[{"id":13658,"href":"https:\/\/bavarian-bondage.de\/it\/wp-json\/wp\/v2\/product\/2982\/revisions\/13658"}],"wp:featuredmedia":[{"embeddable":true,"href":"https:\/\/bavarian-bondage.de\/it\/wp-json\/wp\/v2\/media\/9267"}],"wp:attachment":[{"href":"https:\/\/bavarian-bondage.de\/it\/wp-json\/wp\/v2\/media?parent=2982"}],"wp:term":[{"taxonomy":"product_brand","embeddable":true,"href":"https:\/\/bavarian-bondage.de\/it\/wp-json\/wp\/v2\/product_brand?post=2982"},{"taxonomy":"product_cat","embeddable":true,"href":"https:\/\/bavarian-bondage.de\/it\/wp-json\/wp\/v2\/product_cat?post=2982"},{"taxonomy":"product_tag","embeddable":true,"href":"https:\/\/bavarian-bondage.de\/it\/wp-json\/wp\/v2\/product_tag?post=2982"}],"curies":[{"name":"parola chiave","href":"https:\/\/api.w.org\/{rel}","templated":true}]}}