{"id":2995,"date":"2020-10-17T12:58:41","date_gmt":"2020-10-17T10:58:41","guid":{"rendered":"https:\/\/bavarian-bondage.tivendo.com\/produkt\/import-placeholder-for-550\/"},"modified":"2025-11-14T12:27:49","modified_gmt":"2025-11-14T11:27:49","slug":"benda-in-pelle","status":"publish","type":"product","link":"https:\/\/bavarian-bondage.de\/it\/produkt\/leder-augenbinde\/","title":{"rendered":"Benda in pelle"},"content":{"rendered":"<h3 style=\"text-align: center\">Benda in pelle<\/h3>\n<p style=\"text-align: center\">Questa benda \u00e8 imbottita all&#039;interno per una vestibilit\u00e0 comoda. Questo \u00e8 fissato con una chiusura in velcro larga 15 mm.<\/p>\n<p>&nbsp;<\/p>\n<p><strong>Dettaglio:<\/strong><\/p>\n<p>Materiale: pelle, velcro<br \/>\nLunghezza benda: 40 cm<br \/>\nLarghezza benda: 7,5 cm<br \/>\nColore: nero<\/p>\n<p>&nbsp;<\/p>\n<p><strong>Fornitura:<\/strong> 1 benda in pelle imbottita con velcro<\/p>\n<p>&nbsp;<\/p>\n<hr \/>\n<blockquote>\n<p style=\"text-align: center\"><span style=\"color: #333399\">Le informazioni sui prodotti sono fornite al meglio delle nostre conoscenze e convinzioni. Tutte le dimensioni sono approssimative. L&#039;uso dei prodotti offerti qui nel negozio \u00e8 a tuo rischio e pericolo. Ogni persona reagisce in modo diverso agli influssi esterni, al piacere o al dolore, ecc. Pertanto non si assume alcuna responsabilit\u00e0 per un uso improprio.  Ogni utente \u00e8 pienamente responsabile dell&#039;uso o del corretto utilizzo dei prodotti e delle sue imprevedibili conseguenze.<\/span><\/p>\n<\/blockquote>","protected":false},"excerpt":{"rendered":"<p>Tempi di consegna: 5-7 giorni*<\/p>","protected":false},"featured_media":8586,"template":"","meta":[],"product_brand":[],"product_cat":[245,224],"product_tag":[246,306],"class_list":{"0":"post-2995","1":"product","2":"type-product","3":"status-publish","4":"has-post-thumbnail","6":"product_cat-augenbinden","7":"product_cat-lustschmerz","8":"product_tag-augenbinde","9":"product_tag-leder","11":"first","12":"instock","13":"taxable","14":"shipping-taxable","15":"purchasable","16":"product-type-simple"},"_links":{"self":[{"href":"https:\/\/bavarian-bondage.de\/it\/wp-json\/wp\/v2\/product\/2995","targetHints":{"allow":["GET"]}}],"collection":[{"href":"https:\/\/bavarian-bondage.de\/it\/wp-json\/wp\/v2\/product"}],"about":[{"href":"https:\/\/bavarian-bondage.de\/it\/wp-json\/wp\/v2\/types\/product"}],"version-history":[{"count":4,"href":"https:\/\/bavarian-bondage.de\/it\/wp-json\/wp\/v2\/product\/2995\/revisions"}],"predecessor-version":[{"id":13956,"href":"https:\/\/bavarian-bondage.de\/it\/wp-json\/wp\/v2\/product\/2995\/revisions\/13956"}],"wp:featuredmedia":[{"embeddable":true,"href":"https:\/\/bavarian-bondage.de\/it\/wp-json\/wp\/v2\/media\/8586"}],"wp:attachment":[{"href":"https:\/\/bavarian-bondage.de\/it\/wp-json\/wp\/v2\/media?parent=2995"}],"wp:term":[{"taxonomy":"product_brand","embeddable":true,"href":"https:\/\/bavarian-bondage.de\/it\/wp-json\/wp\/v2\/product_brand?post=2995"},{"taxonomy":"product_cat","embeddable":true,"href":"https:\/\/bavarian-bondage.de\/it\/wp-json\/wp\/v2\/product_cat?post=2995"},{"taxonomy":"product_tag","embeddable":true,"href":"https:\/\/bavarian-bondage.de\/it\/wp-json\/wp\/v2\/product_tag?post=2995"}],"curies":[{"name":"parola chiave","href":"https:\/\/api.w.org\/{rel}","templated":true}]}}