{"id":2999,"date":"2020-10-17T12:56:42","date_gmt":"2020-10-17T10:56:42","guid":{"rendered":"https:\/\/bavarian-bondage.tivendo.com\/produkt\/import-placeholder-for-570\/"},"modified":"2025-08-05T22:52:35","modified_gmt":"2025-08-05T20:52:35","slug":"pagaia-in-cuoio","status":"publish","type":"product","link":"https:\/\/bavarian-bondage.de\/it\/produkt\/lederpaddel\/","title":{"rendered":"Pagaia in cuoio"},"content":{"rendered":"<h3 style=\"text-align: center\">Pagaia in cuoio<\/h3>\n<p style=\"text-align: center\">Una pagaia in pelle molto classica con manico in legno nero che sta comodamente in mano e tracolla. La pelle in s\u00e9 non \u00e8 troppo spessa, piacevolmente morbida e flessibile.  Con una lunghezza totale di 46 cm e una larghezza di 9 cm, \u00e8 abbastanza grande per ottenere i migliori risultati possibili.<\/p>\n<p>&nbsp;<\/p>\n<p><strong>Dettagli:<\/strong><\/p>\n<p>Materiale: vera pelle, legno<br \/>\nColore: nero<br \/>\nLunghezza totale: 46 cm<br \/>\nLunghezza impugnatura: 24 cm<br \/>\nLarghezza: 9 cm<\/p>\n<p>&nbsp;<\/p>\n<p><strong>Fornitura:<\/strong> 1 pagaia in cuoio<\/p>\n<p>&nbsp;<\/p>\n<hr \/>\n<blockquote>\n<p style=\"text-align: center\"><span style=\"color: #333399\">\u00a0Le informazioni sui prodotti sono fornite al meglio delle nostre conoscenze e convinzioni. Tutte le dimensioni sono approssimative. L&#039;uso dei prodotti offerti qui nel negozio \u00e8 a tuo rischio e pericolo. Ogni persona reagisce in modo diverso agli influssi esterni, al piacere o al dolore, ecc. Pertanto non si assume alcuna responsabilit\u00e0 per un uso improprio.  Ogni utente \u00e8 pienamente responsabile dell&#039;uso o del corretto utilizzo dei prodotti e delle sue imprevedibili conseguenze.<\/span><\/p>\n<\/blockquote>","protected":false},"excerpt":{"rendered":"<p>Tempi di consegna: 5-7 giorni*<\/p>","protected":false},"featured_media":8636,"template":"","meta":[],"product_brand":[],"product_cat":[224,252],"product_tag":[254,314,315],"class_list":{"0":"post-2999","1":"product","2":"type-product","3":"status-publish","4":"has-post-thumbnail","6":"product_cat-lustschmerz","7":"product_cat-peitschen-gerten","8":"product_tag-echtleder","9":"product_tag-holzgriff","10":"product_tag-lederpaddel","12":"first","13":"instock","14":"taxable","15":"shipping-taxable","16":"purchasable","17":"product-type-simple"},"_links":{"self":[{"href":"https:\/\/bavarian-bondage.de\/it\/wp-json\/wp\/v2\/product\/2999","targetHints":{"allow":["GET"]}}],"collection":[{"href":"https:\/\/bavarian-bondage.de\/it\/wp-json\/wp\/v2\/product"}],"about":[{"href":"https:\/\/bavarian-bondage.de\/it\/wp-json\/wp\/v2\/types\/product"}],"version-history":[{"count":3,"href":"https:\/\/bavarian-bondage.de\/it\/wp-json\/wp\/v2\/product\/2999\/revisions"}],"predecessor-version":[{"id":13975,"href":"https:\/\/bavarian-bondage.de\/it\/wp-json\/wp\/v2\/product\/2999\/revisions\/13975"}],"wp:featuredmedia":[{"embeddable":true,"href":"https:\/\/bavarian-bondage.de\/it\/wp-json\/wp\/v2\/media\/8636"}],"wp:attachment":[{"href":"https:\/\/bavarian-bondage.de\/it\/wp-json\/wp\/v2\/media?parent=2999"}],"wp:term":[{"taxonomy":"product_brand","embeddable":true,"href":"https:\/\/bavarian-bondage.de\/it\/wp-json\/wp\/v2\/product_brand?post=2999"},{"taxonomy":"product_cat","embeddable":true,"href":"https:\/\/bavarian-bondage.de\/it\/wp-json\/wp\/v2\/product_cat?post=2999"},{"taxonomy":"product_tag","embeddable":true,"href":"https:\/\/bavarian-bondage.de\/it\/wp-json\/wp\/v2\/product_tag?post=2999"}],"curies":[{"name":"parola chiave","href":"https:\/\/api.w.org\/{rel}","templated":true}]}}