{"id":3007,"date":"2020-10-17T12:51:54","date_gmt":"2020-10-17T10:51:54","guid":{"rendered":"https:\/\/bavarian-bondage.tivendo.com\/produkt\/import-placeholder-for-609\/"},"modified":"2026-02-22T15:27:12","modified_gmt":"2026-02-22T14:27:12","slug":"corda-antiurto","status":"publish","type":"product","link":"https:\/\/bavarian-bondage.de\/it\/produkt\/schlagseil\/","title":{"rendered":"corda antiurto"},"content":{"rendered":"<h3 style=\"text-align: center\">corda antiurto<\/h3>\n<p style=\"text-align: center\">Le corde addominali stanno diventando sempre pi\u00f9 popolari. Una combinazione di frusta, frustino e pagaia in corda e gomma. Le corde da montare in offerta sono realizzate in corda di canapa da 6 mm in diversi colori e sono ricoperte di gomma, che ne facilita la pulizia. Puoi usare entrambe le estremit\u00e0 e il cappio per sculacciare. Le corde da impatto sono relativamente intense e, se usate pi\u00f9 duramente, i guardoli sono inevitabili.<\/p>\n<p style=\"text-align: center\">Con le corde da montare colorate, la gomma \u00e8 trasparente, leggermente pi\u00f9 sottile e pi\u00f9 flessibile. Con quella nera non \u00e8 la corda, ma la gomma che \u00e8 nera e anche leggermente pi\u00f9 spessa, il che conferisce alla corda nera ancora pi\u00f9 durezza.<\/p>\n<p>&nbsp;<\/p>\n<p><strong>Dettagli:<\/strong><\/p>\n<p>Materiale: corda di canapa, gomma<br \/>\nLunghezza: circa 40 cm<br \/>\nDiametro: circa 7 mm<br \/>\nColore: selezionabile<\/p>\n<p>&nbsp;<\/p>\n<p><strong>Fornitura:<\/strong> Corda da impatto 40 cm, colore selezionabile<\/p>\n<p>&nbsp;<\/p>\n<hr \/>\n<blockquote>\n<p style=\"text-align: center\"><span style=\"color: #333399\">Le informazioni sui prodotti sono fornite al meglio delle nostre conoscenze e convinzioni. Tutte le dimensioni sono approssimative. L&#039;uso dei prodotti offerti qui nel negozio \u00e8 a tuo rischio e pericolo. Ogni persona reagisce in modo diverso agli influssi esterni, al piacere o al dolore, ecc. Pertanto non si assume alcuna responsabilit\u00e0 per un uso improprio.  Ogni utente \u00e8 pienamente responsabile dell&#039;uso o del corretto utilizzo dei prodotti e delle sue imprevedibili conseguenze.<\/span><\/p>\n<\/blockquote>","protected":false},"excerpt":{"rendered":"<p>Tempi di consegna: 5-7 giorni*<\/p>","protected":false},"featured_media":9574,"template":"","meta":[],"product_brand":[],"product_cat":[224,252],"product_tag":[],"class_list":{"0":"post-3007","1":"product","2":"type-product","3":"status-publish","4":"has-post-thumbnail","6":"product_cat-lustschmerz","7":"product_cat-peitschen-gerten","9":"first","10":"instock","11":"taxable","12":"shipping-taxable","13":"purchasable","14":"product-type-variable"},"_links":{"self":[{"href":"https:\/\/bavarian-bondage.de\/it\/wp-json\/wp\/v2\/product\/3007","targetHints":{"allow":["GET"]}}],"collection":[{"href":"https:\/\/bavarian-bondage.de\/it\/wp-json\/wp\/v2\/product"}],"about":[{"href":"https:\/\/bavarian-bondage.de\/it\/wp-json\/wp\/v2\/types\/product"}],"version-history":[{"count":4,"href":"https:\/\/bavarian-bondage.de\/it\/wp-json\/wp\/v2\/product\/3007\/revisions"}],"predecessor-version":[{"id":13985,"href":"https:\/\/bavarian-bondage.de\/it\/wp-json\/wp\/v2\/product\/3007\/revisions\/13985"}],"wp:featuredmedia":[{"embeddable":true,"href":"https:\/\/bavarian-bondage.de\/it\/wp-json\/wp\/v2\/media\/9574"}],"wp:attachment":[{"href":"https:\/\/bavarian-bondage.de\/it\/wp-json\/wp\/v2\/media?parent=3007"}],"wp:term":[{"taxonomy":"product_brand","embeddable":true,"href":"https:\/\/bavarian-bondage.de\/it\/wp-json\/wp\/v2\/product_brand?post=3007"},{"taxonomy":"product_cat","embeddable":true,"href":"https:\/\/bavarian-bondage.de\/it\/wp-json\/wp\/v2\/product_cat?post=3007"},{"taxonomy":"product_tag","embeddable":true,"href":"https:\/\/bavarian-bondage.de\/it\/wp-json\/wp\/v2\/product_tag?post=3007"}],"curies":[{"name":"parola chiave","href":"https:\/\/api.w.org\/{rel}","templated":true}]}}