{"id":3018,"date":"2020-10-17T13:00:55","date_gmt":"2020-10-17T11:00:55","guid":{"rendered":"https:\/\/bavarian-bondage.tivendo.com\/produkt\/import-placeholder-for-632\/"},"modified":"2026-03-27T09:26:42","modified_gmt":"2026-03-27T08:26:42","slug":"set-esclusivo-in-corda-di-canapa-di-lino-naturale-5mm-10x8m-e-2x4m","status":"publish","type":"product","link":"https:\/\/bavarian-bondage.de\/it\/produkt\/leinenhanfseil-natur-5mm-exklusiv-set-10x8m-und-2x4m\/","title":{"rendered":"Corda di canapa di lino naturale 5mm Esclusivo; Set 10x8m e 2x4m"},"content":{"rendered":"<h3 style=\"text-align: center\">Corda di canapa di lino 5mm ESCLUSIVO!<\/h3>\n<p style=\"text-align: center\">Il grande set per grandi bondage. Un totale di 88 metri di corda bondage. Con questo set sei ben equipaggiato con le corde! La corda di canapa e lino 5mm EXCLUSIVE \u00e8 molto morbida ed elastica! \u00c8 stato trattato pi\u00f9 volte per mantenere la migliore qualit\u00e0. La corda colpisce per la sua struttura rotonda, uniforme e senza nodi su tutta la sua lunghezza. Inoltre le estremit\u00e0 sono dotate di piccoli nodi di giunzione. Con il suo diametro di 5 mm \u00e8 ideale per il bondage artistico.<\/p>\n<p style=\"text-align: left\"><strong>Dettagli:<\/strong><\/p>\n<p>Corda di canapa di lino 5mm ESCLUSIVA<br \/>\n3 alberi torniti<br \/>\nColore: grigio chiaro<br \/>\nNodo traballante<br \/>\nLunghezza: 10x8m \/ 2x4m<br \/>\n(La lunghezza della fune pu\u00f2 discostarsi dalla lunghezza specificata fino a 3%)<\/p>\n<blockquote><p>&nbsp;<\/p><\/blockquote>\n<p><strong><span style=\"color: #ff0000\">Un avviso:<\/span><\/strong><\/p>\n<p>Controllare regolarmente che le corde non siano usurate o danneggiate!<br \/>\nSe le corde vengono battute o attorcigliate, potrebbero allentarsi durante l&#039;uso!<\/p>\n<p><strong>Fornitura:<\/strong> Corda di canapa di lino 10x8m \/ 2x4m 5mm ESCLUSIVO<\/p>\n<p>&nbsp;<\/p>\n<hr \/>\n<blockquote>\n<p style=\"text-align: center\"><span style=\"color: #333399\">Le informazioni sui prodotti sono fornite al meglio delle nostre conoscenze e convinzioni. Tutte le dimensioni sono approssimative. L&#039;uso dei prodotti offerti qui nel negozio \u00e8 a tuo rischio e pericolo. Ogni persona reagisce in modo diverso agli influssi esterni, al piacere o al dolore, ecc. Pertanto non si assume alcuna responsabilit\u00e0 per un uso improprio.  Ogni utente \u00e8 pienamente responsabile dell&#039;uso o del corretto utilizzo dei prodotti e delle sue imprevedibili conseguenze.<\/span><\/p>\n<\/blockquote>\n<p>&nbsp;<\/p>","protected":false},"excerpt":{"rendered":"<p>Prezzo base: 1,99 \u20ac\/mt<\/p>\n<p>Tempi di consegna: 5-7 giorni*<\/p>","protected":false},"featured_media":9406,"template":"","meta":[],"product_brand":[],"product_cat":[216,217,218],"product_tag":[261,221,260],"class_list":{"0":"post-3018","1":"product","2":"type-product","3":"status-publish","4":"has-post-thumbnail","6":"product_cat-bondageseile","7":"product_cat-leinenhanfseil","8":"product_cat-leinenhanfseil-natur","9":"product_tag-bondageseil","10":"product_tag-seilset","11":"product_tag-hanfseil","13":"first","14":"instock","15":"taxable","16":"shipping-taxable","17":"purchasable","18":"product-type-simple"},"_links":{"self":[{"href":"https:\/\/bavarian-bondage.de\/it\/wp-json\/wp\/v2\/product\/3018","targetHints":{"allow":["GET"]}}],"collection":[{"href":"https:\/\/bavarian-bondage.de\/it\/wp-json\/wp\/v2\/product"}],"about":[{"href":"https:\/\/bavarian-bondage.de\/it\/wp-json\/wp\/v2\/types\/product"}],"version-history":[{"count":7,"href":"https:\/\/bavarian-bondage.de\/it\/wp-json\/wp\/v2\/product\/3018\/revisions"}],"predecessor-version":[{"id":6153,"href":"https:\/\/bavarian-bondage.de\/it\/wp-json\/wp\/v2\/product\/3018\/revisions\/6153"}],"wp:featuredmedia":[{"embeddable":true,"href":"https:\/\/bavarian-bondage.de\/it\/wp-json\/wp\/v2\/media\/9406"}],"wp:attachment":[{"href":"https:\/\/bavarian-bondage.de\/it\/wp-json\/wp\/v2\/media?parent=3018"}],"wp:term":[{"taxonomy":"product_brand","embeddable":true,"href":"https:\/\/bavarian-bondage.de\/it\/wp-json\/wp\/v2\/product_brand?post=3018"},{"taxonomy":"product_cat","embeddable":true,"href":"https:\/\/bavarian-bondage.de\/it\/wp-json\/wp\/v2\/product_cat?post=3018"},{"taxonomy":"product_tag","embeddable":true,"href":"https:\/\/bavarian-bondage.de\/it\/wp-json\/wp\/v2\/product_tag?post=3018"}],"curies":[{"name":"parola chiave","href":"https:\/\/api.w.org\/{rel}","templated":true}]}}