{"id":3036,"date":"2020-10-17T12:57:03","date_gmt":"2020-10-17T10:57:03","guid":{"rendered":"https:\/\/bavarian-bondage.tivendo.com\/produkt\/import-placeholder-for-680\/"},"modified":"2026-04-22T07:24:50","modified_gmt":"2026-04-22T05:24:50","slug":"set-esclusivo-in-corda-di-canapa-di-lino-naturale-6mm-3x8m","status":"publish","type":"product","link":"https:\/\/bavarian-bondage.de\/it\/produkt\/leinenhanfseil-natur-6mm-exklusiv-set-3x8m\/","title":{"rendered":"Corda di canapa di lino naturale 6mm Esclusivo; Set 3x8m"},"content":{"rendered":"<h3 style=\"text-align: center\">Corda di canapa di lino 6mm ESCLUSIVO!<\/h3>\n<p style=\"text-align: center\">Per la partenza e le prime legature bastano tre corde!<\/p>\n<p style=\"text-align: center\">La corda ESCLUSIVA in lino e canapa da 6 mm \u00e8 morbidissima ed elastica! \u00c8 stata sottoposta a molteplici trattamenti per garantirne la massima qualit\u00e0. La corda vanta una struttura rotonda, uniforme e senza nodi su tutta la sua lunghezza. Inoltre, le estremit\u00e0 sono rifinite con piccoli nodi a impiombatura.<\/p>\n<p><strong>Dettagli:<\/strong><\/p>\n<p>Corda di canapa di lino 6mm ESCLUSIVA<br \/>\n3 alberi torniti<br \/>\nColore: grigio chiaro<br \/>\nNodo traballante<br \/>\nLunghezza: 3x8 m<br \/>\n(La lunghezza della fune pu\u00f2 discostarsi fino a 3% dalla lunghezza indicata.)<\/p>\n<p>&nbsp;<\/p>\n<p><span style=\"color: #ff0000\"><strong>Un avviso:<\/strong><\/span><\/p>\n<p>Controllare regolarmente che le corde non siano usurate o danneggiate!<br \/>\nSe le corde vengono battute o attorcigliate, potrebbero allentarsi durante l&#039;uso!<\/p>\n<p>&nbsp;<\/p>\n<p><strong>Fornitura:<\/strong> Corda di canapa di lino 3x8m 6mm ESCLUSIVA<\/p>\n<p>&nbsp;<\/p>\n<hr \/>\n<blockquote>\n<p style=\"text-align: center\"><span style=\"color: #333399\">\u00a0Le informazioni sui prodotti sono fornite al meglio delle nostre conoscenze e convinzioni. Tutte le dimensioni sono approssimative. L&#039;uso dei prodotti offerti qui nel negozio \u00e8 a tuo rischio e pericolo. Ogni persona reagisce in modo diverso agli influssi esterni, al piacere o al dolore, ecc. Pertanto non si assume alcuna responsabilit\u00e0 per un uso improprio.  Ogni utente \u00e8 pienamente responsabile dell&#039;uso o del corretto utilizzo dei prodotti e delle sue imprevedibili conseguenze.<\/span><\/p>\n<\/blockquote>","protected":false},"excerpt":{"rendered":"<p>Prezzo base: 2,38 \u20ac\/mt<\/p>\n<p>Tempi di consegna: 5-7 giorni*<\/p>","protected":false},"featured_media":9393,"template":"","meta":[],"product_brand":[],"product_cat":[216,217,218],"product_tag":[221,260,261,284],"class_list":{"0":"post-3036","1":"product","2":"type-product","3":"status-publish","4":"has-post-thumbnail","6":"product_cat-bondageseile","7":"product_cat-leinenhanfseil","8":"product_cat-leinenhanfseil-natur","9":"product_tag-seilset","10":"product_tag-hanfseil","11":"product_tag-bondageseil","12":"product_tag-6mm","14":"first","15":"instock","16":"taxable","17":"shipping-taxable","18":"purchasable","19":"product-type-simple"},"_links":{"self":[{"href":"https:\/\/bavarian-bondage.de\/it\/wp-json\/wp\/v2\/product\/3036","targetHints":{"allow":["GET"]}}],"collection":[{"href":"https:\/\/bavarian-bondage.de\/it\/wp-json\/wp\/v2\/product"}],"about":[{"href":"https:\/\/bavarian-bondage.de\/it\/wp-json\/wp\/v2\/types\/product"}],"version-history":[{"count":5,"href":"https:\/\/bavarian-bondage.de\/it\/wp-json\/wp\/v2\/product\/3036\/revisions"}],"predecessor-version":[{"id":16519,"href":"https:\/\/bavarian-bondage.de\/it\/wp-json\/wp\/v2\/product\/3036\/revisions\/16519"}],"wp:featuredmedia":[{"embeddable":true,"href":"https:\/\/bavarian-bondage.de\/it\/wp-json\/wp\/v2\/media\/9393"}],"wp:attachment":[{"href":"https:\/\/bavarian-bondage.de\/it\/wp-json\/wp\/v2\/media?parent=3036"}],"wp:term":[{"taxonomy":"product_brand","embeddable":true,"href":"https:\/\/bavarian-bondage.de\/it\/wp-json\/wp\/v2\/product_brand?post=3036"},{"taxonomy":"product_cat","embeddable":true,"href":"https:\/\/bavarian-bondage.de\/it\/wp-json\/wp\/v2\/product_cat?post=3036"},{"taxonomy":"product_tag","embeddable":true,"href":"https:\/\/bavarian-bondage.de\/it\/wp-json\/wp\/v2\/product_tag?post=3036"}],"curies":[{"name":"parola chiave","href":"https:\/\/api.w.org\/{rel}","templated":true}]}}