{"id":3056,"date":"2020-10-17T12:57:05","date_gmt":"2020-10-17T10:57:05","guid":{"rendered":"https:\/\/bavarian-bondage.tivendo.com\/produkt\/import-placeholder-for-731\/"},"modified":"2026-03-04T10:12:02","modified_gmt":"2026-03-04T09:12:02","slug":"set-esclusivo-in-corda-di-canapa-lino-petrolio-6mm-7x8m-e-2x4m","status":"publish","type":"product","link":"https:\/\/bavarian-bondage.de\/it\/produkt\/leinenhanfseil-petrol-6mm-exklusiv-set-7x8m-und-2x4m\/","title":{"rendered":"Corda di canapa lino petrolio 6mm esclusivo; Set 7x8m e 2x4m"},"content":{"rendered":"<h3 style=\"text-align: center\">Corda di canapa di lino 6mm petrolio ESCLUSIVO<\/h3>\n<p style=\"text-align: center\">Colore petrolio uniforme e forte.<\/p>\n<p style=\"text-align: center\">Il set di corde 7x8m pu\u00f2 essere descritto come un classico. Il tutto \u00e8 completato da due corde corte, che offrono un&#039;ampia gamma di possibilit\u00e0. La corda di canapa e lino 6mm EXCLUSIVE \u00e8 molto morbida ed elastica! \u00c8 stato trattato pi\u00f9 volte per mantenere la migliore qualit\u00e0. La corda colpisce per la sua struttura rotonda, uniforme e senza nodi su tutta la sua lunghezza. Inoltre le estremit\u00e0 sono decorate con piccoli nodini.<\/p>\n<p><strong>Dettagli:<\/strong><\/p>\n<p>Corda di canapa di lino 6mm petrolio ESCLUSIVO<br \/>\n3 alberi torniti<br \/>\nColore: petrolio<br \/>\nNodo traballante<br \/>\nLunghezza: 7x8m \/ 2x4m<br \/>\n(La lunghezza della fune pu\u00f2 discostarsi dalla lunghezza specificata fino a 3%)<\/p>\n<p>&nbsp;<\/p>\n<p><span style=\"color: #ff0000\"><strong>Un avviso:<\/strong><\/span><\/p>\n<p>Controllare regolarmente che le corde non siano usurate o danneggiate! Se le corde vengono battute o attorcigliate, potrebbero allentarsi durante l&#039;uso! Le corde sono state tinte nel loro insieme e non sono dello stesso colore fino al centro.<\/p>\n<p>&nbsp;<\/p>\n<p><strong>Fornitura:\u00a0<\/strong>Set corda 7x8m e 2x4m corda di canapa lino 6mm benzina ESCLUSIVO<\/p>\n<p>&nbsp;<\/p>\n<hr \/>\n<blockquote>\n<p style=\"text-align: center\"><span style=\"color: #333399\">Le informazioni sui prodotti sono fornite al meglio delle nostre conoscenze e convinzioni. Tutte le dimensioni sono approssimative. L&#039;uso dei prodotti offerti qui nel negozio \u00e8 a tuo rischio e pericolo. Ogni persona reagisce in modo diverso agli influssi esterni, al piacere o al dolore, ecc. Pertanto non si assume alcuna responsabilit\u00e0 per un uso improprio.  Ogni utente \u00e8 pienamente responsabile dell&#039;uso o del corretto utilizzo dei prodotti e delle sue imprevedibili conseguenze.<\/span><\/p>\n<\/blockquote>","protected":false},"excerpt":{"rendered":"<p>Prezzo base: 2,48 \u20ac\/mt<\/p>\n<p>Tempi di consegna: 5-7 giorni*<\/p>","protected":false},"featured_media":9703,"template":"","meta":[],"product_brand":[],"product_cat":[217,262,266,216],"product_tag":[260,261,284,530],"class_list":{"0":"post-3056","1":"product","2":"type-product","3":"status-publish","4":"has-post-thumbnail","6":"product_cat-leinenhanfseil","7":"product_cat-leinenhanfseil-farbig","8":"product_cat-petrol-edition","9":"product_cat-bondageseile","10":"product_tag-hanfseil","11":"product_tag-bondageseil","12":"product_tag-6mm","13":"product_tag-leinenhafseil","15":"first","16":"outofstock","17":"taxable","18":"shipping-taxable","19":"purchasable","20":"product-type-simple"},"_links":{"self":[{"href":"https:\/\/bavarian-bondage.de\/it\/wp-json\/wp\/v2\/product\/3056","targetHints":{"allow":["GET"]}}],"collection":[{"href":"https:\/\/bavarian-bondage.de\/it\/wp-json\/wp\/v2\/product"}],"about":[{"href":"https:\/\/bavarian-bondage.de\/it\/wp-json\/wp\/v2\/types\/product"}],"version-history":[{"count":4,"href":"https:\/\/bavarian-bondage.de\/it\/wp-json\/wp\/v2\/product\/3056\/revisions"}],"predecessor-version":[{"id":13697,"href":"https:\/\/bavarian-bondage.de\/it\/wp-json\/wp\/v2\/product\/3056\/revisions\/13697"}],"wp:featuredmedia":[{"embeddable":true,"href":"https:\/\/bavarian-bondage.de\/it\/wp-json\/wp\/v2\/media\/9703"}],"wp:attachment":[{"href":"https:\/\/bavarian-bondage.de\/it\/wp-json\/wp\/v2\/media?parent=3056"}],"wp:term":[{"taxonomy":"product_brand","embeddable":true,"href":"https:\/\/bavarian-bondage.de\/it\/wp-json\/wp\/v2\/product_brand?post=3056"},{"taxonomy":"product_cat","embeddable":true,"href":"https:\/\/bavarian-bondage.de\/it\/wp-json\/wp\/v2\/product_cat?post=3056"},{"taxonomy":"product_tag","embeddable":true,"href":"https:\/\/bavarian-bondage.de\/it\/wp-json\/wp\/v2\/product_tag?post=3056"}],"curies":[{"name":"parola chiave","href":"https:\/\/api.w.org\/{rel}","templated":true}]}}