{"id":3061,"date":"2020-10-17T12:57:05","date_gmt":"2020-10-17T10:57:05","guid":{"rendered":"https:\/\/bavarian-bondage.tivendo.com\/produkt\/import-placeholder-for-745\/"},"modified":"2026-03-04T10:02:26","modified_gmt":"2026-03-04T09:02:26","slug":"set-esclusivo-in-corda-di-canapa-di-lino-bacca-6mm-7x8m-e-2x4m","status":"publish","type":"product","link":"https:\/\/bavarian-bondage.de\/it\/produkt\/leinenhanfseil-beere-6mm-exklusiv-set-7x8m-und-2x4m\/","title":{"rendered":"Bacca di corda di canapa di lino 6mm esclusiva; Set 7x8m e 2x4m"},"content":{"rendered":"<h3 style=\"text-align: center\">Corda di canapa di lino 6mm bacca ESCLUSIVA<\/h3>\n<p style=\"text-align: center\">Questo set di corde 7x8 m pu\u00f2 gi\u00e0 essere considerato un classico. \u00c8 completato da due corde pi\u00f9 corte, offrendo un&#039;ampia gamma di possibilit\u00e0. La corda ESCLUSIVA in lino e canapa da 6 mm \u00e8 eccezionalmente morbida ed elastica! \u00c8 stata sottoposta a molteplici trattamenti per garantire la massima qualit\u00e0. La corda vanta una struttura rotonda, uniforme e senza nodi su tutta la sua lunghezza. Inoltre, le estremit\u00e0 sono rifinite con piccoli nodi.<\/p>\n<p><strong>Dettagli:<\/strong><\/p>\n<p>Corda di canapa di lino 6mm bacca ESCLUSIVA<br \/>\n3 alberi torniti<br \/>\nColore: bacca<br \/>\nNodo traballante<br \/>\nLunghezza: 7x8m \/ 2x4m<br \/>\n(La lunghezza della fune pu\u00f2 discostarsi fino a 3% dalla lunghezza indicata.)<\/p>\n<p>&nbsp;<\/p>\n<p><span style=\"color: #ff0000\"><strong>Un avviso:<\/strong><\/span><\/p>\n<p>Controllare regolarmente le corde per verificare che non siano usurate o danneggiate! Se le corde sono attorcigliate o arrotolate, pu\u00f2 succedere che si allentino durante l&#039;uso.<br \/>\nLe corde sono state tinte nel loro insieme e non sono dello stesso colore fino al centro<\/p>\n<p><strong>Fornitura:<\/strong> Set corda 7x8m e 2x4m corda di canapa di lino 6mm berry ESCLUSIVO<\/p>\n<p>&nbsp;<\/p>\n<hr \/>\n<blockquote>\n<p style=\"text-align: center\"><span style=\"color: #333399\">\u00a0Le informazioni sui prodotti sono fornite al meglio delle nostre conoscenze e convinzioni. Tutte le dimensioni sono approssimative. L&#039;uso dei prodotti offerti qui nel negozio \u00e8 a tuo rischio e pericolo. Ogni persona reagisce in modo diverso agli influssi esterni, al piacere o al dolore, ecc. Pertanto non si assume alcuna responsabilit\u00e0 per un uso improprio.  Ogni utente \u00e8 pienamente responsabile dell&#039;uso o del corretto utilizzo dei prodotti e delle sue imprevedibili conseguenze.<\/span><\/p>\n<\/blockquote>","protected":false},"excerpt":{"rendered":"<p>Prezzo base: 2,48 \u20ac\/mt<\/p>\n<p>Tempi di consegna: 5-7 giorni*<\/p>","protected":false},"featured_media":9143,"template":"","meta":[],"product_brand":[],"product_cat":[262,272,216,217],"product_tag":[284,528,261],"class_list":{"0":"post-3061","1":"product","2":"type-product","3":"status-publish","4":"has-post-thumbnail","6":"product_cat-leinenhanfseil-farbig","7":"product_cat-purple-edition","8":"product_cat-bondageseile","9":"product_cat-leinenhanfseil","10":"product_tag-6mm","11":"product_tag-leinenhanfseil","12":"product_tag-bondageseil","14":"first","15":"outofstock","16":"taxable","17":"shipping-taxable","18":"purchasable","19":"product-type-simple"},"_links":{"self":[{"href":"https:\/\/bavarian-bondage.de\/it\/wp-json\/wp\/v2\/product\/3061","targetHints":{"allow":["GET"]}}],"collection":[{"href":"https:\/\/bavarian-bondage.de\/it\/wp-json\/wp\/v2\/product"}],"about":[{"href":"https:\/\/bavarian-bondage.de\/it\/wp-json\/wp\/v2\/types\/product"}],"version-history":[{"count":5,"href":"https:\/\/bavarian-bondage.de\/it\/wp-json\/wp\/v2\/product\/3061\/revisions"}],"predecessor-version":[{"id":16514,"href":"https:\/\/bavarian-bondage.de\/it\/wp-json\/wp\/v2\/product\/3061\/revisions\/16514"}],"wp:featuredmedia":[{"embeddable":true,"href":"https:\/\/bavarian-bondage.de\/it\/wp-json\/wp\/v2\/media\/9143"}],"wp:attachment":[{"href":"https:\/\/bavarian-bondage.de\/it\/wp-json\/wp\/v2\/media?parent=3061"}],"wp:term":[{"taxonomy":"product_brand","embeddable":true,"href":"https:\/\/bavarian-bondage.de\/it\/wp-json\/wp\/v2\/product_brand?post=3061"},{"taxonomy":"product_cat","embeddable":true,"href":"https:\/\/bavarian-bondage.de\/it\/wp-json\/wp\/v2\/product_cat?post=3061"},{"taxonomy":"product_tag","embeddable":true,"href":"https:\/\/bavarian-bondage.de\/it\/wp-json\/wp\/v2\/product_tag?post=3061"}],"curies":[{"name":"parola chiave","href":"https:\/\/api.w.org\/{rel}","templated":true}]}}