{"id":3062,"date":"2020-10-17T12:59:05","date_gmt":"2020-10-17T10:59:05","guid":{"rendered":"https:\/\/bavarian-bondage.tivendo.com\/produkt\/import-placeholder-for-747\/"},"modified":"2026-02-07T10:33:47","modified_gmt":"2026-02-07T09:33:47","slug":"set-esclusivo-in-corda-di-canapa-di-lino-rosa-6mm-7x8m-e-2x4m","status":"publish","type":"product","link":"https:\/\/bavarian-bondage.de\/it\/produkt\/leinenhanfseil-pink-6mm-exklusiv-set-7x8m-und-2x4m\/","title":{"rendered":"Corda di canapa di lino rosa 6mm esclusiva; Set 7x8m e 2x4m"},"content":{"rendered":"<h3 style=\"text-align: center\">Corda di canapa di lino 6mm rosa ESCLUSIVA<\/h3>\n<p style=\"text-align: center\">Il set di corde 7x8m pu\u00f2 essere descritto come un classico. Il tutto \u00e8 completato da due corde corte, che offrono un&#039;ampia gamma di possibilit\u00e0. La corda di canapa e lino 6mm EXCLUSIVE \u00e8 molto morbida ed elastica! \u00c8 stato trattato pi\u00f9 volte per mantenere la migliore qualit\u00e0. La corda colpisce per la sua struttura rotonda, uniforme e senza nodi su tutta la sua lunghezza. Inoltre le estremit\u00e0 sono decorate con piccoli nodini.<\/p>\n<p><strong>Dettagli:<\/strong><\/p>\n<p>Corda di canapa di lino 6mm rosa ESCLUSIVO<br \/>\n3 alberi torniti<br \/>\nColore: rosa<br \/>\nNodo traballante<br \/>\nLunghezza: 7x8m \/ 2x4m<br \/>\n(La lunghezza della fune pu\u00f2 discostarsi dalla lunghezza specificata fino a 3%)<\/p>\n<p>&nbsp;<\/p>\n<p><span style=\"color: #ff0000\"><strong>Un avviso:<\/strong><\/span><\/p>\n<p>Controllare regolarmente che le corde non siano usurate o danneggiate! Se le corde vengono battute o attorcigliate, potrebbero allentarsi durante l&#039;uso!<br \/>\nLe corde sono state tinte nel loro insieme e non sono dello stesso colore fino al centro.<\/p>\n<p>&nbsp;<\/p>\n<p><strong>Fornitura:<\/strong> Set corda 7x8m e 2x4m corda di canapa di lino 6mm rosa ESCLUSIVO<\/p>\n<p>&nbsp;<\/p>\n<hr \/>\n<blockquote>\n<p style=\"text-align: center\"><span style=\"color: #333399\">Le informazioni sui prodotti sono fornite al meglio delle nostre conoscenze e convinzioni. Tutte le dimensioni sono approssimative. L&#039;uso dei prodotti offerti qui nel negozio \u00e8 a tuo rischio e pericolo. Ogni persona reagisce in modo diverso agli influssi esterni, al piacere o al dolore, ecc. Pertanto non si assume alcuna responsabilit\u00e0 per un uso improprio.  Ogni utente \u00e8 pienamente responsabile dell&#039;uso o del corretto utilizzo dei prodotti e delle sue imprevedibili conseguenze.<\/span><\/p>\n<\/blockquote>","protected":false},"excerpt":{"rendered":"<p>Prezzo base: 2,48 \u20ac\/mt<\/p>\n<p>Tempi di consegna: 5-7 giorni*<\/p>","protected":false},"featured_media":10292,"template":"","meta":[],"product_brand":[],"product_cat":[216,217,262,275],"product_tag":[531,261,281],"class_list":{"0":"post-3062","1":"product","2":"type-product","3":"status-publish","4":"has-post-thumbnail","6":"product_cat-bondageseile","7":"product_cat-leinenhanfseil","8":"product_cat-leinenhanfseil-farbig","9":"product_cat-pink-edition","10":"product_tag-leinenhanfseil-pink","11":"product_tag-bondageseil","12":"product_tag-hanfseil-6mm","14":"first","15":"instock","16":"taxable","17":"shipping-taxable","18":"purchasable","19":"product-type-simple"},"_links":{"self":[{"href":"https:\/\/bavarian-bondage.de\/it\/wp-json\/wp\/v2\/product\/3062","targetHints":{"allow":["GET"]}}],"collection":[{"href":"https:\/\/bavarian-bondage.de\/it\/wp-json\/wp\/v2\/product"}],"about":[{"href":"https:\/\/bavarian-bondage.de\/it\/wp-json\/wp\/v2\/types\/product"}],"version-history":[{"count":6,"href":"https:\/\/bavarian-bondage.de\/it\/wp-json\/wp\/v2\/product\/3062\/revisions"}],"predecessor-version":[{"id":13698,"href":"https:\/\/bavarian-bondage.de\/it\/wp-json\/wp\/v2\/product\/3062\/revisions\/13698"}],"wp:featuredmedia":[{"embeddable":true,"href":"https:\/\/bavarian-bondage.de\/it\/wp-json\/wp\/v2\/media\/10292"}],"wp:attachment":[{"href":"https:\/\/bavarian-bondage.de\/it\/wp-json\/wp\/v2\/media?parent=3062"}],"wp:term":[{"taxonomy":"product_brand","embeddable":true,"href":"https:\/\/bavarian-bondage.de\/it\/wp-json\/wp\/v2\/product_brand?post=3062"},{"taxonomy":"product_cat","embeddable":true,"href":"https:\/\/bavarian-bondage.de\/it\/wp-json\/wp\/v2\/product_cat?post=3062"},{"taxonomy":"product_tag","embeddable":true,"href":"https:\/\/bavarian-bondage.de\/it\/wp-json\/wp\/v2\/product_tag?post=3062"}],"curies":[{"name":"parola chiave","href":"https:\/\/api.w.org\/{rel}","templated":true}]}}