{"id":3064,"date":"2020-10-17T12:57:12","date_gmt":"2020-10-17T10:57:12","guid":{"rendered":"https:\/\/bavarian-bondage.tivendo.com\/produkt\/import-placeholder-for-751\/"},"modified":"2026-03-08T23:19:26","modified_gmt":"2026-03-08T22:19:26","slug":"corda-di-canapa-di-lino-nera-6mm-set-esclusivo-7x8m-e-2x4m","status":"publish","type":"product","link":"https:\/\/bavarian-bondage.de\/it\/produkt\/leinenhanfseil-schwarz-6mm-exklusiv-set-7x8m-und-2x4m\/","title":{"rendered":"Corda di canapa di lino nera 6mm esclusiva; Set 7x8m e 2x4m"},"content":{"rendered":"<h3 style=\"text-align: center\">Corda di canapa di lino 6mm nera ESCLUSIVA<\/h3>\n<p style=\"text-align: center\">Questo set di corde 7x8 m pu\u00f2 gi\u00e0 essere considerato un classico. \u00c8 completato da due corde pi\u00f9 corte, offrendo un&#039;ampia gamma di possibilit\u00e0. La corda ESCLUSIVA in lino e canapa da 6 mm \u00e8 eccezionalmente morbida ed elastica! \u00c8 stata sottoposta a molteplici trattamenti per garantire la massima qualit\u00e0. La corda vanta una struttura rotonda, uniforme e senza nodi su tutta la sua lunghezza. Inoltre, le estremit\u00e0 sono rifinite con piccoli nodi. Poich\u00e9 le corde sono tinte in massa, non sono completamente tinte.<\/p>\n<p>&nbsp;<\/p>\n<p><strong>Dettagli:<\/strong><\/p>\n<p>Corda di canapa di lino 6mm nera ESCLUSIVA<br \/>\n3 alberi torniti<br \/>\nColore: nero<br \/>\nNodo traballante<br \/>\nLunghezza: 7x8m \/ 2x4m<br \/>\n(La lunghezza della fune pu\u00f2 discostarsi fino a 3% dalla lunghezza indicata.)<\/p>\n<p>&nbsp;<\/p>\n<p><strong><span style=\"color: #ff0000\">Un avviso:<\/span><\/strong><\/p>\n<p>Controllare regolarmente le corde per verificare che non siano usurate o danneggiate! Se le corde sono attorcigliate o arrotolate, pu\u00f2 succedere che si allentino durante l&#039;uso.<br \/>\nLe corde sono state tinte nel loro insieme e non sono dello stesso colore fino al centro.<\/p>\n<p>&nbsp;<\/p>\n<p><strong>Fornitura:<\/strong> Set di corde 7x8m e 2x4m corda di canapa di lino 6mm nera ESCLUSIVA<\/p>\n<p>&nbsp;<\/p>\n<blockquote>\n<hr \/>\n<p style=\"text-align: center\"><span style=\"color: #333399\">\u00a0Le informazioni sui prodotti sono fornite al meglio delle nostre conoscenze e convinzioni. Tutte le dimensioni sono approssimative. L&#039;uso dei prodotti offerti qui nel negozio \u00e8 a tuo rischio e pericolo. Ogni persona reagisce in modo diverso agli influssi esterni, al piacere o al dolore, ecc. Pertanto non si assume alcuna responsabilit\u00e0 per un uso improprio.  Ogni utente \u00e8 pienamente responsabile dell&#039;uso o del corretto utilizzo dei prodotti e delle sue imprevedibili conseguenze.<\/span><\/p>\n<\/blockquote>","protected":false},"excerpt":{"rendered":"<p>Prezzo base: 2,48 \u20ac\/mt<\/p>\n<p>Tempi di consegna: 5-7 giorni*<\/p>","protected":false},"featured_media":9730,"template":"","meta":[],"product_brand":[],"product_cat":[216,217,262,279],"product_tag":[221,340,341,527],"class_list":{"0":"post-3064","1":"product","2":"type-product","3":"status-publish","4":"has-post-thumbnail","6":"product_cat-bondageseile","7":"product_cat-leinenhanfseil","8":"product_cat-leinenhanfseil-farbig","9":"product_cat-black-edition","10":"product_tag-seilset","11":"product_tag-hafseil","12":"product_tag-schwarz-6mm","13":"product_tag-leinehanfseil","15":"first","16":"instock","17":"taxable","18":"shipping-taxable","19":"purchasable","20":"product-type-simple"},"_links":{"self":[{"href":"https:\/\/bavarian-bondage.de\/it\/wp-json\/wp\/v2\/product\/3064","targetHints":{"allow":["GET"]}}],"collection":[{"href":"https:\/\/bavarian-bondage.de\/it\/wp-json\/wp\/v2\/product"}],"about":[{"href":"https:\/\/bavarian-bondage.de\/it\/wp-json\/wp\/v2\/types\/product"}],"version-history":[{"count":5,"href":"https:\/\/bavarian-bondage.de\/it\/wp-json\/wp\/v2\/product\/3064\/revisions"}],"predecessor-version":[{"id":16511,"href":"https:\/\/bavarian-bondage.de\/it\/wp-json\/wp\/v2\/product\/3064\/revisions\/16511"}],"wp:featuredmedia":[{"embeddable":true,"href":"https:\/\/bavarian-bondage.de\/it\/wp-json\/wp\/v2\/media\/9730"}],"wp:attachment":[{"href":"https:\/\/bavarian-bondage.de\/it\/wp-json\/wp\/v2\/media?parent=3064"}],"wp:term":[{"taxonomy":"product_brand","embeddable":true,"href":"https:\/\/bavarian-bondage.de\/it\/wp-json\/wp\/v2\/product_brand?post=3064"},{"taxonomy":"product_cat","embeddable":true,"href":"https:\/\/bavarian-bondage.de\/it\/wp-json\/wp\/v2\/product_cat?post=3064"},{"taxonomy":"product_tag","embeddable":true,"href":"https:\/\/bavarian-bondage.de\/it\/wp-json\/wp\/v2\/product_tag?post=3064"}],"curies":[{"name":"parola chiave","href":"https:\/\/api.w.org\/{rel}","templated":true}]}}