{"id":3132,"date":"2020-10-17T12:59:33","date_gmt":"2020-10-17T10:59:33","guid":{"rendered":"https:\/\/bavarian-bondage.tivendo.com\/produkt\/import-placeholder-for-2326\/"},"modified":"2026-03-16T12:38:22","modified_gmt":"2026-03-16T11:38:22","slug":"anello-bondage-triskele-noce","status":"publish","type":"product","link":"https:\/\/bavarian-bondage.de\/it\/produkt\/bondagering-triskele-nussbaum\/","title":{"rendered":"Anello bondage triskele in noce"},"content":{"rendered":"<h3 style=\"text-align: center\">Anello bondage triskele in legno di noce<\/h3>\n<p style=\"text-align: center\">La triscele \u00e8 conosciuta come una caratteristica distintiva nella scena BDSM e il motivo \u00e8 molto comune anche negli anelli bondage. L&#039;anello \u00e8 realizzato in pregiato legno di noce e completato da un&#039;anima in acciaio da 10 x 10 mm. L&#039;anima in acciaio si trova sia nell&#039;anello esterno che nella divisione interna.<\/p>\n<p style=\"text-align: center\">Nota: sebbene il legno sia un materiale estremamente stabile, non pu\u00f2 essere paragonato alla resistenza del metallo. Soprattutto durante la legatura in sospensione e soprattutto durante il cosiddetto sollevamento, possono formarsi leggere intaccature nel legno, che naturalmente non compromettono la stabilit\u00e0 dell&#039;anello.<\/p>\n<p>&nbsp;<\/p>\n<p><strong>Dettagli:<\/strong><\/p>\n<p>Diametro esterno: 240 mm<br \/>\nDiametro interno: 180 mm<br \/>\nSpessore del materiale: 30 mm<br \/>\nPeso: circa 900 g<br \/>\nMateriale: legno di noce, anima in acciaio 10 x 10 mm<\/p>\n<p>&nbsp;<\/p>\n<p><strong>Fornitura:<\/strong> 1 anello bondage in noce con anima in acciaio<\/p>\n<p>&nbsp;<\/p>\n<p>&nbsp;<\/p>\n<hr \/>\n<blockquote>\n<p style=\"text-align: center\"><span style=\"color: #333399\">Le informazioni sui prodotti sono fornite al meglio delle nostre conoscenze e convinzioni. Tutte le dimensioni sono approssimative. L&#039;uso dei prodotti offerti qui nel negozio \u00e8 a tuo rischio e pericolo. Ogni persona reagisce in modo diverso agli influssi esterni, al piacere o al dolore, ecc. Pertanto non si assume alcuna responsabilit\u00e0 per un uso improprio.  Ogni utente \u00e8 pienamente responsabile dell&#039;uso o del corretto utilizzo dei prodotti e delle sue imprevedibili conseguenze.<\/span><\/p>\n<\/blockquote>\n<p>&nbsp;<\/p>","protected":false},"excerpt":{"rendered":"<p>Tempi di consegna: 5-7 giorni*<\/p>","protected":false},"featured_media":8098,"template":"","meta":[],"product_brand":[],"product_cat":[222,234],"product_tag":[],"class_list":{"0":"post-3132","1":"product","2":"type-product","3":"status-publish","4":"has-post-thumbnail","6":"product_cat-alle-produkte","7":"product_cat-ringe","9":"first","10":"instock","11":"taxable","12":"shipping-taxable","13":"purchasable","14":"product-type-simple"},"_links":{"self":[{"href":"https:\/\/bavarian-bondage.de\/it\/wp-json\/wp\/v2\/product\/3132","targetHints":{"allow":["GET"]}}],"collection":[{"href":"https:\/\/bavarian-bondage.de\/it\/wp-json\/wp\/v2\/product"}],"about":[{"href":"https:\/\/bavarian-bondage.de\/it\/wp-json\/wp\/v2\/types\/product"}],"version-history":[{"count":6,"href":"https:\/\/bavarian-bondage.de\/it\/wp-json\/wp\/v2\/product\/3132\/revisions"}],"predecessor-version":[{"id":15089,"href":"https:\/\/bavarian-bondage.de\/it\/wp-json\/wp\/v2\/product\/3132\/revisions\/15089"}],"wp:featuredmedia":[{"embeddable":true,"href":"https:\/\/bavarian-bondage.de\/it\/wp-json\/wp\/v2\/media\/8098"}],"wp:attachment":[{"href":"https:\/\/bavarian-bondage.de\/it\/wp-json\/wp\/v2\/media?parent=3132"}],"wp:term":[{"taxonomy":"product_brand","embeddable":true,"href":"https:\/\/bavarian-bondage.de\/it\/wp-json\/wp\/v2\/product_brand?post=3132"},{"taxonomy":"product_cat","embeddable":true,"href":"https:\/\/bavarian-bondage.de\/it\/wp-json\/wp\/v2\/product_cat?post=3132"},{"taxonomy":"product_tag","embeddable":true,"href":"https:\/\/bavarian-bondage.de\/it\/wp-json\/wp\/v2\/product_tag?post=3132"}],"curies":[{"name":"parola chiave","href":"https:\/\/api.w.org\/{rel}","templated":true}]}}