{"id":4534,"date":"2021-01-02T18:04:43","date_gmt":"2021-01-02T17:04:43","guid":{"rendered":"https:\/\/bavarian-bondage.de\/?post_type=product&#038;p=4534"},"modified":"2025-09-29T17:18:29","modified_gmt":"2025-09-29T15:18:29","slug":"girevole-in-oro-nero","status":"publish","type":"product","link":"https:\/\/bavarian-bondage.de\/it\/produkt\/drehwirbel-schwarz-gold\/","title":{"rendered":"Girevole nero e oro"},"content":{"rendered":"<h3 style=\"text-align: center\">Girevole nero e oro<\/h3>\n<p style=\"text-align: center\">La girella, conosciuta anche come girella, rende ogni bondage in sospensione un&#039;esperienza ancora pi\u00f9 grande. Il girello \u00e8 dotato di cuscinetti a sfera e, nonostante le sue dimensioni ridotte, ha un&#039;elevata capacit\u00e0 di carico. Grazie ai cuscinetti a sfera integrati pu\u00f2 ruotare molto velocemente, silenziosamente e quasi senza resistenza.<\/p>\n<p style=\"text-align: center\">Per evitare la rotazione \u00e8 sufficiente tirare una o due corde attraverso le due aperture.<\/p>\n<p><strong>Dettagli:<\/strong><\/p>\n<p>Dimensioni: lunghezza 10,5 cm\/larghezza 4,2 cm<br \/>\nDiametro delle aperture: 3,5 cm x 3,0 cm<br \/>\nSpessore del materiale: ca<br \/>\nCapacit\u00e0 di carico: 30KN<br \/>\nMateriale: alluminio<br \/>\nColore: nero\/oro<br \/>\nPeso: 130 g<br \/>\nEN354:2002<br \/>\nEN365:2005<\/p>\n<p>&nbsp;<\/p>\n<p><strong>Fornitura:<\/strong> Girello girevole nero-oro 30KN<\/p>\n<p>&nbsp;<\/p>\n<hr \/>\n<blockquote>\n<p style=\"text-align: center\"><span style=\"color: #333399\">Le informazioni sui prodotti sono fornite al meglio delle nostre conoscenze e convinzioni. Tutte le dimensioni sono approssimative. L&#039;uso dei prodotti offerti qui nel negozio \u00e8 a tuo rischio e pericolo. Ogni persona reagisce in modo diverso agli influssi esterni, al piacere o al dolore, ecc. Pertanto non si assume alcuna responsabilit\u00e0 per un uso improprio.  Ogni utente \u00e8 pienamente responsabile dell&#039;uso o del corretto utilizzo dei prodotti e delle sue imprevedibili conseguenze.<\/span><\/p>\n<\/blockquote>","protected":false},"excerpt":{"rendered":"<p>Tempi di consegna: 5-7 giorni*<\/p>","protected":false},"featured_media":8172,"template":"","meta":[],"product_brand":[],"product_cat":[223],"product_tag":[],"class_list":{"0":"post-4534","1":"product","2":"type-product","3":"status-publish","4":"has-post-thumbnail","6":"product_cat-zubehoer","8":"first","9":"instock","10":"taxable","11":"shipping-taxable","12":"purchasable","13":"product-type-simple"},"_links":{"self":[{"href":"https:\/\/bavarian-bondage.de\/it\/wp-json\/wp\/v2\/product\/4534","targetHints":{"allow":["GET"]}}],"collection":[{"href":"https:\/\/bavarian-bondage.de\/it\/wp-json\/wp\/v2\/product"}],"about":[{"href":"https:\/\/bavarian-bondage.de\/it\/wp-json\/wp\/v2\/types\/product"}],"version-history":[{"count":4,"href":"https:\/\/bavarian-bondage.de\/it\/wp-json\/wp\/v2\/product\/4534\/revisions"}],"predecessor-version":[{"id":14350,"href":"https:\/\/bavarian-bondage.de\/it\/wp-json\/wp\/v2\/product\/4534\/revisions\/14350"}],"wp:featuredmedia":[{"embeddable":true,"href":"https:\/\/bavarian-bondage.de\/it\/wp-json\/wp\/v2\/media\/8172"}],"wp:attachment":[{"href":"https:\/\/bavarian-bondage.de\/it\/wp-json\/wp\/v2\/media?parent=4534"}],"wp:term":[{"taxonomy":"product_brand","embeddable":true,"href":"https:\/\/bavarian-bondage.de\/it\/wp-json\/wp\/v2\/product_brand?post=4534"},{"taxonomy":"product_cat","embeddable":true,"href":"https:\/\/bavarian-bondage.de\/it\/wp-json\/wp\/v2\/product_cat?post=4534"},{"taxonomy":"product_tag","embeddable":true,"href":"https:\/\/bavarian-bondage.de\/it\/wp-json\/wp\/v2\/product_tag?post=4534"}],"curies":[{"name":"parola chiave","href":"https:\/\/api.w.org\/{rel}","templated":true}]}}