{"id":4548,"date":"2021-01-02T18:33:08","date_gmt":"2021-01-02T17:33:08","guid":{"rendered":"https:\/\/bavarian-bondage.de\/?post_type=product&#038;p=4548"},"modified":"2026-03-22T13:12:40","modified_gmt":"2026-03-22T12:12:40","slug":"coltello-da-salvataggio","status":"publish","type":"product","link":"https:\/\/bavarian-bondage.de\/it\/produkt\/rettungsmesser\/","title":{"rendered":"Coltello da salvataggio"},"content":{"rendered":"<h3 style=\"text-align: center\">Coltello da salvataggio (tagliacorda)<\/h3>\n<p style=\"text-align: center\">Il coltello da soccorso Gill \u00e8 uno strumento molto pratico quando si tratta di tagliare fili, cinture, ecc.<\/p>\n<p style=\"text-align: center\">\u00c8 ideale anche per tagliare corde da bondage fino a circa 8 mm di spessore. L&#039;utensile \u00e8 dotato di una custodia in nylon che pu\u00f2 essere fissata, ad esempio, a una cintura. Inoltre, il coltello da soccorso \u00e8 dotato di un&#039;impugnatura antiscivolo.<\/p>\n<p style=\"text-align: center\">Non dovresti mai aver bisogno di un coltello da salvataggio del genere quando vuoi immobilizzare qualcuno, ma sei ben preparato a tali eventualit\u00e0.<\/p>\n<p>&nbsp;<\/p>\n<p><strong>Dettagli:<\/strong><br \/>\nMateriale: acciaio rivestito, materiale composito, nylon<br \/>\nLunghezza totale: 12,7 cm<br \/>\nProduttore: Gill<\/p>\n<p>&nbsp;<\/p>\n<p><strong>Fornitura: <\/strong>1 coltello da salvataggio Gill con custodia in nylon<\/p>\n<hr \/>\n<blockquote>\n<p style=\"text-align: center\"><span style=\"color: #333399\">Le informazioni sui prodotti sono fornite al meglio delle nostre conoscenze e convinzioni. Tutte le dimensioni sono approssimative. L&#039;uso dei prodotti offerti qui nel negozio \u00e8 a tuo rischio e pericolo. Ogni persona reagisce in modo diverso agli influssi esterni, al piacere o al dolore, ecc. Pertanto non si assume alcuna responsabilit\u00e0 per un uso improprio.  Ogni utente \u00e8 pienamente responsabile dell&#039;uso o del corretto utilizzo dei prodotti e delle sue imprevedibili conseguenze<\/span><\/p>\n<\/blockquote>","protected":false},"excerpt":{"rendered":"<p>Tempi di consegna: 5-7 giorni*<\/p>","protected":false},"featured_media":8174,"template":"","meta":[],"product_brand":[],"product_cat":[223],"product_tag":[],"class_list":{"0":"post-4548","1":"product","2":"type-product","3":"status-publish","4":"has-post-thumbnail","6":"product_cat-zubehoer","8":"first","9":"instock","10":"taxable","11":"shipping-taxable","12":"purchasable","13":"product-type-simple"},"_links":{"self":[{"href":"https:\/\/bavarian-bondage.de\/it\/wp-json\/wp\/v2\/product\/4548","targetHints":{"allow":["GET"]}}],"collection":[{"href":"https:\/\/bavarian-bondage.de\/it\/wp-json\/wp\/v2\/product"}],"about":[{"href":"https:\/\/bavarian-bondage.de\/it\/wp-json\/wp\/v2\/types\/product"}],"version-history":[{"count":3,"href":"https:\/\/bavarian-bondage.de\/it\/wp-json\/wp\/v2\/product\/4548\/revisions"}],"predecessor-version":[{"id":16504,"href":"https:\/\/bavarian-bondage.de\/it\/wp-json\/wp\/v2\/product\/4548\/revisions\/16504"}],"wp:featuredmedia":[{"embeddable":true,"href":"https:\/\/bavarian-bondage.de\/it\/wp-json\/wp\/v2\/media\/8174"}],"wp:attachment":[{"href":"https:\/\/bavarian-bondage.de\/it\/wp-json\/wp\/v2\/media?parent=4548"}],"wp:term":[{"taxonomy":"product_brand","embeddable":true,"href":"https:\/\/bavarian-bondage.de\/it\/wp-json\/wp\/v2\/product_brand?post=4548"},{"taxonomy":"product_cat","embeddable":true,"href":"https:\/\/bavarian-bondage.de\/it\/wp-json\/wp\/v2\/product_cat?post=4548"},{"taxonomy":"product_tag","embeddable":true,"href":"https:\/\/bavarian-bondage.de\/it\/wp-json\/wp\/v2\/product_tag?post=4548"}],"curies":[{"name":"parola chiave","href":"https:\/\/api.w.org\/{rel}","templated":true}]}}