{"id":4558,"date":"2021-01-02T19:01:31","date_gmt":"2021-01-02T18:01:31","guid":{"rendered":"https:\/\/bavarian-bondage.de\/?post_type=product&#038;p=4558"},"modified":"2026-04-13T23:43:34","modified_gmt":"2026-04-13T21:43:34","slug":"mini-frusta-di-corda","status":"publish","type":"product","link":"https:\/\/bavarian-bondage.de\/it\/produkt\/mini-seilpeitsche\/","title":{"rendered":"Mini frusta in corda"},"content":{"rendered":"<h3 style=\"text-align: center\">Mini frusta in corda<\/h3>\n<p style=\"text-align: center\">Piccolo ma potente \u00e8 probabilmente la descrizione perfetta per questo simpatico giocattolo!<\/p>\n<p style=\"text-align: center\">La mini corda \u00e8 composta da 18 fili che hanno un cappuccio di gomma all&#039;estremit\u00e0. Questo \u00e8 realizzato con corda di canapa da 3 mm e un anello di metallo per una migliore tenuta. Una frusta con molto effetto che teoricamente starebbe in qualsiasi tasca dei pantaloni ed \u00e8 il compagno perfetto per i viaggi.<\/p>\n<p>&nbsp;<\/p>\n<p><strong>Dettagli:<\/strong><\/p>\n<p>Materiale: corda di canapa, gomma, metallo<br \/>\nLunghezza totale: circa 34 cm<br \/>\nLunghezza manico senza anello: ca<\/p>\n<p>&nbsp;<\/p>\n<p><strong>Fornitura:<\/strong> mini frusta in corda; Colore selezionabile<\/p>\n<p>&nbsp;<\/p>\n<hr \/>\n<blockquote>\n<p style=\"text-align: center\"><span style=\"color: #333399\">Le informazioni sui prodotti sono fornite al meglio delle nostre conoscenze e convinzioni. Tutte le dimensioni sono approssimative. L&#039;uso dei prodotti offerti qui nel negozio \u00e8 a tuo rischio e pericolo. Ogni persona reagisce in modo diverso agli influssi esterni, al piacere o al dolore, ecc. Pertanto non si assume alcuna responsabilit\u00e0 per un uso improprio.  Ogni utente \u00e8 pienamente responsabile dell&#039;uso o del corretto utilizzo dei prodotti e delle sue imprevedibili conseguenze.<\/span><\/p>\n<\/blockquote>","protected":false},"excerpt":{"rendered":"<p>Tempi di consegna: 5-7 giorni*<\/p>","protected":false},"featured_media":8650,"template":"","meta":[],"product_brand":[],"product_cat":[224,252],"product_tag":[],"class_list":{"0":"post-4558","1":"product","2":"type-product","3":"status-publish","4":"has-post-thumbnail","6":"product_cat-lustschmerz","7":"product_cat-peitschen-gerten","9":"first","10":"instock","11":"taxable","12":"shipping-taxable","13":"purchasable","14":"product-type-variable"},"_links":{"self":[{"href":"https:\/\/bavarian-bondage.de\/it\/wp-json\/wp\/v2\/product\/4558","targetHints":{"allow":["GET"]}}],"collection":[{"href":"https:\/\/bavarian-bondage.de\/it\/wp-json\/wp\/v2\/product"}],"about":[{"href":"https:\/\/bavarian-bondage.de\/it\/wp-json\/wp\/v2\/types\/product"}],"version-history":[{"count":3,"href":"https:\/\/bavarian-bondage.de\/it\/wp-json\/wp\/v2\/product\/4558\/revisions"}],"predecessor-version":[{"id":13979,"href":"https:\/\/bavarian-bondage.de\/it\/wp-json\/wp\/v2\/product\/4558\/revisions\/13979"}],"wp:featuredmedia":[{"embeddable":true,"href":"https:\/\/bavarian-bondage.de\/it\/wp-json\/wp\/v2\/media\/8650"}],"wp:attachment":[{"href":"https:\/\/bavarian-bondage.de\/it\/wp-json\/wp\/v2\/media?parent=4558"}],"wp:term":[{"taxonomy":"product_brand","embeddable":true,"href":"https:\/\/bavarian-bondage.de\/it\/wp-json\/wp\/v2\/product_brand?post=4558"},{"taxonomy":"product_cat","embeddable":true,"href":"https:\/\/bavarian-bondage.de\/it\/wp-json\/wp\/v2\/product_cat?post=4558"},{"taxonomy":"product_tag","embeddable":true,"href":"https:\/\/bavarian-bondage.de\/it\/wp-json\/wp\/v2\/product_tag?post=4558"}],"curies":[{"name":"parola chiave","href":"https:\/\/api.w.org\/{rel}","templated":true}]}}