{"id":8103,"date":"2023-01-28T15:37:21","date_gmt":"2023-01-28T14:37:21","guid":{"rendered":"https:\/\/bavarian-bondage.de\/?post_type=product&#038;p=8103"},"modified":"2025-11-14T12:20:42","modified_gmt":"2025-11-14T11:20:42","slug":"anello-bondage-diavolo-in-legno-di-quercia","status":"publish","type":"product","link":"https:\/\/bavarian-bondage.de\/it\/produkt\/bondagering-teufel-eichenholz\/","title":{"rendered":"Anello bondage diavolo in legno di quercia"},"content":{"rendered":"<h3 style=\"text-align: center\">Diavolo ad anello bondage in legno di quercia<\/h3>\n<p style=\"text-align: center\">L&#039;alternativa leggermente diversa alle forme familiari. Il nostro diavoletto ha numerose possibilit\u00e0 per fissare separatamente le singole corde. L&#039;anello \u00e8 realizzato in legno di quercia ed \u00e8 completato da un&#039;anima in acciaio da 10 x 10 mm posizionata su tutto il corpo in legno.<\/p>\n<p style=\"text-align: center\">Nota: sebbene il legno sia un materiale estremamente stabile, non pu\u00f2 essere paragonato alla resistenza del metallo. Soprattutto durante la legatura in sospensione e soprattutto durante il cosiddetto sollevamento, possono formarsi leggere intaccature nel legno, che naturalmente non compromettono la stabilit\u00e0 dell&#039;anello.<\/p>\n<p>&nbsp;<\/p>\n<p><strong>Dettagli:<\/strong><\/p>\n<p>Diametro esterno: 240 mm<br \/>\nDiametro interno: 180 mm<br \/>\nSpessore del materiale: 30 mm<br \/>\nPeso: circa 1000 g<br \/>\nMateriale: legno di quercia, anima in acciaio 10 x 10 mm<\/p>\n<p>&nbsp;<\/p>\n<p><strong>Fornitura:<\/strong> 1 anello bondage diavolo con anima in acciaio<\/p>\n<p>&nbsp;<\/p>\n<p>&nbsp;<\/p>\n<hr \/>\n<blockquote>\n<p style=\"text-align: center\"><span style=\"color: #333399\">Le informazioni sui prodotti sono fornite al meglio delle nostre conoscenze e convinzioni. Tutte le dimensioni sono approssimative. L&#039;uso dei prodotti offerti qui nel negozio \u00e8 a tuo rischio e pericolo. Ogni persona reagisce in modo diverso agli influssi esterni, al piacere o al dolore, ecc. Pertanto non si assume alcuna responsabilit\u00e0 per un uso improprio.  Ogni utente \u00e8 pienamente responsabile dell&#039;uso o del corretto utilizzo dei prodotti e delle sue imprevedibili conseguenze.<\/span><\/p>\n<\/blockquote>","protected":false},"excerpt":{"rendered":"<p>Tempi di consegna: 5-7 giorni*<\/p>","protected":false},"featured_media":8092,"template":"","meta":[],"product_brand":[],"product_cat":[222,233,234],"product_tag":[],"class_list":{"0":"post-8103","1":"product","2":"type-product","3":"status-publish","4":"has-post-thumbnail","6":"product_cat-alle-produkte","7":"product_cat-bondage-zubehoer","8":"product_cat-ringe","10":"first","11":"instock","12":"taxable","13":"shipping-taxable","14":"purchasable","15":"product-type-simple"},"_links":{"self":[{"href":"https:\/\/bavarian-bondage.de\/it\/wp-json\/wp\/v2\/product\/8103","targetHints":{"allow":["GET"]}}],"collection":[{"href":"https:\/\/bavarian-bondage.de\/it\/wp-json\/wp\/v2\/product"}],"about":[{"href":"https:\/\/bavarian-bondage.de\/it\/wp-json\/wp\/v2\/types\/product"}],"version-history":[{"count":5,"href":"https:\/\/bavarian-bondage.de\/it\/wp-json\/wp\/v2\/product\/8103\/revisions"}],"predecessor-version":[{"id":15087,"href":"https:\/\/bavarian-bondage.de\/it\/wp-json\/wp\/v2\/product\/8103\/revisions\/15087"}],"wp:featuredmedia":[{"embeddable":true,"href":"https:\/\/bavarian-bondage.de\/it\/wp-json\/wp\/v2\/media\/8092"}],"wp:attachment":[{"href":"https:\/\/bavarian-bondage.de\/it\/wp-json\/wp\/v2\/media?parent=8103"}],"wp:term":[{"taxonomy":"product_brand","embeddable":true,"href":"https:\/\/bavarian-bondage.de\/it\/wp-json\/wp\/v2\/product_brand?post=8103"},{"taxonomy":"product_cat","embeddable":true,"href":"https:\/\/bavarian-bondage.de\/it\/wp-json\/wp\/v2\/product_cat?post=8103"},{"taxonomy":"product_tag","embeddable":true,"href":"https:\/\/bavarian-bondage.de\/it\/wp-json\/wp\/v2\/product_tag?post=8103"}],"curies":[{"name":"parola chiave","href":"https:\/\/api.w.org\/{rel}","templated":true}]}}