{"id":8783,"date":"2023-01-30T17:21:37","date_gmt":"2023-01-30T16:21:37","guid":{"rendered":"https:\/\/bavarian-bondage.de\/?post_type=product&#038;p=8783"},"modified":"2026-01-15T17:31:33","modified_gmt":"2026-01-15T16:31:33","slug":"set-esclusivo-in-iuta-edizione-5mm-10x8-e-2x4m","status":"publish","type":"product","link":"https:\/\/bavarian-bondage.de\/it\/produkt\/jute-s-edition-5mm-exklusiv-set-10x8-und-2x4m\/","title":{"rendered":"Juta S-Edition 5mm ESCLUSIVO; Set 10\u00d78 e 2x4m"},"content":{"rendered":"<h3 style=\"text-align: center\">Juta S-Edition 5mm ESCLUSIVO<\/h3>\n<p style=\"text-align: center\">Questo ampio set professionale offre una quantit\u00e0 di corda sufficiente per tecniche di bondage impegnative. Le due corde pi\u00f9 corte completano perfettamente il set e offrono possibilit\u00e0 di utilizzo versatili!<\/p>\n<p style=\"text-align: center\">Una corda a torsione molto stretta con vantaggi unici. Il filato giusto e la cura nella finitura creano una superficie liscia e piacevole al tatto, che difficilmente si sgualcisce e, a differenza di molte corde di iuta, non graffia. Annodare queste corde \u00e8 leggermente diverso rispetto ad altre e richiede un po&#039; di pratica all&#039;inizio. Una volta annodate correttamente, le corde diventano un po&#039; pi\u00f9 lente ma mantengono la loro struttura interna solida.<\/p>\n<p style=\"text-align: center\">Le estremit\u00e0 sono legate con piccoli nodi trisque, il che rende la legatura molto pi\u00f9 semplice.<\/p>\n<p>&nbsp;<\/p>\n<p>&nbsp;<\/p>\n<p><strong>Dettagli:<\/strong><br \/>\nJuta S-Edition 5mm ESCLUSIVO<br \/>\n3 alberi ritorti (<em>Raddoppiare<\/em>\u2013<em>piega)<\/em><br \/>\nTono caramellato leggero<br \/>\nNodi terminali piccoli<br \/>\nLunghezza: 10\u00d78 m e 2x4 m<br \/>\n(La lunghezza della fune pu\u00f2 variare fino a 3% rispetto alla lunghezza specificata.)<\/p>\n<p>&nbsp;<\/p>\n<p><span style=\"color: #ff0000\"><strong>Un avviso:<\/strong><\/span><\/p>\n<p>Controllare regolarmente che le corde non siano usurate o danneggiate!<br \/>\nSe le corde vengono battute o attorcigliate, potrebbero allentarsi durante l&#039;uso!<br \/>\nNon lavare le corde di iuta. \u00c8 meglio pulire con un panno umido.<\/p>\n<p>&nbsp;<\/p>\n<p><strong>Fornitura:<\/strong> 10x8m e 2x4m Juta S-Edition 5mm ESCLUSIVO<\/p>\n<p>&nbsp;<\/p>\n<hr \/>\n<blockquote>\n<p style=\"text-align: center\"><span style=\"color: #333399\">Le informazioni sui prodotti sono fornite al meglio delle nostre conoscenze e convinzioni. Tutte le dimensioni sono approssimative. L&#039;uso dei prodotti offerti qui nel negozio \u00e8 a tuo rischio e pericolo. Ogni persona reagisce in modo diverso agli influssi esterni, al piacere o al dolore, ecc. Pertanto non si assume alcuna responsabilit\u00e0 per un uso improprio.  Ogni utente \u00e8 pienamente responsabile dell&#039;uso o del corretto utilizzo dei prodotti e delle sue imprevedibili conseguenze.<\/span><\/p>\n<\/blockquote>","protected":false},"excerpt":{"rendered":"<p>Prezzo base: 2,14 \u20ac\/mt<\/p>\n<p>Tempi di consegna: 5-7 giorni*<\/p>","protected":false},"featured_media":8904,"template":"","meta":[],"product_brand":[],"product_cat":[216,294,483],"product_tag":[],"class_list":{"0":"post-8783","1":"product","2":"type-product","3":"status-publish","4":"has-post-thumbnail","6":"product_cat-bondageseile","7":"product_cat-juteseile","8":"product_cat-jute-s-edition-5mm","10":"first","11":"instock","12":"taxable","13":"shipping-taxable","14":"purchasable","15":"product-type-simple"},"_links":{"self":[{"href":"https:\/\/bavarian-bondage.de\/it\/wp-json\/wp\/v2\/product\/8783","targetHints":{"allow":["GET"]}}],"collection":[{"href":"https:\/\/bavarian-bondage.de\/it\/wp-json\/wp\/v2\/product"}],"about":[{"href":"https:\/\/bavarian-bondage.de\/it\/wp-json\/wp\/v2\/types\/product"}],"version-history":[{"count":5,"href":"https:\/\/bavarian-bondage.de\/it\/wp-json\/wp\/v2\/product\/8783\/revisions"}],"predecessor-version":[{"id":16502,"href":"https:\/\/bavarian-bondage.de\/it\/wp-json\/wp\/v2\/product\/8783\/revisions\/16502"}],"wp:featuredmedia":[{"embeddable":true,"href":"https:\/\/bavarian-bondage.de\/it\/wp-json\/wp\/v2\/media\/8904"}],"wp:attachment":[{"href":"https:\/\/bavarian-bondage.de\/it\/wp-json\/wp\/v2\/media?parent=8783"}],"wp:term":[{"taxonomy":"product_brand","embeddable":true,"href":"https:\/\/bavarian-bondage.de\/it\/wp-json\/wp\/v2\/product_brand?post=8783"},{"taxonomy":"product_cat","embeddable":true,"href":"https:\/\/bavarian-bondage.de\/it\/wp-json\/wp\/v2\/product_cat?post=8783"},{"taxonomy":"product_tag","embeddable":true,"href":"https:\/\/bavarian-bondage.de\/it\/wp-json\/wp\/v2\/product_tag?post=8783"}],"curies":[{"name":"parola chiave","href":"https:\/\/api.w.org\/{rel}","templated":true}]}}