{"id":8861,"date":"2023-01-31T10:40:19","date_gmt":"2023-01-31T09:40:19","guid":{"rendered":"https:\/\/bavarian-bondage.de\/?post_type=product&#038;p=8861"},"modified":"2025-08-13T15:29:53","modified_gmt":"2025-08-13T13:29:53","slug":"corda-di-canapa-di-lino-5mm-nero-rosso-scuro-8m-esclusivo","status":"publish","type":"product","link":"https:\/\/bavarian-bondage.de\/it\/produkt\/leinenhanfseil-5mm-schwarz-dunkelrot-8m-exklusiv\/","title":{"rendered":"Corda di canapa di lino 5mm nero-rosso scuro 8m ESCLUSIVO"},"content":{"rendered":"<h3 style=\"text-align: center\">Corda di canapa di lino 5mm nero-rosso scuro ESCLUSIVO<\/h3>\n<p style=\"text-align: center\">Una corda leggermente diversa in due colori. La corda di canapa \u00e8 colorata per met\u00e0 in nero e rosso scuro. Con il doppio passaggio dei cavi, entrambi i colori sono uno sopra l&#039;altro, il che crea un quadro generale molto bello. La corda grezza utilizzata \u00e8 leggermente pi\u00f9 spessa delle mie altre corde da 5 mm.<\/p>\n<p style=\"text-align: center\">La corda di canapa e lino 5mm EXCLUSIVE \u00e8 molto morbida ed elastica! \u00c8 stato trattato pi\u00f9 volte per mantenere la migliore qualit\u00e0. La corda colpisce per la sua struttura rotonda, uniforme e senza nodi su tutta la sua lunghezza. Inoltre le estremit\u00e0 sono decorate con piccoli nodini. Poich\u00e9 le corde sono state tinte nel loro insieme, non sono completamente colorate.<\/p>\n<p>&nbsp;<\/p>\n<p><strong>Dettagli:<\/strong><\/p>\n<p>Corda di canapa di lino 5mm rosso scuro-nero ESCLUSIVO<br \/>\n3 alberi torniti<br \/>\nColore: Rosso scuro-nero<br \/>\nNodo traballante<br \/>\nLunghezza: 1x8 m<br \/>\n(La lunghezza della fune pu\u00f2 discostarsi dalla lunghezza specificata fino a 3%)<\/p>\n<p>&nbsp;<\/p>\n<p><span style=\"color: #ff0000\"><strong>Un avviso:<\/strong><\/span><\/p>\n<p>Controllare regolarmente che le corde non siano usurate o danneggiate! Se le corde vengono battute o attorcigliate, potrebbero allentarsi durante l&#039;uso!<br \/>\nLe corde sono state tinte nel loro insieme e non sono dello stesso colore fino al centro.<\/p>\n<p>&nbsp;<\/p>\n<p><strong>Fornitura:<\/strong> Corda di canapa di lino 1x8m 5mm rosso scuro-nero ESCLUSIVO<\/p>\n<p>&nbsp;<\/p>\n<hr \/>\n<blockquote>\n<p style=\"text-align: center\"><span style=\"color: #333399\">Le informazioni sui prodotti sono fornite al meglio delle nostre conoscenze e convinzioni. Tutte le dimensioni sono approssimative. L&#039;uso dei prodotti offerti qui nel negozio \u00e8 a tuo rischio e pericolo. Ogni persona reagisce in modo diverso agli influssi esterni, al piacere o al dolore, ecc. Pertanto non si assume alcuna responsabilit\u00e0 per un uso improprio.  Ogni utente \u00e8 pienamente responsabile dell&#039;uso o del corretto utilizzo dei prodotti e delle sue imprevedibili conseguenze.<\/span><\/p>\n<\/blockquote>","protected":false},"excerpt":{"rendered":"<p>Prezzo base: 3,25 \u20ac\/mt<\/p>\n<p>Tempi di consegna: 5-7 giorni*<\/p>","protected":false},"featured_media":8881,"template":"","meta":[],"product_brand":[],"product_cat":[216,217,367],"product_tag":[528],"class_list":{"0":"post-8861","1":"product","2":"type-product","3":"status-publish","4":"has-post-thumbnail","6":"product_cat-bondageseile","7":"product_cat-leinenhanfseil","8":"product_cat-leinenhanf-seil-zweifarbig","9":"product_tag-leinenhanfseil","11":"first","12":"outofstock","13":"taxable","14":"shipping-taxable","15":"purchasable","16":"product-type-simple"},"_links":{"self":[{"href":"https:\/\/bavarian-bondage.de\/it\/wp-json\/wp\/v2\/product\/8861","targetHints":{"allow":["GET"]}}],"collection":[{"href":"https:\/\/bavarian-bondage.de\/it\/wp-json\/wp\/v2\/product"}],"about":[{"href":"https:\/\/bavarian-bondage.de\/it\/wp-json\/wp\/v2\/types\/product"}],"version-history":[{"count":3,"href":"https:\/\/bavarian-bondage.de\/it\/wp-json\/wp\/v2\/product\/8861\/revisions"}],"predecessor-version":[{"id":13766,"href":"https:\/\/bavarian-bondage.de\/it\/wp-json\/wp\/v2\/product\/8861\/revisions\/13766"}],"wp:featuredmedia":[{"embeddable":true,"href":"https:\/\/bavarian-bondage.de\/it\/wp-json\/wp\/v2\/media\/8881"}],"wp:attachment":[{"href":"https:\/\/bavarian-bondage.de\/it\/wp-json\/wp\/v2\/media?parent=8861"}],"wp:term":[{"taxonomy":"product_brand","embeddable":true,"href":"https:\/\/bavarian-bondage.de\/it\/wp-json\/wp\/v2\/product_brand?post=8861"},{"taxonomy":"product_cat","embeddable":true,"href":"https:\/\/bavarian-bondage.de\/it\/wp-json\/wp\/v2\/product_cat?post=8861"},{"taxonomy":"product_tag","embeddable":true,"href":"https:\/\/bavarian-bondage.de\/it\/wp-json\/wp\/v2\/product_tag?post=8861"}],"curies":[{"name":"parola chiave","href":"https:\/\/api.w.org\/{rel}","templated":true}]}}