{"id":8906,"date":"2023-01-31T13:54:05","date_gmt":"2023-01-31T12:54:05","guid":{"rendered":"https:\/\/bavarian-bondage.de\/?post_type=product&#038;p=8906"},"modified":"2026-03-20T08:55:29","modified_gmt":"2026-03-20T07:55:29","slug":"ishidaki-versione-1","status":"publish","type":"product","link":"https:\/\/bavarian-bondage.de\/it\/produkt\/ishidaki-version-1\/","title":{"rendered":"Ishidaki versione 1"},"content":{"rendered":"<h3 style=\"text-align: center\">Ishidaki versione 1<\/h3>\n<p style=\"text-align: center\">La nostra interpretazione moderna di un Ishidaki (ginocchiera). Il tagliere \u00e8 realizzato in faggio e noce e pu\u00f2 essere utilizzato su entrambi i lati. Come potete vedere nelle immagini, un lato \u00e8 dotato di 13 montanti trasversali, mentre il secondo lato \u00e8 dotato di 593 piccole piramidi. La tavola \u00e8 progettata in modo tale da toccare il pavimento ai quattro angoli e al centro a sinistra e a destra. Le punte di entrambi i lati sono pi\u00f9 basse di circa 3 mm per non danneggiare il pavimento. Tuttavia, \u00e8 consigliabile utilizzare una base.<\/p>\n<p style=\"text-align: center\">La tavola Ishidaki \u00e8 realizzata interamente in un unico pezzo e solo il materiale di base \u00e8 stato prima incollato e poi trattato con olio di legno. Che tu sia in piedi, seduto o in ginocchio, la tavola pu\u00f2 sicuramente arricchire la tua sessione di Shibari.<\/p>\n<p>&nbsp;<\/p>\n<p><strong>Dettagli:<\/strong><\/p>\n<p>Materiale: faggio, noce<br \/>\nColore: noce \u2013 faggio<br \/>\nLunghezza: 46 cm<br \/>\nLarghezza: 40 cm<br \/>\nAltezza: 4 cm<br \/>\nPeso: circa 3 kg<\/p>\n<p>&nbsp;<\/p>\n<p>&nbsp;<\/p>\n<p><strong>Fornitura:<\/strong> 1x Ishidaki versione 1 faggio e noce<\/p>\n<p>&nbsp;<\/p>\n<hr \/>\n<blockquote>\n<p style=\"text-align: center\"><span style=\"color: #333399\">Le informazioni sui prodotti sono fornite al meglio delle nostre conoscenze e convinzioni. Tutte le dimensioni sono approssimative. L&#039;uso dei prodotti offerti qui nel negozio \u00e8 a tuo rischio e pericolo. Ogni persona reagisce in modo diverso agli influssi esterni, al piacere o al dolore, ecc. Pertanto non si assume alcuna responsabilit\u00e0 per un uso improprio.  Ogni utente \u00e8 pienamente responsabile dell&#039;uso o del corretto utilizzo dei prodotti e delle sue imprevedibili conseguenze.<\/span><\/p>\n<\/blockquote>","protected":false},"excerpt":{"rendered":"<p>Ishidaki versione 1<\/p>","protected":false},"featured_media":8981,"template":"","meta":[],"product_brand":[],"product_cat":[223],"product_tag":[],"class_list":{"0":"post-8906","1":"product","2":"type-product","3":"status-publish","4":"has-post-thumbnail","6":"product_cat-zubehoer","8":"first","9":"instock","10":"taxable","11":"shipping-taxable","12":"purchasable","13":"product-type-simple"},"_links":{"self":[{"href":"https:\/\/bavarian-bondage.de\/it\/wp-json\/wp\/v2\/product\/8906","targetHints":{"allow":["GET"]}}],"collection":[{"href":"https:\/\/bavarian-bondage.de\/it\/wp-json\/wp\/v2\/product"}],"about":[{"href":"https:\/\/bavarian-bondage.de\/it\/wp-json\/wp\/v2\/types\/product"}],"version-history":[{"count":4,"href":"https:\/\/bavarian-bondage.de\/it\/wp-json\/wp\/v2\/product\/8906\/revisions"}],"predecessor-version":[{"id":13946,"href":"https:\/\/bavarian-bondage.de\/it\/wp-json\/wp\/v2\/product\/8906\/revisions\/13946"}],"wp:featuredmedia":[{"embeddable":true,"href":"https:\/\/bavarian-bondage.de\/it\/wp-json\/wp\/v2\/media\/8981"}],"wp:attachment":[{"href":"https:\/\/bavarian-bondage.de\/it\/wp-json\/wp\/v2\/media?parent=8906"}],"wp:term":[{"taxonomy":"product_brand","embeddable":true,"href":"https:\/\/bavarian-bondage.de\/it\/wp-json\/wp\/v2\/product_brand?post=8906"},{"taxonomy":"product_cat","embeddable":true,"href":"https:\/\/bavarian-bondage.de\/it\/wp-json\/wp\/v2\/product_cat?post=8906"},{"taxonomy":"product_tag","embeddable":true,"href":"https:\/\/bavarian-bondage.de\/it\/wp-json\/wp\/v2\/product_tag?post=8906"}],"curies":[{"name":"parola chiave","href":"https:\/\/api.w.org\/{rel}","templated":true}]}}