{"id":8911,"date":"2023-01-31T09:17:08","date_gmt":"2023-01-31T08:17:08","guid":{"rendered":"https:\/\/bavarian-bondage.de\/?post_type=product&#038;p=8911"},"modified":"2024-11-30T14:07:28","modified_gmt":"2024-11-30T13:07:28","slug":"orologio-da-parete-versione-2","status":"publish","type":"product","link":"https:\/\/bavarian-bondage.de\/it\/produkt\/wanduhr-version-2\/","title":{"rendered":"Orologio da parete versione 2"},"content":{"rendered":"<h3 style=\"text-align: center\">Orologio da parete versione 2<\/h3>\n<p style=\"text-align: center\">Sicuramente un colpo d&#039;occhio, i nostri orologi da parete!<\/p>\n<p style=\"text-align: center\">L&#039;orologio \u00e8 realizzato in multiplex di betulla da 20 mm e il legno di pioppo viene utilizzato come copertura sul retro. Per i numeri romani e le seconde linee viene utilizzata corda di canapa da 3 mm e 4 mm. La fresatura centrale era dipinta di nero e rosso.<\/p>\n<p>&nbsp;<\/p>\n<h3 style=\"text-align: center\"><strong>Un avviso:<\/strong><\/h3>\n<p style=\"text-align: center\"><strong>Non c&#039;\u00e8 movimento, nessuna lancetta e nessuna batteria inclusa. Il ritaglio sul retro misura 60x60 mm e ha una profondit\u00e0 di 20 mm. Il foro per l&#039;albero dell&#039;orologio \u00e8 di 8 mm. La lunghezza dell&#039;albero dell&#039;orologio deve essere di almeno 11-13 mm.<\/strong><\/p>\n<p><strong>Dettagli:<\/strong><\/p>\n<p>Materiale: multiplex di betulla<br \/>\nDiametro: 37 cm<br \/>\nLarghezza: 40 cm<br \/>\nAltezza: 21 mm<br \/>\nPeso: circa 1 kg<\/p>\n<p>&nbsp;<\/p>\n<p>&nbsp;<\/p>\n<p><strong>Fornitura:<\/strong> 1x orologio da parete versione 2<\/p>\n<p>&nbsp;<\/p>\n<hr \/>\n<blockquote>\n<p style=\"text-align: center\"><span style=\"color: #333399\">Le informazioni sui prodotti sono fornite al meglio delle nostre conoscenze e convinzioni. Tutte le dimensioni sono approssimative. L&#039;uso dei prodotti offerti qui nel negozio \u00e8 a tuo rischio e pericolo. Ogni persona reagisce in modo diverso agli influssi esterni, al piacere o al dolore, ecc. Pertanto non si assume alcuna responsabilit\u00e0 per un uso improprio.  Ogni utente \u00e8 pienamente responsabile dell&#039;uso o del corretto utilizzo dei prodotti e delle sue imprevedibili conseguenze.<\/span><\/p>\n<\/blockquote>","protected":false},"excerpt":{"rendered":"<p>Tempi di consegna: 5-7 giorni*<\/p>","protected":false},"featured_media":8990,"template":"","meta":[],"product_brand":[],"product_cat":[223],"product_tag":[],"class_list":{"0":"post-8911","1":"product","2":"type-product","3":"status-publish","4":"has-post-thumbnail","6":"product_cat-zubehoer","8":"first","9":"instock","10":"taxable","11":"shipping-taxable","12":"purchasable","13":"product-type-simple"},"_links":{"self":[{"href":"https:\/\/bavarian-bondage.de\/it\/wp-json\/wp\/v2\/product\/8911","targetHints":{"allow":["GET"]}}],"collection":[{"href":"https:\/\/bavarian-bondage.de\/it\/wp-json\/wp\/v2\/product"}],"about":[{"href":"https:\/\/bavarian-bondage.de\/it\/wp-json\/wp\/v2\/types\/product"}],"version-history":[{"count":8,"href":"https:\/\/bavarian-bondage.de\/it\/wp-json\/wp\/v2\/product\/8911\/revisions"}],"predecessor-version":[{"id":13949,"href":"https:\/\/bavarian-bondage.de\/it\/wp-json\/wp\/v2\/product\/8911\/revisions\/13949"}],"wp:featuredmedia":[{"embeddable":true,"href":"https:\/\/bavarian-bondage.de\/it\/wp-json\/wp\/v2\/media\/8990"}],"wp:attachment":[{"href":"https:\/\/bavarian-bondage.de\/it\/wp-json\/wp\/v2\/media?parent=8911"}],"wp:term":[{"taxonomy":"product_brand","embeddable":true,"href":"https:\/\/bavarian-bondage.de\/it\/wp-json\/wp\/v2\/product_brand?post=8911"},{"taxonomy":"product_cat","embeddable":true,"href":"https:\/\/bavarian-bondage.de\/it\/wp-json\/wp\/v2\/product_cat?post=8911"},{"taxonomy":"product_tag","embeddable":true,"href":"https:\/\/bavarian-bondage.de\/it\/wp-json\/wp\/v2\/product_tag?post=8911"}],"curies":[{"name":"parola chiave","href":"https:\/\/api.w.org\/{rel}","templated":true}]}}