{"id":1108,"date":"2016-01-25T16:56:26","date_gmt":"2016-01-25T15:56:26","guid":{"rendered":"https:\/\/bavarian-bondage.mysupr.de\/workshop-ja-oder-nein\/"},"modified":"2024-09-01T16:20:32","modified_gmt":"2024-09-01T14:20:32","slug":"werkplaats-ja-of-nee","status":"publish","type":"page","link":"https:\/\/bavarian-bondage.de\/nl\/workshop-ja-oder-nein\/","title":{"rendered":"Workshop ja of nee"},"content":{"rendered":"<div data-elementor-type=\"wp-post\" data-elementor-id=\"1108\" class=\"elementor elementor-1108\" data-elementor-post-type=\"page\">\n\t\t\t\t<div class=\"elementor-element elementor-element-dcbc31e e-flex e-con-boxed e-con e-parent\" data-id=\"dcbc31e\" data-element_type=\"container\" data-e-type=\"container\">\n\t\t\t\t\t<div class=\"e-con-inner\">\n\t\t<div class=\"elementor-element elementor-element-ecc35ec e-con-full e-flex e-con e-child\" data-id=\"ecc35ec\" data-element_type=\"container\" data-e-type=\"container\">\n\t\t\t\t<div class=\"elementor-element elementor-element-2de9a03 elementor-widget elementor-widget-heading\" data-id=\"2de9a03\" data-element_type=\"widget\" data-e-type=\"widget\" data-widget_type=\"heading.default\">\n\t\t\t\t\t<h2 class=\"elementor-heading-title elementor-size-default\">Is zo\u2019n workshop eigenlijk wel nodig?<\/h2>\t\t\t\t<\/div>\n\t\t\t\t<div class=\"elementor-element elementor-element-872dc88 elementor-widget elementor-widget-spacer\" data-id=\"872dc88\" data-element_type=\"widget\" data-e-type=\"widget\" data-widget_type=\"spacer.default\">\n\t\t\t\t\t\t\t<div class=\"elementor-spacer\">\n\t\t\t<div class=\"elementor-spacer-inner\"><\/div>\n\t\t<\/div>\n\t\t\t\t\t\t<\/div>\n\t\t\t\t<div class=\"elementor-element elementor-element-b9c8382 elementor-widget elementor-widget-heading\" data-id=\"b9c8382\" data-element_type=\"widget\" data-e-type=\"widget\" data-widget_type=\"heading.default\">\n\t\t\t\t\t<h2 class=\"elementor-heading-title elementor-size-default\">Nee, lucht is nodig om te ademen. Een workshop is zeker zinvol!<\/h2>\t\t\t\t<\/div>\n\t\t\t\t<div class=\"elementor-element elementor-element-0837066 elementor-widget elementor-widget-text-editor\" data-id=\"0837066\" data-element_type=\"widget\" data-e-type=\"widget\" data-widget_type=\"text-editor.default\">\n\t\t\t\t\t\t\t\t\t<p style=\"text-align: center\">Ik kan hier niet schrijven over het grote publiek of over de individuele workshopaanbieders, omdat iedereen zijn eigen ervaringen en processen heeft.<\/p><p style=\"text-align: center\"><strong><span style=\"text-decoration: underline\">In deze blogpost bespreek ik mijn mening en verwijs ik naar de cursussen die ik aanbied!<\/span><\/strong><\/p><p style=\"text-align: center\">Natuurlijk zijn er veel boeken, video&#039;s en instructies over bondage of shibari. Je kunt alles op internet bekijken, erover lezen en het vervolgens uitproberen. Net als bij een kookles of dansles leer je sneller en uiteraard beter als je het goed voorgeschoteld krijgt! Je kunt direct je vragen stellen, direct antwoord krijgen en daarbovenop nog tips en tricks!<strong><span style=\"color: #ff0000\">\u00a0<\/span>\u00a0<\/strong> \u00a0 \u00a0 \u00a0 \u00a0 \u00a0\u00a0<\/p><p style=\"text-align: center\">Velen van jullie zullen zich nu afvragen:<\/p><p style=\"text-align: center\"><strong><span style=\"color: #ff0000\">E\u00e9n van de belangrijkste punten, nee zelfs het allerbelangrijkste, is veiligheid! <\/span><\/strong><\/p><p style=\"text-align: center\"><strong><span style=\"text-decoration: underline\">Waarom beveiliging? Ik wil gewoon mijn partner vastbinden!<\/span><\/strong><\/p><p style=\"text-align: center\">Omdat ons lichaam erg gevoelig is voor invloeden van buitenaf, moet iedereen die ermee verbonden is, precies weten wat het doet. Het begint met de juiste knopen, die niet ongewenst los mogen raken of strakker moeten worden. We gaan verder met de touwgeleider. Hoe moeten de touwen lopen om de ander niet per ongeluk te verwonden? Waar moet je letten op zenuwen en bloedvaten? Hoe zit het met de vele gewrichten? Deze vragen en natuurlijk meer moeten tijdens een workshop beantwoord worden!<\/p><p style=\"text-align: center\">De hoogste discipline en vaak het hoogtepunt van elke bondagesessie is de zogenaamde ophanging (hangende bondage), waarbij de vastgebonden persoon alleen vrij aan touwen hangt! Iedereen kan zich voorstellen welke belasting dit op ons lichaam legt en hoe groot de mogelijke gevaren zijn! Ik wil echt niemand wegjagen, want hangende bondage is een geweldige ervaring die iedereen die graag vastgebonden wordt, zou moeten ervaren. Ga echter alleen in op een schorsing als u zeker weet dat de persoon met wie u spreekt precies weet wat hij doet! En jullie, lieve mensen die vastgebonden zijn, wees je er altijd van bewust dat iemand die vastgebonden is zichzelf volledig blootgeeft en dat alleen jij de volledige verantwoordelijkheid draagt!<\/p><p style=\"text-align: center\">Nu kan er zelfs met de beste voorbereiding en kennis iets misgaan. Zelfs in zo\u2019n geval \u2013 wat natuurlijk niemand wil \u2013 moet je altijd voorbereid zijn, zodat je zo snel mogelijk kunt reageren.<\/p><p style=\"text-align: center\">Ik denk dat we, als het om het onderwerp veiligheid gaat, allemaal beseften dat een workshop echt zinvol is. Tenslotte moet bondage leuk zijn en niet eindigen met een bezoek aan de dokter!<\/p><p style=\"text-align: center\">Bovendien moet je in een beginnersworkshop ook de kans krijgen om met de verschillende soorten touwen en hun voor- en nadelen om te gaan, om zo inzicht te krijgen in welke touwen je later zelf moet kopen!<\/p><p style=\"text-align: center\">\u00a0<\/p><p style=\"text-align: center\"><strong><span style=\"color: #212157\">Na de hele toespraak of de roman over veiligheid wil ik je natuurlijk op geen enkele manier afschrikken om met de touwen te werken!<\/span><\/strong><\/p><p style=\"text-align: center\"><b>(Integendeel, anders had ik de site nooit gemaakt)<\/b><\/p><p style=\"text-align: center\">Over het algemeen bied ik workshops aan voor koppels of twee personen, omdat je veel sneller en beter kunt leren dan in zogenaamde groepsworkshops met tien personen of meer!<\/p>\t\t\t\t\t\t\t\t<\/div>\n\t\t\t\t<\/div>\n\t\t\t\t\t<\/div>\n\t\t\t\t<\/div>\n\t\t\t\t<\/div>","protected":false},"excerpt":{"rendered":"<p>Ist so ein Workshop \u00fcberhaupt notwendig? Nein, notwendig ist die Luft zum Atmen. Ein Workshop ist auf jeden Fall sinnvoll! Ich kann hier nicht \u00fcber die Allgemeinheit schreiben oder \u00fcber die einzelnen Workshopanbieter,denn jeder hat seine eigenen Erfahrunngen und Abl\u00e4ufe. In diesem Blogeintrag gehe ich auf meine Ansichten ein und beziehe mich auf die von [&hellip;]<\/p>\n","protected":false},"author":3,"featured_media":0,"parent":0,"menu_order":0,"comment_status":"closed","ping_status":"closed","template":"elementor_header_footer","meta":{"footnotes":""},"class_list":["post-1108","page","type-page","status-publish","hentry"],"_links":{"self":[{"href":"https:\/\/bavarian-bondage.de\/nl\/wp-json\/wp\/v2\/pages\/1108","targetHints":{"allow":["GET"]}}],"collection":[{"href":"https:\/\/bavarian-bondage.de\/nl\/wp-json\/wp\/v2\/pages"}],"about":[{"href":"https:\/\/bavarian-bondage.de\/nl\/wp-json\/wp\/v2\/types\/page"}],"author":[{"embeddable":true,"href":"https:\/\/bavarian-bondage.de\/nl\/wp-json\/wp\/v2\/users\/3"}],"replies":[{"embeddable":true,"href":"https:\/\/bavarian-bondage.de\/nl\/wp-json\/wp\/v2\/comments?post=1108"}],"version-history":[{"count":8,"href":"https:\/\/bavarian-bondage.de\/nl\/wp-json\/wp\/v2\/pages\/1108\/revisions"}],"predecessor-version":[{"id":12816,"href":"https:\/\/bavarian-bondage.de\/nl\/wp-json\/wp\/v2\/pages\/1108\/revisions\/12816"}],"wp:attachment":[{"href":"https:\/\/bavarian-bondage.de\/nl\/wp-json\/wp\/v2\/media?parent=1108"}],"curies":[{"name":"wp","href":"https:\/\/api.w.org\/{rel}","templated":true}]}}