{"id":1127,"date":"2016-02-15T22:11:37","date_gmt":"2016-02-15T21:11:37","guid":{"rendered":"https:\/\/bavarian-bondage.mysupr.de\/fortgeschrittenen-workshop\/"},"modified":"2026-03-19T06:56:15","modified_gmt":"2026-03-19T05:56:15","slug":"geavanceerde-werkplaats","status":"publish","type":"page","link":"https:\/\/bavarian-bondage.de\/nl\/fortgeschrittenen-workshop\/","title":{"rendered":"Geavanceerde werkplaats"},"content":{"rendered":"<div data-elementor-type=\"wp-post\" data-elementor-id=\"1127\" class=\"elementor elementor-1127\" data-elementor-post-type=\"page\">\n\t\t\t\t<div class=\"elementor-element elementor-element-5ea8895 e-flex e-con-boxed e-con e-parent\" data-id=\"5ea8895\" data-element_type=\"container\" data-e-type=\"container\">\n\t\t\t\t\t<div class=\"e-con-inner\">\n\t\t<div class=\"elementor-element elementor-element-4e4e157 e-con-full e-flex e-con e-child\" data-id=\"4e4e157\" data-element_type=\"container\" data-e-type=\"container\">\n\t\t\t\t<div class=\"elementor-element elementor-element-b221294 elementor-widget elementor-widget-heading\" data-id=\"b221294\" data-element_type=\"widget\" data-e-type=\"widget\" data-widget_type=\"heading.default\">\n\t\t\t\t\t<h2 class=\"elementor-heading-title elementor-size-default\">Geavanceerde workshops<\/h2>\t\t\t\t<\/div>\n\t\t\t\t<div class=\"elementor-element elementor-element-9141d4d elementor-widget elementor-widget-text-editor\" data-id=\"9141d4d\" data-element_type=\"widget\" data-e-type=\"widget\" data-widget_type=\"text-editor.default\">\n\t\t\t\t\t\t\t\t\t<p>Alle cursussen kunnen individueel worden aangepast aan uw wensen.<\/p>\t\t\t\t\t\t\t\t<\/div>\n\t\t\t\t<div class=\"elementor-element elementor-element-ea2bff9 elementor-widget elementor-widget-text-editor\" data-id=\"ea2bff9\" data-element_type=\"widget\" data-e-type=\"widget\" data-widget_type=\"text-editor.default\">\n\t\t\t\t\t\t\t\t\t<p><span style=\"text-decoration: underline\"><span style=\"color: #000080;text-decoration: underline\">1. De Takate Kote voor korte TK of Box Tie,<\/span><\/span><\/p><p>is een klassieke bovenlichaam bondage en een basis voor vele andere bondages. Bovendien is de Takate Kote een van de belangrijkste elementen voor Suspension bondage en moet daarom correct en veilig onder de knie worden!<\/p><p style=\"text-align: left\"><span style=\"text-decoration: underline\">Wij behandelen de onderwerpen:<\/span><\/p><p style=\"text-align: left\"><span style=\"text-decoration: underline;color: #000080\">Takate Kote:<\/span>\u00a0Versie en varianten met 2 en 3 touwen; Veilige knopen en touwgeleiding<\/p><p style=\"text-align: left\"><span style=\"text-decoration: underline\"><span style=\"color: #000080;text-decoration: underline\">Slavernij:<\/span><\/span>\u00a0verschillende bondage-opties in verband met de geleerde Takate Kote\u00a0<\/p><p style=\"text-align: left\"><span style=\"text-decoration: underline\"><span style=\"color: #000080;text-decoration: underline\">Hangende bondage:<\/span><\/span>\u00a0kleine introductie over het onderwerp schorsing en gedeeltelijke schorsing\u00a0<\/p><p style=\"text-align: left;padding-left: 40px\"><span style=\"text-decoration: underline\"><span style=\"color: #000080;text-decoration: underline\">Duur:<\/span><\/span>\u00a02,5 uur (met enkele korte pauzes)<\/p><p style=\"text-align: left;padding-left: 40px\"><span style=\"text-decoration: underline\"><span style=\"color: #000080;text-decoration: underline\">Prijs:<\/span><\/span> \u20ac 119,00 voor 2 personen (drankjes zijn bij de prijs inbegrepen)<\/p>\t\t\t\t\t\t\t\t<\/div>\n\t\t\t\t<div class=\"elementor-element elementor-element-b917dd8 elementor-widget elementor-widget-spacer\" data-id=\"b917dd8\" data-element_type=\"widget\" data-e-type=\"widget\" data-widget_type=\"spacer.default\">\n\t\t\t\t\t\t\t<div class=\"elementor-spacer\">\n\t\t\t<div class=\"elementor-spacer-inner\"><\/div>\n\t\t<\/div>\n\t\t\t\t\t\t<\/div>\n\t\t\t\t<div class=\"elementor-element elementor-element-f0be414 elementor-widget elementor-widget-text-editor\" data-id=\"f0be414\" data-element_type=\"widget\" data-e-type=\"widget\" data-widget_type=\"text-editor.default\">\n\t\t\t\t\t\t\t\t\t<p><span style=\"text-decoration: underline\"><span style=\"color: #000080;text-decoration: underline\">2. De klassiekers<\/span><\/span><\/p><p style=\"text-align: center\">Velen hebben namen gehoord als Hogtie, Karada, Strappado, Frogtie, enz.! Nu is het tijd om de naam in daden om te zetten en de individuele beperkingen te leren kennen.<\/p><p style=\"text-align: left\"><span style=\"text-decoration: underline;color: #000000\">Wij behandelen de onderwerpen:<\/span><\/p><p style=\"text-align: left\"><span style=\"text-decoration: underline\"><span style=\"color: #000080;text-decoration: underline\">Slavernij versus shibari of kinbaku:<\/span><\/span>\u00a0kleine uitleg van de betekenissen, oorsprong en verschillen; de klassieke bondages en hun namen; Zijn er verschillen tussen bondage en shibari in Europa?<\/p><p style=\"text-align: left\"><span style=\"text-decoration: underline\"><span style=\"color: #000080;text-decoration: underline\">Slavernij:<\/span><\/span>\u00a0De meest bekende beperkingen die je steeds weer hoort en ziet in verschillende uitvoeringen en mogelijke toepassingen; de juiste knooptechnieken en bevestigingspunten<\/p><p style=\"text-align: left;padding-left: 40px\"><span style=\"text-decoration: underline\"><span style=\"color: #000080;text-decoration: underline\">Duur:<\/span><\/span>\u00a02,5 uur (met enkele korte pauzes)<\/p><p style=\"text-align: left;padding-left: 40px\"><span style=\"text-decoration: underline\"><span style=\"color: #000080;text-decoration: underline\">Prijs:<\/span><\/span> \u20ac 119,00 voor 2 personen (drankjes zijn bij de prijs inbegrepen)<\/p>\t\t\t\t\t\t\t\t<\/div>\n\t\t\t\t<div class=\"elementor-element elementor-element-f8837b6 elementor-widget elementor-widget-spacer\" data-id=\"f8837b6\" data-element_type=\"widget\" data-e-type=\"widget\" data-widget_type=\"spacer.default\">\n\t\t\t\t\t\t\t<div class=\"elementor-spacer\">\n\t\t\t<div class=\"elementor-spacer-inner\"><\/div>\n\t\t<\/div>\n\t\t\t\t\t\t<\/div>\n\t\t\t\t<div class=\"elementor-element elementor-element-d50ed9b elementor-widget elementor-widget-text-editor\" data-id=\"d50ed9b\" data-element_type=\"widget\" data-e-type=\"widget\" data-widget_type=\"text-editor.default\">\n\t\t\t\t\t\t\t\t\t<p style=\"text-align: center\"><span style=\"text-decoration: underline;color: #000080\">3. Opschorting (opgeschorte slavernij)<\/span><\/p><p>Wanneer de grond onder je voeten steeds minder wordt en je de ruimte deelt met de plafondlamp, spreken we van ophanging! De hoogste discipline in bondage en shibari.<\/p><p style=\"text-align: left\"><span style=\"text-decoration: underline\">Wij behandelen de onderwerpen:<\/span><\/p><p style=\"text-align: left\"><span style=\"text-decoration: underline\"><span style=\"color: #000080;text-decoration: underline\">Beveiliging:<\/span><\/span> Beveiliging wordt vaak onderschat, maar juist dit is belangrijk om te weten. bevestigingspunten aan het plafond; veilige knopen en touwbeheer; Wat te doen in geval van nood; anatomie van het lichaam; en nog veel meer.<\/p><p style=\"text-align: left\"><span style=\"text-decoration: underline\"><span style=\"color: #000080;text-decoration: underline\">Hangende bondage:<\/span><\/span>\u00a0Stap voor stap van begin tot vrijhangend;\u00a0<\/p><p style=\"text-align: left\">Voor deze workshop is passende voorkennis zoals een goede bovenlichaam bondage uiteraard de basis.<\/p><p style=\"text-align: left\">Het mag voor jullie allemaal duidelijk zijn dat je met een workshop van 3,5 uur nog helemaal aan het begin staat en allesbehalve een professional bent. Zoals bij alle workshops gaat het er niet om dat je zo snel mogelijk zoveel mogelijk ziet, nee, het gaat erom dat je echt weet wat je doet en hoe je het doet.<\/p><p style=\"text-align: left\"><span style=\"text-decoration: underline\"><span style=\"color: #000080;text-decoration: underline\">Semi-vering (gedeeltelijke vering):<\/span><\/span> Hangende bondage in buik-, rug- en zijposities; variaties in de lucht; Klassieke figuren of boven het hoofd hangen kun je in deze workshop beetje bij beetje leren. Maar zoals hierboven vermeld, kan dit niet alleen in een werkplaats worden gedaan<\/p><p style=\"text-align: left;padding-left: 40px\"><span style=\"text-decoration: underline\"><span style=\"color: #000080;text-decoration: underline\">Duur:<\/span><\/span>\u00a03,5 uur (met langere pauzes van de bondage) zijn nodig omdat het hangen in de touwen een grote fysieke belasting is.<\/p><p style=\"text-align: left;padding-left: 40px\"><span style=\"text-decoration: underline\"><span style=\"color: #000080;text-decoration: underline\">Prijs:<\/span><\/span> \u20ac 165,00 voor 2 personen (drankjes zijn bij de prijs inbegrepen)<\/p>\t\t\t\t\t\t\t\t<\/div>\n\t\t\t\t<div class=\"elementor-element elementor-element-adeb410 elementor-widget elementor-widget-spacer\" data-id=\"adeb410\" data-element_type=\"widget\" data-e-type=\"widget\" data-widget_type=\"spacer.default\">\n\t\t\t\t\t\t\t<div class=\"elementor-spacer\">\n\t\t\t<div class=\"elementor-spacer-inner\"><\/div>\n\t\t<\/div>\n\t\t\t\t\t\t<\/div>\n\t\t\t\t<div class=\"elementor-element elementor-element-334f269 elementor-widget elementor-widget-text-editor\" data-id=\"334f269\" data-element_type=\"widget\" data-e-type=\"widget\" data-widget_type=\"text-editor.default\">\n\t\t\t\t\t\t\t\t\t<p>Alle genoemde prijzen zijn totaalprijzen inclusief BTW.<\/p><p>Voor aanvang van een workshop krijgt u een disclaimer te zien,<\/p><p>\u00a0die u zorgvuldig leest en ondertekent.<\/p>\t\t\t\t\t\t\t\t<\/div>\n\t\t\t\t<\/div>\n\t\t\t\t\t<\/div>\n\t\t\t\t<\/div>\n\t\t<div class=\"elementor-element elementor-element-9d74ff7 e-flex e-con-boxed e-con e-parent\" data-id=\"9d74ff7\" data-element_type=\"container\" data-e-type=\"container\">\n\t\t\t\t\t<div class=\"e-con-inner\">\n\t\t<div class=\"elementor-element elementor-element-2737515 e-con-full e-flex e-con e-child\" data-id=\"2737515\" data-element_type=\"container\" data-e-type=\"container\">\n\t\t\t\t<div class=\"elementor-element elementor-element-4e4139e elementor-widget elementor-widget-heading\" data-id=\"4e4139e\" data-element_type=\"widget\" data-e-type=\"widget\" data-widget_type=\"heading.default\">\n\t\t\t\t\t<h2 class=\"elementor-heading-title elementor-size-default\">Samenvatting<\/h2>\t\t\t\t<\/div>\n\t\t\t\t<\/div>\n\t\t\t\t\t<\/div>\n\t\t\t\t<\/div>\n\t\t<div class=\"elementor-element elementor-element-da54d56 e-flex e-con-boxed e-con e-parent\" data-id=\"da54d56\" data-element_type=\"container\" data-e-type=\"container\">\n\t\t\t\t\t<div class=\"e-con-inner\">\n\t\t<div class=\"elementor-element elementor-element-11fdd30 e-con-full e-flex e-con e-child\" data-id=\"11fdd30\" data-element_type=\"container\" data-e-type=\"container\">\n\t\t\t\t<div class=\"elementor-element elementor-element-ec0a4a4 elementor-tabs-view-horizontal elementor-widget elementor-widget-tabs\" data-id=\"ec0a4a4\" data-element_type=\"widget\" data-e-type=\"widget\" data-widget_type=\"tabs.default\">\n\t\t\t\t\t\t\t<div class=\"elementor-tabs\">\n\t\t\t<div class=\"elementor-tabs-wrapper\" role=\"tablist\" >\n\t\t\t\t\t\t\t\t\t<div id=\"elementor-tab-title-2471\" class=\"elementor-tab-title elementor-tab-desktop-title\" aria-selected=\"true\" data-tab=\"1\" role=\"tab\" tabindex=\"0\" aria-controls=\"elementor-tab-content-2471\" aria-expanded=\"false\">Leeftijd:<\/div>\n\t\t\t\t\t\t\t\t\t<div id=\"elementor-tab-title-2472\" class=\"elementor-tab-title elementor-tab-desktop-title\" aria-selected=\"false\" data-tab=\"2\" role=\"tab\" tabindex=\"-1\" aria-controls=\"elementor-tab-content-2472\" aria-expanded=\"false\">Locatie:<\/div>\n\t\t\t\t\t\t\t\t\t<div id=\"elementor-tab-title-2473\" class=\"elementor-tab-title elementor-tab-desktop-title\" aria-selected=\"false\" data-tab=\"3\" role=\"tab\" tabindex=\"-1\" aria-controls=\"elementor-tab-content-2473\" aria-expanded=\"false\">Prijzen:<\/div>\n\t\t\t\t\t\t\t\t\t<div id=\"elementor-tab-title-2474\" class=\"elementor-tab-title elementor-tab-desktop-title\" aria-selected=\"false\" data-tab=\"4\" role=\"tab\" tabindex=\"-1\" aria-controls=\"elementor-tab-content-2474\" aria-expanded=\"false\">betalen<\/div>\n\t\t\t\t\t\t\t\t\t<div id=\"elementor-tab-title-2475\" class=\"elementor-tab-title elementor-tab-desktop-title\" aria-selected=\"false\" data-tab=\"5\" role=\"tab\" tabindex=\"-1\" aria-controls=\"elementor-tab-content-2475\" aria-expanded=\"false\">Vrijwaring:<\/div>\n\t\t\t\t\t\t\t\t\t<div id=\"elementor-tab-title-2476\" class=\"elementor-tab-title elementor-tab-desktop-title\" aria-selected=\"false\" data-tab=\"6\" role=\"tab\" tabindex=\"-1\" aria-controls=\"elementor-tab-content-2476\" aria-expanded=\"false\">Gemengd:<\/div>\n\t\t\t\t\t\t\t<\/div>\n\t\t\t<div class=\"elementor-tabs-content-wrapper\" role=\"tablist\" aria-orientation=\"vertical\">\n\t\t\t\t\t\t\t\t\t<div class=\"elementor-tab-title elementor-tab-mobile-title\" aria-selected=\"true\" data-tab=\"1\" role=\"tab\" tabindex=\"0\" aria-controls=\"elementor-tab-content-2471\" aria-expanded=\"false\">Leeftijd:<\/div>\n\t\t\t\t\t<div id=\"elementor-tab-content-2471\" class=\"elementor-tab-content elementor-clearfix\" data-tab=\"1\" role=\"tabpanel\" aria-labelledby=\"elementor-tab-title-2471\" tabindex=\"0\" hidden=\"false\"><p>Vanaf 18 jaar<\/p><\/div>\n\t\t\t\t\t\t\t\t\t<div class=\"elementor-tab-title elementor-tab-mobile-title\" aria-selected=\"false\" data-tab=\"2\" role=\"tab\" tabindex=\"-1\" aria-controls=\"elementor-tab-content-2472\" aria-expanded=\"false\">Locatie:<\/div>\n\t\t\t\t\t<div id=\"elementor-tab-content-2472\" class=\"elementor-tab-content elementor-clearfix\" data-tab=\"2\" role=\"tabpanel\" aria-labelledby=\"elementor-tab-title-2472\" tabindex=\"0\" hidden=\"hidden\"><p>Beierse slavernij<\/p><p>Andreas Venus<\/p><p>Haidberg 2<\/p><p>94379 Sankt Englmar<\/p><\/div>\n\t\t\t\t\t\t\t\t\t<div class=\"elementor-tab-title elementor-tab-mobile-title\" aria-selected=\"false\" data-tab=\"3\" role=\"tab\" tabindex=\"-1\" aria-controls=\"elementor-tab-content-2473\" aria-expanded=\"false\">Prijzen:<\/div>\n\t\t\t\t\t<div id=\"elementor-tab-content-2473\" class=\"elementor-tab-content elementor-clearfix\" data-tab=\"3\" role=\"tabpanel\" aria-labelledby=\"elementor-tab-title-2473\" tabindex=\"0\" hidden=\"hidden\"><p>Alle hierboven genoemde prijzen zijn totaalprijzen inclusief BTW.<\/p><\/div>\n\t\t\t\t\t\t\t\t\t<div class=\"elementor-tab-title elementor-tab-mobile-title\" aria-selected=\"false\" data-tab=\"4\" role=\"tab\" tabindex=\"-1\" aria-controls=\"elementor-tab-content-2474\" aria-expanded=\"false\">betalen<\/div>\n\t\t\t\t\t<div id=\"elementor-tab-content-2474\" class=\"elementor-tab-content elementor-clearfix\" data-tab=\"4\" role=\"tabpanel\" aria-labelledby=\"elementor-tab-title-2474\" tabindex=\"0\" hidden=\"hidden\"><p>Voordat de workshop begint<\/p><\/div>\n\t\t\t\t\t\t\t\t\t<div class=\"elementor-tab-title elementor-tab-mobile-title\" aria-selected=\"false\" data-tab=\"5\" role=\"tab\" tabindex=\"-1\" aria-controls=\"elementor-tab-content-2475\" aria-expanded=\"false\">Vrijwaring:<\/div>\n\t\t\t\t\t<div id=\"elementor-tab-content-2475\" class=\"elementor-tab-content elementor-clearfix\" data-tab=\"5\" role=\"tabpanel\" aria-labelledby=\"elementor-tab-title-2475\" tabindex=\"0\" hidden=\"hidden\"><p>Lees en teken goed voordat de workshop begint.<\/p><\/div>\n\t\t\t\t\t\t\t\t\t<div class=\"elementor-tab-title elementor-tab-mobile-title\" aria-selected=\"false\" data-tab=\"6\" role=\"tab\" tabindex=\"-1\" aria-controls=\"elementor-tab-content-2476\" aria-expanded=\"false\">Gemengd:<\/div>\n\t\t\t\t\t<div id=\"elementor-tab-content-2476\" class=\"elementor-tab-content elementor-clearfix\" data-tab=\"6\" role=\"tabpanel\" aria-labelledby=\"elementor-tab-title-2476\" tabindex=\"0\" hidden=\"hidden\"><p>Alle artikelen die in de winkel worden aangeboden, kunnen in een workshop worden gekocht.<\/p><\/div>\n\t\t\t\t\t\t\t<\/div>\n\t\t<\/div>\n\t\t\t\t\t\t<\/div>\n\t\t\t\t<div class=\"elementor-element elementor-element-e131a80 premium-lq__none elementor-widget elementor-widget-premium-addon-button\" data-id=\"e131a80\" data-element_type=\"widget\" data-e-type=\"widget\" data-widget_type=\"premium-addon-button.default\">\n\t\t\t\t\t\n\n\t\t<a class=\"premium-button premium-button-none premium-btn-md premium-button-none\" href=\"https:\/\/bavarian-bondage.de\/nl\/contactformulier\/\">\n\t\t\t<div class=\"premium-button-text-icon-wrapper\">\n\t\t\t\t\n\t\t\t\t\t\t\t\t\t<span >\n\t\t\t\t\t\tContactformulier\t\t\t\t\t<\/span>\n\t\t\t\t\t\t\t<\/div>\n\n\t\t\t\n\t\t\t\n\t\t\t\n\t\t<\/a>\n\n\n\t\t\t\t\t\t<\/div>\n\t\t\t\t<\/div>\n\t\t\t\t\t<\/div>\n\t\t\t\t<\/div>\n\t\t<div class=\"elementor-element elementor-element-56284fd e-flex e-con-boxed e-con e-parent\" data-id=\"56284fd\" data-element_type=\"container\" data-e-type=\"container\">\n\t\t\t\t\t<div class=\"e-con-inner\">\n\t\t<div class=\"elementor-element elementor-element-5b366aa e-con-full e-flex e-con e-child\" data-id=\"5b366aa\" data-element_type=\"container\" data-e-type=\"container\">\n\t\t\t\t<div class=\"elementor-element elementor-element-79888ce elementor-widget elementor-widget-heading\" data-id=\"79888ce\" data-element_type=\"widget\" data-e-type=\"widget\" data-widget_type=\"heading.default\">\n\t\t\t\t\t<h2 class=\"elementor-heading-title elementor-size-default\">Aktuell werden keine Workshops angeboten!<\/h2>\t\t\t\t<\/div>\n\t\t\t\t<\/div>\n\t\t\t\t\t<\/div>\n\t\t\t\t<\/div>\n\t\t\t\t<\/div>","protected":false},"excerpt":{"rendered":"<p>Fortgeschrittenen Workshops Alle Kurse k\u00f6nnen individuell nach deinen W\u00fcnschen angepasst werden. 1. Der Takate Kote kurz TK oder auch Box Tie, ist eine klassische Oberk\u00f6rperfesselung und ein Grundstein f\u00fcr viele weitere Fesselungen. Des Weiteren ist der Takate Kote eines der wichtigsten Elemente f\u00fcr H\u00e4ngebondage und sollte daher fehlerfrei und sicher beherrscht werden! Wir befassen uns [&hellip;]<\/p>\n","protected":false},"author":3,"featured_media":0,"parent":0,"menu_order":0,"comment_status":"closed","ping_status":"closed","template":"elementor_header_footer","meta":{"footnotes":""},"class_list":["post-1127","page","type-page","status-publish","hentry"],"_links":{"self":[{"href":"https:\/\/bavarian-bondage.de\/nl\/wp-json\/wp\/v2\/pages\/1127","targetHints":{"allow":["GET"]}}],"collection":[{"href":"https:\/\/bavarian-bondage.de\/nl\/wp-json\/wp\/v2\/pages"}],"about":[{"href":"https:\/\/bavarian-bondage.de\/nl\/wp-json\/wp\/v2\/types\/page"}],"author":[{"embeddable":true,"href":"https:\/\/bavarian-bondage.de\/nl\/wp-json\/wp\/v2\/users\/3"}],"replies":[{"embeddable":true,"href":"https:\/\/bavarian-bondage.de\/nl\/wp-json\/wp\/v2\/comments?post=1127"}],"version-history":[{"count":5,"href":"https:\/\/bavarian-bondage.de\/nl\/wp-json\/wp\/v2\/pages\/1127\/revisions"}],"predecessor-version":[{"id":16986,"href":"https:\/\/bavarian-bondage.de\/nl\/wp-json\/wp\/v2\/pages\/1127\/revisions\/16986"}],"wp:attachment":[{"href":"https:\/\/bavarian-bondage.de\/nl\/wp-json\/wp\/v2\/media?parent=1127"}],"curies":[{"name":"wp","href":"https:\/\/api.w.org\/{rel}","templated":true}]}}