{"id":1139,"date":"2016-05-24T16:03:59","date_gmt":"2016-05-24T14:03:59","guid":{"rendered":"https:\/\/bavarian-bondage.mysupr.de\/ueber-mich\/"},"modified":"2023-02-02T13:46:18","modified_gmt":"2023-02-02T12:46:18","slug":"over-mij","status":"publish","type":"page","link":"https:\/\/bavarian-bondage.de\/nl\/ueber-mich\/","title":{"rendered":"Over mij"},"content":{"rendered":"<div data-elementor-type=\"wp-post\" data-elementor-id=\"1139\" class=\"elementor elementor-1139\" data-elementor-post-type=\"page\">\n\t\t\t\t\t\t<section class=\"elementor-section elementor-top-section elementor-element elementor-element-c0abc2b elementor-section-boxed elementor-section-height-default elementor-section-height-default\" data-id=\"c0abc2b\" data-element_type=\"section\" data-e-type=\"section\">\n\t\t\t\t\t\t<div class=\"elementor-container elementor-column-gap-default\">\n\t\t\t\t\t<div class=\"elementor-column elementor-col-100 elementor-top-column elementor-element elementor-element-a395192\" data-id=\"a395192\" data-element_type=\"column\" data-e-type=\"column\">\n\t\t\t<div class=\"elementor-widget-wrap elementor-element-populated\">\n\t\t\t\t\t\t<div class=\"elementor-element elementor-element-923671e elementor-widget elementor-widget-heading\" data-id=\"923671e\" data-element_type=\"widget\" data-e-type=\"widget\" data-widget_type=\"heading.default\">\n\t\t\t\t\t<h2 class=\"elementor-heading-title elementor-size-default\">Tijd voor boeiende momenten<\/h2>\t\t\t\t<\/div>\n\t\t\t\t<div class=\"elementor-element elementor-element-0865faa elementor-widget elementor-widget-text-editor\" data-id=\"0865faa\" data-element_type=\"widget\" data-e-type=\"widget\" data-widget_type=\"text-editor.default\">\n\t\t\t\t\t\t\t\t\t<p style=\"text-align: center\">In de volgende regels kom je het een en ander te weten over mij, de site en de winkel<br \/>en waarom u bij ons aan het juiste adres bent!<\/p><p style=\"text-align: center\">Om het lezen minder saai te maken, schrijf ik alleen de belangrijkste details en geen roman.<\/p><p style=\"text-align: center\">Ik begin gewoon bij mezelf zodat je weet wie verantwoordelijk is voor de homepage, de workshops, de producten en natuurlijk voor af en toe typefouten^^<\/p><p style=\"text-align: center\">Mijn naam is Andreas, ik ben 37 jaar en heb lang in de horeca gewerkt. Al ruim 17 jaar ben ik bezig met bondage en shibari, soms meer en soms minder intensief. De afgelopen jaren heeft bijna alles voor mij om dit onderwerp gedraaid. ^^<\/p><p style=\"text-align: center\"><span style=\"color: #000000\"><strong>Val voor de touwen!<\/strong><\/span><\/p><p style=\"text-align: center\">Het is precies deze passie die ik je graag wil laten zien op mijn homepage! Bondage is meer dan alleen iemand vastbinden, meer dan spelen, meer dan de naam bondage zelfs maar kan zeggen!<\/p><p style=\"text-align: center\"><span style=\"color: #0000ff\"><strong>Tijd voor boeiende momenten<\/strong><\/span><\/p><p style=\"text-align: center\">is voor mij meer dan alleen een slogan!<\/p><p style=\"text-align: center\">\u2665<\/p><h3 style=\"text-align: center\"><strong>Het idee<\/strong><\/h3><p style=\"text-align: center\">Het idee voor bavarian-bondage.de ontstond in de zomer van 2015 na een priv\u00e9-bondageworkshop. Een paar maanden later begon de planning voor de site echt, met een blog, instructies, workshops en het doel om bondage en shibari te verspreiden en de vreugde van bondage op mensen over te brengen.<\/p><p style=\"text-align: center\">Midden in de planning en na een teleurstellende aankoop van touw, kwam er een ander idee langs.\u00a0<\/p><p style=\"text-align: center\">\u2665<\/p><h3 style=\"text-align: center\"><strong>Een online winkel!<\/strong><\/h3><p style=\"text-align: center\">Een winkel die indruk maakt op zijn klanten met individualiteit, creativiteit en redelijke kwaliteit. De winkel die zich onderscheidt van de massa door een gedenkwaardig design en authenticiteit. Trouw aan het motto \u201cKwaliteit in plaats van kwantiteit\u201d zijn mijn producten grotendeels handgemaakt en individueel aanpasbaar.<\/p><p style=\"text-align: center\">\u2665<\/p><h3 style=\"text-align: center\"><strong>Workshops:<\/strong>\u00a0<\/h3><p style=\"text-align: center\">Vaak lees je welke referenties de aanbieders hebben; hoe goed zijn de aangeboden workshops; kan de aanbieder \u00fcberhaupt iets doen; en is het de moeite waard om mee te doen?<\/p><p style=\"text-align: center\">Nee. Ik heb geen enkele opleiding gevolgd in Japan, ik ben geen auteur en ik ben ook niet bekend via televisiereportages of video&#039;s op internet. Mijn referenties liggen in de jarenlange ervaring die ik heb opgedaan door talrijke cursusdeelnames en mijn eigen initiatief.<\/p><p style=\"text-align: center\">Ik zie mezelf niet als een bondagekunstenaar, een shibari-meester of een leraar. Nee, ik ben gewoon ik, ik geef graag mijn kennis door en laat je zien hoe je de touwen gebruikt.<\/p><p style=\"text-align: center\">Of het voor jou de moeite waard is om aan mijn workshops deel te nemen, moet je zelf bepalen. Ik probeer in ieder geval altijd mijn best te doen en zo goed mogelijk op jou en jouw leerwensen in te spelen.<\/p><p style=\"text-align: center\">\u2665<\/p><h3 style=\"text-align: center\"><strong>De naam<\/strong><\/h3><p style=\"text-align: center\">De naam van mijn site of winkel is zeer regionaal omdat het doel vanaf het begin duidelijk was gedefinieerd. Workshops geven aan mensen uit mijn omgeving.<\/p><p style=\"text-align: center\">Of Bavarian Bondage geschikt is voor een online shop valt nog te bezien. Ik vind de naam goed en dat zal in de toekomst ook zo blijven^^\u00a0<\/p><p style=\"text-align: center\">\u2665<\/p><h3 style=\"text-align: center\"><strong>De toekomst van de Beierse slavernij<\/strong><\/h3><p style=\"text-align: center\">Wie weet wat de toekomst brengt. Mijn doelen zijn zeker om de site verder uit te breiden, om altijd nieuwe producten aan te bieden, om blogberichten te schrijven, misschien om een paar bondage-instructies te maken, enzovoort. Natuurlijk niet van de ene op de andere dag, maar de reis is het doel en daar houd ik me aan vast!<\/p><p style=\"text-align: center\">Ik ben mijn producten regelmatig gaan aanbieden op beurzen en diverse evenementen om mijn klanten de gelegenheid te geven de aanbiedingen te zien en uiteraard iedereen die mij ter plaatse wil leren kennen. Wanneer en waar ik een stand heb, wordt regelmatig op de homepage vermeld.<\/p><p style=\"text-align: center\">\u2665<\/p><h3 style=\"text-align: center\"><strong>Het belangrijkste komt aan het eind<\/strong><\/h3><p style=\"text-align: center\">Wat hebben de beste idee\u00ebn, het mooiste ontwerp en de goede wil!? Uiteindelijk leeft niets, een site of een winkel alleen met het vertrouwen van zijn bezoekers, zijn klanten. Het belangrijkste op de hele site ben jij!<\/p><p style=\"text-align: center\">Ik hoop dat je een kleine indruk hebt kunnen krijgen van mij, mijn site en de doelen die ik nastreef.<\/p><p style=\"text-align: center\">Uiteraard ben ik altijd beschikbaar om uw vragen en suggesties te beantwoorden.<\/p><p style=\"text-align: center\"><strong>Groeten Andreas<\/strong><\/p>\t\t\t\t\t\t\t\t<\/div>\n\t\t\t\t\t<\/div>\n\t\t<\/div>\n\t\t\t\t\t<\/div>\n\t\t<\/section>\n\t\t\t\t<\/div>","protected":false},"excerpt":{"rendered":"<p>Zeit f\u00fcr fesselnde Momente In den folgenden Zeilen erf\u00e4hrst Du das ein oder andere \u00fcber mich, die Seite, den Shopund warum Du hier genau richtig bist! Damit das lesen nicht ganz so langweilig wird, schreibe ich nur die wichtigsten Details und keinen Roman. Ich beginne jetzt einfach mal bei mir, damit du wei\u00dft wer f\u00fcr [&hellip;]<\/p>\n","protected":false},"author":3,"featured_media":0,"parent":0,"menu_order":0,"comment_status":"closed","ping_status":"closed","template":"elementor_header_footer","meta":{"footnotes":""},"class_list":["post-1139","page","type-page","status-publish","hentry"],"_links":{"self":[{"href":"https:\/\/bavarian-bondage.de\/nl\/wp-json\/wp\/v2\/pages\/1139","targetHints":{"allow":["GET"]}}],"collection":[{"href":"https:\/\/bavarian-bondage.de\/nl\/wp-json\/wp\/v2\/pages"}],"about":[{"href":"https:\/\/bavarian-bondage.de\/nl\/wp-json\/wp\/v2\/types\/page"}],"author":[{"embeddable":true,"href":"https:\/\/bavarian-bondage.de\/nl\/wp-json\/wp\/v2\/users\/3"}],"replies":[{"embeddable":true,"href":"https:\/\/bavarian-bondage.de\/nl\/wp-json\/wp\/v2\/comments?post=1139"}],"version-history":[{"count":8,"href":"https:\/\/bavarian-bondage.de\/nl\/wp-json\/wp\/v2\/pages\/1139\/revisions"}],"predecessor-version":[{"id":9546,"href":"https:\/\/bavarian-bondage.de\/nl\/wp-json\/wp\/v2\/pages\/1139\/revisions\/9546"}],"wp:attachment":[{"href":"https:\/\/bavarian-bondage.de\/nl\/wp-json\/wp\/v2\/media?parent=1139"}],"curies":[{"name":"wp","href":"https:\/\/api.w.org\/{rel}","templated":true}]}}