{"id":1145,"date":"2016-06-01T10:24:58","date_gmt":"2016-06-01T08:24:58","guid":{"rendered":"https:\/\/bavarian-bondage.mysupr.de\/widerrufsrecht-fuer-waren\/"},"modified":"2025-07-20T08:32:20","modified_gmt":"2025-07-20T06:32:20","slug":"herroepingsrecht-voor-goederen","status":"publish","type":"page","link":"https:\/\/bavarian-bondage.de\/nl\/widerrufsrecht-fuer-waren\/","title":{"rendered":"Herroepingsrecht voor goederen"},"content":{"rendered":"<div data-elementor-type=\"wp-post\" data-elementor-id=\"1145\" class=\"elementor elementor-1145\" data-elementor-post-type=\"page\">\n\t\t\t\t<div class=\"elementor-element elementor-element-eb1d6f5 e-flex e-con-boxed e-con e-parent\" data-id=\"eb1d6f5\" data-element_type=\"container\" data-e-type=\"container\">\n\t\t\t\t\t<div class=\"e-con-inner\">\n\t\t\t\t<div class=\"elementor-element elementor-element-7a6ac82 elementor-widget elementor-widget-text-editor\" data-id=\"7a6ac82\" data-element_type=\"widget\" data-e-type=\"widget\" data-widget_type=\"text-editor.default\">\n\t\t\t\t\t\t\t\t\t<p><strong>Herroepingsrecht voor consumenten\u00a0<\/strong><br \/>(Een consument is elke natuurlijke persoon die een rechtstransactie sluit voor doeleinden die niet in de eerste plaats kunnen worden toegeschreven aan zijn commerci\u00eble of zelfstandige beroepsactiviteit.)<br \/><br \/><strong>Annuleringsbeleid<\/strong><br \/><br \/><strong>Herroepingsrecht<\/strong><br \/>U heeft het recht om deze overeenkomst binnen 14 dagen zonder opgave van redenen te herroepen.<br \/>De herroepingstermijn bedraagt 14 dagen vanaf de dag<br \/><br \/>\u2013 waarop u of een door u genoemde derde, die niet de vervoerder is, de goederen in bezit heeft genomen, op voorwaarde dat u in het kader van een uniforme bestelling \u00e9\u00e9n of meerdere goederen heeft besteld en deze uniform zijn of worden geleverd;<br \/><br \/>\u2013 waarop u of een door u genoemde derde, die niet de vervoerder is, de laatste goederen in bezit heeft genomen, op voorwaarde dat u in \u00e9\u00e9n bestelling meerdere goederen heeft besteld en deze afzonderlijk worden geleverd;<br \/><br \/>Om uw herroepingsrecht uit te oefenen, moet u contact met ons opnemen\u00a0<strong>(Andreas Venus, Haidberg 2, 94379 Sankt Englmar, telefoonnummer: 016091594448, e-mailadres: info@bavarian-bondage.de)<\/strong>\u00a0u op de hoogte stellen van uw beslissing om dit contract te herroepen door middel van een duidelijke verklaring (bijvoorbeeld een per post verzonden brief of een e-mail). U kunt gebruik maken van het bijgevoegde modelformulier voor herroeping, maar dit is niet verplicht.<br \/><br \/>Om aan de herroepingstermijn te voldoen, volstaat het dat u de mededeling over uw uitoefening van het herroepingsrecht verzendt voordat de herroepingstermijn is verstreken.<br \/><br \/><strong>Gevolgen van intrekking<\/strong><br \/><br \/>Als u dit contract annuleert, zullen wij u alle van u ontvangen betalingen terugbetalen, inclusief leveringskosten (behalve eventuele extra kosten die voortvloeien uit het kiezen van een andere leveringsmethode dan de goedkoopste standaardlevering die door ons wordt aangeboden en die onmiddellijk en op het aangegeven tijdstip moet worden terugbetaald). uiterlijk binnen 14 dagen vanaf de dag waarop wij de kennisgeving van uw opzegging van dit contract hebben ontvangen. Voor deze terugbetaling gebruiken wij hetzelfde betaalmiddel dat u bij de oorspronkelijke transactie heeft gebruikt, tenzij uitdrukkelijk iets anders met u is overeengekomen; in geen geval worden u voor deze terugbetaling kosten in rekening gebracht.<br \/><br \/>Wij mogen terugbetaling weigeren totdat wij de goederen hebben teruggekregen, of totdat u heeft aangetoond dat u de goederen heeft teruggezonden, al naar gelang welk tijdstip eerst valt.<br \/><br \/>U moet de goederen onmiddellijk en in ieder geval uiterlijk 14 dagen vanaf de dag waarop u ons op de hoogte stelt van uw herroeping van dit contract, aan ons retourneren of overhandigen. De deadline is gehaald als u de goederen verzendt voordat de deadline van 14 dagen is verstreken.<br \/><br \/>U draagt de directe kosten van het retourneren van de goederen.<br \/><br \/>U bent alleen aansprakelijk voor waardeverlies van de goederen als dit waardeverlies het gevolg is van een andere behandeling dan nodig is om de aard, de kenmerken en de functionaliteit van de goederen vast te stellen.<br \/><br \/><strong>Redenen voor uitsluiting of vervaldatum<\/strong><br \/><br \/>Het herroepingsrecht is niet van toepassing op overeenkomsten<br \/><br \/>\u2013 voor de levering van goederen die niet geprefabriceerd zijn en voor de productie waarvan een individuele selectie of vaststelling door de consument doorslaggevend is of die duidelijk zijn afgestemd op de persoonlijke behoeften van de consument;<br \/>\u2013 voor de levering van goederen die snel kunnen bederven of waarvan de houdbaarheidsdatum snel overschreden zou worden;<br \/>\u2013 voor de levering van alcoholische dranken waarvan de prijs is overeengekomen bij het sluiten van de overeenkomst, maar die niet eerder kunnen worden geleverd dan 30 dagen na het sluiten van de overeenkomst en waarvan de actuele waarde afhankelijk is van schommelingen van de markt waarop de ondernemer zich bevindt geen invloed;<br \/>\u2013 voor de bezorging van kranten, tijdschriften of magazines met uitzondering van abonnementsovereenkomsten.<br \/><br \/>Bij overeenkomsten vervalt het herroepingsrecht vroegtijdig<br \/><br \/>\u2013 voor de levering van verzegelde goederen die om redenen van gezondheidsbescherming of hygi\u00ebne niet geschikt zijn om te worden teruggezonden, als de verzegeling na levering is verwijderd;<br \/>\u2013 voor de levering van goederen indien deze na levering door hun aard onlosmakelijk zijn vermengd met andere goederen;<br \/>\u2013 audio- of video-opnamen of computersoftware in een verzegelde verpakking te leveren, indien de verzegeling na levering is verwijderd.<br \/><br \/><\/p><hr \/><p><br \/><strong>Voorbeeldformulier voor herroeping<\/strong><br \/><br \/>(Als u het contract wilt herroepen, vul dan dit formulier in en stuur het terug.)<br \/><br \/>\u2013 Aan Andreas Venus, Haidberg 2, 94379 Sankt Englmar, e-mailadres: info@bavarian-bondage.de:<br \/><br \/>\u2013 Ik\/wij (*) herroep(en) hierbij het door mij\/ons (*) gesloten contract voor de aankoop van de volgende goederen (*)\/<br \/>\u00a0 het verlenen van de volgende dienst (*)<br \/><br \/>\u2013 Besteld op (*)\/ontvangen op (*)<br \/><br \/>\u2013 Naam van de consument(en)<br \/>\u2013 Adres van de consument(en)<br \/>\u2013 Handtekening van de consument(en) (alleen bij papieren kennisgeving)<br \/>- Datum<br \/><br \/>(*) Schrap wat niet van toepassing is.<br \/><br \/><\/p>\t\t\t\t\t\t\t\t<\/div>\n\t\t\t\t\t<\/div>\n\t\t\t\t<\/div>\n\t\t\t\t<\/div>","protected":false},"excerpt":{"rendered":"<p>Widerrufsrecht f\u00fcr Verbraucher\u00a0(Verbraucher ist jede nat\u00fcrliche Person, die ein Rechtsgesch\u00e4ft zu Zwecken abschlie\u00dft, die \u00fcberwiegend weder ihrer gewerblichen noch ihrer selbstst\u00e4ndigen beruflichen T\u00e4tigkeit zugerechnet werden k\u00f6nnen.) Widerrufsbelehrung WiderrufsrechtSie haben das Recht, binnen 14 Tagen ohne Angabe von Gr\u00fcnden diesen Vertrag zu widerrufen.Die Widerrufsfrist betr\u00e4gt 14 Tage ab dem Tag, &#8211; an dem Sie oder ein [&hellip;]<\/p>\n","protected":false},"author":3,"featured_media":0,"parent":0,"menu_order":0,"comment_status":"closed","ping_status":"closed","template":"","meta":{"footnotes":""},"class_list":["post-1145","page","type-page","status-publish","hentry"],"_links":{"self":[{"href":"https:\/\/bavarian-bondage.de\/nl\/wp-json\/wp\/v2\/pages\/1145","targetHints":{"allow":["GET"]}}],"collection":[{"href":"https:\/\/bavarian-bondage.de\/nl\/wp-json\/wp\/v2\/pages"}],"about":[{"href":"https:\/\/bavarian-bondage.de\/nl\/wp-json\/wp\/v2\/types\/page"}],"author":[{"embeddable":true,"href":"https:\/\/bavarian-bondage.de\/nl\/wp-json\/wp\/v2\/users\/3"}],"replies":[{"embeddable":true,"href":"https:\/\/bavarian-bondage.de\/nl\/wp-json\/wp\/v2\/comments?post=1145"}],"version-history":[{"count":5,"href":"https:\/\/bavarian-bondage.de\/nl\/wp-json\/wp\/v2\/pages\/1145\/revisions"}],"predecessor-version":[{"id":15405,"href":"https:\/\/bavarian-bondage.de\/nl\/wp-json\/wp\/v2\/pages\/1145\/revisions\/15405"}],"wp:attachment":[{"href":"https:\/\/bavarian-bondage.de\/nl\/wp-json\/wp\/v2\/media?parent=1145"}],"curies":[{"name":"wp","href":"https:\/\/api.w.org\/{rel}","templated":true}]}}