{"id":1146,"date":"2016-06-01T17:42:08","date_gmt":"2016-06-01T15:42:08","guid":{"rendered":"https:\/\/bavarian-bondage.mysupr.de\/widerrufsrecht-fuer-kurse\/"},"modified":"2025-07-20T08:33:24","modified_gmt":"2025-07-20T06:33:24","slug":"herroepingsrecht-voor-cursussen","status":"publish","type":"page","link":"https:\/\/bavarian-bondage.de\/nl\/widerrufsrecht-fuer-kurse\/","title":{"rendered":"Herroepingsrecht voor cursussen"},"content":{"rendered":"<div data-elementor-type=\"wp-post\" data-elementor-id=\"1146\" class=\"elementor elementor-1146\" data-elementor-post-type=\"page\">\n\t\t\t\t<div class=\"elementor-element elementor-element-e1f9e83 e-flex e-con-boxed e-con e-parent\" data-id=\"e1f9e83\" data-element_type=\"container\" data-e-type=\"container\">\n\t\t\t\t\t<div class=\"e-con-inner\">\n\t\t\t\t<div class=\"elementor-element elementor-element-f81c21d elementor-widget elementor-widget-text-editor\" data-id=\"f81c21d\" data-element_type=\"widget\" data-e-type=\"widget\" data-widget_type=\"text-editor.default\">\n\t\t\t\t\t\t\t\t\t<p><strong>Herroepingsrecht voor consumenten<\/strong><br \/>(Een consument is elke natuurlijke persoon die een rechtstransactie sluit voor doeleinden die niet in de eerste plaats kunnen worden toegeschreven aan zijn commerci\u00eble of zelfstandige beroepsactiviteit.)<br \/><br \/><strong>Annuleringsbeleid<\/strong><br \/><br \/><strong>Herroepingsrecht<\/strong><br \/>U heeft het recht om dit contract binnen veertien dagen zonder opgave van redenen te herroepen.<br \/>De opzegtermijn bedraagt veertien dagen vanaf de dag waarop het contract is gesloten.<br \/><br \/>Om uw herroepingsrecht uit te oefenen, moet u contact met ons opnemen (<strong>Andreas Venus, Haidberg 2, 94379 Sankt Englmar, telefoonnummer: 016091594448, e-mailadres: info@bavarian-bondage.de<\/strong>) u op de hoogte stellen van uw beslissing om dit contract te herroepen door middel van een duidelijke verklaring (bijvoorbeeld een per post verzonden brief of een e-mail). U kunt gebruik maken van het bijgevoegde modelformulier voor herroeping, maar dit is niet verplicht.<br \/><br \/>Om aan de herroepingstermijn te voldoen, volstaat het dat u de mededeling over uw uitoefening van het herroepingsrecht verzendt voordat de herroepingstermijn is verstreken.<br \/><br \/><strong>Gevolgen van intrekking<\/strong><br \/>\u00a0<br \/>Als u dit contract annuleert, zullen wij u alle van u ontvangen betalingen terugbetalen, inclusief leveringskosten (behalve eventuele extra kosten die voortvloeien uit het kiezen van een andere leveringsmethode dan de goedkoopste standaardlevering die door ons wordt aangeboden en die onmiddellijk en op het aangegeven tijdstip moet worden terugbetaald). uiterlijk binnen veertien dagen vanaf de dag waarop wij de kennisgeving van uw opzegging van dit contract hebben ontvangen. Voor deze terugbetaling gebruiken wij hetzelfde betaalmiddel dat u bij de oorspronkelijke transactie heeft gebruikt, tenzij uitdrukkelijk iets anders met u is overeengekomen; in geen geval worden u voor deze terugbetaling kosten in rekening gebracht.<br \/><br \/>Als u heeft gevraagd dat de diensten waarvoor het contract voorziet in de betaling van een prijs, zouden beginnen tijdens de herroepingstermijn, moet u ons een redelijk bedrag betalen dat overeenkomt met het aandeel van de diensten tot het moment waarop u ons op de hoogte stelt van de herroepingsperiode. uitoefening van het herroepingsrecht met betrekking tot dit contract, komen de reeds geleverde diensten overeen met de totale omvang van de diensten voorzien in het contract.<br \/><br \/><strong>Redenen voor uitsluiting of vervaldatum<\/strong><br \/><br \/>Het herroepingsrecht is niet van toepassing op overeenkomsten voor de levering van diensten die verband houden met vrijetijdsbesteding, indien in de overeenkomst een bepaalde datum of periode voor de levering is vermeld.<br \/><br \/>Bij een overeenkomst tot dienstverlening waarbij de consument tot betaling van een prijs verplicht is, vervalt het herroepingsrecht bij volledige verrichting van de dienst, als de consument er v\u00f3\u00f3r aanvang van de dienstverlening uitdrukkelijk mee heeft ingestemd dat de ondernemer zal starten de dienst levert voordat de herroepingstermijn is verstreken en hij heeft bevestigd dat zijn herroepingsrecht vervalt bij volledige nakoming van de overeenkomst door de ondernemer.<\/p><div>\u00a0<\/div><p>\u00a0<\/p><hr \/><p><br \/><strong>Voorbeeldformulier voor herroeping<\/strong><br \/><br \/>(Als u het contract wilt herroepen, vul dan dit formulier in en stuur het terug.)<br \/><br \/>\u2013 Aan Andreas Venus, Haidberg 2, 94379 Sankt Englmar, e-mailadres: info@bavarian-bondage.de:<br \/><br \/>\u2013 Ik\/wij (*) herroep(en) hierbij het door mij\/ons (*) gesloten contract voor de aankoop van de volgende goederen (*)\/<br \/>\u00a0 het verlenen van de volgende dienst (*)<br \/><br \/>\u2013 Besteld op (*)\/ontvangen op (*)<br \/><br \/>\u2013 Naam van de consument(en)<br \/>\u2013 Adres van de consument(en)<br \/>\u2013 Handtekening van de consument(en) (alleen bij papieren kennisgeving)<br \/>- Datum<br \/><br \/>(*) Schrap wat niet van toepassing is.<br \/><br \/><\/p>\t\t\t\t\t\t\t\t<\/div>\n\t\t\t\t\t<\/div>\n\t\t\t\t<\/div>\n\t\t\t\t<\/div>","protected":false},"excerpt":{"rendered":"<p>Widerrufsrecht f\u00fcr Verbraucher(Verbraucher ist jede nat\u00fcrliche Person, die ein Rechtsgesch\u00e4ft zu Zwecken abschlie\u00dft, die \u00fcberwiegend weder ihrer gewerblichen noch ihrer selbstst\u00e4ndigen beruflichen T\u00e4tigkeit zugerechnet werden k\u00f6nnen.) Widerrufsbelehrung WiderrufsrechtSie haben das Recht, binnen vierzehn Tagen ohne Angabe von Gr\u00fcnden diesen Vertrag zu widerrufen.Die Widerrufsfrist betr\u00e4gt vierzehn Tage ab dem Tag des Vertragsabschlusses. Um Ihr Widerrufsrecht auszu\u00fcben, [&hellip;]<\/p>\n","protected":false},"author":3,"featured_media":0,"parent":0,"menu_order":0,"comment_status":"closed","ping_status":"closed","template":"","meta":{"footnotes":""},"class_list":["post-1146","page","type-page","status-publish","hentry"],"_links":{"self":[{"href":"https:\/\/bavarian-bondage.de\/nl\/wp-json\/wp\/v2\/pages\/1146","targetHints":{"allow":["GET"]}}],"collection":[{"href":"https:\/\/bavarian-bondage.de\/nl\/wp-json\/wp\/v2\/pages"}],"about":[{"href":"https:\/\/bavarian-bondage.de\/nl\/wp-json\/wp\/v2\/types\/page"}],"author":[{"embeddable":true,"href":"https:\/\/bavarian-bondage.de\/nl\/wp-json\/wp\/v2\/users\/3"}],"replies":[{"embeddable":true,"href":"https:\/\/bavarian-bondage.de\/nl\/wp-json\/wp\/v2\/comments?post=1146"}],"version-history":[{"count":5,"href":"https:\/\/bavarian-bondage.de\/nl\/wp-json\/wp\/v2\/pages\/1146\/revisions"}],"predecessor-version":[{"id":15408,"href":"https:\/\/bavarian-bondage.de\/nl\/wp-json\/wp\/v2\/pages\/1146\/revisions\/15408"}],"wp:attachment":[{"href":"https:\/\/bavarian-bondage.de\/nl\/wp-json\/wp\/v2\/media?parent=1146"}],"curies":[{"name":"wp","href":"https:\/\/api.w.org\/{rel}","templated":true}]}}