{"id":12,"date":"2018-09-04T13:47:19","date_gmt":"2018-09-04T11:47:19","guid":{"rendered":"http:\/\/bavarian-bondage.mysupr.de\/versandarten\/"},"modified":"2018-09-04T13:47:19","modified_gmt":"2018-09-04T11:47:19","slug":"verzendmethoden","status":"publish","type":"page","link":"https:\/\/bavarian-bondage.de\/nl\/versandarten\/","title":{"rendered":"Versandarten"},"content":{"rendered":"<div data-elementor-type=\"wp-post\" data-elementor-id=\"12\" class=\"elementor elementor-12\" data-elementor-post-type=\"page\">\n\t\t\t\t\t\t<section class=\"elementor-section elementor-top-section elementor-element elementor-element-07d64f3 elementor-section-boxed elementor-section-height-default elementor-section-height-default\" data-id=\"07d64f3\" data-element_type=\"section\" data-e-type=\"section\">\n\t\t\t\t\t\t<div class=\"elementor-container elementor-column-gap-default\">\n\t\t\t\t\t<div class=\"elementor-column elementor-col-100 elementor-top-column elementor-element elementor-element-6935983\" data-id=\"6935983\" data-element_type=\"column\" data-e-type=\"column\">\n\t\t\t<div class=\"elementor-widget-wrap elementor-element-populated\">\n\t\t\t\t\t\t<div class=\"elementor-element elementor-element-4538605 elementor-widget elementor-widget-text-editor\" data-id=\"4538605\" data-element_type=\"widget\" data-e-type=\"widget\" data-widget_type=\"text-editor.default\">\n\t\t\t\t\t\t\t\t\t<h3><strong>Betaling en verzending<\/strong><\/h3><p>De volgende voorwaarden zijn van toepassing:<\/p><p><strong>Verzendvoorwaarden<\/strong><\/p><p>Levering vindt plaats in het binnenland (Duitsland) en in de volgende landen: Belgi\u00eb, Denemarken, Frankrijk, Itali\u00eb, Luxemburg, Nederland, Zweden, Spanje en Oostenrijk.<\/p><p>Er worden geen verzendingen gedaan naar de volgende buitenlandse eilanden: El Hierro, Fuerteventura, Gran Canaria, La Gomera, La Palma, Lanzarote, Tenerife<\/p><p><strong>Verzendkosten<\/strong>\u00a0(inclusief wettelijke BTW)<\/p><p><strong>Binnenlandse leveringen (Duitsland):\u00a0<\/strong><\/p><p>Wij rekenen een vast bedrag voor de verzendkosten van \u20ac 4,90 per bestelling.<\/p><p>Bij bestellingen boven de \u20ac 120,00 bieden wij gratis verzending.<\/p><p><strong>Leveringen naar het buitenland:<\/strong><\/p><p>De verzendkosten naar het buitenland berekenen wij als volgt:<\/p><p>Belgi\u00eb: 13,99 \u20ac<br \/>Denemarken: 13,99 \u20ac<br \/>Frankrijk: 13,99 \u20ac<br \/>Itali\u00eb: 13,99 \u20ac<br \/>Luxemburg: 13,99 \u20ac<br \/>Nederland: 13,99 \u20ac<br \/>Zweden 13,99 \u20ac<br \/>Spanje: 13,99 \u20ac<br \/>Oostenrijk: 13,99 \u20ac<br \/><strong>Levertijden<\/strong><\/p><p>Tenzij in de betreffende offerte een andere termijn is aangegeven, worden de goederen binnen het binnenland (Duitsland) binnen 5 - 7 dagen en bij internationale leveringen binnen 5 - 7 dagen na het sluiten van de overeenkomst geleverd (indien vooruitbetaling is overeengekomen, na het tijdstip van uw betalingsopdracht).<br \/>Houd er rekening mee dat er geen bezorging is op zon- en feestdagen.<br \/>Indien u artikelen met verschillende levertijden heeft besteld, versturen wij de goederen in \u00e9\u00e9n zending, tenzij wij hierover andere afspraken met u hebben gemaakt. In dit geval wordt de levertijd bepaald door het artikel met de langste levertijd dat u heeft besteld.<\/p><p><strong>Geaccepteerde betalingsopties<\/strong><\/p><p><strong>\u2013\u00a0\u00a0<\/strong>Betaling vooraf via bankoverschrijving<br \/><strong>\u2013\u00a0\u00a0<\/strong>Betaling met creditcard<br \/><strong>\u2013<\/strong>\u00a0 betaling via PayPal\u00a0<br \/><strong>\u2013<\/strong><strong>\u00a0\u00a0<\/strong>betaling via directe overschrijving<\/p><p><strong>Verdere betalingsgegevens<\/strong><\/p><p>Indien u met een creditcard betaalt, wordt uw creditcardrekening gedebiteerd bij het sluiten van de overeenkomst.<\/p><p>Als u vragen heeft, kunt u onze contactgegevens vinden in de juridische kennisgeving.<\/p>\t\t\t\t\t\t\t\t<\/div>\n\t\t\t\t\t<\/div>\n\t\t<\/div>\n\t\t\t\t\t<\/div>\n\t\t<\/section>\n\t\t\t\t<\/div>","protected":false},"excerpt":{"rendered":"<p>Zahlung und Versand Es gelten folgende Bedingungen: Versandbedingungen Die Lieferung erfolgt im Inland (Deutschland)\u00a0und in die nachstehenden L\u00e4nder:\u00a0Belgien, D\u00e4nemark, Frankreich, Italien, Luxemburg, Niederlande, Schweden, Spanien, \u00d6sterreich. Keine Versendung erfolgt auf die nachstehenden ausl\u00e4ndischen Inseln: El Hierro, Fuerteventura, Gran Canaria, La Gomera, La Palma, Lanzarote,Teneriffa Versandkosten\u00a0(inklusive gesetzliche Mehrwertsteuer) Lieferungen im Inland (Deutschland):\u00a0 Wir berechnen die Versandkosten [&hellip;]<\/p>\n","protected":false},"author":3,"featured_media":0,"parent":0,"menu_order":0,"comment_status":"closed","ping_status":"closed","template":"","meta":{"footnotes":""},"class_list":["post-12","page","type-page","status-publish","hentry"],"_links":{"self":[{"href":"https:\/\/bavarian-bondage.de\/nl\/wp-json\/wp\/v2\/pages\/12","targetHints":{"allow":["GET"]}}],"collection":[{"href":"https:\/\/bavarian-bondage.de\/nl\/wp-json\/wp\/v2\/pages"}],"about":[{"href":"https:\/\/bavarian-bondage.de\/nl\/wp-json\/wp\/v2\/types\/page"}],"author":[{"embeddable":true,"href":"https:\/\/bavarian-bondage.de\/nl\/wp-json\/wp\/v2\/users\/3"}],"replies":[{"embeddable":true,"href":"https:\/\/bavarian-bondage.de\/nl\/wp-json\/wp\/v2\/comments?post=12"}],"version-history":[{"count":0,"href":"https:\/\/bavarian-bondage.de\/nl\/wp-json\/wp\/v2\/pages\/12\/revisions"}],"wp:attachment":[{"href":"https:\/\/bavarian-bondage.de\/nl\/wp-json\/wp\/v2\/media?parent=12"}],"curies":[{"name":"wp","href":"https:\/\/api.w.org\/{rel}","templated":true}]}}