{"id":13,"date":"2018-09-04T13:47:19","date_gmt":"2018-09-04T11:47:19","guid":{"rendered":"http:\/\/bavarian-bondage.mysupr.de\/bezahlmoeglichkeiten\/"},"modified":"2025-07-20T08:35:49","modified_gmt":"2025-07-20T06:35:49","slug":"betaling-en-verzending","status":"publish","type":"page","link":"https:\/\/bavarian-bondage.de\/nl\/zahlung-und-versand\/","title":{"rendered":"Betaling en verzending"},"content":{"rendered":"<div data-elementor-type=\"wp-post\" data-elementor-id=\"13\" class=\"elementor elementor-13\" data-elementor-post-type=\"page\">\n\t\t\t\t<div class=\"elementor-element elementor-element-5ac5788 e-flex e-con-boxed e-con e-parent\" data-id=\"5ac5788\" data-element_type=\"container\" data-e-type=\"container\">\n\t\t\t\t\t<div class=\"e-con-inner\">\n\t\t\t\t<div class=\"elementor-element elementor-element-197797c elementor-widget elementor-widget-text-editor\" data-id=\"197797c\" data-element_type=\"widget\" data-e-type=\"widget\" data-widget_type=\"text-editor.default\">\n\t\t\t\t\t\t\t\t\t<p><strong>Betaling en verzending<\/strong><br \/><br \/>De volgende voorwaarden zijn van toepassing:<br \/><br \/>Levering vindt plaats in binnenland (Duitsland) en naar de volgende landen: Belgi\u00eb, Denemarken, Frankrijk, Itali\u00eb, Luxemburg, Nederland, Portugal, Zweden, Spanje, Oostenrijk.<br \/><br \/>Verzending naar Duitse en buitenlandse eilanden is uitgesloten.<br \/><br \/><strong>Verzendkosten<\/strong>\u00a0(inclusief wettelijke BTW)<br \/><br \/><strong>Binnenlandse leveringen (Duitsland):\u00a0<\/strong><br \/><br \/>Wij rekenen een vast tarief van \u20ac 5,90 per bestelling voor verzendkosten.<br \/><br \/>Wij bezorgen gratis verzending bij bestellingen boven de \u20ac 130,00.<br \/><br \/><strong>Leveringen naar het buitenland:<\/strong><br \/><br \/>De verzendkosten naar het buitenland berekenen wij als volgt:<br \/><br \/>Portugal: \u20ac 15,99 Belgi\u00eb: \u20ac 15,99<br \/>Denemarken: \u20ac 15,99<br \/>Frankrijk: \u20ac 15,99<br \/>Itali\u00eb: \u20ac 15,99<br \/>Luxemburg: 15,99 \u20ac<br \/>Nederland: \u20ac 15,99<br \/>Zweden \u20ac 15,99<br \/>Spanje: \u20ac 15,99<br \/>Oostenrijk: 15,99 \u20ac<br \/><br \/><br \/><br \/><br \/><br \/><br \/><br \/><br \/><br \/><br \/><br \/><br \/><strong>Levertijden<\/strong><br \/><br \/>Tenzij in de betreffende aanbieding een andere termijn is vermeld, worden de goederen in het binnenland (Duitsland) binnen 5 - 7 dagen geleverd, bij leveringen in het buitenland binnen 10-12 dagen na het sluiten van de overeenkomst (indien vooruitbetaling is overeengekomen, na het tijdstip van uw betaalopdracht).<br \/>Houd er rekening mee dat er geen bezorging is op zon- en feestdagen.<br \/>Indien u artikelen met verschillende levertijden heeft besteld, worden de goederen in \u00e9\u00e9n zending verzonden, tenzij anders is overeengekomen. In dat geval wordt de levertijd bepaald door het artikel met de langste levertijd dat u heeft besteld.<br \/><br \/><strong>Geaccepteerde betalingsopties<\/strong><br \/><br \/><strong>\u2013\u00a0\u00a0<\/strong>Betaling vooraf via bankoverschrijving<br \/>\u2013 Betaling via directe bankoverschrijving (via Klarna)<br \/>\u2013 Betaling via automatische incasso (via Klarna)<br \/>\u2013 Betaling met creditcard (via Klarna)<br \/><br \/><strong>Via PayPal-afrekenen:<\/strong><br \/>\u2013 Betaling via PayPal Express<br \/>\u2013 Betaling met creditcard<br \/><br \/><strong>Via PayPal:<\/strong><br \/>\u2013 Betaling via PayPal<br \/>\u2013 Betaling met creditcard<br \/>\u2013 Betaling via SEPA automatische incasso<br \/>\u2013 Betalen via \u201cBetaal later\u201d<br \/><br \/>Als u vragen heeft, kunt u onze contactgegevens vinden in de juridische kennisgeving.<\/p><p>\u00a0<\/p>\t\t\t\t\t\t\t\t<\/div>\n\t\t\t\t\t<\/div>\n\t\t\t\t<\/div>\n\t\t\t\t<\/div>","protected":false},"excerpt":{"rendered":"<p>Zahlung und Versand Es gelten folgende Bedingungen: Die Lieferung erfolgt im Inland (Deutschland)\u00a0und in die nachstehenden L\u00e4nder:\u00a0Belgien, D\u00e4nemark, Frankreich, Italien, Luxemburg, Niederlande, Portugal, Schweden, Spanien, \u00d6sterreich. Der Versand auf deutsche und ausl\u00e4ndische Inseln ist ausgeschlossen. Versandkosten\u00a0(inklusive gesetzliche Mehrwertsteuer) Lieferungen im Inland (Deutschland):\u00a0 Wir berechnen die Versandkosten pauschal mit 5,90 \u20ac pro Bestellung. Ab einem Bestellwert [&hellip;]<\/p>\n","protected":false},"author":3,"featured_media":0,"parent":0,"menu_order":0,"comment_status":"closed","ping_status":"closed","template":"","meta":{"footnotes":""},"class_list":["post-13","page","type-page","status-publish","hentry"],"_links":{"self":[{"href":"https:\/\/bavarian-bondage.de\/nl\/wp-json\/wp\/v2\/pages\/13","targetHints":{"allow":["GET"]}}],"collection":[{"href":"https:\/\/bavarian-bondage.de\/nl\/wp-json\/wp\/v2\/pages"}],"about":[{"href":"https:\/\/bavarian-bondage.de\/nl\/wp-json\/wp\/v2\/types\/page"}],"author":[{"embeddable":true,"href":"https:\/\/bavarian-bondage.de\/nl\/wp-json\/wp\/v2\/users\/3"}],"replies":[{"embeddable":true,"href":"https:\/\/bavarian-bondage.de\/nl\/wp-json\/wp\/v2\/comments?post=13"}],"version-history":[{"count":5,"href":"https:\/\/bavarian-bondage.de\/nl\/wp-json\/wp\/v2\/pages\/13\/revisions"}],"predecessor-version":[{"id":15414,"href":"https:\/\/bavarian-bondage.de\/nl\/wp-json\/wp\/v2\/pages\/13\/revisions\/15414"}],"wp:attachment":[{"href":"https:\/\/bavarian-bondage.de\/nl\/wp-json\/wp\/v2\/media?parent=13"}],"curies":[{"name":"wp","href":"https:\/\/api.w.org\/{rel}","templated":true}]}}