{"id":10,"date":"2018-09-04T13:47:19","date_gmt":"2018-09-04T11:47:19","guid":{"rendered":"http:\/\/bavarian-bondage.mysupr.de\/agb\/"},"modified":"2025-07-20T08:34:26","modified_gmt":"2025-07-20T06:34:26","slug":"termos-e-condicoes","status":"publish","type":"page","link":"https:\/\/bavarian-bondage.de\/pt\/agb\/","title":{"rendered":"Termos e Condi\u00e7\u00f5es"},"content":{"rendered":"<div data-elementor-type=\"wp-post\" data-elementor-id=\"10\" class=\"elementor elementor-10\" data-elementor-post-type=\"page\">\n\t\t\t\t<div class=\"elementor-element elementor-element-664daa6 e-con-full e-flex e-con e-parent\" data-id=\"664daa6\" data-element_type=\"container\" data-e-type=\"container\">\n\t\t\t\t<div class=\"elementor-element elementor-element-3db340b elementor-widget elementor-widget-text-editor\" data-id=\"3db340b\" data-element_type=\"widget\" data-e-type=\"widget\" data-widget_type=\"text-editor.default\">\n\t\t\t\t\t\t\t\t\t<p><strong>Termos e condi\u00e7\u00f5es gerais e informa\u00e7\u00f5es ao cliente<\/strong><br \/><br \/><strong>I. Termos e Condi\u00e7\u00f5es Gerais<\/strong><br \/><br \/><strong>\u00a7 1 Disposi\u00e7\u00f5es B\u00e1sicas<\/strong><br \/><br \/><strong>(1)<\/strong>\u00a0Os seguintes termos e condi\u00e7\u00f5es aplicam-se aos contratos que voc\u00ea celebrar conosco enquanto fornecedor.\u00a0<strong>(Andreas Venus)<\/strong>\u00a0Estes termos e condi\u00e7\u00f5es s\u00e3o celebrados atrav\u00e9s do website www.bavarian-bondage.de. Salvo acordo em contr\u00e1rio, a inclus\u00e3o de quaisquer termos e condi\u00e7\u00f5es que voc\u00ea possa utilizar \u00e9 expressamente rejeitada.<br \/><br \/><strong>(2)<\/strong>\u00a0Para efeitos destas disposi\u00e7\u00f5es, considera-se consumidor qualquer pessoa singular que celebre um neg\u00f3cio jur\u00eddico para fins que n\u00e3o sejam predominantemente atribu\u00edveis \u00e0 sua atividade comercial ou profissional independente. Considera-se empresa qualquer pessoa singular ou coletiva, ou sociedade com capacidade jur\u00eddica, que, ao celebrar um neg\u00f3cio jur\u00eddico, atue no exerc\u00edcio da sua atividade profissional ou comercial independente.<br \/><br \/><strong>\u00a7 2 Forma\u00e7\u00e3o do contrato<\/strong><br \/><br \/><strong>(1)<\/strong>\u00a0O objeto do contrato \u00e9 a venda de mercadorias.<br \/><br \/><strong>(2)<\/strong>\u00a0Ao disponibilizar o respectivo produto em nosso site, estamos lhe apresentando uma proposta vinculativa para a celebra\u00e7\u00e3o de um contrato por meio do sistema de carrinho de compras online, nas condi\u00e7\u00f5es especificadas na descri\u00e7\u00e3o do item.\u00a0<br \/><br \/><strong>(3)<\/strong>\u00a0O contrato \u00e9 celebrado atrav\u00e9s do sistema de carrinho de compras online da seguinte forma:<br \/>Os itens que voc\u00ea pretende comprar s\u00e3o adicionados ao &quot;carrinho de compras&quot;. Voc\u00ea pode acessar o &quot;carrinho de compras&quot; atrav\u00e9s do bot\u00e3o correspondente na barra de navega\u00e7\u00e3o e fazer altera\u00e7\u00f5es a qualquer momento.<br \/>Ap\u00f3s clicar no bot\u00e3o &quot;Finalizar Compra&quot; ou &quot;Prosseguir para o Pedido&quot; (ou designa\u00e7\u00e3o similar) e inserir seus dados pessoais, bem como as condi\u00e7\u00f5es de pagamento e envio, os detalhes do pedido ser\u00e3o exibidos a voc\u00ea em um resumo.<br \/><br \/>Se voc\u00ea utilizar um sistema de pagamento instant\u00e2neo (por exemplo, PayPal (Express\/Plus\/Checkout), Amazon Pay, Sofort) como m\u00e9todo de pagamento, voc\u00ea ser\u00e1 direcionado para a p\u00e1gina de resumo do pedido em nossa loja online ou para o site do provedor do sistema de pagamento instant\u00e2neo.<br \/>Se voc\u00ea for redirecionado para o respectivo sistema de pagamento instant\u00e2neo, fa\u00e7a as sele\u00e7\u00f5es apropriadas ou insira seus dados l\u00e1. Por fim, os detalhes do seu pedido ser\u00e3o exibidos como um resumo no site do provedor do sistema de pagamento instant\u00e2neo ou ap\u00f3s voc\u00ea ser redirecionado de volta para nossa loja online.<br \/><br \/>Antes de enviar seu pedido, voc\u00ea tem a oportunidade de revisar as informa\u00e7\u00f5es no resumo do pedido, alter\u00e1-las (inclusive atrav\u00e9s da fun\u00e7\u00e3o &quot;voltar&quot; do seu navegador de internet) ou cancelar o pedido.<\/p><div>Ao submeter o pedido atrav\u00e9s do bot\u00e3o correspondente (&quot;pedido com obriga\u00e7\u00e3o de pagamento&quot;, &quot;comprar&quot; \/ &quot;comprar agora&quot;, &quot;pedido com obriga\u00e7\u00e3o de pagamento&quot;, &quot;pagar&quot; \/ &quot;pagar agora&quot; ou designa\u00e7\u00e3o semelhante), voc\u00ea declara legalmente a sua aceita\u00e7\u00e3o da oferta, concluindo assim o contrato.<\/div><div>\u00a0<\/div><p><strong>(4)<\/strong>\u00a0Seu pedido de or\u00e7amento n\u00e3o \u00e9 vinculativo. Enviaremos ent\u00e3o uma proposta vinculativa por escrito (por exemplo, por e-mail), que voc\u00ea poder\u00e1 aceitar em at\u00e9 5 dias (a menos que um prazo diferente seja especificado na proposta).<br \/><br \/><strong>(5)<\/strong>\u00a0O processamento do pedido e a transmiss\u00e3o de todas as informa\u00e7\u00f5es necess\u00e1rias para a celebra\u00e7\u00e3o do contrato s\u00e3o realizados, em parte, de forma autom\u00e1tica por e-mail. Portanto, voc\u00ea deve garantir que o endere\u00e7o de e-mail fornecido esteja correto, que o recebimento de e-mails seja tecnicamente garantido e, em particular, que n\u00e3o seja bloqueado por filtros de spam.<br \/><br \/><strong>\u00a7 3<\/strong>\u00a0<strong>Produtos personalizados<\/strong><br \/><br \/><strong>(1)\u00a0<\/strong>Voc\u00ea deve nos fornecer as informa\u00e7\u00f5es, textos ou arquivos necess\u00e1rios para a personaliza\u00e7\u00e3o individual dos produtos por meio do sistema de pedidos online ou por e-mail imediatamente ap\u00f3s a conclus\u00e3o do contrato. Nossas especifica\u00e7\u00f5es referentes aos formatos de arquivo devem ser observadas.<br \/>\u00a0<br \/><strong>(2)<\/strong>\u00a0Voc\u00ea concorda em n\u00e3o transmitir quaisquer dados cujo conte\u00fado infrinja os direitos de terceiros (em particular, direitos autorais, direitos de nome, direitos de marca registrada) ou viole as leis aplic\u00e1veis. Voc\u00ea nos indenizar\u00e1 expressamente por todas as reivindica\u00e7\u00f5es apresentadas por terceiros neste contexto. Isso inclui tamb\u00e9m os custos de qualquer representa\u00e7\u00e3o legal necess\u00e1ria a esse respeito.<br \/>\u00a0<br \/><strong>(3)<\/strong>\u00a0N\u00e3o verificamos a exatid\u00e3o dos dados transmitidos e, portanto, n\u00e3o nos responsabilizamos por eventuais erros.<br \/><br \/><strong>\u00a7 4 Forma\u00e7\u00e3o do contrato de cursos<\/strong><br \/><br \/><strong>(1)<\/strong>\u00a0O objeto do contrato \u00e9 a presta\u00e7\u00e3o de cursos.<br \/><br \/>Nossas ofertas na internet n\u00e3o s\u00e3o vinculativas e n\u00e3o constituem uma proposta vinculativa para a celebra\u00e7\u00e3o de um contrato.<br \/><br \/><strong>(2)<\/strong>\u00a0Seu pedido de or\u00e7amento n\u00e3o \u00e9 vinculativo. Enviaremos ent\u00e3o uma proposta vinculativa por escrito (por exemplo, por e-mail), que voc\u00ea poder\u00e1 aceitar em at\u00e9 5 dias (a menos que um prazo diferente seja especificado na proposta).<br \/><br \/><strong>(3)<\/strong>\u00a0O processamento do pedido e a transmiss\u00e3o de todas as informa\u00e7\u00f5es necess\u00e1rias para a celebra\u00e7\u00e3o do contrato s\u00e3o realizados, em parte, de forma autom\u00e1tica por e-mail. Portanto, voc\u00ea deve garantir que o endere\u00e7o de e-mail fornecido esteja correto, que o recebimento de e-mails seja tecnicamente garantido e, em particular, que n\u00e3o seja bloqueado por filtros de spam.<br \/><br \/><strong>\u00a7 5 Presta\u00e7\u00e3o de servi\u00e7os para cursos<\/strong><br \/><br \/><strong>(1)<\/strong>\u00a0Os cursos ser\u00e3o ministrados na forma descrita nas respectivas propostas, nas datas acordadas.<br \/><br \/><strong>(2)<\/strong>\u00a0Na medida em que a realiza\u00e7\u00e3o dos cursos depende do n\u00famero de participantes, o n\u00famero m\u00ednimo de participantes \u00e9 determinado pela respectiva oferta.<br \/>Caso o n\u00famero m\u00ednimo de participantes n\u00e3o seja atingido, informaremos voc\u00ea por escrito (por exemplo, por e-mail) com pelo menos 7 dias de anteced\u00eancia do in\u00edcio do curso que o curso reservado n\u00e3o ser\u00e1 realizado. Quaisquer pagamentos j\u00e1 efetuados ser\u00e3o reembolsados imediatamente neste caso.<br \/><br \/><strong>(3)<\/strong>\u00a0Caso um evento individual seja cancelado devido \u00e0 aus\u00eancia tempor\u00e1ria do instrutor do curso por motivo de doen\u00e7a ou outros motivos relevantes, os servi\u00e7os j\u00e1 prestados ser\u00e3o reembolsados imediatamente.<br \/>Para eventos com v\u00e1rias datas, se uma data for cancelada devido \u00e0 aus\u00eancia tempor\u00e1ria do instrutor por motivo de doen\u00e7a ou outro motivo relevante, a data cancelada ser\u00e1 remarcada para uma data posterior.<br \/><br \/><strong>(4)<\/strong>\u00a0Ao utilizar as salas de aula e instala\u00e7\u00f5es, voc\u00ea deve cumprir as normas internas afixadas. Voc\u00ea deve seguir nossas instru\u00e7\u00f5es e as instru\u00e7\u00f5es do instrutor do curso.<br \/><br \/><strong>\u00a7 6 Retirada \/ Cancelamento<\/strong><br \/><br \/><strong>(1)<\/strong>\u00a0Voc\u00ea pode rescindir o contrato gratuitamente at\u00e9 7 dias antes do in\u00edcio do curso. A rescis\u00e3o deve ser feita por escrito (por exemplo, por e-mail). O fator determinante para o cumprimento do prazo \u00e9 a data em que recebermos sua notifica\u00e7\u00e3o de rescis\u00e3o.<br \/>N\u00e3o \u00e9 mais poss\u00edvel desistir da inscri\u00e7\u00e3o a menos de 7 dias do in\u00edcio do curso.<br \/><br \/><strong>(2)<\/strong>\u00a0Em caso de n\u00e3o comparecimento ou comparecimento parcial ao curso reservado, n\u00e3o ser\u00e1 poss\u00edvel o reembolso das taxas de inscri\u00e7\u00e3o.<br \/><br \/><strong>(3)<\/strong>\u00a0O direito legal de retrata\u00e7\u00e3o permanece inalterado; ele existe independentemente da exist\u00eancia ou n\u00e3o deste direito adicional de retrata\u00e7\u00e3o.<br \/><br \/><strong>\u00a7 7 Participantes Substitutos<\/strong><br \/><br \/>Voc\u00ea pode indicar um participante substituto a qualquer momento antes do in\u00edcio do curso. Essa altera\u00e7\u00e3o n\u00e3o acarreta custos.<br \/><br \/><strong>\u00a7 8 Acordos especiais relativos aos m\u00e9todos de pagamento oferecidos<\/strong><br \/><br \/><strong>(1) Pagamento via Klarna<\/strong><br \/>Em coopera\u00e7\u00e3o com o provedor de servi\u00e7os de pagamento Klarna Bank AB (publ) (Sveav\u00e4gen 46, 111 34 Estocolmo, Su\u00e9cia; &quot;Klarna&quot;), oferecemos as seguintes op\u00e7\u00f5es de pagamento. O pagamento \u00e9 feito \u00e0 Klarna em todos os casos:<\/p><ul><li><strong>D\u00e9bito direto\u00a0<\/strong>(&quot;Pagar agora&quot;)<\/li><\/ul><ul><li><strong>Transfer\u00eancia banc\u00e1ria instant\u00e2nea\u00a0<\/strong>(&quot;Pagar agora&quot;)<\/li><\/ul><p>A utiliza\u00e7\u00e3o de m\u00e9todos de pagamento como fatura, pagamento parcelado e\/ou d\u00e9bito autom\u00e1tico requer uma an\u00e1lise de cr\u00e9dito positiva. Portanto, encaminhamos seus dados para a Klarna para verifica\u00e7\u00e3o de endere\u00e7o e cr\u00e9dito como parte do processo de in\u00edcio e processamento da compra. Informamos que s\u00f3 podemos oferecer os m\u00e9todos de pagamento permitidos com base nos resultados da an\u00e1lise de cr\u00e9dito.<br \/><br \/>Para obter mais informa\u00e7\u00f5es sobre a Klarna e os termos de uso da Klarna para a Alemanha, acesse [link para o site da Klarna].\u00a0<a href=\"https:\/\/cdn.klarna.com\/1.0\/shared\/content\/legal\/terms\/0\/de_de\/user\" target=\"_blank\" rel=\"noopener\">https:\/\/cdn.klarna.com\/1.0\/shared\/content\/legal\/terms\/0\/de_de\/user<\/a>\u00a0e\u00a0<a href=\"https:\/\/www.klarna.com\/de\/\" target=\"_blank\" rel=\"noopener\">https:\/\/www.klarna.com\/de\/<\/a>.<br \/><br \/><strong>(2)\u00a0<\/strong><strong>Pagamento via \u201ePayPal\u201c \/ \u201ePayPal Checkout\u201c<\/strong><br \/>Ao selecionar um m\u00e9todo de pagamento oferecido pelo &quot;PayPal&quot; \/ &quot;PayPal Checkout&quot;, o processamento do pagamento \u00e9 realizado pelo provedor de servi\u00e7os de pagamento PayPal (Europe) S.\u00e0.rl et Cie, SCA (22-24 Boulevard Royal L-2449, Luxemburgo; &quot;PayPal&quot;). Os m\u00e9todos de pagamento dispon\u00edveis pelo &quot;PayPal&quot; s\u00e3o exibidos em um bot\u00e3o com a respectiva identifica\u00e7\u00e3o em nosso site e durante o processo de compra online. O &quot;PayPal&quot; pode utilizar outros servi\u00e7os de pagamento para processar o pagamento; caso se apliquem condi\u00e7\u00f5es especiais de pagamento, voc\u00ea ser\u00e1 notificado separadamente. Mais informa\u00e7\u00f5es sobre o &quot;PayPal&quot; podem ser encontradas em [link para o site do PayPal].\u00a0<a href=\"https:\/\/www.paypal.com\/de\/webapps\/mpp\/ua\/legalhub-full\" target=\"_blank\" rel=\"noopener\">https:\/\/www.paypal.com\/de\/webapps\/mpp\/ua\/legalhub-full<\/a>.<br \/><br \/><strong>\u00a7 9 Direito de Reten\u00e7\u00e3o<\/strong><strong>, Reserva de propriedade<\/strong><br \/><br \/><strong>(1)<\/strong>\u00a0Voc\u00ea s\u00f3 poder\u00e1 exercer o direito de reten\u00e7\u00e3o na medida em que este se relacione a cr\u00e9ditos decorrentes da mesma rela\u00e7\u00e3o contratual.<br \/><br \/><strong>(2)<\/strong>\u00a0Os bens permanecem de nossa propriedade at\u00e9 que o pre\u00e7o de compra seja pago integralmente.<br \/><br \/><strong>(3)<\/strong>\u00a0Se voc\u00ea for um empreendedor, o seguinte tamb\u00e9m se aplica:<br \/><br \/>a) Reservamo-nos o direito de propriedade sobre os bens at\u00e9 que todas as obriga\u00e7\u00f5es decorrentes da rela\u00e7\u00e3o comercial em curso sejam integralmente liquidadas. N\u00e3o \u00e9 permitido dar os bens em garantia ou ced\u00ea-los como garantia antes da transfer\u00eancia da propriedade.<br \/><br \/>b) Voc\u00ea poder\u00e1 revender as mercadorias no curso normal dos neg\u00f3cios. Nesse caso, voc\u00ea nos cede, por meio deste instrumento, todos os cr\u00e9ditos decorrentes da revenda at\u00e9 o valor da fatura; aceitamos essa cess\u00e3o. Voc\u00ea permanece autorizado a cobrar os valores devidos. Contudo, caso n\u00e3o cumpra suas obriga\u00e7\u00f5es de pagamento, reservamo-nos o direito de cobrar os valores devidos diretamente.<br \/><br \/>c) Em caso de combina\u00e7\u00e3o ou mistura dos bens sujeitos \u00e0 reserva de dom\u00ednio, adquirimos a copropriedade do novo item em propor\u00e7\u00e3o ao valor da fatura dos bens sujeitos \u00e0 reserva de dom\u00ednio em rela\u00e7\u00e3o aos demais itens processados no momento do processamento.<br \/><br \/>d) Comprometemo-nos a liberar a garantia que detemos, mediante sua solicita\u00e7\u00e3o, na medida em que o valor realiz\u00e1vel da nossa garantia exceda o cr\u00e9dito garantido em mais de 10%. A sele\u00e7\u00e3o da garantia a ser liberada fica a nosso crit\u00e9rio.<br \/><br \/><strong>\u00a7 10 Garantia<\/strong><br \/><br \/><strong>(1)\u00a0<\/strong>Aplicam-se os direitos de garantia legais.<br \/><br \/><strong>(2)<\/strong>\u00a0Como consumidor, solicitamos que inspecione os produtos imediatamente ap\u00f3s a entrega, verificando se est\u00e3o completos, se h\u00e1 defeitos aparentes e se sofreram danos durante o transporte, e que nos notifique, bem como \u00e0 transportadora, sobre quaisquer reclama\u00e7\u00f5es o mais breve poss\u00edvel. A omiss\u00e3o dessa inspe\u00e7\u00e3o n\u00e3o afetar\u00e1 seus direitos de garantia previstos em lei.<br \/><br \/><strong>(3)\u00a0<\/strong>Caso alguma caracter\u00edstica dos bens se desvie dos requisitos objetivos, o desvio s\u00f3 ser\u00e1 considerado aceito se voc\u00ea tiver sido informado dele antes de enviarmos a declara\u00e7\u00e3o contratual e se o desvio tiver sido expressamente e separadamente acordado entre as partes contratantes.<br \/><br \/><strong>(4)<\/strong>\u00a0Se voc\u00ea for um empreendedor, as seguintes disposi\u00e7\u00f5es se aplicam em desacordo com as normas de garantia acima:<br \/><br \/><strong>um)\u00a0\u00a0<\/strong>Apenas as nossas especifica\u00e7\u00f5es e a descri\u00e7\u00e3o do produto fornecida pelo fabricante s\u00e3o consideradas v\u00e1lidas quanto \u00e0 qualidade dos bens, e n\u00e3o outras publicidades, declara\u00e7\u00f5es p\u00fablicas ou pronunciamentos do fabricante.<br \/><br \/><strong>b)\u00a0\u00a0<\/strong>Em caso de defeitos, providenciaremos, a nosso crit\u00e9rio, uma solu\u00e7\u00e3o por meio de reparo ou substitui\u00e7\u00e3o. Se a solu\u00e7\u00e3o n\u00e3o for eficaz, voc\u00ea poder\u00e1, a seu crit\u00e9rio, exigir uma redu\u00e7\u00e3o de pre\u00e7o ou rescindir o contrato. Considera-se que a solu\u00e7\u00e3o falhou ap\u00f3s uma segunda tentativa sem sucesso, a menos que a natureza do produto ou do defeito, ou outras circunst\u00e2ncias, indiquem o contr\u00e1rio. No caso de reparo, n\u00e3o somos obrigados a arcar com os custos adicionais decorrentes do transporte do produto para um local diferente do local de execu\u00e7\u00e3o do contrato, a menos que tal transporte esteja de acordo com o uso pretendido do produto.<br \/><br \/><strong>c) \u00a0<\/strong>O per\u00edodo de garantia \u00e9 de um ano a partir da entrega do produto. O per\u00edodo reduzido n\u00e3o se aplica.<br \/><br \/>\u2013 danos atribu\u00edveis a n\u00f3s causados por neglig\u00eancia que resultem em les\u00f5es \u00e0 vida, ao corpo ou \u00e0 sa\u00fade, e no caso de outros danos causados intencionalmente ou por neglig\u00eancia grave;<br \/>\u2013 na medida em que tenhamos ocultado fraudulentamente o defeito ou assumido uma garantia quanto \u00e0 qualidade do produto;<br \/>\u2013 no caso de itens que, de acordo com sua finalidade usual, foram usados em uma constru\u00e7\u00e3o e causaram defeitos nela;<br \/>\u2013 no caso de reclama\u00e7\u00f5es legais que voc\u00ea possa ter contra n\u00f3s em rela\u00e7\u00e3o aos direitos de garantia.<br \/><br \/><strong>\u00a7 11 Escolha da Lei<\/strong><br \/><br \/><strong>(1)<\/strong>\u00a0Aplica-se a lei alem\u00e3. Para os consumidores, esta escolha da lei s\u00f3 se aplica na medida em que n\u00e3o os prive da prote\u00e7\u00e3o conferida pelas disposi\u00e7\u00f5es obrigat\u00f3rias da lei do Estado em que t\u00eam a sua resid\u00eancia habitual (princ\u00edpio da lei mais favor\u00e1vel).<br \/><br \/><strong>(2)<\/strong>\u00a0As disposi\u00e7\u00f5es da Conven\u00e7\u00e3o das Na\u00e7\u00f5es Unidas sobre Contratos de Compra e Venda Internacional de Mercadorias (CISG) n\u00e3o se aplicam.<br \/><br \/><br \/><\/p><hr \/><p><br \/><br \/><strong>II. Informa\u00e7\u00f5es do Cliente<\/strong><br \/><br \/><strong>1. Identidade do vendedor<\/strong><br \/><br \/>Andreas V\u00eanus<br \/>Haidberg 2<br \/>94379 Sankt Englmar<br \/>Alemanha<br \/>Telefone: 016091594448<br \/>E-mail: info@bavarian-bondage.de<br \/><br \/><br \/>Estamos dispostos, mas n\u00e3o obrigados, a participar em processos de resolu\u00e7\u00e3o de lit\u00edgios perante tribunais arbitrais de consumo.<br \/><br \/><strong>2. Informa\u00e7\u00f5es sobre como o contrato foi firmado<\/strong><br \/><br \/>As etapas t\u00e9cnicas que levam \u00e0 celebra\u00e7\u00e3o do contrato, a celebra\u00e7\u00e3o do pr\u00f3prio contrato e as op\u00e7\u00f5es de corre\u00e7\u00e3o s\u00e3o regidas pelas disposi\u00e7\u00f5es de &quot;Forma\u00e7\u00e3o do Contrato&quot; em nossos Termos e Condi\u00e7\u00f5es Gerais (Parte I).<br \/><br \/><strong>3. Linguagem contratual, armazenamento de texto contratual<\/strong><br \/><br \/>3.1. O idioma do contrato \u00e9 o alem\u00e3o.<br \/><br \/>3.2. N\u00e3o armazenamos o texto integral do contrato. Antes de submeter seu pedido atrav\u00e9s do sistema de carrinho de compras online, voc\u00ea pode imprimir ou salvar os detalhes do contrato eletronicamente utilizando a fun\u00e7\u00e3o de impress\u00e3o do seu navegador. Ap\u00f3s recebermos seu pedido, os detalhes do pedido, as informa\u00e7\u00f5es legalmente exigidas para contratos de venda \u00e0 dist\u00e2ncia e os Termos e Condi\u00e7\u00f5es Gerais ser\u00e3o enviados a voc\u00ea novamente por e-mail.<br \/><br \/>3.3. Para pedidos de or\u00e7amentos fora do sistema de carrinho de compras online, voc\u00ea receber\u00e1 todos os detalhes do contrato na forma de uma proposta vinculativa em formato de texto, por exemplo, por e-mail, que voc\u00ea poder\u00e1 imprimir ou salvar eletronicamente.<br \/><br \/><strong>4. C\u00f3digos de Conduta<\/strong><br \/><br \/>4.1. Submetemos-nos aos crit\u00e9rios de qualidade do selo do comprador da H\u00e4ndlerbund Management AG, que podem ser consultados em:\u00a0<a href=\"https:\/\/www.haendlerbund.de\/de\/downloads\/kaeufersiegel\/kaeufersiegel-zertifizierungskriterien.pdf\" target=\"_blank\" rel=\"noopener\" data-saferedirecturl=\"https:\/\/www.google.com\/url?q=https:\/\/www.haendlerbund.de\/de\/downloads\/kaeufersiegel\/kaeufersiegel-zertifizierungskriterien.pdf&amp;source=gmail&amp;ust=1595571225131000&amp;usg=AFQjCNFe5mk3H_qoqXPKQq9eTI32jhhuHg\">https:\/\/www.haendlerbund.de\/de\/downloads\/kaeufersiegel\/kaeufersiegel-zertifizierungskriterien.pdf<\/a>.<br \/><br \/><strong>5. Caracter\u00edsticas essenciais dos bens ou servi\u00e7os<\/strong><br \/><br \/>As caracter\u00edsticas essenciais dos bens e\/ou servi\u00e7os podem ser encontradas na respectiva oferta.<br \/><br \/><strong>6. Pre\u00e7os e condi\u00e7\u00f5es de pagamento<\/strong><br \/><br \/>6.1. Os pre\u00e7os indicados nas respectivas ofertas, bem como os custos de envio, representam os pre\u00e7os totais. Incluem todos os componentes do pre\u00e7o, incluindo todos os impostos aplic\u00e1veis.<br \/><br \/>6.2. Os custos de envio n\u00e3o est\u00e3o inclu\u00eddos no pre\u00e7o de compra. Eles podem ser visualizados atrav\u00e9s de um bot\u00e3o com a respectiva etiqueta em nosso site ou na oferta espec\u00edfica, s\u00e3o mostrados separadamente durante o processo de compra e devem ser pagos por voc\u00ea, al\u00e9m do pre\u00e7o de compra, a menos que o frete seja gratuito.<br \/><br \/>6.3. Voc\u00ea ser\u00e1 respons\u00e1vel por quaisquer custos incorridos na transfer\u00eancia do dinheiro (taxas de transfer\u00eancia ou de c\u00e2mbio cobradas por institui\u00e7\u00f5es de cr\u00e9dito) se a entrega for feita em um Estado-Membro da UE, mas o pagamento for iniciado fora da Uni\u00e3o Europeia.<br \/><br \/>6.4. Os m\u00e9todos de pagamento dispon\u00edveis s\u00e3o exibidos em um bot\u00e3o com a respectiva identifica\u00e7\u00e3o em nosso site ou na oferta correspondente.<br \/><br \/>6.5. Salvo indica\u00e7\u00e3o em contr\u00e1rio para os m\u00e9todos de pagamento individuais, os cr\u00e9ditos decorrentes do contrato celebrado s\u00e3o devidos imediatamente.<br \/><br \/>6.6. Salvo acordo em contr\u00e1rio, o pagamento dos cursos reservados deve ser efetuado no local antes do in\u00edcio do curso, o mais tardar na data do curso; caso contr\u00e1rio, n\u00e3o haver\u00e1 direito \u00e0 participa\u00e7\u00e3o.<br \/><br \/><strong>7. Condi\u00e7\u00f5es de entrega<\/strong><br \/><br \/>7.1. Os termos de entrega, a data de entrega e quaisquer restri\u00e7\u00f5es de entrega existentes podem ser encontrados em um bot\u00e3o com a respectiva etiqueta em nosso site ou na oferta correspondente.<br \/><br \/>7.2. Se voc\u00ea for um consumidor, a lei estipula que o risco de perda ou dano acidental \u00e0s mercadorias durante o transporte passa para voc\u00ea somente no momento da entrega, independentemente de o transporte ser segurado ou n\u00e3o. Isso n\u00e3o se aplica se voc\u00ea tiver contratado, por conta pr\u00f3pria, uma transportadora n\u00e3o indicada pelo vendedor ou outra pessoa respons\u00e1vel pelo transporte.<br \/><br \/>Se voc\u00ea for um empreendedor, a entrega e o envio s\u00e3o por sua conta e risco.<br \/><br \/><strong>8. Direitos de garantia legal<\/strong><br \/><br \/>A responsabilidade por defeitos \u00e9 regida pela cl\u00e1usula &quot;Garantia&quot; em nossos Termos e Condi\u00e7\u00f5es Gerais (Parte I).<br \/><br \/>Estes termos e condi\u00e7\u00f5es e informa\u00e7\u00f5es ao cliente foram elaborados pelos especialistas em direito de TI da H\u00e4ndlerbund (Federa\u00e7\u00e3o Alem\u00e3 de Varejo) e s\u00e3o revisados continuamente para garantir a conformidade legal. A H\u00e4ndlerbund Management AG garante a validade jur\u00eddica dos textos e assume a responsabilidade em caso de notifica\u00e7\u00f5es extrajudiciais. Mais informa\u00e7\u00f5es podem ser encontradas em:\u00a0<a href=\"https:\/\/www.haendlerbund.de\/de\/leistungen\/rechtssicherheit\/agb-service\" target=\"_blank\" rel=\"noopener\" data-saferedirecturl=\"https:\/\/www.google.com\/url?q=https:\/\/www.haendlerbund.de\/de\/leistungen\/rechtssicherheit\/agb-service&amp;source=gmail&amp;ust=1595571225131000&amp;usg=AFQjCNFRXstfsBqXtZxEv0RC9XDgevh1EQ\">https:\/\/www.haendlerbund.de\/de\/leistungen\/rechtssicherheit\/agb-service<\/a>.<br \/><br \/>\u00daltima atualiza\u00e7\u00e3o: 22 de outubro de 2024<br \/><br \/><\/p>\t\t\t\t\t\t\t\t<\/div>\n\t\t\t\t<\/div>\n\t\t\t\t<\/div>","protected":false},"excerpt":{"rendered":"<p>Allgemeine Gesch\u00e4ftsbedingungen und Kundeninformationen I. Allgemeine Gesch\u00e4ftsbedingungen \u00a7 1 Grundlegende Bestimmungen (1)\u00a0Die nachstehenden Gesch\u00e4ftsbedingungen gelten f\u00fcr Vertr\u00e4ge, die Sie mit uns als Anbieter\u00a0(Andreas Venus)\u00a0\u00fcber die Internetseite www.bavarian-bondage.de schlie\u00dfen. Soweit nicht anders vereinbart, wird der Einbeziehung gegebenenfalls von Ihnen verwendeter eigener Bedingungen widersprochen. (2)\u00a0Verbraucher im Sinne der nachstehenden Regelungen ist jede nat\u00fcrliche Person, die ein Rechtsgesch\u00e4ft [&hellip;]<\/p>\n","protected":false},"author":3,"featured_media":0,"parent":0,"menu_order":0,"comment_status":"closed","ping_status":"closed","template":"","meta":{"footnotes":""},"class_list":["post-10","page","type-page","status-publish","hentry"],"_links":{"self":[{"href":"https:\/\/bavarian-bondage.de\/pt\/wp-json\/wp\/v2\/pages\/10","targetHints":{"allow":["GET"]}}],"collection":[{"href":"https:\/\/bavarian-bondage.de\/pt\/wp-json\/wp\/v2\/pages"}],"about":[{"href":"https:\/\/bavarian-bondage.de\/pt\/wp-json\/wp\/v2\/types\/page"}],"author":[{"embeddable":true,"href":"https:\/\/bavarian-bondage.de\/pt\/wp-json\/wp\/v2\/users\/3"}],"replies":[{"embeddable":true,"href":"https:\/\/bavarian-bondage.de\/pt\/wp-json\/wp\/v2\/comments?post=10"}],"version-history":[{"count":5,"href":"https:\/\/bavarian-bondage.de\/pt\/wp-json\/wp\/v2\/pages\/10\/revisions"}],"predecessor-version":[{"id":15411,"href":"https:\/\/bavarian-bondage.de\/pt\/wp-json\/wp\/v2\/pages\/10\/revisions\/15411"}],"wp:attachment":[{"href":"https:\/\/bavarian-bondage.de\/pt\/wp-json\/wp\/v2\/media?parent=10"}],"curies":[{"name":"wp","href":"https:\/\/api.w.org\/{rel}","templated":true}]}}