{"id":1104,"date":"2016-01-23T21:24:14","date_gmt":"2016-01-23T20:24:14","guid":{"rendered":"https:\/\/bavarian-bondage.mysupr.de\/bondageseile\/"},"modified":"2024-09-01T19:18:28","modified_gmt":"2024-09-01T17:18:28","slug":"cordas-de-bondage","status":"publish","type":"page","link":"https:\/\/bavarian-bondage.de\/pt\/bondageseile\/","title":{"rendered":"Cordas de bondage"},"content":{"rendered":"<div data-elementor-type=\"wp-post\" data-elementor-id=\"1104\" class=\"elementor elementor-1104\" data-elementor-post-type=\"page\">\n\t\t\t\t<div class=\"elementor-element elementor-element-245a058 e-flex e-con-boxed e-con e-parent\" data-id=\"245a058\" data-element_type=\"container\" data-e-type=\"container\" data-settings=\"{&quot;background_background&quot;:&quot;classic&quot;}\">\n\t\t\t\t\t<div class=\"e-con-inner\">\n\t\t<div class=\"elementor-element elementor-element-da084e0 e-con-full e-flex e-con e-child\" data-id=\"da084e0\" data-element_type=\"container\" data-e-type=\"container\" data-settings=\"{&quot;background_background&quot;:&quot;classic&quot;}\">\n\t\t\t\t<div class=\"elementor-element elementor-element-ea1dfa2 elementor-widget elementor-widget-spacer\" data-id=\"ea1dfa2\" data-element_type=\"widget\" data-e-type=\"widget\" data-widget_type=\"spacer.default\">\n\t\t\t\t\t\t\t<div class=\"elementor-spacer\">\n\t\t\t<div class=\"elementor-spacer-inner\"><\/div>\n\t\t<\/div>\n\t\t\t\t\t\t<\/div>\n\t\t\t\t<div class=\"elementor-element elementor-element-f005b98 elementor-widget elementor-widget-heading\" data-id=\"f005b98\" data-element_type=\"widget\" data-e-type=\"widget\" data-widget_type=\"heading.default\">\n\t\t\t\t\t<h2 class=\"elementor-heading-title elementor-size-default\">Cordas de c\u00e2nhamo e juta, t\u00e3o semelhantes e ao mesmo tempo t\u00e3o diferentes!<\/h2>\t\t\t\t<\/div>\n\t\t\t\t<div class=\"elementor-element elementor-element-4af304a elementor-widget elementor-widget-spacer\" data-id=\"4af304a\" data-element_type=\"widget\" data-e-type=\"widget\" data-widget_type=\"spacer.default\">\n\t\t\t\t\t\t\t<div class=\"elementor-spacer\">\n\t\t\t<div class=\"elementor-spacer-inner\"><\/div>\n\t\t<\/div>\n\t\t\t\t\t\t<\/div>\n\t\t\t\t<\/div>\n\t\t\t\t\t<\/div>\n\t\t\t\t<\/div>\n\t\t<div class=\"elementor-element elementor-element-00244d7 e-flex e-con-boxed e-con e-parent\" data-id=\"00244d7\" data-element_type=\"container\" data-e-type=\"container\">\n\t\t\t\t\t<div class=\"e-con-inner\">\n\t\t<div class=\"elementor-element elementor-element-b9932de e-con-full e-flex e-con e-child\" data-id=\"b9932de\" data-element_type=\"container\" data-e-type=\"container\" data-settings=\"{&quot;background_background&quot;:&quot;classic&quot;}\">\n\t\t<div class=\"elementor-element elementor-element-bc3dac0 e-con-full e-flex e-con e-child\" data-id=\"bc3dac0\" data-element_type=\"container\" data-e-type=\"container\">\n\t\t<div class=\"elementor-element elementor-element-6fdd22d e-con-full e-flex e-con e-child\" data-id=\"6fdd22d\" data-element_type=\"container\" data-e-type=\"container\">\n\t\t\t\t<div class=\"elementor-element elementor-element-3c38ffd elementor-widget elementor-widget-image\" data-id=\"3c38ffd\" data-element_type=\"widget\" data-e-type=\"widget\" data-widget_type=\"image.default\">\n\t\t\t\t\t\t\t\t\t\t\t\t\t\t\t<img fetchpriority=\"high\" decoding=\"async\" width=\"800\" height=\"800\" src=\"https:\/\/bavarian-bondage.de\/wp-content\/uploads\/2020\/10\/Seilsta\u0308rke-1024x1024.png\" class=\"attachment-large size-large wp-image-3480\" alt=\"\" srcset=\"https:\/\/bavarian-bondage.de\/wp-content\/uploads\/2020\/10\/Seilsta\u0308rke-1024x1024.png 1024w, https:\/\/bavarian-bondage.de\/wp-content\/uploads\/2020\/10\/Seilsta\u0308rke-400x400.png 400w, https:\/\/bavarian-bondage.de\/wp-content\/uploads\/2020\/10\/Seilsta\u0308rke-150x150.png 150w, https:\/\/bavarian-bondage.de\/wp-content\/uploads\/2020\/10\/Seilsta\u0308rke-768x768.png 768w, https:\/\/bavarian-bondage.de\/wp-content\/uploads\/2020\/10\/Seilsta\u0308rke-300x300.png 300w, https:\/\/bavarian-bondage.de\/wp-content\/uploads\/2020\/10\/Seilsta\u0308rke-600x600.png 600w, https:\/\/bavarian-bondage.de\/wp-content\/uploads\/2020\/10\/Seilsta\u0308rke-100x100.png 100w, https:\/\/bavarian-bondage.de\/wp-content\/uploads\/2020\/10\/Seilsta\u0308rke.png 1200w\" sizes=\"(max-width: 800px) 100vw, 800px\" title=\"\">\t\t\t\t\t\t\t\t\t\t\t\t\t\t\t<\/div>\n\t\t\t\t<\/div>\n\t\t<div class=\"elementor-element elementor-element-9450ef8 e-con-full e-flex e-con e-child\" data-id=\"9450ef8\" data-element_type=\"container\" data-e-type=\"container\">\n\t\t\t\t<div class=\"elementor-element elementor-element-84ec8a5 elementor-widget elementor-widget-heading\" data-id=\"84ec8a5\" data-element_type=\"widget\" data-e-type=\"widget\" data-widget_type=\"heading.default\">\n\t\t\t\t\t<h2 class=\"elementor-heading-title elementor-size-default\">Espessuras de corda diferentes da esquerda para a direita.<\/h2>\t\t\t\t<\/div>\n\t\t\t\t<div class=\"elementor-element elementor-element-fcc603d elementor-widget elementor-widget-text-editor\" data-id=\"fcc603d\" data-element_type=\"widget\" data-e-type=\"widget\" data-widget_type=\"text-editor.default\">\n\t\t\t\t\t\t\t\t\t<p>corda de c\u00e2nhamo de 4 mm<\/p><p>corda de c\u00e2nhamo de 5 mm<\/p><p>Corda de c\u00e2nhamo 6mm<\/p><p>Juta de alta qualidade 4mm<\/p><p>Juta de alta qualidade 5,5 mm<\/p><p>Juta de alta qualidade 6mm<\/p><p>Juta padr\u00e3o 6mm<\/p>\t\t\t\t\t\t\t\t<\/div>\n\t\t\t\t<\/div>\n\t\t\t\t<\/div>\n\t\t\t\t<\/div>\n\t\t\t\t\t<\/div>\n\t\t\t\t<\/div>\n\t\t<div class=\"elementor-element elementor-element-d613ff5 e-flex e-con-boxed e-con e-parent\" data-id=\"d613ff5\" data-element_type=\"container\" data-e-type=\"container\">\n\t\t\t\t\t<div class=\"e-con-inner\">\n\t\t<div class=\"elementor-element elementor-element-0f1d844 e-con-full e-flex e-con e-child\" data-id=\"0f1d844\" data-element_type=\"container\" data-e-type=\"container\">\n\t\t\t\t<div class=\"elementor-element elementor-element-823da4b elementor-widget elementor-widget-text-editor\" data-id=\"823da4b\" data-element_type=\"widget\" data-e-type=\"widget\" data-widget_type=\"text-editor.default\">\n\t\t\t\t\t\t\t\t\t<p style=\"text-align: center\">Os di\u00e2metros s\u00e3o claramente vis\u00edveis na imagem. Infelizmente, essas medidas nunca s\u00e3o exatamente precisas e podem variar ligeiramente.<\/p><p style=\"text-align: center\">Para explicar brevemente:<\/p><p style=\"text-align: center\">Vamos supor que estamos usando uma corda de juta de alta qualidade com 5 mm de di\u00e2metro. Essa corda \u00e9 composta por 3 cord\u00f5es, cada um formado por 10 fios. Mesmo uma varia\u00e7\u00e3o de apenas 0,1 mm nos 30 fios pode afetar a corda final. Quando a corda \u00e9 torcida ou enrolada, \u00e9 necess\u00e1rio fazer c\u00e1lculos para determinar se ela deve ficar mais frouxa ou mais apertada, e o n\u00famero de fios \u00e9 ajustado de acordo. De modo geral, cada corda que sai da oficina de fabrica\u00e7\u00e3o de cordas \u00e9 ligeiramente diferente.<\/p><p style=\"text-align: center\">Por fim, passa por um acabamento adicional. Dependendo do m\u00e9todo de processamento, o di\u00e2metro pode sofrer pequenas altera\u00e7\u00f5es.<\/p><p style=\"text-align: center\"><strong>Portanto, por favor, n\u00e3o se concentre demais no di\u00e2metro especificado!<\/strong><\/p>\t\t\t\t\t\t\t\t<\/div>\n\t\t\t\t<div class=\"elementor-element elementor-element-130a1f3 elementor-widget-divider--view-line elementor-widget elementor-widget-divider\" data-id=\"130a1f3\" data-element_type=\"widget\" data-e-type=\"widget\" data-widget_type=\"divider.default\">\n\t\t\t\t\t\t\t<div class=\"elementor-divider\">\n\t\t\t<span class=\"elementor-divider-separator\">\n\t\t\t\t\t\t<\/span>\n\t\t<\/div>\n\t\t\t\t\t\t<\/div>\n\t\t\t\t<div class=\"elementor-element elementor-element-634ebfe elementor-widget elementor-widget-spacer\" data-id=\"634ebfe\" data-element_type=\"widget\" data-e-type=\"widget\" data-widget_type=\"spacer.default\">\n\t\t\t\t\t\t\t<div class=\"elementor-spacer\">\n\t\t\t<div class=\"elementor-spacer-inner\"><\/div>\n\t\t<\/div>\n\t\t\t\t\t\t<\/div>\n\t\t\t\t<div class=\"elementor-element elementor-element-7853421 elementor-widget elementor-widget-heading\" data-id=\"7853421\" data-element_type=\"widget\" data-e-type=\"widget\" data-widget_type=\"heading.default\">\n\t\t\t\t\t<h2 class=\"elementor-heading-title elementor-size-default\">As vers\u00f5es CL\u00c1SSICA e EXCLUSIVA<\/h2>\t\t\t\t<\/div>\n\t\t\t\t<div class=\"elementor-element elementor-element-6a6bdd7 elementor-widget elementor-widget-image\" data-id=\"6a6bdd7\" data-element_type=\"widget\" data-e-type=\"widget\" data-widget_type=\"image.default\">\n\t\t\t\t\t\t\t\t\t\t\t\t\t\t\t<img decoding=\"async\" src=\"https:\/\/bavarian-bondage.de\/wp-content\/uploads\/elementor\/thumbs\/20171109_125925-p0twqvj2bbpqr1ov1bcxtjkb8cmi0gghrdec5dwwy8.png\" title=\"20171109_125925\" alt=\"20171109_125925\" loading=\"lazy\" \/>\t\t\t\t\t\t\t\t\t\t\t\t\t\t\t<\/div>\n\t\t\t\t<\/div>\n\t\t\t\t\t<\/div>\n\t\t\t\t<\/div>\n\t\t<div class=\"elementor-element elementor-element-2f28d84 e-flex e-con-boxed e-con e-parent\" data-id=\"2f28d84\" data-element_type=\"container\" data-e-type=\"container\">\n\t\t\t\t\t<div class=\"e-con-inner\">\n\t\t<div class=\"elementor-element elementor-element-2bdfe0d e-con-full e-flex e-con e-child\" data-id=\"2bdfe0d\" data-element_type=\"container\" data-e-type=\"container\">\n\t\t<div class=\"elementor-element elementor-element-548ac8a e-con-full e-flex e-con e-child\" data-id=\"548ac8a\" data-element_type=\"container\" data-e-type=\"container\">\n\t\t<div class=\"elementor-element elementor-element-dfa78b4 e-con-full e-flex e-con e-child\" data-id=\"dfa78b4\" data-element_type=\"container\" data-e-type=\"container\" data-settings=\"{&quot;background_background&quot;:&quot;classic&quot;}\">\n\t\t\t\t<div class=\"elementor-element elementor-element-764989f elementor-widget elementor-widget-heading\" data-id=\"764989f\" data-element_type=\"widget\" data-e-type=\"widget\" data-widget_type=\"heading.default\">\n\t\t\t\t\t<h2 class=\"elementor-heading-title elementor-size-default\">CL\u00c1SSICO<\/h2>\t\t\t\t<\/div>\n\t\t\t\t<div class=\"elementor-element elementor-element-b0bc603 elementor-widget elementor-widget-text-editor\" data-id=\"b0bc603\" data-element_type=\"widget\" data-e-type=\"widget\" data-widget_type=\"text-editor.default\">\n\t\t\t\t\t\t\t\t\t<p style=\"text-align: center\">As cordas s\u00e3o finalizadas com um n\u00f3 simples nas extremidades e est\u00e3o, naturalmente, prontas para serem amarradas.<\/p><p style=\"text-align: center\">Elas foram limpas, quebradas, queimadas, lavadas e depois tratadas com \u00f3leo para preparar a corda para uso futuro.<\/p>\t\t\t\t\t\t\t\t<\/div>\n\t\t\t\t<\/div>\n\t\t<div class=\"elementor-element elementor-element-b6bed8e elementor-hidden-phone e-con-full e-flex e-con e-child\" data-id=\"b6bed8e\" data-element_type=\"container\" data-e-type=\"container\">\n\t\t\t\t<\/div>\n\t\t<div class=\"elementor-element elementor-element-a1ebfb4 e-con-full e-flex e-con e-child\" data-id=\"a1ebfb4\" data-element_type=\"container\" data-e-type=\"container\" data-settings=\"{&quot;background_background&quot;:&quot;classic&quot;}\">\n\t\t\t\t<div class=\"elementor-element elementor-element-67a50ee elementor-widget elementor-widget-heading\" data-id=\"67a50ee\" data-element_type=\"widget\" data-e-type=\"widget\" data-widget_type=\"heading.default\">\n\t\t\t\t\t<h2 class=\"elementor-heading-title elementor-size-default\">EXCLUSIVO<\/h2>\t\t\t\t<\/div>\n\t\t\t\t<div class=\"elementor-element elementor-element-4cac751 elementor-widget elementor-widget-text-editor\" data-id=\"4cac751\" data-element_type=\"widget\" data-e-type=\"widget\" data-widget_type=\"text-editor.default\">\n\t\t\t\t\t\t\t\t\t<p style=\"text-align: center\">Naturalmente, essas cordas tamb\u00e9m s\u00e3o preparadas para bondage. Elas possuem um pequeno, seguro e intrincado n\u00f3 trisken nas extremidades, o que oferece diversas vantagens na hora de amarrar cordas.\u00a0<\/p><p style=\"text-align: center\">Al\u00e9m disso, as cordas foram submetidas a tratamento t\u00e9rmico com chamas e lubrifica\u00e7\u00e3o diversas vezes.<\/p>\t\t\t\t\t\t\t\t<\/div>\n\t\t\t\t<\/div>\n\t\t\t\t<\/div>\n\t\t\t\t<div class=\"elementor-element elementor-element-9832fd6 elementor-widget elementor-widget-spacer\" data-id=\"9832fd6\" data-element_type=\"widget\" data-e-type=\"widget\" data-widget_type=\"spacer.default\">\n\t\t\t\t\t\t\t<div class=\"elementor-spacer\">\n\t\t\t<div class=\"elementor-spacer-inner\"><\/div>\n\t\t<\/div>\n\t\t\t\t\t\t<\/div>\n\t\t\t\t<div class=\"elementor-element elementor-element-16398b8 elementor-widget-divider--view-line elementor-widget elementor-widget-divider\" data-id=\"16398b8\" data-element_type=\"widget\" data-e-type=\"widget\" data-widget_type=\"divider.default\">\n\t\t\t\t\t\t\t<div class=\"elementor-divider\">\n\t\t\t<span class=\"elementor-divider-separator\">\n\t\t\t\t\t\t<\/span>\n\t\t<\/div>\n\t\t\t\t\t\t<\/div>\n\t\t\t\t<div class=\"elementor-element elementor-element-ef0302c elementor-widget elementor-widget-spacer\" data-id=\"ef0302c\" data-element_type=\"widget\" data-e-type=\"widget\" data-widget_type=\"spacer.default\">\n\t\t\t\t\t\t\t<div class=\"elementor-spacer\">\n\t\t\t<div class=\"elementor-spacer-inner\"><\/div>\n\t\t<\/div>\n\t\t\t\t\t\t<\/div>\n\t\t\t\t<div class=\"elementor-element elementor-element-4626777 elementor-widget elementor-widget-heading\" data-id=\"4626777\" data-element_type=\"widget\" data-e-type=\"widget\" data-widget_type=\"heading.default\">\n\t\t\t\t\t<h2 class=\"elementor-heading-title elementor-size-default\">As cordas da escravid\u00e3o b\u00e1vara<\/h2>\t\t\t\t<\/div>\n\t\t\t\t<div class=\"elementor-element elementor-element-7823d1a elementor-widget elementor-widget-text-editor\" data-id=\"7823d1a\" data-element_type=\"widget\" data-e-type=\"widget\" data-widget_type=\"text-editor.default\">\n\t\t\t\t\t\t\t\t\t<p style=\"text-align: center\">Bem, existem cordas por toda parte, mas a maioria delas n\u00e3o tem a qualidade necess\u00e1ria para bondage. Eu tamb\u00e9m tive que procurar e experimentar muitas cordas diferentes para encontrar um fabricante que atendesse \u00e0s minhas necessidades.\u00a0\u00a0<\/p>\t\t\t\t\t\t\t\t<\/div>\n\t\t<div class=\"elementor-element elementor-element-d93b01c e-con-full e-flex e-con e-child\" data-id=\"d93b01c\" data-element_type=\"container\" data-e-type=\"container\" data-settings=\"{&quot;background_background&quot;:&quot;classic&quot;}\">\n\t\t<div class=\"elementor-element elementor-element-50d71de e-con-full e-flex e-con e-child\" data-id=\"50d71de\" data-element_type=\"container\" data-e-type=\"container\">\n\t\t\t\t<div class=\"elementor-element elementor-element-52eb6db elementor-widget elementor-widget-heading\" data-id=\"52eb6db\" data-element_type=\"widget\" data-e-type=\"widget\" data-widget_type=\"heading.default\">\n\t\t\t\t\t<h2 class=\"elementor-heading-title elementor-size-default\">Origem:<\/h2>\t\t\t\t<\/div>\n\t\t\t\t<\/div>\n\t\t<div class=\"elementor-element elementor-element-b2bbe36 e-con-full e-flex e-con e-child\" data-id=\"b2bbe36\" data-element_type=\"container\" data-e-type=\"container\">\n\t\t\t\t<div class=\"elementor-element elementor-element-6647510 elementor-widget elementor-widget-text-editor\" data-id=\"6647510\" data-element_type=\"widget\" data-e-type=\"widget\" data-widget_type=\"text-editor.default\">\n\t\t\t\t\t\t\t\t\t<p>As minhas cordas de c\u00e2nhamo, a edi\u00e7\u00e3o S, e a corda de juta padr\u00e3o s\u00e3o fabricadas numa f\u00e1brica de cordas alem\u00e3, de acordo com os meus desejos e requisitos. O contacto pessoal e a compreens\u00e3o da utiliza\u00e7\u00e3o prevista das cordas s\u00e3o particularmente importantes para mim.\u00a0<\/p><p>Por outro lado, a juta de alta qualidade \u00e9 produzida em diversas f\u00e1bricas de cordas ao redor do mundo. No entanto, a sede da empresa fica na Alemanha. Com ambi\u00e7\u00e3o e experi\u00eancia, eles produzem cordas de excelente qualidade.<\/p>\t\t\t\t\t\t\t\t<\/div>\n\t\t\t\t<\/div>\n\t\t\t\t<\/div>\n\t\t<div class=\"elementor-element elementor-element-6a144d7 e-con-full e-flex e-con e-child\" data-id=\"6a144d7\" data-element_type=\"container\" data-e-type=\"container\">\n\t\t<div class=\"elementor-element elementor-element-f04479f e-con-full e-flex e-con e-child\" data-id=\"f04479f\" data-element_type=\"container\" data-e-type=\"container\">\n\t\t\t\t<div class=\"elementor-element elementor-element-9196e41 elementor-widget elementor-widget-heading\" data-id=\"9196e41\" data-element_type=\"widget\" data-e-type=\"widget\" data-widget_type=\"heading.default\">\n\t\t\t\t\t<h2 class=\"elementor-heading-title elementor-size-default\">N\u00f3:<\/h2>\t\t\t\t<\/div>\n\t\t\t\t<\/div>\n\t\t<div class=\"elementor-element elementor-element-fdbb473 e-con-full e-flex e-con e-child\" data-id=\"fdbb473\" data-element_type=\"container\" data-e-type=\"container\">\n\t\t\t\t<div class=\"elementor-element elementor-element-8d844bc elementor-widget elementor-widget-text-editor\" data-id=\"8d844bc\" data-element_type=\"widget\" data-e-type=\"widget\" data-widget_type=\"text-editor.default\">\n\t\t\t\t\t\t\t\t\t<p>Voc\u00ea n\u00e3o encontrar\u00e1 cordas de c\u00e2nhamo ou juta em uma f\u00e1brica de cordas que n\u00e3o tenham n\u00f3s. Os n\u00f3s s\u00e3o os fios individuais que s\u00e3o torcidos juntos para formar uma corda. Esses fios s\u00e3o repetidamente alongados ou amarrados e, essencialmente, torcidos para formar a corda. Em cordas de boa qualidade, os n\u00f3s s\u00e3o pequenos, firmes, t\u00eam pontas curtas e s\u00e3o torcidos firmemente na corda. Este \u00e9 um requisito muito importante para uma boa corda de bondage.<\/p>\t\t\t\t\t\t\t\t<\/div>\n\t\t\t\t<\/div>\n\t\t\t\t<\/div>\n\t\t<div class=\"elementor-element elementor-element-2f21b8b e-con-full e-flex e-con e-child\" data-id=\"2f21b8b\" data-element_type=\"container\" data-e-type=\"container\" data-settings=\"{&quot;background_background&quot;:&quot;classic&quot;}\">\n\t\t<div class=\"elementor-element elementor-element-ebf10e9 e-con-full e-flex e-con e-child\" data-id=\"ebf10e9\" data-element_type=\"container\" data-e-type=\"container\">\n\t\t\t\t<div class=\"elementor-element elementor-element-b5708ae elementor-widget elementor-widget-heading\" data-id=\"b5708ae\" data-element_type=\"widget\" data-e-type=\"widget\" data-widget_type=\"heading.default\">\n\t\t\t\t\t<h2 class=\"elementor-heading-title elementor-size-default\">Odor:<\/h2>\t\t\t\t<\/div>\n\t\t\t\t<\/div>\n\t\t<div class=\"elementor-element elementor-element-e7428f7 e-con-full e-flex e-con e-child\" data-id=\"e7428f7\" data-element_type=\"container\" data-e-type=\"container\">\n\t\t\t\t<div class=\"elementor-element elementor-element-8459eba elementor-widget elementor-widget-text-editor\" data-id=\"8459eba\" data-element_type=\"widget\" data-e-type=\"widget\" data-widget_type=\"text-editor.default\">\n\t\t\t\t\t\t\t\t\t<p>Um ponto muito importante \u00e9 o cheiro. Se voc\u00ea desembalar suas cordas e um odor desagrad\u00e1vel atingir seu nariz, a sess\u00e3o de bondage pode terminar rapidamente. Dou muita import\u00e2ncia a cordas com um aroma sutil, percept\u00edvel apenas ao cheir\u00e1-las. As cordas de c\u00e2nhamo natural oferecidas t\u00eam um leve aroma de feno e \u00f3leo de tratamento, enquanto as coloridas s\u00e3o praticamente inodoras. Entre as cordas de juta, as de alta qualidade s\u00e3o as melhores. Elas t\u00eam um aroma muito agrad\u00e1vel, levemente adocicado. As coloridas s\u00e3o semelhantes \u00e0s de c\u00e2nhamo; tamb\u00e9m s\u00e3o praticamente inodoras. A juta comum, por outro lado, tem um aroma um pouco mais forte porque \u00e9 tratada com \u00f3leo de Baching durante a fabrica\u00e7\u00e3o, o que n\u00e3o acontece com as cordas de alta qualidade.<\/p>\t\t\t\t\t\t\t\t<\/div>\n\t\t\t\t<\/div>\n\t\t\t\t<\/div>\n\t\t<div class=\"elementor-element elementor-element-a418d78 e-con-full e-flex e-con e-child\" data-id=\"a418d78\" data-element_type=\"container\" data-e-type=\"container\">\n\t\t<div class=\"elementor-element elementor-element-d58ab9e e-con-full e-flex e-con e-child\" data-id=\"d58ab9e\" data-element_type=\"container\" data-e-type=\"container\">\n\t\t\t\t<div class=\"elementor-element elementor-element-0660b0e elementor-widget elementor-widget-heading\" data-id=\"0660b0e\" data-element_type=\"widget\" data-e-type=\"widget\" data-widget_type=\"heading.default\">\n\t\t\t\t\t<h2 class=\"elementor-heading-title elementor-size-default\">Pronto para ser amarrado:<\/h2>\t\t\t\t<\/div>\n\t\t\t\t<\/div>\n\t\t<div class=\"elementor-element elementor-element-655af96 e-con-full e-flex e-con e-child\" data-id=\"655af96\" data-element_type=\"container\" data-e-type=\"container\">\n\t\t\t\t<div class=\"elementor-element elementor-element-de90d97 elementor-widget elementor-widget-text-editor\" data-id=\"de90d97\" data-element_type=\"widget\" data-e-type=\"widget\" data-widget_type=\"text-editor.default\">\n\t\t\t\t\t\t\t\t\t<p>Todas as cordas que voc\u00ea pode comprar comigo s\u00e3o pr\u00e9-tratadas e prontas para uso. O tratamento exato varia um pouco dependendo da corda, mas, em geral, basta desembal\u00e1-las e come\u00e7ar a usar. As cordas de c\u00e2nhamo s\u00e3o um pouco r\u00edgidas e firmes quando novas. Isso ocorre porque elas s\u00e3o lavadas antes da aplica\u00e7\u00e3o do \u00f3leo. Sec\u00e1-las \u00e9 semelhante a secar uma toalha em um varal; como n\u00e3o s\u00e3o movimentadas, as fibras endurecem. Depois de usar suas cordas, elas rapidamente ficar\u00e3o agradavelmente macias novamente.\u00a0<\/p><p>As cordas de juta tendem a soltar muitas fibras e devem ser chamuscadas ocasionalmente e tratadas regularmente com \u00f3leo ou cera. Quanto mais tempo as cordas de juta forem usadas, menos fibras soltar\u00e3o. Voc\u00ea pode encontrar dicas sobre cuidados e manuten\u00e7\u00e3o em &quot;Informa\u00e7\u00f5es \u00dateis&quot;.<\/p>\t\t\t\t\t\t\t\t<\/div>\n\t\t\t\t<\/div>\n\t\t\t\t<\/div>\n\t\t\t\t<div class=\"elementor-element elementor-element-2bfcaf2 elementor-widget-divider--view-line elementor-widget elementor-widget-divider\" data-id=\"2bfcaf2\" data-element_type=\"widget\" data-e-type=\"widget\" data-widget_type=\"divider.default\">\n\t\t\t\t\t\t\t<div class=\"elementor-divider\">\n\t\t\t<span class=\"elementor-divider-separator\">\n\t\t\t\t\t\t<\/span>\n\t\t<\/div>\n\t\t\t\t\t\t<\/div>\n\t\t\t\t<div class=\"elementor-element elementor-element-4001d36 elementor-widget elementor-widget-spacer\" data-id=\"4001d36\" data-element_type=\"widget\" data-e-type=\"widget\" data-widget_type=\"spacer.default\">\n\t\t\t\t\t\t\t<div class=\"elementor-spacer\">\n\t\t\t<div class=\"elementor-spacer-inner\"><\/div>\n\t\t<\/div>\n\t\t\t\t\t\t<\/div>\n\t\t\t\t<div class=\"elementor-element elementor-element-b9e297a elementor-widget elementor-widget-heading\" data-id=\"b9e297a\" data-element_type=\"widget\" data-e-type=\"widget\" data-widget_type=\"heading.default\">\n\t\t\t\t\t<h2 class=\"elementor-heading-title elementor-size-default\">Ainda h\u00e1 alguma pergunta sem resposta?<\/h2>\t\t\t\t<\/div>\n\t\t\t\t<div class=\"elementor-element elementor-element-6daeef2 elementor-widget elementor-widget-text-editor\" data-id=\"6daeef2\" data-element_type=\"widget\" data-e-type=\"widget\" data-widget_type=\"text-editor.default\">\n\t\t\t\t\t\t\t\t\t<p style=\"text-align: center\">Discutirei os tipos individuais de corda com mais detalhes nas respectivas p\u00e1ginas de vis\u00e3o geral.\u00a0<\/p><p style=\"text-align: center\">Caso tenha mais alguma d\u00favida, esteja procurando algo espec\u00edfico ou tenha pedidos de produ\u00e7\u00e3o personalizados, n\u00e3o hesite em entrar em contato comigo!<\/p>\t\t\t\t\t\t\t\t<\/div>\n\t\t\t\t<div class=\"elementor-element elementor-element-104483b premium-lq__none elementor-widget elementor-widget-premium-addon-button\" data-id=\"104483b\" data-element_type=\"widget\" data-e-type=\"widget\" data-widget_type=\"premium-addon-button.default\">\n\t\t\t\t\t\n\n\t\t<a class=\"premium-button premium-button-none premium-btn-md premium-button-none\" href=\"https:\/\/bavarian-bondage.de\/pt\/kontaktformular\/\">\n\t\t\t<div class=\"premium-button-text-icon-wrapper\">\n\t\t\t\t\n\t\t\t\t\t\t\t\t\t<span >\n\t\t\t\t\t\tFormul\u00e1rio de contato\t\t\t\t\t<\/span>\n\t\t\t\t\t\t\t<\/div>\n\n\t\t\t\n\t\t\t\n\t\t\t\n\t\t<\/a>\n\n\n\t\t\t\t\t\t<\/div>\n\t\t\t\t<\/div>\n\t\t\t\t\t<\/div>\n\t\t\t\t<\/div>\n\t\t\t\t<\/div>","protected":false},"excerpt":{"rendered":"<p>Hanf- und Juteseile, so \u00e4hnlich und doch verschieden! Unterschiedlichen Seilst\u00e4rken von links nach rechts Hanfseil 4mm Hanfseil 5mm Hanfseil 6mm Jute High Class 4mm Jute High Class 5,5mm Jute High Class 6mm Jute standard 6mm Die Durchmesser sind auf dem Bild sehr gut zu erkennen. Leider sind diese Angaben nie exakt richtig und k\u00f6nnen etwas [&hellip;]<\/p>\n","protected":false},"author":3,"featured_media":0,"parent":0,"menu_order":0,"comment_status":"closed","ping_status":"closed","template":"elementor_header_footer","meta":{"footnotes":""},"class_list":["post-1104","page","type-page","status-publish","hentry"],"_links":{"self":[{"href":"https:\/\/bavarian-bondage.de\/pt\/wp-json\/wp\/v2\/pages\/1104","targetHints":{"allow":["GET"]}}],"collection":[{"href":"https:\/\/bavarian-bondage.de\/pt\/wp-json\/wp\/v2\/pages"}],"about":[{"href":"https:\/\/bavarian-bondage.de\/pt\/wp-json\/wp\/v2\/types\/page"}],"author":[{"embeddable":true,"href":"https:\/\/bavarian-bondage.de\/pt\/wp-json\/wp\/v2\/users\/3"}],"replies":[{"embeddable":true,"href":"https:\/\/bavarian-bondage.de\/pt\/wp-json\/wp\/v2\/comments?post=1104"}],"version-history":[{"count":39,"href":"https:\/\/bavarian-bondage.de\/pt\/wp-json\/wp\/v2\/pages\/1104\/revisions"}],"predecessor-version":[{"id":12975,"href":"https:\/\/bavarian-bondage.de\/pt\/wp-json\/wp\/v2\/pages\/1104\/revisions\/12975"}],"wp:attachment":[{"href":"https:\/\/bavarian-bondage.de\/pt\/wp-json\/wp\/v2\/media?parent=1104"}],"curies":[{"name":"wp","href":"https:\/\/api.w.org\/{rel}","templated":true}]}}