{"id":1108,"date":"2016-01-25T16:56:26","date_gmt":"2016-01-25T15:56:26","guid":{"rendered":"https:\/\/bavarian-bondage.mysupr.de\/workshop-ja-oder-nein\/"},"modified":"2024-09-01T16:20:32","modified_gmt":"2024-09-01T14:20:32","slug":"oficina-sim-ou-nao","status":"publish","type":"page","link":"https:\/\/bavarian-bondage.de\/pt\/workshop-ja-oder-nein\/","title":{"rendered":"Workshop: Sim ou N\u00e3o"},"content":{"rendered":"<div data-elementor-type=\"wp-post\" data-elementor-id=\"1108\" class=\"elementor elementor-1108\" data-elementor-post-type=\"page\">\n\t\t\t\t<div class=\"elementor-element elementor-element-dcbc31e e-flex e-con-boxed e-con e-parent\" data-id=\"dcbc31e\" data-element_type=\"container\" data-e-type=\"container\">\n\t\t\t\t\t<div class=\"e-con-inner\">\n\t\t<div class=\"elementor-element elementor-element-ecc35ec e-con-full e-flex e-con e-child\" data-id=\"ecc35ec\" data-element_type=\"container\" data-e-type=\"container\">\n\t\t\t\t<div class=\"elementor-element elementor-element-2de9a03 elementor-widget elementor-widget-heading\" data-id=\"2de9a03\" data-element_type=\"widget\" data-e-type=\"widget\" data-widget_type=\"heading.default\">\n\t\t\t\t\t<h2 class=\"elementor-heading-title elementor-size-default\">Ser\u00e1 mesmo necess\u00e1rio um workshop desse tipo?<\/h2>\t\t\t\t<\/div>\n\t\t\t\t<div class=\"elementor-element elementor-element-872dc88 elementor-widget elementor-widget-spacer\" data-id=\"872dc88\" data-element_type=\"widget\" data-e-type=\"widget\" data-widget_type=\"spacer.default\">\n\t\t\t\t\t\t\t<div class=\"elementor-spacer\">\n\t\t\t<div class=\"elementor-spacer-inner\"><\/div>\n\t\t<\/div>\n\t\t\t\t\t\t<\/div>\n\t\t\t\t<div class=\"elementor-element elementor-element-b9c8382 elementor-widget elementor-widget-heading\" data-id=\"b9c8382\" data-element_type=\"widget\" data-e-type=\"widget\" data-widget_type=\"heading.default\">\n\t\t\t\t\t<h2 class=\"elementor-heading-title elementor-size-default\">N\u00e3o, o que precisamos \u00e9 de ar para respirar. Uma oficina \u00e9 definitivamente uma boa ideia!<\/h2>\t\t\t\t<\/div>\n\t\t\t\t<div class=\"elementor-element elementor-element-0837066 elementor-widget elementor-widget-text-editor\" data-id=\"0837066\" data-element_type=\"widget\" data-e-type=\"widget\" data-widget_type=\"text-editor.default\">\n\t\t\t\t\t\t\t\t\t<p style=\"text-align: center\">N\u00e3o posso escrever sobre o p\u00fablico em geral ou sobre fornecedores de workshops individuais, porque cada um tem suas pr\u00f3prias experi\u00eancias e procedimentos.<\/p><p style=\"text-align: center\"><strong><span style=\"text-decoration: underline\">Neste post do blog, discutirei meus pontos de vista e farei refer\u00eancia aos cursos que ofere\u00e7o!<\/span><\/strong><\/p><p style=\"text-align: center\">\u00c9 claro que existem muitos livros, v\u00eddeos e tutoriais sobre bondage e Shibari. Voc\u00ea pode encontrar tudo online, ler sobre o assunto e depois experimentar. Mas, assim como em uma aula de culin\u00e1ria ou dan\u00e7a, voc\u00ea aprende mais r\u00e1pido e melhor quando recebe instru\u00e7\u00f5es claras! Voc\u00ea pode tirar suas d\u00favidas imediatamente, obter respostas na hora e tamb\u00e9m receber dicas e truques!<strong><span style=\"color: #ff0000\">\u00a0<\/span>\u00a0<\/strong> \u00a0 \u00a0 \u00a0 \u00a0 \u00a0\u00a0<\/p><p style=\"text-align: center\">Muitos de voc\u00eas devem estar se perguntando:<\/p><p style=\"text-align: center\"><strong><span style=\"color: #ff0000\">Um dos pontos mais importantes, ali\u00e1s, o ponto mais importante, \u00e9 a seguran\u00e7a! <\/span><\/strong><\/p><p style=\"text-align: center\"><strong><span style=\"text-decoration: underline\">Por que me preocupar com seguran\u00e7a? Eu s\u00f3 quero amarrar meu parceiro!<\/span><\/strong><\/p><p style=\"text-align: center\">Como nossos corpos s\u00e3o muito sens\u00edveis a influ\u00eancias externas, qualquer pessoa que utilize amarras deve saber exatamente o que est\u00e1 fazendo. Tudo come\u00e7a com os n\u00f3s corretos, que n\u00e3o devem se desfazer nem apertar inesperadamente. Depois, h\u00e1 o manuseio das cordas. Como as cordas devem ser posicionadas para evitar ferir acidentalmente a outra pessoa? Onde \u00e9 preciso ter cuidado com nervos e vasos sangu\u00edneos? E quanto \u00e0s in\u00fameras articula\u00e7\u00f5es? Essas e muitas outras perguntas devem ser respondidas em um workshop!<\/p><p style=\"text-align: center\">A disciplina suprema, e muitas vezes o ponto alto de qualquer sess\u00e3o de bondage, \u00e9 a suspens\u00e3o (bondage pendurado), onde a pessoa amarrada fica suspensa apenas por cordas! Todos podem imaginar o esfor\u00e7o que isso causa no corpo e os perigos potenciais envolvidos! Eu realmente n\u00e3o quero desencorajar ningu\u00e9m, porque o bondage de suspens\u00e3o \u00e9 uma experi\u00eancia fant\u00e1stica que todos que gostam de ser amarrados deveriam experimentar. No entanto, s\u00f3 pratique a suspens\u00e3o se tiver absoluta certeza de que seu parceiro sabe exatamente o que est\u00e1 fazendo! E para todos os entusiastas do bondage, lembrem-se sempre de que uma pessoa amarrada est\u00e1 completamente \u00e0 sua merc\u00ea, e voc\u00ea \u00e9 o \u00fanico respons\u00e1vel por tudo!<\/p><p style=\"text-align: center\">Mesmo com a melhor prepara\u00e7\u00e3o e o melhor conhecimento, as coisas podem, por vezes, correr mal. \u00c9 sempre importante estar preparado para essa eventualidade \u2013 que, claro, ningu\u00e9m deseja \u2013 de forma a poder reagir o mais rapidamente poss\u00edvel.<\/p><p style=\"text-align: center\">Acho que todos n\u00f3s j\u00e1 percebemos que um workshop realmente vale a pena quando se trata de seguran\u00e7a. Afinal, bondage deve ser divertido e n\u00e3o terminar com uma visita ao m\u00e9dico!<\/p><p style=\"text-align: center\">Al\u00e9m disso, em uma oficina para iniciantes, tamb\u00e9m \u00e9 importante ter a oportunidade de aprender sobre os diferentes tipos de corda, suas vantagens e desvantagens, para que se possa ter uma ideia de quais cordas comprar futuramente!<\/p><p style=\"text-align: center\">\u00a0<\/p><p style=\"text-align: center\"><strong><span style=\"color: #212157\">Depois de todo esse discurso, ou melhor, esse romance, sobre seguran\u00e7a, certamente n\u00e3o quero desencoraj\u00e1-lo a trabalhar com cordas!<\/span><\/strong><\/p><p style=\"text-align: center\"><b>(Muito pelo contr\u00e1rio, caso contr\u00e1rio eu nunca teria criado a p\u00e1gina)<\/b><\/p><p style=\"text-align: center\">Geralmente ofere\u00e7o workshops para casais ou para duas pessoas, pois isso permite um aprendizado muito mais r\u00e1pido e eficaz do que os chamados workshops em grupo com dez pessoas ou mais!<\/p>\t\t\t\t\t\t\t\t<\/div>\n\t\t\t\t<\/div>\n\t\t\t\t\t<\/div>\n\t\t\t\t<\/div>\n\t\t\t\t<\/div>","protected":false},"excerpt":{"rendered":"<p>Ist so ein Workshop \u00fcberhaupt notwendig? Nein, notwendig ist die Luft zum Atmen. Ein Workshop ist auf jeden Fall sinnvoll! Ich kann hier nicht \u00fcber die Allgemeinheit schreiben oder \u00fcber die einzelnen Workshopanbieter,denn jeder hat seine eigenen Erfahrunngen und Abl\u00e4ufe. In diesem Blogeintrag gehe ich auf meine Ansichten ein und beziehe mich auf die von [&hellip;]<\/p>\n","protected":false},"author":3,"featured_media":0,"parent":0,"menu_order":0,"comment_status":"closed","ping_status":"closed","template":"elementor_header_footer","meta":{"footnotes":""},"class_list":["post-1108","page","type-page","status-publish","hentry"],"_links":{"self":[{"href":"https:\/\/bavarian-bondage.de\/pt\/wp-json\/wp\/v2\/pages\/1108","targetHints":{"allow":["GET"]}}],"collection":[{"href":"https:\/\/bavarian-bondage.de\/pt\/wp-json\/wp\/v2\/pages"}],"about":[{"href":"https:\/\/bavarian-bondage.de\/pt\/wp-json\/wp\/v2\/types\/page"}],"author":[{"embeddable":true,"href":"https:\/\/bavarian-bondage.de\/pt\/wp-json\/wp\/v2\/users\/3"}],"replies":[{"embeddable":true,"href":"https:\/\/bavarian-bondage.de\/pt\/wp-json\/wp\/v2\/comments?post=1108"}],"version-history":[{"count":8,"href":"https:\/\/bavarian-bondage.de\/pt\/wp-json\/wp\/v2\/pages\/1108\/revisions"}],"predecessor-version":[{"id":12816,"href":"https:\/\/bavarian-bondage.de\/pt\/wp-json\/wp\/v2\/pages\/1108\/revisions\/12816"}],"wp:attachment":[{"href":"https:\/\/bavarian-bondage.de\/pt\/wp-json\/wp\/v2\/media?parent=1108"}],"curies":[{"name":"wp","href":"https:\/\/api.w.org\/{rel}","templated":true}]}}