{"id":1120,"date":"2016-01-25T17:04:15","date_gmt":"2016-01-25T16:04:15","guid":{"rendered":"https:\/\/bavarian-bondage.mysupr.de\/workshops\/"},"modified":"2026-03-19T06:56:53","modified_gmt":"2026-03-19T05:56:53","slug":"oficinas","status":"publish","type":"page","link":"https:\/\/bavarian-bondage.de\/pt\/workshops\/","title":{"rendered":"Oficinas"},"content":{"rendered":"<div data-elementor-type=\"wp-post\" data-elementor-id=\"1120\" class=\"elementor elementor-1120\" data-elementor-post-type=\"page\">\n\t\t\t\t<div class=\"elementor-element elementor-element-207c85f e-flex e-con-boxed e-con e-parent\" data-id=\"207c85f\" data-element_type=\"container\" data-e-type=\"container\">\n\t\t\t\t\t<div class=\"e-con-inner\">\n\t\t<div class=\"elementor-element elementor-element-7a219d3 e-con-full e-flex e-con e-child\" data-id=\"7a219d3\" data-element_type=\"container\" data-e-type=\"container\">\n\t\t\t\t<div class=\"elementor-element elementor-element-6f55626 elementor-widget elementor-widget-heading\" data-id=\"6f55626\" data-element_type=\"widget\" data-e-type=\"widget\" data-widget_type=\"heading.default\">\n\t\t\t\t\t<h2 class=\"elementor-heading-title elementor-size-default\">Oficinas<\/h2>\t\t\t\t<\/div>\n\t\t\t\t<div class=\"elementor-element elementor-element-f6b62fc elementor-widget elementor-widget-heading\" data-id=\"f6b62fc\" data-element_type=\"widget\" data-e-type=\"widget\" data-widget_type=\"heading.default\">\n\t\t\t\t\t<h2 class=\"elementor-heading-title elementor-size-default\">individual * pessoal * privado * discreto<\/h2>\t\t\t\t<\/div>\n\t\t\t\t<div class=\"elementor-element elementor-element-3484915 elementor-widget elementor-widget-text-editor\" data-id=\"3484915\" data-element_type=\"widget\" data-e-type=\"widget\" data-widget_type=\"text-editor.default\">\n\t\t\t\t\t\t\t\t\t<p style=\"text-align: center\">N\u00e3o importa se voc\u00ea \u00e9 iniciante ou j\u00e1 tem experi\u00eancia com cordas. O mais importante \u00e9 que voc\u00ea e seu parceiro se divirtam. \u00c9 claro que quero adaptar os cursos \u00e0s suas necessidades individuais e farei o poss\u00edvel para atender aos seus desejos e n\u00edvel de experi\u00eancia.<\/p><p style=\"text-align: center\"><strong><span style=\"text-decoration: underline;color: #000080\">Crie seu pr\u00f3prio programa personalizado e entre em contato comigo!<\/span><\/strong><\/p><p>\u00a0<\/p><p style=\"text-align: center\">Todos os cursos e pre\u00e7os oferecidos s\u00e3o baseados em duas pessoas. Workshops individuais (com modelo), assim como workshops para grupos ou pedidos individuais, tamb\u00e9m s\u00e3o poss\u00edveis mediante solicita\u00e7\u00e3o!<\/p><p style=\"text-align: center\">Se voc\u00ea n\u00e3o tem um parceiro no momento, basta pedir a um amigo ou conhecido. N\u00e3o se preocupe, o workshop n\u00e3o tem nada a ver com comportamento imoral.<\/p><p style=\"text-align: center\">Ent\u00e3o, por que n\u00e3o uma oficina de bondage em vez do cinema ou de um bar!?<\/p><p style=\"text-align: center\">\u00a0<\/p><p>\u00a0<\/p><p style=\"text-align: center\"><strong><span style=\"text-decoration: underline\"><span style=\"color: #000080;text-decoration: underline\">O que nos leva ao tema do vestu\u00e1rio:<\/span><\/span><\/strong><\/p><p style=\"text-align: center\">Deve ser esportivo e confort\u00e1vel, e um pouco ajustado ao corpo, para permitir um bom controle das cordas.<\/p><p style=\"text-align: center\">(Um macac\u00e3o de neve tamb\u00e9m \u00e9 poss\u00edvel, mas um tanto inadequado^^)<\/p><p style=\"text-align: center\">Al\u00e9m disso, ao escolher as roupas, deve-se ter cuidado para evitar bot\u00f5es, fivelas de cinto, suti\u00e3s com aro, joias e itens semelhantes. Isso evitar\u00e1 pontos de press\u00e3o e les\u00f5es causadas pelas cordas.<\/p><p style=\"text-align: center\">\u00a0<\/p><p>\u00a0<\/p><p style=\"text-align: center\"><span style=\"color: #000080\"><strong><span style=\"text-decoration: underline\">Local do evento:<\/span><\/strong><\/span><\/p>\t\t\t\t\t\t\t\t<\/div>\n\t\t\t\t<div class=\"elementor-element elementor-element-cb62c80 elementor-widget elementor-widget-text-editor\" data-id=\"cb62c80\" data-element_type=\"widget\" data-e-type=\"widget\" data-widget_type=\"text-editor.default\">\n\t\t\t\t\t\t\t\t\t<p style=\"text-align: center\">Andreas V\u00eanus<\/p><p style=\"text-align: center\">Haidberg 2<\/p><p style=\"text-align: center\">94379 Sankt Englmar<\/p>\t\t\t\t\t\t\t\t<\/div>\n\t\t\t\t<div class=\"elementor-element elementor-element-9ccdabc elementor-widget elementor-widget-text-editor\" data-id=\"9ccdabc\" data-element_type=\"widget\" data-e-type=\"widget\" data-widget_type=\"text-editor.default\">\n\t\t\t\t\t\t\t\t\t<p style=\"text-align: center\"><strong>A participa\u00e7\u00e3o \u00e9 destinada a pessoas com 18 anos ou mais.<\/strong><\/p><p style=\"text-align: center\"><span style=\"color: #808080\">(Verifica\u00e7\u00e3o de identidade em caso de discrep\u00e2ncias)<\/span><\/p><p style=\"text-align: center\">As consultas podem ser agendadas por telefone ou por escrito.<\/p><p style=\"text-align: center\">\u00a0<\/p>\t\t\t\t\t\t\t\t<\/div>\n\t\t\t\t<div class=\"elementor-element elementor-element-daae2fe premium-lq__none elementor-widget elementor-widget-premium-addon-button\" data-id=\"daae2fe\" data-element_type=\"widget\" data-e-type=\"widget\" data-widget_type=\"premium-addon-button.default\">\n\t\t\t\t\t\n\n\t\t<a class=\"premium-button premium-button-none premium-btn-md premium-button-none\" href=\"https:\/\/bavarian-bondage.de\/pt\/formulario-de-contato\/\">\n\t\t\t<div class=\"premium-button-text-icon-wrapper\">\n\t\t\t\t\n\t\t\t\t\t\t\t\t\t<span >\n\t\t\t\t\t\tFormul\u00e1rio de contato\t\t\t\t\t<\/span>\n\t\t\t\t\t\t\t<\/div>\n\n\t\t\t\n\t\t\t\n\t\t\t\n\t\t<\/a>\n\n\n\t\t\t\t\t\t<\/div>\n\t\t\t\t<div class=\"elementor-element elementor-element-adc6e7d elementor-widget-divider--view-line elementor-widget elementor-widget-divider\" data-id=\"adc6e7d\" data-element_type=\"widget\" data-e-type=\"widget\" data-widget_type=\"divider.default\">\n\t\t\t\t\t\t\t<div class=\"elementor-divider\">\n\t\t\t<span class=\"elementor-divider-separator\">\n\t\t\t\t\t\t<\/span>\n\t\t<\/div>\n\t\t\t\t\t\t<\/div>\n\t\t\t\t<\/div>\n\t\t\t\t\t<\/div>\n\t\t\t\t<\/div>\n\t\t<div class=\"elementor-element elementor-element-082562f e-flex e-con-boxed e-con e-parent\" data-id=\"082562f\" data-element_type=\"container\" data-e-type=\"container\">\n\t\t\t\t\t<div class=\"e-con-inner\">\n\t\t<div class=\"elementor-element elementor-element-f4525ca e-con-full e-flex e-con e-child\" data-id=\"f4525ca\" data-element_type=\"container\" data-e-type=\"container\">\n\t\t\t\t<div class=\"elementor-element elementor-element-6228073 elementor-widget elementor-widget-heading\" data-id=\"6228073\" data-element_type=\"widget\" data-e-type=\"widget\" data-widget_type=\"heading.default\">\n\t\t\t\t\t<h2 class=\"elementor-heading-title elementor-size-default\">N\u00e3o h\u00e1 workshops sendo oferecidos no momento!<\/h2>\t\t\t\t<\/div>\n\t\t\t\t<\/div>\n\t\t\t\t\t<\/div>\n\t\t\t\t<\/div>\n\t\t<div class=\"elementor-element elementor-element-7fc534f e-flex e-con-boxed e-con e-parent\" data-id=\"7fc534f\" data-element_type=\"container\" data-e-type=\"container\">\n\t\t\t\t\t<div class=\"e-con-inner\">\n\t\t\t\t<div class=\"elementor-element elementor-element-25b5f95 elementor-position-top elementor-widget elementor-widget-image-box\" data-id=\"25b5f95\" data-element_type=\"widget\" data-e-type=\"widget\" data-widget_type=\"image-box.default\">\n\t\t\t\t\t<div class=\"elementor-image-box-wrapper\"><figure class=\"elementor-image-box-img\"><a href=\"https:\/\/bavarian-bondage.de\/pt\/oficina-para-iniciantes\/\" tabindex=\"-1\"><img decoding=\"async\" src=\"https:\/\/bavarian-bondage.de\/wp-content\/plugins\/elementor\/assets\/images\/placeholder.png\" title=\"\" alt=\"\" loading=\"lazy\"><\/a><\/figure><div class=\"elementor-image-box-content\"><h3 class=\"elementor-image-box-title\"><a href=\"https:\/\/bavarian-bondage.de\/pt\/oficina-para-iniciantes\/\">Workshop para Iniciantes<\/a><\/h3><\/div><\/div>\t\t\t\t<\/div>\n\t\t\t\t<div class=\"elementor-element elementor-element-aba3e8c elementor-position-top elementor-widget elementor-widget-image-box\" data-id=\"aba3e8c\" data-element_type=\"widget\" data-e-type=\"widget\" data-widget_type=\"image-box.default\">\n\t\t\t\t\t<div class=\"elementor-image-box-wrapper\"><figure class=\"elementor-image-box-img\"><a href=\"https:\/\/bavarian-bondage.de\/pt\/workshop-avancado\/\" tabindex=\"-1\"><img decoding=\"async\" src=\"https:\/\/bavarian-bondage.de\/wp-content\/plugins\/elementor\/assets\/images\/placeholder.png\" title=\"\" alt=\"\" loading=\"lazy\"><\/a><\/figure><div class=\"elementor-image-box-content\"><h3 class=\"elementor-image-box-title\"><a href=\"https:\/\/bavarian-bondage.de\/pt\/workshop-avancado\/\">Workshop Avan\u00e7ado<\/a><\/h3><\/div><\/div>\t\t\t\t<\/div>\n\t\t\t\t\t<\/div>\n\t\t\t\t<\/div>\n\t\t\t\t<\/div>","protected":false},"excerpt":{"rendered":"<p>Workshops individuell * pers\u00f6nlich * privat * diskret Ob Du nun Einsteiger auf dem Gebiet bist oder schon Erfahrung im Umgang mit dem Seil hast, spielt keine Rolle. Die Hauptsache Du und dein Partner habt Spa\u00df daran. Selbstverst\u00e4ndlich m\u00f6chte ich die Kurse so individuell wie m\u00f6glich gestalten und versuche so gut es geht auf Deine [&hellip;]<\/p>\n","protected":false},"author":3,"featured_media":0,"parent":0,"menu_order":0,"comment_status":"closed","ping_status":"closed","template":"elementor_header_footer","meta":{"footnotes":""},"class_list":["post-1120","page","type-page","status-publish","hentry"],"_links":{"self":[{"href":"https:\/\/bavarian-bondage.de\/pt\/wp-json\/wp\/v2\/pages\/1120","targetHints":{"allow":["GET"]}}],"collection":[{"href":"https:\/\/bavarian-bondage.de\/pt\/wp-json\/wp\/v2\/pages"}],"about":[{"href":"https:\/\/bavarian-bondage.de\/pt\/wp-json\/wp\/v2\/types\/page"}],"author":[{"embeddable":true,"href":"https:\/\/bavarian-bondage.de\/pt\/wp-json\/wp\/v2\/users\/3"}],"replies":[{"embeddable":true,"href":"https:\/\/bavarian-bondage.de\/pt\/wp-json\/wp\/v2\/comments?post=1120"}],"version-history":[{"count":5,"href":"https:\/\/bavarian-bondage.de\/pt\/wp-json\/wp\/v2\/pages\/1120\/revisions"}],"predecessor-version":[{"id":16989,"href":"https:\/\/bavarian-bondage.de\/pt\/wp-json\/wp\/v2\/pages\/1120\/revisions\/16989"}],"wp:attachment":[{"href":"https:\/\/bavarian-bondage.de\/pt\/wp-json\/wp\/v2\/media?parent=1120"}],"curies":[{"name":"wp","href":"https:\/\/api.w.org\/{rel}","templated":true}]}}