{"id":1127,"date":"2016-02-15T22:11:37","date_gmt":"2016-02-15T21:11:37","guid":{"rendered":"https:\/\/bavarian-bondage.mysupr.de\/fortgeschrittenen-workshop\/"},"modified":"2026-03-19T06:56:15","modified_gmt":"2026-03-19T05:56:15","slug":"workshop-avancado","status":"publish","type":"page","link":"https:\/\/bavarian-bondage.de\/pt\/fortgeschrittenen-workshop\/","title":{"rendered":"Workshop Avan\u00e7ado"},"content":{"rendered":"<div data-elementor-type=\"wp-post\" data-elementor-id=\"1127\" class=\"elementor elementor-1127\" data-elementor-post-type=\"page\">\n\t\t\t\t<div class=\"elementor-element elementor-element-5ea8895 e-flex e-con-boxed e-con e-parent\" data-id=\"5ea8895\" data-element_type=\"container\" data-e-type=\"container\">\n\t\t\t\t\t<div class=\"e-con-inner\">\n\t\t<div class=\"elementor-element elementor-element-4e4e157 e-con-full e-flex e-con e-child\" data-id=\"4e4e157\" data-element_type=\"container\" data-e-type=\"container\">\n\t\t\t\t<div class=\"elementor-element elementor-element-b221294 elementor-widget elementor-widget-heading\" data-id=\"b221294\" data-element_type=\"widget\" data-e-type=\"widget\" data-widget_type=\"heading.default\">\n\t\t\t\t\t<h2 class=\"elementor-heading-title elementor-size-default\">Workshops avan\u00e7ados<\/h2>\t\t\t\t<\/div>\n\t\t\t\t<div class=\"elementor-element elementor-element-9141d4d elementor-widget elementor-widget-text-editor\" data-id=\"9141d4d\" data-element_type=\"widget\" data-e-type=\"widget\" data-widget_type=\"text-editor.default\">\n\t\t\t\t\t\t\t\t\t<p>Todos os cursos podem ser personalizados de acordo com seus desejos.<\/p>\t\t\t\t\t\t\t\t<\/div>\n\t\t\t\t<div class=\"elementor-element elementor-element-ea2bff9 elementor-widget elementor-widget-text-editor\" data-id=\"ea2bff9\" data-element_type=\"widget\" data-e-type=\"widget\" data-widget_type=\"text-editor.default\">\n\t\t\t\t\t\t\t\t\t<p><span style=\"text-decoration: underline\"><span style=\"color: #000080;text-decoration: underline\">1. A gravata Takate Kote, ou TK para abreviar, ou gravata Box Tie,<\/span><\/span><\/p><p>O Takate Kote \u00e9 uma imobiliza\u00e7\u00e3o cl\u00e1ssica da parte superior do corpo e a base para muitas outras imobiliza\u00e7\u00f5es. Al\u00e9m disso, \u00e9 um dos elementos mais importantes da suspens\u00e3o e, portanto, deve ser dominado com perfei\u00e7\u00e3o e seguran\u00e7a!<\/p><p style=\"text-align: left\"><span style=\"text-decoration: underline\">Abordaremos os seguintes t\u00f3picos:<\/span><\/p><p style=\"text-align: left\"><span style=\"text-decoration: underline;color: #000080\">Takate Kote:<\/span>\u00a0Execu\u00e7\u00e3o e varia\u00e7\u00f5es com 2 e 3 cordas; n\u00f3s seguros e manuseio de cordas<\/p><p style=\"text-align: left\"><span style=\"text-decoration: underline\"><span style=\"color: #000080;text-decoration: underline\">Restri\u00e7\u00f5es:<\/span><\/span>\u00a0diversas t\u00e9cnicas de bondage em conjunto com o erudito Takate Kote\u00a0<\/p><p style=\"text-align: left\"><span style=\"text-decoration: underline\"><span style=\"color: #000080;text-decoration: underline\">Bondage por suspens\u00e3o:<\/span><\/span>\u00a0Uma breve introdu\u00e7\u00e3o ao tema da suspens\u00e3o e suspens\u00e3o parcial.\u00a0<\/p><p style=\"text-align: left;padding-left: 40px\"><span style=\"text-decoration: underline\"><span style=\"color: #000080;text-decoration: underline\">Dura\u00e7\u00e3o:<\/span><\/span>\u00a02,5 horas (com algumas pequenas pausas)<\/p><p style=\"text-align: left;padding-left: 40px\"><span style=\"text-decoration: underline\"><span style=\"color: #000080;text-decoration: underline\">Pre\u00e7o:<\/span><\/span> \u20ac119,00 para 2 pessoas (bebidas inclu\u00eddas no pre\u00e7o)<\/p>\t\t\t\t\t\t\t\t<\/div>\n\t\t\t\t<div class=\"elementor-element elementor-element-b917dd8 elementor-widget elementor-widget-spacer\" data-id=\"b917dd8\" data-element_type=\"widget\" data-e-type=\"widget\" data-widget_type=\"spacer.default\">\n\t\t\t\t\t\t\t<div class=\"elementor-spacer\">\n\t\t\t<div class=\"elementor-spacer-inner\"><\/div>\n\t\t<\/div>\n\t\t\t\t\t\t<\/div>\n\t\t\t\t<div class=\"elementor-element elementor-element-f0be414 elementor-widget elementor-widget-text-editor\" data-id=\"f0be414\" data-element_type=\"widget\" data-e-type=\"widget\" data-widget_type=\"text-editor.default\">\n\t\t\t\t\t\t\t\t\t<p><span style=\"text-decoration: underline\"><span style=\"color: #000080;text-decoration: underline\">2. Os Cl\u00e1ssicos<\/span><\/span><\/p><p style=\"text-align: center\">Muitos j\u00e1 ouviram nomes como Hogtie, Karada, Strappado, Frogtie, etc.! Agora \u00e9 hora de colocar esses nomes em pr\u00e1tica e aprender as amarras individuais.<\/p><p style=\"text-align: left\"><span style=\"text-decoration: underline;color: #000000\">Abordaremos os seguintes t\u00f3picos:<\/span><\/p><p style=\"text-align: left\"><span style=\"text-decoration: underline\"><span style=\"color: #000080;text-decoration: underline\">Bondage vs Shibari ou Kinbaku:<\/span><\/span>\u00a0Uma breve explica\u00e7\u00e3o dos significados, origens e diferen\u00e7as; as t\u00e9cnicas cl\u00e1ssicas de restri\u00e7\u00e3o e seus nomes; existem diferen\u00e7as entre bondage e shibari na Europa?<\/p><p style=\"text-align: left\"><span style=\"text-decoration: underline\"><span style=\"color: #000080;text-decoration: underline\">Restri\u00e7\u00f5es:<\/span><\/span>\u00a0Os dispositivos de amarra\u00e7\u00e3o mais conhecidos, que se ouve falar e se v\u00ea repetidamente em v\u00e1rias formas e aplica\u00e7\u00f5es; as t\u00e9cnicas corretas de amarra\u00e7\u00e3o e os pontos de fixa\u00e7\u00e3o.<\/p><p style=\"text-align: left;padding-left: 40px\"><span style=\"text-decoration: underline\"><span style=\"color: #000080;text-decoration: underline\">Dura\u00e7\u00e3o:<\/span><\/span>\u00a02,5 horas (com algumas pequenas pausas)<\/p><p style=\"text-align: left;padding-left: 40px\"><span style=\"text-decoration: underline\"><span style=\"color: #000080;text-decoration: underline\">Pre\u00e7o:<\/span><\/span> \u20ac119,00 para 2 pessoas (bebidas inclu\u00eddas no pre\u00e7o)<\/p>\t\t\t\t\t\t\t\t<\/div>\n\t\t\t\t<div class=\"elementor-element elementor-element-f8837b6 elementor-widget elementor-widget-spacer\" data-id=\"f8837b6\" data-element_type=\"widget\" data-e-type=\"widget\" data-widget_type=\"spacer.default\">\n\t\t\t\t\t\t\t<div class=\"elementor-spacer\">\n\t\t\t<div class=\"elementor-spacer-inner\"><\/div>\n\t\t<\/div>\n\t\t\t\t\t\t<\/div>\n\t\t\t\t<div class=\"elementor-element elementor-element-d50ed9b elementor-widget elementor-widget-text-editor\" data-id=\"d50ed9b\" data-element_type=\"widget\" data-e-type=\"widget\" data-widget_type=\"text-editor.default\">\n\t\t\t\t\t\t\t\t\t<p style=\"text-align: center\"><span style=\"text-decoration: underline;color: #000080\">3. Suspens\u00e3o (Escravid\u00e3o por Enforcamento)<\/span><\/p><p>Quando o ch\u00e3o sob seus p\u00e9s fica cada vez mais nu e voc\u00ea divide o espa\u00e7o com a luz do teto, estamos falando de suspens\u00e3o! A disciplina m\u00e1xima em bondage e shibari.<\/p><p style=\"text-align: left\"><span style=\"text-decoration: underline\">Abordaremos os seguintes t\u00f3picos:<\/span><\/p><p style=\"text-align: left\"><span style=\"text-decoration: underline\"><span style=\"color: #000080;text-decoration: underline\">Seguran\u00e7a:<\/span><\/span> A seguran\u00e7a \u00e9 frequentemente subestimada, mas \u00e9 justamente nesse ponto que \u00e9 importante estar bem informado. Pontos de ancoragem no teto; n\u00f3s seguros e manuseio de cordas; o que fazer em caso de emerg\u00eancia; anatomia do corpo; e muito mais.<\/p><p style=\"text-align: left\"><span style=\"text-decoration: underline\"><span style=\"color: #000080;text-decoration: underline\">Bondage por suspens\u00e3o:<\/span><\/span>\u00a0Passo a passo, do in\u00edcio \u00e0 suspens\u00e3o livre;\u00a0<\/p><p style=\"text-align: left\">Para participar deste workshop, \u00e9 imprescind\u00edvel ter conhecimento pr\u00e9vio adequado, como t\u00e9cnicas apropriadas de conten\u00e7\u00e3o da parte superior do corpo.<\/p><p style=\"text-align: left\">Deve ficar claro para todos que um workshop de 3 horas e meia \u00e9 apenas o come\u00e7o, e que voc\u00ea ainda est\u00e1 longe de ser um profissional. Como em todos os workshops, o objetivo n\u00e3o \u00e9 aprender o m\u00e1ximo poss\u00edvel no menor tempo poss\u00edvel; n\u00e3o, trata-se de realmente saber o que voc\u00ea est\u00e1 fazendo e como fazer.<\/p><p style=\"text-align: left\"><span style=\"text-decoration: underline\"><span style=\"color: #000080;text-decoration: underline\">Semi-suspens\u00e3o (amarra\u00e7\u00e3o com suspens\u00e3o parcial):<\/span><\/span> Neste workshop, voc\u00ea aprender\u00e1 gradualmente t\u00e9cnicas de suspens\u00e3o em posi\u00e7\u00f5es prona, supina e lateral; varia\u00e7\u00f5es no ar; poses cl\u00e1ssicas ou at\u00e9 mesmo de cabe\u00e7a para baixo. No entanto, como mencionado anteriormente, isso n\u00e3o pode ser alcan\u00e7ado em apenas um workshop.<\/p><p style=\"text-align: left;padding-left: 40px\"><span style=\"text-decoration: underline\"><span style=\"color: #000080;text-decoration: underline\">Dura\u00e7\u00e3o:<\/span><\/span>\u00a0S\u00e3o necess\u00e1rias 3,5 horas (com pausas mais longas para descansar enquanto estiver amarrado), pois ficar pendurado nas cordas exige um esfor\u00e7o f\u00edsico consider\u00e1vel.<\/p><p style=\"text-align: left;padding-left: 40px\"><span style=\"text-decoration: underline\"><span style=\"color: #000080;text-decoration: underline\">Pre\u00e7o:<\/span><\/span> \u20ac165,00 para 2 pessoas (bebidas inclu\u00eddas no pre\u00e7o)<\/p>\t\t\t\t\t\t\t\t<\/div>\n\t\t\t\t<div class=\"elementor-element elementor-element-adeb410 elementor-widget elementor-widget-spacer\" data-id=\"adeb410\" data-element_type=\"widget\" data-e-type=\"widget\" data-widget_type=\"spacer.default\">\n\t\t\t\t\t\t\t<div class=\"elementor-spacer\">\n\t\t\t<div class=\"elementor-spacer-inner\"><\/div>\n\t\t<\/div>\n\t\t\t\t\t\t<\/div>\n\t\t\t\t<div class=\"elementor-element elementor-element-334f269 elementor-widget elementor-widget-text-editor\" data-id=\"334f269\" data-element_type=\"widget\" data-e-type=\"widget\" data-widget_type=\"text-editor.default\">\n\t\t\t\t\t\t\t\t\t<p>Todos os pre\u00e7os indicados s\u00e3o pre\u00e7os totais, incluindo IVA.<\/p><p>Antes do in\u00edcio de um workshop, voc\u00ea ver\u00e1 um termo de isen\u00e7\u00e3o de responsabilidade.,<\/p><p>\u00a0Por favor, leia atentamente e assine.<\/p>\t\t\t\t\t\t\t\t<\/div>\n\t\t\t\t<\/div>\n\t\t\t\t\t<\/div>\n\t\t\t\t<\/div>\n\t\t<div class=\"elementor-element elementor-element-9d74ff7 e-flex e-con-boxed e-con e-parent\" data-id=\"9d74ff7\" data-element_type=\"container\" data-e-type=\"container\">\n\t\t\t\t\t<div class=\"e-con-inner\">\n\t\t<div class=\"elementor-element elementor-element-2737515 e-con-full e-flex e-con e-child\" data-id=\"2737515\" data-element_type=\"container\" data-e-type=\"container\">\n\t\t\t\t<div class=\"elementor-element elementor-element-4e4139e elementor-widget elementor-widget-heading\" data-id=\"4e4139e\" data-element_type=\"widget\" data-e-type=\"widget\" data-widget_type=\"heading.default\">\n\t\t\t\t\t<h2 class=\"elementor-heading-title elementor-size-default\">Resumo<\/h2>\t\t\t\t<\/div>\n\t\t\t\t<\/div>\n\t\t\t\t\t<\/div>\n\t\t\t\t<\/div>\n\t\t<div class=\"elementor-element elementor-element-da54d56 e-flex e-con-boxed e-con e-parent\" data-id=\"da54d56\" data-element_type=\"container\" data-e-type=\"container\">\n\t\t\t\t\t<div class=\"e-con-inner\">\n\t\t<div class=\"elementor-element elementor-element-11fdd30 e-con-full e-flex e-con e-child\" data-id=\"11fdd30\" data-element_type=\"container\" data-e-type=\"container\">\n\t\t\t\t<div class=\"elementor-element elementor-element-ec0a4a4 elementor-tabs-view-horizontal elementor-widget elementor-widget-tabs\" data-id=\"ec0a4a4\" data-element_type=\"widget\" data-e-type=\"widget\" data-widget_type=\"tabs.default\">\n\t\t\t\t\t\t\t<div class=\"elementor-tabs\">\n\t\t\t<div class=\"elementor-tabs-wrapper\" role=\"tablist\" >\n\t\t\t\t\t\t\t\t\t<div id=\"elementor-tab-title-2471\" class=\"elementor-tab-title elementor-tab-desktop-title\" aria-selected=\"true\" data-tab=\"1\" role=\"tab\" tabindex=\"0\" aria-controls=\"elementor-tab-content-2471\" aria-expanded=\"false\">Idade:<\/div>\n\t\t\t\t\t\t\t\t\t<div id=\"elementor-tab-title-2472\" class=\"elementor-tab-title elementor-tab-desktop-title\" aria-selected=\"false\" data-tab=\"2\" role=\"tab\" tabindex=\"-1\" aria-controls=\"elementor-tab-content-2472\" aria-expanded=\"false\">Localiza\u00e7\u00e3o:<\/div>\n\t\t\t\t\t\t\t\t\t<div id=\"elementor-tab-title-2473\" class=\"elementor-tab-title elementor-tab-desktop-title\" aria-selected=\"false\" data-tab=\"3\" role=\"tab\" tabindex=\"-1\" aria-controls=\"elementor-tab-content-2473\" aria-expanded=\"false\">Pre\u00e7os:<\/div>\n\t\t\t\t\t\t\t\t\t<div id=\"elementor-tab-title-2474\" class=\"elementor-tab-title elementor-tab-desktop-title\" aria-selected=\"false\" data-tab=\"4\" role=\"tab\" tabindex=\"-1\" aria-controls=\"elementor-tab-content-2474\" aria-expanded=\"false\">pagar<\/div>\n\t\t\t\t\t\t\t\t\t<div id=\"elementor-tab-title-2475\" class=\"elementor-tab-title elementor-tab-desktop-title\" aria-selected=\"false\" data-tab=\"5\" role=\"tab\" tabindex=\"-1\" aria-controls=\"elementor-tab-content-2475\" aria-expanded=\"false\">Isen\u00e7\u00e3o de responsabilidade:<\/div>\n\t\t\t\t\t\t\t\t\t<div id=\"elementor-tab-title-2476\" class=\"elementor-tab-title elementor-tab-desktop-title\" aria-selected=\"false\" data-tab=\"6\" role=\"tab\" tabindex=\"-1\" aria-controls=\"elementor-tab-content-2476\" aria-expanded=\"false\">Variado:<\/div>\n\t\t\t\t\t\t\t<\/div>\n\t\t\t<div class=\"elementor-tabs-content-wrapper\" role=\"tablist\" aria-orientation=\"vertical\">\n\t\t\t\t\t\t\t\t\t<div class=\"elementor-tab-title elementor-tab-mobile-title\" aria-selected=\"true\" data-tab=\"1\" role=\"tab\" tabindex=\"0\" aria-controls=\"elementor-tab-content-2471\" aria-expanded=\"false\">Idade:<\/div>\n\t\t\t\t\t<div id=\"elementor-tab-content-2471\" class=\"elementor-tab-content elementor-clearfix\" data-tab=\"1\" role=\"tabpanel\" aria-labelledby=\"elementor-tab-title-2471\" tabindex=\"0\" hidden=\"false\"><p>Para maiores de 18 anos<\/p><\/div>\n\t\t\t\t\t\t\t\t\t<div class=\"elementor-tab-title elementor-tab-mobile-title\" aria-selected=\"false\" data-tab=\"2\" role=\"tab\" tabindex=\"-1\" aria-controls=\"elementor-tab-content-2472\" aria-expanded=\"false\">Localiza\u00e7\u00e3o:<\/div>\n\t\t\t\t\t<div id=\"elementor-tab-content-2472\" class=\"elementor-tab-content elementor-clearfix\" data-tab=\"2\" role=\"tabpanel\" aria-labelledby=\"elementor-tab-title-2472\" tabindex=\"0\" hidden=\"hidden\"><p>Escravid\u00e3o b\u00e1vara<\/p><p>Andreas V\u00eanus<\/p><p>Haidberg 2<\/p><p>94379 Sankt Englmar<\/p><\/div>\n\t\t\t\t\t\t\t\t\t<div class=\"elementor-tab-title elementor-tab-mobile-title\" aria-selected=\"false\" data-tab=\"3\" role=\"tab\" tabindex=\"-1\" aria-controls=\"elementor-tab-content-2473\" aria-expanded=\"false\">Pre\u00e7os:<\/div>\n\t\t\t\t\t<div id=\"elementor-tab-content-2473\" class=\"elementor-tab-content elementor-clearfix\" data-tab=\"3\" role=\"tabpanel\" aria-labelledby=\"elementor-tab-title-2473\" tabindex=\"0\" hidden=\"hidden\"><p>Todos os pre\u00e7os listados acima s\u00e3o pre\u00e7os totais, incluindo IVA.<\/p><\/div>\n\t\t\t\t\t\t\t\t\t<div class=\"elementor-tab-title elementor-tab-mobile-title\" aria-selected=\"false\" data-tab=\"4\" role=\"tab\" tabindex=\"-1\" aria-controls=\"elementor-tab-content-2474\" aria-expanded=\"false\">pagar<\/div>\n\t\t\t\t\t<div id=\"elementor-tab-content-2474\" class=\"elementor-tab-content elementor-clearfix\" data-tab=\"4\" role=\"tabpanel\" aria-labelledby=\"elementor-tab-title-2474\" tabindex=\"0\" hidden=\"hidden\"><p>Antes do in\u00edcio do workshop<\/p><\/div>\n\t\t\t\t\t\t\t\t\t<div class=\"elementor-tab-title elementor-tab-mobile-title\" aria-selected=\"false\" data-tab=\"5\" role=\"tab\" tabindex=\"-1\" aria-controls=\"elementor-tab-content-2475\" aria-expanded=\"false\">Isen\u00e7\u00e3o de responsabilidade:<\/div>\n\t\t\t\t\t<div id=\"elementor-tab-content-2475\" class=\"elementor-tab-content elementor-clearfix\" data-tab=\"5\" role=\"tabpanel\" aria-labelledby=\"elementor-tab-title-2475\" tabindex=\"0\" hidden=\"hidden\"><p>Leia atentamente e assine antes do in\u00edcio do workshop.<\/p><\/div>\n\t\t\t\t\t\t\t\t\t<div class=\"elementor-tab-title elementor-tab-mobile-title\" aria-selected=\"false\" data-tab=\"6\" role=\"tab\" tabindex=\"-1\" aria-controls=\"elementor-tab-content-2476\" aria-expanded=\"false\">Variado:<\/div>\n\t\t\t\t\t<div id=\"elementor-tab-content-2476\" class=\"elementor-tab-content elementor-clearfix\" data-tab=\"6\" role=\"tabpanel\" aria-labelledby=\"elementor-tab-title-2476\" tabindex=\"0\" hidden=\"hidden\"><p>Todos os itens oferecidos na loja podem ser adquiridos em uma oficina.<\/p><\/div>\n\t\t\t\t\t\t\t<\/div>\n\t\t<\/div>\n\t\t\t\t\t\t<\/div>\n\t\t\t\t<div class=\"elementor-element elementor-element-e131a80 premium-lq__none elementor-widget elementor-widget-premium-addon-button\" data-id=\"e131a80\" data-element_type=\"widget\" data-e-type=\"widget\" data-widget_type=\"premium-addon-button.default\">\n\t\t\t\t\t\n\n\t\t<a class=\"premium-button premium-button-none premium-btn-md premium-button-none\" href=\"https:\/\/bavarian-bondage.de\/pt\/formulario-de-contato\/\">\n\t\t\t<div class=\"premium-button-text-icon-wrapper\">\n\t\t\t\t\n\t\t\t\t\t\t\t\t\t<span >\n\t\t\t\t\t\tFormul\u00e1rio de contato\t\t\t\t\t<\/span>\n\t\t\t\t\t\t\t<\/div>\n\n\t\t\t\n\t\t\t\n\t\t\t\n\t\t<\/a>\n\n\n\t\t\t\t\t\t<\/div>\n\t\t\t\t<\/div>\n\t\t\t\t\t<\/div>\n\t\t\t\t<\/div>\n\t\t<div class=\"elementor-element elementor-element-56284fd e-flex e-con-boxed e-con e-parent\" data-id=\"56284fd\" data-element_type=\"container\" data-e-type=\"container\">\n\t\t\t\t\t<div class=\"e-con-inner\">\n\t\t<div class=\"elementor-element elementor-element-5b366aa e-con-full e-flex e-con e-child\" data-id=\"5b366aa\" data-element_type=\"container\" data-e-type=\"container\">\n\t\t\t\t<div class=\"elementor-element elementor-element-79888ce elementor-widget elementor-widget-heading\" data-id=\"79888ce\" data-element_type=\"widget\" data-e-type=\"widget\" data-widget_type=\"heading.default\">\n\t\t\t\t\t<h2 class=\"elementor-heading-title elementor-size-default\">N\u00e3o h\u00e1 workshops sendo oferecidos no momento!<\/h2>\t\t\t\t<\/div>\n\t\t\t\t<\/div>\n\t\t\t\t\t<\/div>\n\t\t\t\t<\/div>\n\t\t\t\t<\/div>","protected":false},"excerpt":{"rendered":"<p>Fortgeschrittenen Workshops Alle Kurse k\u00f6nnen individuell nach deinen W\u00fcnschen angepasst werden. 1. Der Takate Kote kurz TK oder auch Box Tie, ist eine klassische Oberk\u00f6rperfesselung und ein Grundstein f\u00fcr viele weitere Fesselungen. Des Weiteren ist der Takate Kote eines der wichtigsten Elemente f\u00fcr H\u00e4ngebondage und sollte daher fehlerfrei und sicher beherrscht werden! Wir befassen uns [&hellip;]<\/p>\n","protected":false},"author":3,"featured_media":0,"parent":0,"menu_order":0,"comment_status":"closed","ping_status":"closed","template":"elementor_header_footer","meta":{"footnotes":""},"class_list":["post-1127","page","type-page","status-publish","hentry"],"_links":{"self":[{"href":"https:\/\/bavarian-bondage.de\/pt\/wp-json\/wp\/v2\/pages\/1127","targetHints":{"allow":["GET"]}}],"collection":[{"href":"https:\/\/bavarian-bondage.de\/pt\/wp-json\/wp\/v2\/pages"}],"about":[{"href":"https:\/\/bavarian-bondage.de\/pt\/wp-json\/wp\/v2\/types\/page"}],"author":[{"embeddable":true,"href":"https:\/\/bavarian-bondage.de\/pt\/wp-json\/wp\/v2\/users\/3"}],"replies":[{"embeddable":true,"href":"https:\/\/bavarian-bondage.de\/pt\/wp-json\/wp\/v2\/comments?post=1127"}],"version-history":[{"count":5,"href":"https:\/\/bavarian-bondage.de\/pt\/wp-json\/wp\/v2\/pages\/1127\/revisions"}],"predecessor-version":[{"id":16986,"href":"https:\/\/bavarian-bondage.de\/pt\/wp-json\/wp\/v2\/pages\/1127\/revisions\/16986"}],"wp:attachment":[{"href":"https:\/\/bavarian-bondage.de\/pt\/wp-json\/wp\/v2\/media?parent=1127"}],"curies":[{"name":"wp","href":"https:\/\/api.w.org\/{rel}","templated":true}]}}