{"id":1139,"date":"2016-05-24T16:03:59","date_gmt":"2016-05-24T14:03:59","guid":{"rendered":"https:\/\/bavarian-bondage.mysupr.de\/ueber-mich\/"},"modified":"2023-02-02T13:46:18","modified_gmt":"2023-02-02T12:46:18","slug":"sobre-mim","status":"publish","type":"page","link":"https:\/\/bavarian-bondage.de\/pt\/ueber-mich\/","title":{"rendered":"Sobre mim"},"content":{"rendered":"<div data-elementor-type=\"wp-post\" data-elementor-id=\"1139\" class=\"elementor elementor-1139\" data-elementor-post-type=\"page\">\n\t\t\t\t\t\t<section class=\"elementor-section elementor-top-section elementor-element elementor-element-c0abc2b elementor-section-boxed elementor-section-height-default elementor-section-height-default\" data-id=\"c0abc2b\" data-element_type=\"section\" data-e-type=\"section\">\n\t\t\t\t\t\t<div class=\"elementor-container elementor-column-gap-default\">\n\t\t\t\t\t<div class=\"elementor-column elementor-col-100 elementor-top-column elementor-element elementor-element-a395192\" data-id=\"a395192\" data-element_type=\"column\" data-e-type=\"column\">\n\t\t\t<div class=\"elementor-widget-wrap elementor-element-populated\">\n\t\t\t\t\t\t<div class=\"elementor-element elementor-element-923671e elementor-widget elementor-widget-heading\" data-id=\"923671e\" data-element_type=\"widget\" data-e-type=\"widget\" data-widget_type=\"heading.default\">\n\t\t\t\t\t<h2 class=\"elementor-heading-title elementor-size-default\">Hora de momentos cativantes<\/h2>\t\t\t\t<\/div>\n\t\t\t\t<div class=\"elementor-element elementor-element-0865faa elementor-widget elementor-widget-text-editor\" data-id=\"0865faa\" data-element_type=\"widget\" data-e-type=\"widget\" data-widget_type=\"text-editor.default\">\n\t\t\t\t\t\t\t\t\t<p style=\"text-align: center\">Nas linhas seguintes, voc\u00ea aprender\u00e1 uma ou duas coisas sobre mim, o site e a loja.<br \/>E \u00e9 por isso que voc\u00ea est\u00e1 exatamente no lugar certo!<\/p><p style=\"text-align: center\">Para tornar a leitura menos entediante, escreverei apenas os detalhes mais importantes e n\u00e3o um romance.<\/p><p style=\"text-align: center\">Vou come\u00e7ar por mim, para que voc\u00eas saibam quem \u00e9 o respons\u00e1vel pelo site, pelos workshops, pelos produtos e, claro, por eventuais erros de digita\u00e7\u00e3o.<\/p><p style=\"text-align: center\">Meu nome \u00e9 Andreas, tenho 37 anos e trabalhei no ramo da restaura\u00e7\u00e3o por muito tempo. H\u00e1 mais de 17 anos, estou envolvido com bondage e Shibari, \u00e0s vezes com mais intensidade, \u00e0s vezes com menos. Ali\u00e1s, nos \u00faltimos anos, quase tudo na minha vida tem girado em torno disso. ^^<\/p><p style=\"text-align: center\"><span style=\"color: #000000\"><strong>Viciado em cordas!<\/strong><\/span><\/p><p style=\"text-align: center\">\u00c9 exatamente essa paix\u00e3o que quero compartilhar com voc\u00eas no meu site! Bondage \u00e9 mais do que simplesmente amarrar algu\u00e9m, mais do que um jogo, mais do que o pr\u00f3prio nome bondage pode sugerir!<\/p><p style=\"text-align: center\"><span style=\"color: #0000ff\"><strong>Hora de momentos cativantes<\/strong><\/span><\/p><p style=\"text-align: center\">Para mim, \u00e9 mais do que apenas um slogan!<\/p><p style=\"text-align: center\">\u2665<\/p><h3 style=\"text-align: center\"><strong>A ideia<\/strong><\/h3><p style=\"text-align: center\">A ideia para o bavarian-bondage.de surgiu no ver\u00e3o de 2015, ap\u00f3s um workshop privado de bondage. Alguns meses depois, o planejamento do site come\u00e7ou a s\u00e9rio, com um blog, tutoriais, workshops e o objetivo de divulgar o bondage e o Shibari, transmitindo a alegria de amarrar pessoas.<\/p><p style=\"text-align: center\">Em meio ao planejamento e ap\u00f3s uma compra decepcionante de corda, surgiu outra ideia.\u00a0<\/p><p style=\"text-align: center\">\u2665<\/p><h3 style=\"text-align: center\"><strong>Uma loja online!<\/strong><\/h3><p style=\"text-align: center\">Uma loja que conquista seus clientes com individualidade, criatividade e qualidade a pre\u00e7os acess\u00edveis. Uma loja que se destaca da concorr\u00eancia com seu design memor\u00e1vel e autenticidade. Fiel ao lema &quot;qualidade acima de quantidade&quot;, meus produtos s\u00e3o em sua maioria feitos \u00e0 m\u00e3o e personaliz\u00e1veis.<\/p><p style=\"text-align: center\">\u2665<\/p><h3 style=\"text-align: center\"><strong>Oficinas:<\/strong>\u00a0<\/h3><p style=\"text-align: center\">Voc\u00ea costuma ler sobre as refer\u00eancias dos fornecedores; sobre a qualidade dos workshops; se o fornecedor \u00e9 realmente competente; e se vale a pena participar!?<\/p><p style=\"text-align: center\">N\u00e3o. N\u00e3o tenho forma\u00e7\u00e3o acad\u00eamica formal no Jap\u00e3o, n\u00e3o sou autor de livros e n\u00e3o sou conhecido por reportagens na televis\u00e3o ou v\u00eddeos online. Minhas credenciais residem nos anos de experi\u00eancia que adquiri por meio de in\u00fameros cursos e por iniciativa pr\u00f3pria.<\/p><p style=\"text-align: center\">N\u00e3o me considero uma artista de bondage, uma mestra de Shibari ou uma professora. N\u00e3o, sou simplesmente eu, algu\u00e9m que gosta de compartilhar meu conhecimento e quer mostrar a voc\u00ea como trabalhar com cordas.<\/p><p style=\"text-align: center\">Se participar dos meus workshops vale a pena ou n\u00e3o para voc\u00ea, \u00e9 algo que voc\u00ea ter\u00e1 que decidir por si mesmo. De qualquer forma, sempre me esfor\u00e7o ao m\u00e1ximo para atender \u00e0s suas necessidades e objetivos de aprendizado da melhor maneira poss\u00edvel.<\/p><p style=\"text-align: center\">\u2665<\/p><h3 style=\"text-align: center\"><strong>O nome<\/strong><\/h3><p style=\"text-align: center\">O nome do meu site\/loja \u00e9 muito focado na regi\u00e3o, pois o objetivo foi claramente definido desde o in\u00edcio: oferecer workshops para pessoas da minha regi\u00e3o.<\/p><p style=\"text-align: center\">Se &quot;Bavarian Bondage&quot; \u00e9 um bom nome para uma loja online \u00e9 discut\u00edvel. Eu gosto, e continuar\u00e1 sendo.\u00a0<\/p><p style=\"text-align: center\">\u2665<\/p><h3 style=\"text-align: center\"><strong>O futuro da escravid\u00e3o b\u00e1vara<\/strong><\/h3><p style=\"text-align: center\">Quem sabe o que o futuro reserva? Meus objetivos s\u00e3o, sem d\u00favida, desenvolver ainda mais o site, oferecer novos produtos de tempos em tempos, escrever posts para o blog, talvez at\u00e9 criar alguns tutoriais de bondage, e por a\u00ed vai. Claro que n\u00e3o da noite para o dia, mas a jornada \u00e9 o destino, e \u00e9 isso que importa!<\/p><p style=\"text-align: center\">Comecei a oferecer meus produtos regularmente em feiras comerciais e diversos eventos para dar aos meus clientes a oportunidade de v\u00ea-los e, claro, de me conhecer pessoalmente, caso tenham interesse. Meu site atualiza regularmente as datas e os locais dos meus estandes.<\/p><p style=\"text-align: center\">\u2665<\/p><h3 style=\"text-align: center\"><strong>O mais importante vem por \u00faltimo.<\/strong><\/h3><p style=\"text-align: center\">De que adianta ter as melhores ideias, o design mais bonito e as melhores inten\u00e7\u00f5es? No fim das contas, nada, porque um site ou loja s\u00f3 prospera com a confian\u00e7a de seus visitantes, seus clientes. O mais importante em todo o site \u00e9 voc\u00ea!<\/p><p style=\"text-align: center\">Espero que voc\u00ea tenha conseguido formar uma pequena impress\u00e3o sobre mim, meu site e os objetivos que busco alcan\u00e7ar.<\/p><p style=\"text-align: center\">\u00c9 claro que estou sempre \u00e0 disposi\u00e7\u00e3o para responder \u00e0s suas perguntas e receber suas sugest\u00f5es.<\/p><p style=\"text-align: center\"><strong>Atenciosamente, Andreas<\/strong><\/p>\t\t\t\t\t\t\t\t<\/div>\n\t\t\t\t\t<\/div>\n\t\t<\/div>\n\t\t\t\t\t<\/div>\n\t\t<\/section>\n\t\t\t\t<\/div>","protected":false},"excerpt":{"rendered":"<p>Zeit f\u00fcr fesselnde Momente In den folgenden Zeilen erf\u00e4hrst Du das ein oder andere \u00fcber mich, die Seite, den Shopund warum Du hier genau richtig bist! Damit das lesen nicht ganz so langweilig wird, schreibe ich nur die wichtigsten Details und keinen Roman. Ich beginne jetzt einfach mal bei mir, damit du wei\u00dft wer f\u00fcr [&hellip;]<\/p>\n","protected":false},"author":3,"featured_media":0,"parent":0,"menu_order":0,"comment_status":"closed","ping_status":"closed","template":"elementor_header_footer","meta":{"footnotes":""},"class_list":["post-1139","page","type-page","status-publish","hentry"],"_links":{"self":[{"href":"https:\/\/bavarian-bondage.de\/pt\/wp-json\/wp\/v2\/pages\/1139","targetHints":{"allow":["GET"]}}],"collection":[{"href":"https:\/\/bavarian-bondage.de\/pt\/wp-json\/wp\/v2\/pages"}],"about":[{"href":"https:\/\/bavarian-bondage.de\/pt\/wp-json\/wp\/v2\/types\/page"}],"author":[{"embeddable":true,"href":"https:\/\/bavarian-bondage.de\/pt\/wp-json\/wp\/v2\/users\/3"}],"replies":[{"embeddable":true,"href":"https:\/\/bavarian-bondage.de\/pt\/wp-json\/wp\/v2\/comments?post=1139"}],"version-history":[{"count":8,"href":"https:\/\/bavarian-bondage.de\/pt\/wp-json\/wp\/v2\/pages\/1139\/revisions"}],"predecessor-version":[{"id":9546,"href":"https:\/\/bavarian-bondage.de\/pt\/wp-json\/wp\/v2\/pages\/1139\/revisions\/9546"}],"wp:attachment":[{"href":"https:\/\/bavarian-bondage.de\/pt\/wp-json\/wp\/v2\/media?parent=1139"}],"curies":[{"name":"wp","href":"https:\/\/api.w.org\/{rel}","templated":true}]}}