{"id":1145,"date":"2016-06-01T10:24:58","date_gmt":"2016-06-01T08:24:58","guid":{"rendered":"https:\/\/bavarian-bondage.mysupr.de\/widerrufsrecht-fuer-waren\/"},"modified":"2025-07-20T08:32:20","modified_gmt":"2025-07-20T06:32:20","slug":"direito-de-rescisao-do-contrato-de-compra-de-mercadorias","status":"publish","type":"page","link":"https:\/\/bavarian-bondage.de\/pt\/widerrufsrecht-fuer-waren\/","title":{"rendered":"Direito de rescis\u00e3o do contrato de compra de mercadorias"},"content":{"rendered":"<div data-elementor-type=\"wp-post\" data-elementor-id=\"1145\" class=\"elementor elementor-1145\" data-elementor-post-type=\"page\">\n\t\t\t\t<div class=\"elementor-element elementor-element-eb1d6f5 e-flex e-con-boxed e-con e-parent\" data-id=\"eb1d6f5\" data-element_type=\"container\" data-e-type=\"container\">\n\t\t\t\t\t<div class=\"e-con-inner\">\n\t\t\t\t<div class=\"elementor-element elementor-element-7a6ac82 elementor-widget elementor-widget-text-editor\" data-id=\"7a6ac82\" data-element_type=\"widget\" data-e-type=\"widget\" data-widget_type=\"text-editor.default\">\n\t\t\t\t\t\t\t\t\t<p><strong>Direito de retrata\u00e7\u00e3o para consumidores\u00a0<\/strong><br \/>(Consumidor \u00e9 qualquer pessoa f\u00edsica que celebra um neg\u00f3cio jur\u00eddico para fins que n\u00e3o se enquadram predominantemente no \u00e2mbito da sua atividade comercial ou profissional independente.)<br \/><br \/><strong>Pol\u00edtica de cancelamento<\/strong><br \/><br \/><strong>Direito de rescis\u00e3o<\/strong><br \/>Voc\u00ea tem o direito de rescindir este contrato no prazo de 14 dias, sem necessidade de apresentar qualquer justificativa.<br \/>O per\u00edodo de cancelamento \u00e9 de 14 dias a partir da data,<br \/><br \/>\u2013 no qual voc\u00ea ou um terceiro designado por voc\u00ea, que n\u00e3o seja o transportador, tenha tomado posse das mercadorias, desde que voc\u00ea tenha encomendado uma ou mais mercadorias como parte de um \u00fanico pedido e estas sejam entregues juntas;<br \/><br \/>\u2013 na qual voc\u00ea ou um terceiro designado por voc\u00ea, que n\u00e3o seja o transportador, tomou posse dos \u00faltimos bens, desde que voc\u00ea tenha encomendado v\u00e1rios bens como parte de um \u00fanico pedido e estes sejam entregues separadamente;<br \/><br \/>Para exercer o seu direito de retrata\u00e7\u00e3o, voc\u00ea deve nos informar.\u00a0<strong>(Andreas Venus, Haidberg 2, 94379 Sankt Englmar, n\u00famero de telefone: 016091594448, endere\u00e7o de e-mail: info@bavarian-bondage.de)<\/strong>\u00a0Voc\u00ea deve nos informar da sua decis\u00e3o de rescindir este contrato por meio de uma declara\u00e7\u00e3o inequ\u00edvoca (por exemplo, uma carta enviada pelo correio ou um e-mail). Voc\u00ea pode usar o formul\u00e1rio de rescis\u00e3o modelo em anexo, mas isso n\u00e3o \u00e9 obrigat\u00f3rio.<br \/><br \/>Para cumprir o prazo de cancelamento, basta que envie a sua comunica\u00e7\u00e3o relativa ao exerc\u00edcio do seu direito de cancelamento antes do termo do per\u00edodo de cancelamento.<br \/><br \/><strong>Consequ\u00eancias da revoga\u00e7\u00e3o<\/strong><br \/><br \/>Se voc\u00ea rescindir este contrato, reembolsaremos todos os pagamentos recebidos, incluindo os custos de entrega (exceto quaisquer custos adicionais incorridos caso voc\u00ea tenha escolhido um m\u00e9todo de entrega diferente da nossa op\u00e7\u00e3o de entrega padr\u00e3o mais barata), sem demora injustificada e o mais tardar 14 dias a partir da data em que recebermos a sua notifica\u00e7\u00e3o de rescis\u00e3o. Para este reembolso, utilizaremos o mesmo m\u00e9todo de pagamento que voc\u00ea usou na transa\u00e7\u00e3o original, a menos que seja expressamente acordado de outra forma; em nenhum caso voc\u00ea ser\u00e1 cobrado por quaisquer taxas em decorr\u00eancia deste reembolso.<br \/><br \/>Podemos recusar o reembolso at\u00e9 que tenhamos recebido os produtos de volta ou que voc\u00ea nos forne\u00e7a comprovante de envio, o que ocorrer primeiro.<br \/><br \/>Voc\u00ea deve devolver ou entregar os produtos sem demora injustificada e, em qualquer caso, o mais tardar 14 dias a contar da data em que nos notificar da sua desist\u00eancia do presente contrato. O prazo \u00e9 cumprido se enviar os produtos antes do termo do prazo de 14 dias.<br \/><br \/>Voc\u00ea arcar\u00e1 com os custos diretos da devolu\u00e7\u00e3o da mercadoria.<br \/><br \/>Voc\u00ea s\u00f3 ser\u00e1 respons\u00e1vel por qualquer perda de valor dos bens se essa perda de valor for decorrente de manuseio dos bens que n\u00e3o seja necess\u00e1rio para testar sua condi\u00e7\u00e3o, propriedades e funcionalidade.<br \/><br \/><strong>Motivos para exclus\u00e3o ou rescis\u00e3o<\/strong><br \/><br \/>O direito de rescis\u00e3o n\u00e3o se aplica a contratos.<br \/><br \/>\u2013 para o fornecimento de bens que n\u00e3o s\u00e3o pr\u00e9-fabricados e cuja produ\u00e7\u00e3o depende de uma sele\u00e7\u00e3o ou especifica\u00e7\u00e3o individual por parte do consumidor, ou que s\u00e3o claramente adaptados \u00e0s necessidades pessoais do consumidor;<br \/>\u2013 para o fornecimento de bens que podem deteriorar-se rapidamente ou cujo prazo de validade se exceda rapidamente;<br \/>\u2013 para o fornecimento de bebidas alco\u00f3licas, cujo pre\u00e7o foi acordado no momento da celebra\u00e7\u00e3o do contrato, mas que podem ser entregues n\u00e3o antes de 30 dias ap\u00f3s a celebra\u00e7\u00e3o do contrato e cujo valor atual depende de flutua\u00e7\u00f5es de mercado sobre as quais o empres\u00e1rio n\u00e3o tem influ\u00eancia;<br \/>\u2013 para a entrega de jornais, revistas ou revistas ilustradas, com exce\u00e7\u00e3o dos contratos de assinatura.<br \/><br \/>O direito de rescis\u00e3o expira prematuramente no caso de contratos.<br \/><br \/>\u2013 para o fornecimento de mercadorias seladas que n\u00e3o s\u00e3o adequadas para devolu\u00e7\u00e3o por motivos de prote\u00e7\u00e3o da sa\u00fade ou higiene, caso o selo tenha sido removido ap\u00f3s a entrega;<br \/>\u2013 para o fornecimento de mercadorias se, ap\u00f3s a entrega, estas se tiverem misturado inseparavelmente com outras mercadorias devido \u00e0 sua natureza;<br \/>\u2013 para o fornecimento de grava\u00e7\u00f5es de \u00e1udio ou v\u00eddeo ou software de computador em embalagem lacrada, se o lacre tiver sido removido ap\u00f3s a entrega.<br \/><br \/><\/p><hr \/><p><br \/><strong>Modelo de formul\u00e1rio de cancelamento<\/strong><br \/><br \/>(Caso deseje cancelar o contrato, preencha este formul\u00e1rio e devolva-o.)<br \/><br \/>\u2013 Para Andreas Venus, Haidberg 2, 94379 Sankt Englmar, endere\u00e7o de e-mail: info@bavarian-bondage.de:<br \/><br \/>\u2013 Eu\/N\u00f3s (*) por meio deste instrumento revogamos o contrato celebrado por mim\/n\u00f3s (*) para a compra dos seguintes bens (*)\/<br \/>\u00a0 a presta\u00e7\u00e3o do seguinte servi\u00e7o (*)<br \/><br \/>\u2013 Pedido feito em (*)\/ recebido em (*)<br \/><br \/>\u2013 Nome do(s) consumidor(es)<br \/>\u2013 Endere\u00e7o do(s) consumidor(es)<br \/>\u2013 Assinatura do(s) consumidor(es) (apenas para notifica\u00e7\u00f5es em papel)<br \/>- Data<br \/><br \/>(*) Apagar conforme apropriado.<br \/><br \/><\/p>\t\t\t\t\t\t\t\t<\/div>\n\t\t\t\t\t<\/div>\n\t\t\t\t<\/div>\n\t\t\t\t<\/div>","protected":false},"excerpt":{"rendered":"<p>Widerrufsrecht f\u00fcr Verbraucher\u00a0(Verbraucher ist jede nat\u00fcrliche Person, die ein Rechtsgesch\u00e4ft zu Zwecken abschlie\u00dft, die \u00fcberwiegend weder ihrer gewerblichen noch ihrer selbstst\u00e4ndigen beruflichen T\u00e4tigkeit zugerechnet werden k\u00f6nnen.) Widerrufsbelehrung WiderrufsrechtSie haben das Recht, binnen 14 Tagen ohne Angabe von Gr\u00fcnden diesen Vertrag zu widerrufen.Die Widerrufsfrist betr\u00e4gt 14 Tage ab dem Tag, &#8211; an dem Sie oder ein [&hellip;]<\/p>\n","protected":false},"author":3,"featured_media":0,"parent":0,"menu_order":0,"comment_status":"closed","ping_status":"closed","template":"","meta":{"footnotes":""},"class_list":["post-1145","page","type-page","status-publish","hentry"],"_links":{"self":[{"href":"https:\/\/bavarian-bondage.de\/pt\/wp-json\/wp\/v2\/pages\/1145","targetHints":{"allow":["GET"]}}],"collection":[{"href":"https:\/\/bavarian-bondage.de\/pt\/wp-json\/wp\/v2\/pages"}],"about":[{"href":"https:\/\/bavarian-bondage.de\/pt\/wp-json\/wp\/v2\/types\/page"}],"author":[{"embeddable":true,"href":"https:\/\/bavarian-bondage.de\/pt\/wp-json\/wp\/v2\/users\/3"}],"replies":[{"embeddable":true,"href":"https:\/\/bavarian-bondage.de\/pt\/wp-json\/wp\/v2\/comments?post=1145"}],"version-history":[{"count":5,"href":"https:\/\/bavarian-bondage.de\/pt\/wp-json\/wp\/v2\/pages\/1145\/revisions"}],"predecessor-version":[{"id":15405,"href":"https:\/\/bavarian-bondage.de\/pt\/wp-json\/wp\/v2\/pages\/1145\/revisions\/15405"}],"wp:attachment":[{"href":"https:\/\/bavarian-bondage.de\/pt\/wp-json\/wp\/v2\/media?parent=1145"}],"curies":[{"name":"wp","href":"https:\/\/api.w.org\/{rel}","templated":true}]}}