{"id":1146,"date":"2016-06-01T17:42:08","date_gmt":"2016-06-01T15:42:08","guid":{"rendered":"https:\/\/bavarian-bondage.mysupr.de\/widerrufsrecht-fuer-kurse\/"},"modified":"2025-07-20T08:33:24","modified_gmt":"2025-07-20T06:33:24","slug":"direito-de-desistencia-dos-cursos","status":"publish","type":"page","link":"https:\/\/bavarian-bondage.de\/pt\/widerrufsrecht-fuer-kurse\/","title":{"rendered":"Direito de desist\u00eancia dos cursos"},"content":{"rendered":"<div data-elementor-type=\"wp-post\" data-elementor-id=\"1146\" class=\"elementor elementor-1146\" data-elementor-post-type=\"page\">\n\t\t\t\t<div class=\"elementor-element elementor-element-e1f9e83 e-flex e-con-boxed e-con e-parent\" data-id=\"e1f9e83\" data-element_type=\"container\" data-e-type=\"container\">\n\t\t\t\t\t<div class=\"e-con-inner\">\n\t\t\t\t<div class=\"elementor-element elementor-element-f81c21d elementor-widget elementor-widget-text-editor\" data-id=\"f81c21d\" data-element_type=\"widget\" data-e-type=\"widget\" data-widget_type=\"text-editor.default\">\n\t\t\t\t\t\t\t\t\t<p><strong>Direito de retrata\u00e7\u00e3o para consumidores<\/strong><br \/>(Consumidor \u00e9 qualquer pessoa f\u00edsica que celebra um neg\u00f3cio jur\u00eddico para fins que n\u00e3o se enquadram predominantemente no \u00e2mbito da sua atividade comercial ou profissional independente.)<br \/><br \/><strong>Pol\u00edtica de cancelamento<\/strong><br \/><br \/><strong>Direito de rescis\u00e3o<\/strong><br \/>Voc\u00ea tem o direito de rescindir este contrato no prazo de catorze dias, sem necessidade de apresentar qualquer justifica\u00e7\u00e3o.<br \/>O prazo para cancelamento \u00e9 de quatorze dias a partir da data de celebra\u00e7\u00e3o do contrato.<br \/><br \/>Para exercer o seu direito de retrata\u00e7\u00e3o, deve informar-nos (<strong>Andreas Venus, Haidberg 2, 94379 Sankt Englmar, telefone: 016091594448, e-mail: info@bavarian-bondage.de<\/strong>Voc\u00ea deve nos informar da sua decis\u00e3o de rescindir este contrato por meio de uma declara\u00e7\u00e3o inequ\u00edvoca (por exemplo, uma carta enviada pelo correio ou um e-mail). Voc\u00ea pode usar o formul\u00e1rio de rescis\u00e3o modelo em anexo, mas isso n\u00e3o \u00e9 obrigat\u00f3rio.<br \/><br \/>Para cumprir o prazo de cancelamento, basta que envie a sua comunica\u00e7\u00e3o relativa ao exerc\u00edcio do seu direito de cancelamento antes do termo do per\u00edodo de cancelamento.<br \/><br \/><strong>Consequ\u00eancias da revoga\u00e7\u00e3o<\/strong><br \/>\u00a0<br \/>Se voc\u00ea rescindir este contrato, reembolsaremos todos os pagamentos recebidos, incluindo os custos de entrega (exceto quaisquer custos adicionais incorridos caso voc\u00ea tenha escolhido um m\u00e9todo de entrega diferente da nossa op\u00e7\u00e3o de entrega padr\u00e3o mais barata), sem demora injustificada e o mais tardar em catorze dias a partir da data em que recebermos a sua notifica\u00e7\u00e3o de rescis\u00e3o. Para este reembolso, utilizaremos o mesmo m\u00e9todo de pagamento que voc\u00ea usou na transa\u00e7\u00e3o original, a menos que seja expressamente acordado de outra forma; em nenhum caso lhe ser\u00e3o cobradas quaisquer taxas em consequ\u00eancia deste reembolso.<br \/><br \/>Caso tenha solicitado que os servi\u00e7os para os quais o contrato prev\u00ea o pagamento de um pre\u00e7o se iniciem durante o per\u00edodo de desist\u00eancia, dever\u00e1 pagar-nos um valor razo\u00e1vel correspondente \u00e0 propor\u00e7\u00e3o dos servi\u00e7os j\u00e1 prestados at\u00e9 ao momento em que nos informar do exerc\u00edcio do seu direito de desist\u00eancia relativamente a este contrato, em compara\u00e7\u00e3o com o \u00e2mbito total dos servi\u00e7os previstos no contrato.<br \/><br \/><strong>Motivos para exclus\u00e3o ou rescis\u00e3o<\/strong><br \/><br \/>O direito de rescis\u00e3o n\u00e3o se aplica a contratos de presta\u00e7\u00e3o de servi\u00e7os relacionados a atividades de lazer se o contrato especificar uma data ou per\u00edodo espec\u00edfico para sua execu\u00e7\u00e3o.<br \/><br \/>O direito de retrata\u00e7\u00e3o expira, no caso de um contrato de presta\u00e7\u00e3o de servi\u00e7os que obrigue o consumidor a pagar um pre\u00e7o, ap\u00f3s a execu\u00e7\u00e3o completa do servi\u00e7o, se o consumidor tiver expressamente concordado, antes do in\u00edcio da presta\u00e7\u00e3o do servi\u00e7o, que o empres\u00e1rio pode come\u00e7ar a prestar o servi\u00e7o antes do t\u00e9rmino do prazo de retrata\u00e7\u00e3o e tiver reconhecido que o seu direito de retrata\u00e7\u00e3o expira com a execu\u00e7\u00e3o completa do contrato pelo empres\u00e1rio.<\/p><div>\u00a0<\/div><p>\u00a0<\/p><hr \/><p><br \/><strong>Modelo de formul\u00e1rio de cancelamento<\/strong><br \/><br \/>(Caso deseje cancelar o contrato, preencha este formul\u00e1rio e devolva-o.)<br \/><br \/>\u2013 Para Andreas Venus, Haidberg 2, 94379 Sankt Englmar, endere\u00e7o de e-mail: info@bavarian-bondage.de:<br \/><br \/>\u2013 Eu\/N\u00f3s (*) por meio deste instrumento revogamos o contrato celebrado por mim\/n\u00f3s (*) para a compra dos seguintes bens (*)\/<br \/>\u00a0 a presta\u00e7\u00e3o do seguinte servi\u00e7o (*)<br \/><br \/>\u2013 Pedido feito em (*)\/ recebido em (*)<br \/><br \/>\u2013 Nome do(s) consumidor(es)<br \/>\u2013 Endere\u00e7o do(s) consumidor(es)<br \/>\u2013 Assinatura do(s) consumidor(es) (apenas para notifica\u00e7\u00f5es em papel)<br \/>- Data<br \/><br \/>(*) Apagar conforme apropriado.<br \/><br \/><\/p>\t\t\t\t\t\t\t\t<\/div>\n\t\t\t\t\t<\/div>\n\t\t\t\t<\/div>\n\t\t\t\t<\/div>","protected":false},"excerpt":{"rendered":"<p>Widerrufsrecht f\u00fcr Verbraucher(Verbraucher ist jede nat\u00fcrliche Person, die ein Rechtsgesch\u00e4ft zu Zwecken abschlie\u00dft, die \u00fcberwiegend weder ihrer gewerblichen noch ihrer selbstst\u00e4ndigen beruflichen T\u00e4tigkeit zugerechnet werden k\u00f6nnen.) Widerrufsbelehrung WiderrufsrechtSie haben das Recht, binnen vierzehn Tagen ohne Angabe von Gr\u00fcnden diesen Vertrag zu widerrufen.Die Widerrufsfrist betr\u00e4gt vierzehn Tage ab dem Tag des Vertragsabschlusses. Um Ihr Widerrufsrecht auszu\u00fcben, [&hellip;]<\/p>\n","protected":false},"author":3,"featured_media":0,"parent":0,"menu_order":0,"comment_status":"closed","ping_status":"closed","template":"","meta":{"footnotes":""},"class_list":["post-1146","page","type-page","status-publish","hentry"],"_links":{"self":[{"href":"https:\/\/bavarian-bondage.de\/pt\/wp-json\/wp\/v2\/pages\/1146","targetHints":{"allow":["GET"]}}],"collection":[{"href":"https:\/\/bavarian-bondage.de\/pt\/wp-json\/wp\/v2\/pages"}],"about":[{"href":"https:\/\/bavarian-bondage.de\/pt\/wp-json\/wp\/v2\/types\/page"}],"author":[{"embeddable":true,"href":"https:\/\/bavarian-bondage.de\/pt\/wp-json\/wp\/v2\/users\/3"}],"replies":[{"embeddable":true,"href":"https:\/\/bavarian-bondage.de\/pt\/wp-json\/wp\/v2\/comments?post=1146"}],"version-history":[{"count":5,"href":"https:\/\/bavarian-bondage.de\/pt\/wp-json\/wp\/v2\/pages\/1146\/revisions"}],"predecessor-version":[{"id":15408,"href":"https:\/\/bavarian-bondage.de\/pt\/wp-json\/wp\/v2\/pages\/1146\/revisions\/15408"}],"wp:attachment":[{"href":"https:\/\/bavarian-bondage.de\/pt\/wp-json\/wp\/v2\/media?parent=1146"}],"curies":[{"name":"wp","href":"https:\/\/api.w.org\/{rel}","templated":true}]}}