{"id":12,"date":"2018-09-04T13:47:19","date_gmt":"2018-09-04T11:47:19","guid":{"rendered":"http:\/\/bavarian-bondage.mysupr.de\/versandarten\/"},"modified":"2018-09-04T13:47:19","modified_gmt":"2018-09-04T11:47:19","slug":"metodos-de-envio","status":"publish","type":"page","link":"https:\/\/bavarian-bondage.de\/pt\/versandarten\/","title":{"rendered":"Versandarten"},"content":{"rendered":"<div data-elementor-type=\"wp-post\" data-elementor-id=\"12\" class=\"elementor elementor-12\" data-elementor-post-type=\"page\">\n\t\t\t\t\t\t<section class=\"elementor-section elementor-top-section elementor-element elementor-element-07d64f3 elementor-section-boxed elementor-section-height-default elementor-section-height-default\" data-id=\"07d64f3\" data-element_type=\"section\" data-e-type=\"section\">\n\t\t\t\t\t\t<div class=\"elementor-container elementor-column-gap-default\">\n\t\t\t\t\t<div class=\"elementor-column elementor-col-100 elementor-top-column elementor-element elementor-element-6935983\" data-id=\"6935983\" data-element_type=\"column\" data-e-type=\"column\">\n\t\t\t<div class=\"elementor-widget-wrap elementor-element-populated\">\n\t\t\t\t\t\t<div class=\"elementor-element elementor-element-4538605 elementor-widget elementor-widget-text-editor\" data-id=\"4538605\" data-element_type=\"widget\" data-e-type=\"widget\" data-widget_type=\"text-editor.default\">\n\t\t\t\t\t\t\t\t\t<h3><strong>Pagamento e envio<\/strong><\/h3><p>Aplicam-se as seguintes condi\u00e7\u00f5es:<\/p><p><strong>Condi\u00e7\u00f5es de envio<\/strong><\/p><p>A entrega est\u00e1 dispon\u00edvel na Alemanha e para os seguintes pa\u00edses: B\u00e9lgica, Dinamarca, Fran\u00e7a, It\u00e1lia, Luxemburgo, Pa\u00edses Baixos, Su\u00e9cia, Espanha e \u00c1ustria.<\/p><p>N\u00e3o enviamos para as seguintes ilhas estrangeiras: El Hierro, Fuerteventura, Gran Canaria, La Gomera, La Palma, Lanzarote, Tenerife<\/p><p><strong>Custos de envio<\/strong>\u00a0(incluindo o IVA legal)<\/p><p><strong>Entregas nacionais (Alemanha):\u00a0<\/strong><\/p><p>Cobramos uma taxa fixa de envio de \u20ac4,90 por pedido.<\/p><p>Oferecemos frete gr\u00e1tis para pedidos acima de \u20ac120,00.<\/p><p><strong>Entregas no exterior:<\/strong><\/p><p>Calculamos os custos de envio para o exterior com uma taxa fixa, conforme segue:<\/p><p>B\u00e9lgica: \u20ac 13,99<br \/>Dinamarca: \u20ac 13,99<br \/>Fran\u00e7a: \u20ac 13,99<br \/>It\u00e1lia: \u20ac 13,99<br \/>Luxemburgo: \u20ac 13,99<br \/>Pa\u00edses Baixos: \u20ac 13,99<br \/>Su\u00e9cia \u20ac13,99<br \/>Espanha: \u20ac 13,99<br \/>\u00c1ustria: \u20ac 13,99<br \/><strong>Prazos de entrega<\/strong><\/p><p>Salvo indica\u00e7\u00e3o em contr\u00e1rio na respectiva oferta, a entrega de mercadorias na Alemanha ocorre dentro de 5 a 7 dias, e para entregas no exterior, dentro de 5 a 7 dias ap\u00f3s a conclus\u00e3o do contrato (no caso de pagamento antecipado acordado, ap\u00f3s a data da sua instru\u00e7\u00e3o de pagamento).<br \/>Informamos que n\u00e3o realizamos entregas aos domingos e feriados.<br \/>Se voc\u00ea encomendou itens com prazos de entrega diferentes, enviaremos os produtos em um \u00fanico pacote, a menos que tenhamos combinado algo diferente com voc\u00ea. Nesse caso, o prazo de entrega ser\u00e1 determinado pelo item com o prazo de entrega mais longo entre os que voc\u00ea encomendou.<\/p><p><strong>M\u00e9todos de pagamento aceitos<\/strong><\/p><p><strong>\u2013\u00a0\u00a0<\/strong>Pagamento antecipado por transfer\u00eancia banc\u00e1ria.<br \/><strong>\u2013\u00a0\u00a0<\/strong>Pagamento com cart\u00e3o de cr\u00e9dito<br \/><strong>\u2013<\/strong>\u00a0 Pagamento via PayPal\u00a0<br \/><strong>\u2013<\/strong><strong>\u00a0\u00a0<\/strong>Pagamento via transfer\u00eancia banc\u00e1ria instant\u00e2nea<\/p><p><strong>Mais detalhes sobre o pagamento<\/strong><\/p><p>Ao pagar com cart\u00e3o de cr\u00e9dito, o valor ser\u00e1 debitado da sua conta ap\u00f3s a conclus\u00e3o do contrato.<\/p><p>Caso tenha alguma d\u00favida, pode encontrar os nossos dados de contacto no aviso legal.<\/p>\t\t\t\t\t\t\t\t<\/div>\n\t\t\t\t\t<\/div>\n\t\t<\/div>\n\t\t\t\t\t<\/div>\n\t\t<\/section>\n\t\t\t\t<\/div>","protected":false},"excerpt":{"rendered":"<p>Zahlung und Versand Es gelten folgende Bedingungen: Versandbedingungen Die Lieferung erfolgt im Inland (Deutschland)\u00a0und in die nachstehenden L\u00e4nder:\u00a0Belgien, D\u00e4nemark, Frankreich, Italien, Luxemburg, Niederlande, Schweden, Spanien, \u00d6sterreich. Keine Versendung erfolgt auf die nachstehenden ausl\u00e4ndischen Inseln: El Hierro, Fuerteventura, Gran Canaria, La Gomera, La Palma, Lanzarote,Teneriffa Versandkosten\u00a0(inklusive gesetzliche Mehrwertsteuer) Lieferungen im Inland (Deutschland):\u00a0 Wir berechnen die Versandkosten [&hellip;]<\/p>\n","protected":false},"author":3,"featured_media":0,"parent":0,"menu_order":0,"comment_status":"closed","ping_status":"closed","template":"","meta":{"footnotes":""},"class_list":["post-12","page","type-page","status-publish","hentry"],"_links":{"self":[{"href":"https:\/\/bavarian-bondage.de\/pt\/wp-json\/wp\/v2\/pages\/12","targetHints":{"allow":["GET"]}}],"collection":[{"href":"https:\/\/bavarian-bondage.de\/pt\/wp-json\/wp\/v2\/pages"}],"about":[{"href":"https:\/\/bavarian-bondage.de\/pt\/wp-json\/wp\/v2\/types\/page"}],"author":[{"embeddable":true,"href":"https:\/\/bavarian-bondage.de\/pt\/wp-json\/wp\/v2\/users\/3"}],"replies":[{"embeddable":true,"href":"https:\/\/bavarian-bondage.de\/pt\/wp-json\/wp\/v2\/comments?post=12"}],"version-history":[{"count":0,"href":"https:\/\/bavarian-bondage.de\/pt\/wp-json\/wp\/v2\/pages\/12\/revisions"}],"wp:attachment":[{"href":"https:\/\/bavarian-bondage.de\/pt\/wp-json\/wp\/v2\/media?parent=12"}],"curies":[{"name":"wp","href":"https:\/\/api.w.org\/{rel}","templated":true}]}}