{"id":13,"date":"2018-09-04T13:47:19","date_gmt":"2018-09-04T11:47:19","guid":{"rendered":"http:\/\/bavarian-bondage.mysupr.de\/bezahlmoeglichkeiten\/"},"modified":"2025-07-20T08:35:49","modified_gmt":"2025-07-20T06:35:49","slug":"pagamento-e-envio","status":"publish","type":"page","link":"https:\/\/bavarian-bondage.de\/pt\/zahlung-und-versand\/","title":{"rendered":"Pagamento e envio"},"content":{"rendered":"<div data-elementor-type=\"wp-post\" data-elementor-id=\"13\" class=\"elementor elementor-13\" data-elementor-post-type=\"page\">\n\t\t\t\t<div class=\"elementor-element elementor-element-5ac5788 e-flex e-con-boxed e-con e-parent\" data-id=\"5ac5788\" data-element_type=\"container\" data-e-type=\"container\">\n\t\t\t\t\t<div class=\"e-con-inner\">\n\t\t\t\t<div class=\"elementor-element elementor-element-197797c elementor-widget elementor-widget-text-editor\" data-id=\"197797c\" data-element_type=\"widget\" data-e-type=\"widget\" data-widget_type=\"text-editor.default\">\n\t\t\t\t\t\t\t\t\t<p><strong>Pagamento e envio<\/strong><br \/><br \/>Aplicam-se as seguintes condi\u00e7\u00f5es:<br \/><br \/>A entrega est\u00e1 dispon\u00edvel na Alemanha e para os seguintes pa\u00edses: B\u00e9lgica, Dinamarca, Fran\u00e7a, It\u00e1lia, Luxemburgo, Pa\u00edses Baixos, Portugal, Su\u00e9cia, Espanha e \u00c1ustria.<br \/><br \/>N\u00e3o inclui envios para ilhas alem\u00e3s e estrangeiras.<br \/><br \/><strong>Custos de envio<\/strong>\u00a0(incluindo o IVA legal)<br \/><br \/><strong>Entregas nacionais (Alemanha):\u00a0<\/strong><br \/><br \/>Cobramos uma taxa fixa de envio de \u20ac 5,90 por pedido.<br \/><br \/>Oferecemos frete gr\u00e1tis para pedidos acima de \u20ac130,00.<br \/><br \/><strong>Entregas no exterior:<\/strong><br \/><br \/>Calculamos os custos de envio para o exterior com uma taxa fixa, conforme segue:<br \/><br \/>Portugal: 15,99 \u20ac B\u00e9lgica: 15,99 \u20ac<br \/>Dinamarca: \u20ac 15,99<br \/>Fran\u00e7a: \u20ac 15,99<br \/>It\u00e1lia: \u20ac 15,99<br \/>Luxemburgo: \u20ac 15,99<br \/>Pa\u00edses Baixos: \u20ac 15,99<br \/>Su\u00e9cia \u20ac15,99<br \/>Espanha: \u20ac 15,99<br \/>\u00c1ustria: \u20ac 15,99<br \/><br \/><br \/><br \/><br \/><br \/><br \/><br \/><br \/><br \/><br \/><br \/><br \/><strong>Prazos de entrega<\/strong><br \/><br \/>Salvo indica\u00e7\u00e3o em contr\u00e1rio na respectiva oferta, a entrega de mercadorias na Alemanha ocorre dentro de 5 a 7 dias, e para entregas no exterior, dentro de 10 a 12 dias ap\u00f3s a conclus\u00e3o do contrato (ou, no caso de pagamento antecipado acordado, ap\u00f3s a data da sua instru\u00e7\u00e3o de pagamento).<br \/>Informamos que n\u00e3o realizamos entregas aos domingos e feriados.<br \/>Se voc\u00ea encomendou itens com prazos de entrega diferentes, os produtos ser\u00e3o enviados juntos em um \u00fanico pacote, a menos que tenhamos combinado algo diferente com voc\u00ea. Nesse caso, o prazo de entrega ser\u00e1 determinado pelo item com o prazo de entrega mais longo entre os que voc\u00ea encomendou.<br \/><br \/><strong>M\u00e9todos de pagamento aceitos<\/strong><br \/><br \/><strong>\u2013\u00a0\u00a0<\/strong>Pagamento antecipado por transfer\u00eancia banc\u00e1ria.<br \/>\u2013 Pagamento via transfer\u00eancia banc\u00e1ria instant\u00e2nea (via Klarna)<br \/>\u2013 Pagamento por d\u00e9bito direto (via Klarna)<br \/>\u2013 Pagamento com cart\u00e3o de cr\u00e9dito (via Klarna)<br \/><br \/><strong>Pagamento via PayPal:<\/strong><br \/>\u2013 Pagamento via PayPal Express<br \/>\u2013 Pagamento com cart\u00e3o de cr\u00e9dito<br \/><br \/><strong>Via PayPal:<\/strong><br \/>\u2013 Pagamento via PayPal<br \/>\u2013 Pagamento com cart\u00e3o de cr\u00e9dito<br \/>\u2013 Pagamento por d\u00e9bito direto SEPA<br \/>\u2013 Pagamento via \u201ePague depois\u201c<br \/><br \/>Caso tenha alguma d\u00favida, pode encontrar os nossos dados de contacto no aviso legal.<\/p><p>\u00a0<\/p>\t\t\t\t\t\t\t\t<\/div>\n\t\t\t\t\t<\/div>\n\t\t\t\t<\/div>\n\t\t\t\t<\/div>","protected":false},"excerpt":{"rendered":"<p>Zahlung und Versand Es gelten folgende Bedingungen: Die Lieferung erfolgt im Inland (Deutschland)\u00a0und in die nachstehenden L\u00e4nder:\u00a0Belgien, D\u00e4nemark, Frankreich, Italien, Luxemburg, Niederlande, Portugal, Schweden, Spanien, \u00d6sterreich. Der Versand auf deutsche und ausl\u00e4ndische Inseln ist ausgeschlossen. Versandkosten\u00a0(inklusive gesetzliche Mehrwertsteuer) Lieferungen im Inland (Deutschland):\u00a0 Wir berechnen die Versandkosten pauschal mit 5,90 \u20ac pro Bestellung. Ab einem Bestellwert [&hellip;]<\/p>\n","protected":false},"author":3,"featured_media":0,"parent":0,"menu_order":0,"comment_status":"closed","ping_status":"closed","template":"","meta":{"footnotes":""},"class_list":["post-13","page","type-page","status-publish","hentry"],"_links":{"self":[{"href":"https:\/\/bavarian-bondage.de\/pt\/wp-json\/wp\/v2\/pages\/13","targetHints":{"allow":["GET"]}}],"collection":[{"href":"https:\/\/bavarian-bondage.de\/pt\/wp-json\/wp\/v2\/pages"}],"about":[{"href":"https:\/\/bavarian-bondage.de\/pt\/wp-json\/wp\/v2\/types\/page"}],"author":[{"embeddable":true,"href":"https:\/\/bavarian-bondage.de\/pt\/wp-json\/wp\/v2\/users\/3"}],"replies":[{"embeddable":true,"href":"https:\/\/bavarian-bondage.de\/pt\/wp-json\/wp\/v2\/comments?post=13"}],"version-history":[{"count":5,"href":"https:\/\/bavarian-bondage.de\/pt\/wp-json\/wp\/v2\/pages\/13\/revisions"}],"predecessor-version":[{"id":15414,"href":"https:\/\/bavarian-bondage.de\/pt\/wp-json\/wp\/v2\/pages\/13\/revisions\/15414"}],"wp:attachment":[{"href":"https:\/\/bavarian-bondage.de\/pt\/wp-json\/wp\/v2\/media?parent=13"}],"curies":[{"name":"wp","href":"https:\/\/api.w.org\/{rel}","templated":true}]}}