{"id":1739,"date":"2020-01-16T11:15:25","date_gmt":"2020-01-16T10:15:25","guid":{"rendered":"https:\/\/bavarian-bondage.mysupr.de\/?page_id=1739"},"modified":"2024-11-29T10:41:25","modified_gmt":"2024-11-29T09:41:25","slug":"cordas-de-linho-e-canhamo-em-dois-tons","status":"publish","type":"page","link":"https:\/\/bavarian-bondage.de\/pt\/leinenhanfseile-zweifarbig\/","title":{"rendered":"Cordas de linho e c\u00e2nhamo, em dois tons."},"content":{"rendered":"<div data-elementor-type=\"wp-post\" data-elementor-id=\"1739\" class=\"elementor elementor-1739\" data-elementor-post-type=\"page\">\n\t\t\t\t<div class=\"elementor-element elementor-element-7a22539 e-flex e-con-boxed e-con e-parent\" data-id=\"7a22539\" data-element_type=\"container\" data-e-type=\"container\">\n\t\t\t\t\t<div class=\"e-con-inner\">\n\t\t<div class=\"elementor-element elementor-element-f815282 e-con-full e-flex e-con e-child\" data-id=\"f815282\" data-element_type=\"container\" data-e-type=\"container\">\n\t\t\t\t<div class=\"elementor-element elementor-element-165a812 elementor-widget elementor-widget-heading\" data-id=\"165a812\" data-element_type=\"widget\" data-e-type=\"widget\" data-widget_type=\"heading.default\">\n\t\t\t\t\t<h2 class=\"elementor-heading-title elementor-size-default\">Cordas de linho e c\u00e2nhamo, em dois tons.<\/h2>\t\t\t\t<\/div>\n\t\t\t\t<div class=\"elementor-element elementor-element-6fa6af0 elementor-widget elementor-widget-text-editor\" data-id=\"6fa6af0\" data-element_type=\"widget\" data-e-type=\"widget\" data-widget_type=\"text-editor.default\">\n\t\t\t\t\t\t\t\t\t<p style=\"text-align: center\">Todas as cordas de linho e c\u00e2nhamo em dois tons atualmente oferecidas est\u00e3o dispon\u00edveis apenas na vers\u00e3o exclusiva com os pequenos n\u00f3s trisken.\u00a0<\/p><p style=\"text-align: center\">As cordas, incluindo o n\u00f3, s\u00e3o tingidas por completo e apresentam uma colora\u00e7\u00e3o relativamente profunda, embora n\u00e3o totalmente uniforme. Isso s\u00f3 \u00e9 poss\u00edvel porque o fio (os filamentos individuais) \u00e9 tingido antes da produ\u00e7\u00e3o da corda. Utiliza-se corante t\u00eaxtil de alta qualidade para evitar qualquer desbotamento posterior. A cor \u00e9 bem fixada, permitindo que as cordas sejam lavadas sem problemas. Geralmente, desaconselho a lavagem na m\u00e1quina, pois isso danificaria severamente a estrutura da corda. Em vez disso, a lavagem \u00e0 m\u00e3o \u00e9 prefer\u00edvel, se necess\u00e1rio, e as cordas devem ser secas sob tens\u00e3o. Um pano \u00famido ainda \u00e9 a melhor op\u00e7\u00e3o. Ap\u00f3s a lavagem, as cordas devem ser tratadas com \u00f3leo ou cera.<\/p><p style=\"text-align: center\">Voc\u00ea pode encontrar mais dicas de cuidados em &quot;Informa\u00e7\u00f5es \u00dateis&quot;.<\/p>\t\t\t\t\t\t\t\t<\/div>\n\t\t\t\t<div class=\"elementor-element elementor-element-7fd9fe0 elementor-widget elementor-widget-spacer\" data-id=\"7fd9fe0\" data-element_type=\"widget\" data-e-type=\"widget\" data-widget_type=\"spacer.default\">\n\t\t\t\t\t\t\t<div class=\"elementor-spacer\">\n\t\t\t<div class=\"elementor-spacer-inner\"><\/div>\n\t\t<\/div>\n\t\t\t\t\t\t<\/div>\n\t\t\t\t<\/div>\n\t\t\t\t\t<\/div>\n\t\t\t\t<\/div>\n\t\t<div class=\"elementor-element elementor-element-036b973 e-flex e-con-boxed e-con e-parent\" data-id=\"036b973\" data-element_type=\"container\" data-e-type=\"container\" data-settings=\"{&quot;background_background&quot;:&quot;classic&quot;}\">\n\t\t\t\t\t<div class=\"e-con-inner\">\n\t\t<div class=\"elementor-element elementor-element-99e2afe e-con-full e-flex e-con e-child\" data-id=\"99e2afe\" data-element_type=\"container\" data-e-type=\"container\" data-settings=\"{&quot;background_background&quot;:&quot;classic&quot;}\">\n\t\t\t\t<div class=\"elementor-element elementor-element-5021aa5 elementor-widget elementor-widget-heading\" data-id=\"5021aa5\" data-element_type=\"widget\" data-e-type=\"widget\" data-widget_type=\"heading.default\">\n\t\t\t\t\t<h2 class=\"elementor-heading-title elementor-size-default\">Exclusivo 5mm<\/h2>\t\t\t\t<\/div>\n\t\t\t\t<div class=\"elementor-element elementor-element-bcb7122 wl-columns-mobile_extra-2 wl-columns-mobile-2 wl-columns-3 elementor-widget elementor-widget-woolentor-custom-product-archive\" data-id=\"bcb7122\" data-element_type=\"widget\" data-e-type=\"widget\" data-widget_type=\"woolentor-custom-product-archive.default\">\n\t\t\t\t<div class=\"elementor-widget-container\">\n\t\t\t\t\t            <div class=\"ht-products woolentor-product-same-height\">\r\n                <div id=\"wl-shop-tab-area-bcb7122\" class=\"wl-shop-tab-area grid_view\">\r\n                    <div class=\"products-not-found\"><p class=\"woocommerce-info\">N\u00e3o foram encontrados produtos que correspondam \u00e0 sua sele\u00e7\u00e3o.<\/p><\/div>                <\/div>\r\n            <\/div>\r\n\r\n            <script type=\"text\/javascript\">\r\n                ;jQuery(document).ready(function($) {\r\n                    var uniqid = 'bcb7122';\r\n                    function woolentor_tabs_pro( $tabmenus, $tabpane ){\r\n                        $tabmenus.on('click', 'a', function(e){\r\n                            e.preventDefault();\r\n                            var $this = $(this),\r\n                                $target = $this.attr('href'),\r\n                                $data = $this.data('tabvalue');\r\n                            $this.addClass('htactive').parent().siblings().children('a').removeClass('htactive');\r\n                            $( $tabpane ).removeClass('grid_view list_view');\r\n                            $( $tabpane ).addClass( $data );\r\n\r\n                            \/\/ refresh slick\r\n                            $id = $this.attr('href');\r\n                            $('.wl-shop-tab-area').find('.slick-slider').slick('refresh');\r\n                        });\r\n                    }\r\n                    woolentor_tabs_pro( $( \"#wl-shop-tab-links-\"+uniqid ), '#wl-shop-tab-area-'+uniqid );\r\n                });\r\n            <\/script>\r\n\r\n            \r\n            \t\t\t\t<\/div>\n\t\t\t\t<\/div>\n\t\t\t\t<\/div>\n\t\t\t\t\t<\/div>\n\t\t\t\t<\/div>\n\t\t<div class=\"elementor-element elementor-element-aebeef2 e-flex e-con-boxed e-con e-parent\" data-id=\"aebeef2\" data-element_type=\"container\" data-e-type=\"container\">\n\t\t\t\t\t<div class=\"e-con-inner\">\n\t\t<div class=\"elementor-element elementor-element-2dc1df0 e-con-full e-flex e-con e-child\" data-id=\"2dc1df0\" data-element_type=\"container\" data-e-type=\"container\">\n\t\t\t\t<div class=\"elementor-element elementor-element-a574764 elementor-widget elementor-widget-spacer\" data-id=\"a574764\" data-element_type=\"widget\" data-e-type=\"widget\" data-widget_type=\"spacer.default\">\n\t\t\t\t\t\t\t<div class=\"elementor-spacer\">\n\t\t\t<div class=\"elementor-spacer-inner\"><\/div>\n\t\t<\/div>\n\t\t\t\t\t\t<\/div>\n\t\t\t\t<div class=\"elementor-element elementor-element-ba39426 elementor-widget-divider--view-line elementor-widget elementor-widget-divider\" data-id=\"ba39426\" data-element_type=\"widget\" data-e-type=\"widget\" data-widget_type=\"divider.default\">\n\t\t\t\t\t\t\t<div class=\"elementor-divider\">\n\t\t\t<span class=\"elementor-divider-separator\">\n\t\t\t\t\t\t<\/span>\n\t\t<\/div>\n\t\t\t\t\t\t<\/div>\n\t\t\t\t<div class=\"elementor-element elementor-element-8a46d32 elementor-widget elementor-widget-spacer\" data-id=\"8a46d32\" data-element_type=\"widget\" data-e-type=\"widget\" data-widget_type=\"spacer.default\">\n\t\t\t\t\t\t\t<div class=\"elementor-spacer\">\n\t\t\t<div class=\"elementor-spacer-inner\"><\/div>\n\t\t<\/div>\n\t\t\t\t\t\t<\/div>\n\t\t\t\t<div class=\"elementor-element elementor-element-0824807 elementor-widget elementor-widget-heading\" data-id=\"0824807\" data-element_type=\"widget\" data-e-type=\"widget\" data-widget_type=\"heading.default\">\n\t\t\t\t\t<h2 class=\"elementor-heading-title elementor-size-default\">As cordas s\u00e3o muito compridas, muito curtas ou o conjunto n\u00e3o \u00e9 adequado?<\/h2>\t\t\t\t<\/div>\n\t\t\t\t<div class=\"elementor-element elementor-element-dbf7833 elementor-widget elementor-widget-text-editor\" data-id=\"dbf7833\" data-element_type=\"widget\" data-e-type=\"widget\" data-widget_type=\"text-editor.default\">\n\t\t\t\t\t\t\t\t\t<p>Teremos o maior prazer em montar um conjunto personalizado para voc\u00ea. Se precisar de comprimentos diferentes ou quiser combinar di\u00e2metros diferentes, basta entrar em contato e criarei uma proposta personalizada.<\/p>\t\t\t\t\t\t\t\t<\/div>\n\t\t\t\t<div class=\"elementor-element elementor-element-cd91420 premium-lq__none elementor-widget elementor-widget-premium-addon-button\" data-id=\"cd91420\" data-element_type=\"widget\" data-e-type=\"widget\" data-widget_type=\"premium-addon-button.default\">\n\t\t\t\t\t\n\n\t\t<a class=\"premium-button premium-button-none premium-btn-sm premium-button-none\" href=\"https:\/\/bavarian-bondage.de\/pt\/kontaktformular\/\">\n\t\t\t<div class=\"premium-button-text-icon-wrapper\">\n\t\t\t\t\n\t\t\t\t\t\t\t\t\t<span >\n\t\t\t\t\t\tFormul\u00e1rio de contato\t\t\t\t\t<\/span>\n\t\t\t\t\t\t\t<\/div>\n\n\t\t\t\n\t\t\t\n\t\t\t\n\t\t<\/a>\n\n\n\t\t\t\t\t\t<\/div>\n\t\t\t\t<\/div>\n\t\t\t\t\t<\/div>\n\t\t\t\t<\/div>\n\t\t\t\t<\/div>","protected":false},"excerpt":{"rendered":"<p>Leinenhanf-Seile Zweifarbig Alle angebotenen zweifarbigen Leinenhanfseile werden aktuell nur in der Exklusiv-Variante mit den kleinen Triskenknoten angeboten.\u00a0 Die Seile werden inklusive dem Knoten im ganzen gef\u00e4rbt und sind relativ stark durchgef\u00e4rbt, wenn auch nicht komplett. Das klappt nur dann, wenn das Garn (die einzelnen Str\u00e4nge) schon vor der eigentlichen Seilherstellung gef\u00e4rbt werden w\u00fcrde. Zur F\u00e4rbung [&hellip;]<\/p>\n","protected":false},"author":3,"featured_media":0,"parent":0,"menu_order":0,"comment_status":"closed","ping_status":"closed","template":"elementor_header_footer","meta":{"footnotes":""},"class_list":["post-1739","page","type-page","status-publish","hentry"],"_links":{"self":[{"href":"https:\/\/bavarian-bondage.de\/pt\/wp-json\/wp\/v2\/pages\/1739","targetHints":{"allow":["GET"]}}],"collection":[{"href":"https:\/\/bavarian-bondage.de\/pt\/wp-json\/wp\/v2\/pages"}],"about":[{"href":"https:\/\/bavarian-bondage.de\/pt\/wp-json\/wp\/v2\/types\/page"}],"author":[{"embeddable":true,"href":"https:\/\/bavarian-bondage.de\/pt\/wp-json\/wp\/v2\/users\/3"}],"replies":[{"embeddable":true,"href":"https:\/\/bavarian-bondage.de\/pt\/wp-json\/wp\/v2\/comments?post=1739"}],"version-history":[{"count":36,"href":"https:\/\/bavarian-bondage.de\/pt\/wp-json\/wp\/v2\/pages\/1739\/revisions"}],"predecessor-version":[{"id":13774,"href":"https:\/\/bavarian-bondage.de\/pt\/wp-json\/wp\/v2\/pages\/1739\/revisions\/13774"}],"wp:attachment":[{"href":"https:\/\/bavarian-bondage.de\/pt\/wp-json\/wp\/v2\/media?parent=1739"}],"curies":[{"name":"wp","href":"https:\/\/api.w.org\/{rel}","templated":true}]}}