{"id":8710,"date":"2023-01-30T13:49:21","date_gmt":"2023-01-30T12:49:21","guid":{"rendered":"https:\/\/bavarian-bondage.de\/?page_id=8710"},"modified":"2025-07-05T15:33:41","modified_gmt":"2025-07-05T13:33:41","slug":"ofertas","status":"publish","type":"page","link":"https:\/\/bavarian-bondage.de\/pt\/angebote\/","title":{"rendered":"Ofertas"},"content":{"rendered":"<div data-elementor-type=\"wp-page\" data-elementor-id=\"8710\" class=\"elementor elementor-8710\" data-elementor-post-type=\"page\">\n\t\t\t\t<div class=\"elementor-element elementor-element-b4df927 e-flex e-con-boxed e-con e-parent\" data-id=\"b4df927\" data-element_type=\"container\" data-e-type=\"container\" data-settings=\"{&quot;background_background&quot;:&quot;classic&quot;}\">\n\t\t\t\t\t<div class=\"e-con-inner\">\n\t\t<div class=\"elementor-element elementor-element-9c692b1 e-con-full e-flex e-con e-child\" data-id=\"9c692b1\" data-element_type=\"container\" data-e-type=\"container\" data-settings=\"{&quot;background_background&quot;:&quot;classic&quot;}\">\n\t\t\t\t<div class=\"elementor-element elementor-element-c2f8a9d elementor-widget elementor-widget-heading\" data-id=\"c2f8a9d\" data-element_type=\"widget\" data-e-type=\"widget\" data-widget_type=\"heading.default\">\n\t\t\t\t\t<h2 class=\"elementor-heading-title elementor-size-default\">Ofertas<\/h2>\t\t\t\t<\/div>\n\t\t\t\t<div class=\"elementor-element elementor-element-3371f4d elementor-widget elementor-widget-text-editor\" data-id=\"3371f4d\" data-element_type=\"widget\" data-e-type=\"widget\" data-widget_type=\"text-editor.default\">\n\t\t\t\t\t\t\t\t\t<p>Aqui voc\u00ea encontrar\u00e1 regularmente diversos itens, como produtos em liquida\u00e7\u00e3o, produtos de segunda linha ou v\u00e1rias ofertas mensais.<\/p>\t\t\t\t\t\t\t\t<\/div>\n\t\t\t\t<div class=\"elementor-element elementor-element-69e5773 elementor-widget elementor-widget-spacer\" data-id=\"69e5773\" data-element_type=\"widget\" data-e-type=\"widget\" data-widget_type=\"spacer.default\">\n\t\t\t\t\t\t\t<div class=\"elementor-spacer\">\n\t\t\t<div class=\"elementor-spacer-inner\"><\/div>\n\t\t<\/div>\n\t\t\t\t\t\t<\/div>\n\t\t\t\t<\/div>\n\t\t\t\t\t<\/div>\n\t\t\t\t<\/div>\n\t\t<div class=\"elementor-element elementor-element-100ddce e-flex e-con-boxed e-con e-parent\" data-id=\"100ddce\" data-element_type=\"container\" data-e-type=\"container\" data-settings=\"{&quot;background_background&quot;:&quot;classic&quot;}\">\n\t\t\t\t\t<div class=\"e-con-inner\">\n\t\t<div class=\"elementor-element elementor-element-87f8e75 e-con-full e-flex e-con e-child\" data-id=\"87f8e75\" data-element_type=\"container\" data-e-type=\"container\" data-settings=\"{&quot;background_background&quot;:&quot;classic&quot;}\">\n\t\t\t\t<div class=\"elementor-element elementor-element-055a072 elementor-widget elementor-widget-heading\" data-id=\"055a072\" data-element_type=\"widget\" data-e-type=\"widget\" data-widget_type=\"heading.default\">\n\t\t\t\t\t<h2 class=\"elementor-heading-title elementor-size-default\">Liquida\u00e7\u00e3o<\/h2>\t\t\t\t<\/div>\n\t\t\t\t<div class=\"elementor-element elementor-element-f1cec06 wl-columns-5 wl-columns-mobile_extra-2 wl-columns-mobile-2 elementor-widget elementor-widget-woolentor-custom-product-archive\" data-id=\"f1cec06\" data-element_type=\"widget\" data-e-type=\"widget\" data-widget_type=\"woolentor-custom-product-archive.default\">\n\t\t\t\t<div class=\"elementor-widget-container\">\n\t\t\t\t\t            <div class=\"ht-products woolentor-product-same-height\">\r\n                <div id=\"wl-shop-tab-area-f1cec06\" class=\"wl-shop-tab-area grid_view\">\r\n                    <div class=\"products-not-found\"><p class=\"woocommerce-info\">N\u00e3o foram encontrados produtos que correspondam \u00e0 sua sele\u00e7\u00e3o.<\/p><\/div>                <\/div>\r\n            <\/div>\r\n\r\n            <script type=\"text\/javascript\">\r\n                ;jQuery(document).ready(function($) {\r\n                    var uniqid = 'f1cec06';\r\n                    function woolentor_tabs_pro( $tabmenus, $tabpane ){\r\n                        $tabmenus.on('click', 'a', function(e){\r\n                            e.preventDefault();\r\n                            var $this = $(this),\r\n                                $target = $this.attr('href'),\r\n                                $data = $this.data('tabvalue');\r\n                            $this.addClass('htactive').parent().siblings().children('a').removeClass('htactive');\r\n                            $( $tabpane ).removeClass('grid_view list_view');\r\n                            $( $tabpane ).addClass( $data );\r\n\r\n                            \/\/ refresh slick\r\n                            $id = $this.attr('href');\r\n                            $('.wl-shop-tab-area').find('.slick-slider').slick('refresh');\r\n                        });\r\n                    }\r\n                    woolentor_tabs_pro( $( \"#wl-shop-tab-links-\"+uniqid ), '#wl-shop-tab-area-'+uniqid );\r\n                });\r\n            <\/script>\r\n\r\n            \r\n            \t\t\t\t<\/div>\n\t\t\t\t<\/div>\n\t\t\t\t<\/div>\n\t\t\t\t\t<\/div>\n\t\t\t\t<\/div>\n\t\t\t\t<\/div>","protected":false},"excerpt":{"rendered":"<p>Angebote Hier findet Ihr immer mal wieder unterschiedliche Artikel wie\u00a0Abverkauf, B-Ware oder diverse Monatsangebote. Abverkauf Leinenhanf-Seile farbig Leinenhanf-Seile farbig Abverkauf 6mm 7,00&nbsp;&euro; \u2013 13,00&nbsp;&euro; ** Lieferzeit: 5-7 Tage* Leinenhanf-Seile farbig Abverkauf 6mm Lieferzeit: 5-7 Tage* Leinenhanf-Seile farbig 7,00&nbsp;&euro; \u2013 13,00&nbsp;&euro; ** Black Edition Leinenhanf-Seile farbig Abverkauf 5mm 6,00&nbsp;&euro; \u2013 12,00&nbsp;&euro; ** Lieferzeit: 5-7 Tage* Leinenhanf-Seile [&hellip;]<\/p>\n","protected":false},"author":3,"featured_media":0,"parent":0,"menu_order":0,"comment_status":"closed","ping_status":"closed","template":"elementor_header_footer","meta":{"footnotes":""},"class_list":["post-8710","page","type-page","status-publish","hentry"],"_links":{"self":[{"href":"https:\/\/bavarian-bondage.de\/pt\/wp-json\/wp\/v2\/pages\/8710","targetHints":{"allow":["GET"]}}],"collection":[{"href":"https:\/\/bavarian-bondage.de\/pt\/wp-json\/wp\/v2\/pages"}],"about":[{"href":"https:\/\/bavarian-bondage.de\/pt\/wp-json\/wp\/v2\/types\/page"}],"author":[{"embeddable":true,"href":"https:\/\/bavarian-bondage.de\/pt\/wp-json\/wp\/v2\/users\/3"}],"replies":[{"embeddable":true,"href":"https:\/\/bavarian-bondage.de\/pt\/wp-json\/wp\/v2\/comments?post=8710"}],"version-history":[{"count":5,"href":"https:\/\/bavarian-bondage.de\/pt\/wp-json\/wp\/v2\/pages\/8710\/revisions"}],"predecessor-version":[{"id":15342,"href":"https:\/\/bavarian-bondage.de\/pt\/wp-json\/wp\/v2\/pages\/8710\/revisions\/15342"}],"wp:attachment":[{"href":"https:\/\/bavarian-bondage.de\/pt\/wp-json\/wp\/v2\/media?parent=8710"}],"curies":[{"name":"wp","href":"https:\/\/api.w.org\/{rel}","templated":true}]}}