{"id":9,"date":"2018-09-04T13:47:19","date_gmt":"2018-09-04T11:47:19","guid":{"rendered":"http:\/\/bavarian-bondage.mysupr.de\/impressum\/"},"modified":"2025-07-20T08:28:49","modified_gmt":"2025-07-20T06:28:49","slug":"imprimir","status":"publish","type":"page","link":"https:\/\/bavarian-bondage.de\/pt\/impressum\/","title":{"rendered":"imprimir"},"content":{"rendered":"<div data-elementor-type=\"wp-post\" data-elementor-id=\"9\" class=\"elementor elementor-9\" data-elementor-post-type=\"page\">\n\t\t\t\t<div class=\"elementor-element elementor-element-413ebf4 e-flex e-con-boxed e-con e-parent\" data-id=\"413ebf4\" data-element_type=\"container\" data-e-type=\"container\">\n\t\t\t\t\t<div class=\"e-con-inner\">\n\t\t\t\t<div class=\"elementor-element elementor-element-1c0f452 elementor-widget elementor-widget-text-editor\" data-id=\"1c0f452\" data-element_type=\"widget\" data-e-type=\"widget\" data-widget_type=\"text-editor.default\">\n\t\t\t\t\t\t\t\t\t<p><strong>imprimir<\/strong><\/p><strong>\n<\/strong><p><strong>Identifica\u00e7\u00e3o do prestador de servi\u00e7os jur\u00eddicos:<\/strong><\/p>\n<p><strong>Andreas V\u00eanus<br>Escravid\u00e3o b\u00e1vara<br>Haidberg 2<br>94379 Sankt Englmar<br>Alemanha<\/strong><\/p><p><strong><br>Telefone: 016091594448<br>E-mail:&nbsp;<\/strong><strong>info@bavarian-bondage.de<\/strong><br><strong>WhatsApp 0160\/91594448<\/strong><br><strong><br>N\u00famero de identifica\u00e7\u00e3o fiscal (IVA): DE320922388<\/strong><\/p>\n<p>Estamos dispostos, mas n\u00e3o obrigados, a participar em processos de resolu\u00e7\u00e3o de lit\u00edgios perante tribunais arbitrais de consumo.<\/p>\n<p><strong>Estamos assim desde&nbsp;<\/strong><strong>10.05.2016&nbsp;<\/strong><strong>Membro da iniciativa &quot;FairCommerce&quot;.<\/strong><br>Voc\u00ea pode encontrar mais informa\u00e7\u00f5es sobre isso em&nbsp;<a href=\"https:\/\/www.haendlerbund.de\/de\/haendlerbund\/interessenvertretung\/faircommerce\" target=\"_blank\" rel=\"noopener\">www.haendlerbund.de\/com\u00e9rcio justo<\/a>.<\/p>\t\t\t\t\t\t\t\t<\/div>\n\t\t\t\t\t<\/div>\n\t\t\t\t<\/div>\n\t\t\t\t<\/div>","protected":false},"excerpt":{"rendered":"<p>Impressum Gesetzliche Anbieterkennung: Andreas VenusBavarian-BondageHaidberg 294379 Sankt EnglmarDeutschland Telefon: 016091594448E-Mail:&nbsp;info@bavarian-bondage.deWhatsApp 0160\/91594448USt-IdNr.: DE320922388 Wir sind bereit, aber nicht verpflichtet, an Streitbeilegungsverfahren vor Verbraucherschlichtungsstellen teilzunehmen. Wir sind seit&nbsp;10.05.2016&nbsp;Mitglied der Initiative &#8222;FairCommerce&#8220;.N\u00e4here Informationen hierzu finden Sie unter&nbsp;www.haendlerbund.de\/faircommerce.<\/p>","protected":false},"author":3,"featured_media":0,"parent":0,"menu_order":0,"comment_status":"closed","ping_status":"closed","template":"elementor_header_footer","meta":{"footnotes":""},"class_list":["post-9","page","type-page","status-publish","hentry"],"_links":{"self":[{"href":"https:\/\/bavarian-bondage.de\/pt\/wp-json\/wp\/v2\/pages\/9","targetHints":{"allow":["GET"]}}],"collection":[{"href":"https:\/\/bavarian-bondage.de\/pt\/wp-json\/wp\/v2\/pages"}],"about":[{"href":"https:\/\/bavarian-bondage.de\/pt\/wp-json\/wp\/v2\/types\/page"}],"author":[{"embeddable":true,"href":"https:\/\/bavarian-bondage.de\/pt\/wp-json\/wp\/v2\/users\/3"}],"replies":[{"embeddable":true,"href":"https:\/\/bavarian-bondage.de\/pt\/wp-json\/wp\/v2\/comments?post=9"}],"version-history":[{"count":5,"href":"https:\/\/bavarian-bondage.de\/pt\/wp-json\/wp\/v2\/pages\/9\/revisions"}],"predecessor-version":[{"id":15402,"href":"https:\/\/bavarian-bondage.de\/pt\/wp-json\/wp\/v2\/pages\/9\/revisions\/15402"}],"wp:attachment":[{"href":"https:\/\/bavarian-bondage.de\/pt\/wp-json\/wp\/v2\/media?parent=9"}],"curies":[{"name":"wp","href":"https:\/\/api.w.org\/{rel}","templated":true}]}}