{"id":10206,"date":"2022-04-23T16:44:10","date_gmt":"2022-04-23T14:44:10","guid":{"rendered":"https:\/\/bavarian-bondage.de\/?post_type=product&#038;p=10206"},"modified":"2026-04-12T14:09:16","modified_gmt":"2026-04-12T12:09:16","slug":"cortador-de-cordas","status":"publish","type":"product","link":"https:\/\/bavarian-bondage.de\/pt\/produkt\/ropecutter\/","title":{"rendered":"Cortador de Corda"},"content":{"rendered":"<h3 style=\"text-align: center\">Cortador de corda<\/h3>\n<p style=\"text-align: center\">Esta pequena ferramenta de dupla face foi perfeitamente concebida para cortar cordas de bondage at\u00e9 8 mm.<\/p>\n<p style=\"text-align: center\">A ferramenta vem com uma bolsa de nylon que pode ser presa a um cinto, por exemplo, e duas l\u00e2minas sobressalentes. Um fecho de velcro mant\u00e9m tudo seguro dentro da bolsa.<\/p>\n<p style=\"text-align: center\">Uma ferramenta pequena, afiada e eficaz para emerg\u00eancias!<\/p>\n<p><strong>Detalhes:<\/strong><\/p>\n<p>Material: Pl\u00e1stico, nylon, metal<br \/>\nComprimento total incluindo a al\u00e7a: 20 cm<br \/>\nComprimento sem a al\u00e7a: 9 cm<br \/>\nDimens\u00f5es do bolso: C 10 cm; L 5 cm<\/p>\n<p>&nbsp;<\/p>\n<p><strong>Escopo da entrega: <\/strong>1 cortador de corda com bolsa de nylon<\/p>\n<p>&nbsp;<\/p>\n<hr \/>\n<blockquote>\n<p style=\"text-align: center\"><span style=\"color: #333399\">As informa\u00e7\u00f5es sobre os produtos s\u00e3o fornecidas de acordo com nosso melhor conhecimento e cren\u00e7a. Todas as medidas s\u00e3o aproximadas. O uso dos produtos oferecidos nesta loja \u00e9 por sua conta e risco. Cada pessoa reage de forma diferente a influ\u00eancias externas, prazer, dor, etc. Portanto, n\u00e3o nos responsabilizamos por uso indevido. Cada usu\u00e1rio assume total responsabilidade pelo uso e aplica\u00e7\u00e3o correta dos produtos e por quaisquer consequ\u00eancias imprevistas.<\/span><\/p>\n<\/blockquote>","protected":false},"excerpt":{"rendered":"<p>Prazo de entrega: 5 a 7 dias*<\/p>","protected":false},"featured_media":14061,"template":"","meta":[],"product_brand":[],"product_cat":[223],"product_tag":[],"class_list":{"0":"post-10206","1":"product","2":"type-product","3":"status-publish","4":"has-post-thumbnail","6":"product_cat-zubehoer","8":"first","9":"instock","10":"taxable","11":"shipping-taxable","12":"purchasable","13":"product-type-variable"},"_links":{"self":[{"href":"https:\/\/bavarian-bondage.de\/pt\/wp-json\/wp\/v2\/product\/10206","targetHints":{"allow":["GET"]}}],"collection":[{"href":"https:\/\/bavarian-bondage.de\/pt\/wp-json\/wp\/v2\/product"}],"about":[{"href":"https:\/\/bavarian-bondage.de\/pt\/wp-json\/wp\/v2\/types\/product"}],"version-history":[{"count":5,"href":"https:\/\/bavarian-bondage.de\/pt\/wp-json\/wp\/v2\/product\/10206\/revisions"}],"predecessor-version":[{"id":16517,"href":"https:\/\/bavarian-bondage.de\/pt\/wp-json\/wp\/v2\/product\/10206\/revisions\/16517"}],"wp:featuredmedia":[{"embeddable":true,"href":"https:\/\/bavarian-bondage.de\/pt\/wp-json\/wp\/v2\/media\/14061"}],"wp:attachment":[{"href":"https:\/\/bavarian-bondage.de\/pt\/wp-json\/wp\/v2\/media?parent=10206"}],"wp:term":[{"taxonomy":"product_brand","embeddable":true,"href":"https:\/\/bavarian-bondage.de\/pt\/wp-json\/wp\/v2\/product_brand?post=10206"},{"taxonomy":"product_cat","embeddable":true,"href":"https:\/\/bavarian-bondage.de\/pt\/wp-json\/wp\/v2\/product_cat?post=10206"},{"taxonomy":"product_tag","embeddable":true,"href":"https:\/\/bavarian-bondage.de\/pt\/wp-json\/wp\/v2\/product_tag?post=10206"}],"curies":[{"name":"wp","href":"https:\/\/api.w.org\/{rel}","templated":true}]}}